{"id":41,"date":"2019-07-23T13:28:57","date_gmt":"2019-07-23T13:28:57","guid":{"rendered":"http:\/\/egerhaziimre.magex.hu\/?page_id=41"},"modified":"2020-09-14T10:47:32","modified_gmt":"2020-09-14T08:47:32","slug":"audiovizualis-archivum","status":"publish","type":"page","link":"https:\/\/egerhaziimre.hu\/index.php\/archivum\/audiovizualis-archivum\/","title":{"rendered":"Audiovizu\u00e1lis arch\u00edvum"},"content":{"rendered":"<div class=\"wpb-content-wrapper\">[vc_row][vc_column][vc_column_text]Az audiovizu\u00e1lis arch\u00edvumban tal\u00e1lhat\u00f3ak \u00c9gerh\u00e1zi Imre \u00e9let\u00e9ben r\u00f3la k\u00e9sz\u00edtett filmek, a vele k\u00e9sz\u00fclt r\u00e1di\u00f3 \u00e9s TV interj\u00fak, valamint az \u00e1ltala forgatott filmek. Szint\u00e9n beker\u00fclnek az arch\u00edvumba a hal\u00e1la ut\u00e1ni vide\u00f3 \u00e9s audi\u00f3 anyagok is.[\/vc_column_text][vc_separator][vc_basic_grid post_type=&#8221;page&#8221; max_items=&#8221;-1&#8243; style=&#8221;pagination&#8221; items_per_page=&#8221;12&#8243; element_width=&#8221;3&#8243; gap=&#8221;15&#8243; paging_design=&#8221;pagination_default&#8221; item=&#8221;491&#8243; grid_id=&#8221;vc_gid:1600073228824-d7add478-3837-6&#8243; taxonomies=&#8221;53, 56&#8243;][\/vc_column][\/vc_row]\n<\/div>","protected":false},"excerpt":{"rendered":"<p>[vc_row][vc_column][vc_column_text]Az audiovizu\u00e1lis arch\u00edvumban tal\u00e1lhat\u00f3ak \u00c9gerh\u00e1zi Imre \u00e9let\u00e9ben r\u00f3la k\u00e9sz\u00edtett filmek, a vele k\u00e9sz\u00fclt r\u00e1di\u00f3 \u00e9s TV interj\u00fak, valamint az \u00e1ltala forgatott filmek. Szint\u00e9n beker\u00fclnek az arch\u00edvumba a hal\u00e1la ut\u00e1ni vide\u00f3 \u00e9s audi\u00f3 anyagok is.[\/vc_column_text][vc_separator][vc_basic_grid post_type=&#8221;page&#8221; max_items=&#8221;-1&#8243; style=&#8221;pagination&#8221; items_per_page=&#8221;12&#8243; element_width=&#8221;3&#8243; gap=&#8221;15&#8243; paging_design=&#8221;pagination_default&#8221; item=&#8221;491&#8243; grid_id=&#8221;vc_gid:1600073228824-d7add478-3837-6&#8243; taxonomies=&#8221;53, 56&#8243;][\/vc_column][\/vc_row]<\/p>\n","protected":false},"author":4,"featured_media":0,"parent":3353,"menu_order":0,"comment_status":"closed","ping_status":"closed","template":"","meta":{"footnotes":""},"categories":[27],"tags":[],"class_list":["post-41","page","type-page","status-publish","hentry","category-listaoldal"],"yoast_head":"<!-- This site is optimized with the Yoast SEO plugin v27.3 - https:\/\/yoast.com\/product\/yoast-seo-wordpress\/ -->\n<title>Audiovizu\u00e1lis arch\u00edvum - \u00c9gerh\u00e1zi Imre<\/title>\n<meta name=\"robots\" content=\"index, follow, max-snippet:-1, max-image-preview:large, max-video-preview:-1\" \/>\n<link rel=\"canonical\" href=\"https:\/\/egerhaziimre.hu\/index.php\/archivum\/audiovizualis-archivum\/?lang=en\" \/>\n<meta property=\"og:locale\" content=\"hu_HU\" \/>\n<meta property=\"og:type\" content=\"article\" \/>\n<meta property=\"og:title\" content=\"Audiovizu\u00e1lis arch\u00edvum - \u00c9gerh\u00e1zi Imre\" \/>\n<meta property=\"og:description\" content=\"[vc_row][vc_column][vc_column_text]Az audiovizu\u00e1lis arch\u00edvumban tal\u00e1lhat\u00f3ak \u00c9gerh\u00e1zi Imre \u00e9let\u00e9ben r\u00f3la k\u00e9sz\u00edtett filmek, a vele k\u00e9sz\u00fclt r\u00e1di\u00f3 \u00e9s TV interj\u00fak, valamint az \u00e1ltala forgatott filmek. Szint\u00e9n beker\u00fclnek az arch\u00edvumba a hal\u00e1la ut\u00e1ni vide\u00f3 \u00e9s audi\u00f3 anyagok is.[\/vc_column_text][vc_separator][vc_basic_grid post_type=&#8221;page&#8221; max_items=&#8221;-1&#8243; style=&#8221;pagination&#8221; items_per_page=&#8221;12&#8243; element_width=&#8221;3&#8243; gap=&#8221;15&#8243; paging_design=&#8221;pagination_default&#8221; item=&#8221;491&#8243; grid_id=&#8221;vc_gid:1600073228824-d7add478-3837-6&#8243; taxonomies=&#8221;53, 56&#8243;][\/vc_column][\/vc_row]\" \/>\n<meta property=\"og:url\" content=\"https:\/\/egerhaziimre.hu\/index.php\/archivum\/audiovizualis-archivum\/?lang=en\" \/>\n<meta property=\"og:site_name\" content=\"\u00c9gerh\u00e1zi Imre\" \/>\n<meta property=\"article:modified_time\" content=\"2020-09-14T08:47:32+00:00\" \/>\n<meta name=\"twitter:card\" content=\"summary_large_image\" \/>\n<meta name=\"twitter:label1\" content=\"Becs\u00fclt olvas\u00e1si id\u0151\" \/>\n\t<meta name=\"twitter:data1\" content=\"1 perc\" \/>\n<script type=\"application\/ld+json\" class=\"yoast-schema-graph\">{\"@context\":\"https:\\\/\\\/schema.org\",\"@graph\":[{\"@type\":\"WebPage\",\"@id\":\"https:\\\/\\\/egerhaziimre.hu\\\/index.php\\\/archivum\\\/audiovizualis-archivum\\\/?lang=en\",\"url\":\"https:\\\/\\\/egerhaziimre.hu\\\/index.php\\\/archivum\\\/audiovizualis-archivum\\\/?lang=en\",\"name\":\"Audiovizu\u00e1lis arch\u00edvum - \u00c9gerh\u00e1zi Imre\",\"isPartOf\":{\"@id\":\"https:\\\/\\\/egerhaziimre.hu\\\/#website\"},\"datePublished\":\"2019-07-23T13:28:57+00:00\",\"dateModified\":\"2020-09-14T08:47:32+00:00\",\"breadcrumb\":{\"@id\":\"https:\\\/\\\/egerhaziimre.hu\\\/index.php\\\/archivum\\\/audiovizualis-archivum\\\/?lang=en#breadcrumb\"},\"inLanguage\":\"hu\",\"potentialAction\":[{\"@type\":\"ReadAction\",\"target\":[\"https:\\\/\\\/egerhaziimre.hu\\\/index.php\\\/archivum\\\/audiovizualis-archivum\\\/?lang=en\"]}]},{\"@type\":\"BreadcrumbList\",\"@id\":\"https:\\\/\\\/egerhaziimre.hu\\\/index.php\\\/archivum\\\/audiovizualis-archivum\\\/?lang=en#breadcrumb\",\"itemListElement\":[{\"@type\":\"ListItem\",\"position\":1,\"name\":\"Home\",\"item\":\"https:\\\/\\\/egerhaziimre.hu\\\/\"},{\"@type\":\"ListItem\",\"position\":2,\"name\":\"Archives\",\"item\":\"https:\\\/\\\/egerhaziimre.hu\\\/index.php\\\/archivum\\\/?lang=en\"},{\"@type\":\"ListItem\",\"position\":3,\"name\":\"Audiovisual archives\"}]},{\"@type\":\"WebSite\",\"@id\":\"https:\\\/\\\/egerhaziimre.hu\\\/#website\",\"url\":\"https:\\\/\\\/egerhaziimre.hu\\\/\",\"name\":\"\u00c9gerh\u00e1zi Imre\",\"description\":\"\",\"potentialAction\":[{\"@type\":\"SearchAction\",\"target\":{\"@type\":\"EntryPoint\",\"urlTemplate\":\"https:\\\/\\\/egerhaziimre.hu\\\/?s={search_term_string}\"},\"query-input\":{\"@type\":\"PropertyValueSpecification\",\"valueRequired\":true,\"valueName\":\"search_term_string\"}}],\"inLanguage\":\"hu\"}]}<\/script>\n<!-- \/ Yoast SEO plugin. -->","yoast_head_json":{"title":"Audiovizu\u00e1lis arch\u00edvum - \u00c9gerh\u00e1zi Imre","robots":{"index":"index","follow":"follow","max-snippet":"max-snippet:-1","max-image-preview":"max-image-preview:large","max-video-preview":"max-video-preview:-1"},"canonical":"https:\/\/egerhaziimre.hu\/index.php\/archivum\/audiovizualis-archivum\/?lang=en","og_locale":"hu_HU","og_type":"article","og_title":"Audiovizu\u00e1lis arch\u00edvum - \u00c9gerh\u00e1zi Imre","og_description":"[vc_row][vc_column][vc_column_text]Az audiovizu\u00e1lis arch\u00edvumban tal\u00e1lhat\u00f3ak \u00c9gerh\u00e1zi Imre \u00e9let\u00e9ben r\u00f3la k\u00e9sz\u00edtett filmek, a vele k\u00e9sz\u00fclt r\u00e1di\u00f3 \u00e9s TV interj\u00fak, valamint az \u00e1ltala forgatott filmek. Szint\u00e9n beker\u00fclnek az arch\u00edvumba a hal\u00e1la ut\u00e1ni vide\u00f3 \u00e9s audi\u00f3 anyagok is.[\/vc_column_text][vc_separator][vc_basic_grid post_type=&#8221;page&#8221; max_items=&#8221;-1&#8243; style=&#8221;pagination&#8221; items_per_page=&#8221;12&#8243; element_width=&#8221;3&#8243; gap=&#8221;15&#8243; paging_design=&#8221;pagination_default&#8221; item=&#8221;491&#8243; grid_id=&#8221;vc_gid:1600073228824-d7add478-3837-6&#8243; taxonomies=&#8221;53, 56&#8243;][\/vc_column][\/vc_row]","og_url":"https:\/\/egerhaziimre.hu\/index.php\/archivum\/audiovizualis-archivum\/?lang=en","og_site_name":"\u00c9gerh\u00e1zi Imre","article_modified_time":"2020-09-14T08:47:32+00:00","twitter_card":"summary_large_image","twitter_misc":{"Becs\u00fclt olvas\u00e1si id\u0151":"1 perc"},"schema":{"@context":"https:\/\/schema.org","@graph":[{"@type":"WebPage","@id":"https:\/\/egerhaziimre.hu\/index.php\/archivum\/audiovizualis-archivum\/?lang=en","url":"https:\/\/egerhaziimre.hu\/index.php\/archivum\/audiovizualis-archivum\/?lang=en","name":"Audiovizu\u00e1lis arch\u00edvum - \u00c9gerh\u00e1zi Imre","isPartOf":{"@id":"https:\/\/egerhaziimre.hu\/#website"},"datePublished":"2019-07-23T13:28:57+00:00","dateModified":"2020-09-14T08:47:32+00:00","breadcrumb":{"@id":"https:\/\/egerhaziimre.hu\/index.php\/archivum\/audiovizualis-archivum\/?lang=en#breadcrumb"},"inLanguage":"hu","potentialAction":[{"@type":"ReadAction","target":["https:\/\/egerhaziimre.hu\/index.php\/archivum\/audiovizualis-archivum\/?lang=en"]}]},{"@type":"BreadcrumbList","@id":"https:\/\/egerhaziimre.hu\/index.php\/archivum\/audiovizualis-archivum\/?lang=en#breadcrumb","itemListElement":[{"@type":"ListItem","position":1,"name":"Home","item":"https:\/\/egerhaziimre.hu\/"},{"@type":"ListItem","position":2,"name":"Archives","item":"https:\/\/egerhaziimre.hu\/index.php\/archivum\/?lang=en"},{"@type":"ListItem","position":3,"name":"Audiovisual archives"}]},{"@type":"WebSite","@id":"https:\/\/egerhaziimre.hu\/#website","url":"https:\/\/egerhaziimre.hu\/","name":"\u00c9gerh\u00e1zi Imre","description":"","potentialAction":[{"@type":"SearchAction","target":{"@type":"EntryPoint","urlTemplate":"https:\/\/egerhaziimre.hu\/?s={search_term_string}"},"query-input":{"@type":"PropertyValueSpecification","valueRequired":true,"valueName":"search_term_string"}}],"inLanguage":"hu"}]}},"jetpack_sharing_enabled":true,"_links":{"self":[{"href":"https:\/\/egerhaziimre.hu\/index.php\/wp-json\/wp\/v2\/pages\/41","targetHints":{"allow":["GET"]}}],"collection":[{"href":"https:\/\/egerhaziimre.hu\/index.php\/wp-json\/wp\/v2\/pages"}],"about":[{"href":"https:\/\/egerhaziimre.hu\/index.php\/wp-json\/wp\/v2\/types\/page"}],"author":[{"embeddable":true,"href":"https:\/\/egerhaziimre.hu\/index.php\/wp-json\/wp\/v2\/users\/4"}],"replies":[{"embeddable":true,"href":"https:\/\/egerhaziimre.hu\/index.php\/wp-json\/wp\/v2\/comments?post=41"}],"version-history":[{"count":21,"href":"https:\/\/egerhaziimre.hu\/index.php\/wp-json\/wp\/v2\/pages\/41\/revisions"}],"predecessor-version":[{"id":9383,"href":"https:\/\/egerhaziimre.hu\/index.php\/wp-json\/wp\/v2\/pages\/41\/revisions\/9383"}],"up":[{"embeddable":true,"href":"https:\/\/egerhaziimre.hu\/index.php\/wp-json\/wp\/v2\/pages\/3353"}],"wp:attachment":[{"href":"https:\/\/egerhaziimre.hu\/index.php\/wp-json\/wp\/v2\/media?parent=41"}],"wp:term":[{"taxonomy":"category","embeddable":true,"href":"https:\/\/egerhaziimre.hu\/index.php\/wp-json\/wp\/v2\/categories?post=41"},{"taxonomy":"post_tag","embeddable":true,"href":"https:\/\/egerhaziimre.hu\/index.php\/wp-json\/wp\/v2\/tags?post=41"}],"curies":[{"name":"wp","href":"https:\/\/api.w.org\/{rel}","templated":true}]}}