{"id":486,"date":"1976-09-27T16:25:58","date_gmt":"1976-09-27T15:25:58","guid":{"rendered":"http:\/\/egerhaziimre.magex.hu\/?page_id=486"},"modified":"2020-10-05T11:59:50","modified_gmt":"2020-10-05T09:59:50","slug":"dr-zold-sandor-korhaz-debrecen","status":"publish","type":"page","link":"https:\/\/egerhaziimre.hu\/index.php\/dr-zold-sandor-korhaz-debrecen\/","title":{"rendered":"Dr. Z\u00f6ld S\u00e1ndor K\u00f3rh\u00e1z, Debrecen, 1976. szeptember 27."},"content":{"rendered":"<div class=\"wpb-content-wrapper\">\n[vc_row][vc_column][vc_tta_tabs style=&#8221;flat&#8221; shape=&#8221;square&#8221; color=&#8221;white&#8221; active_section=&#8221;1&#8243;][vc_tta_section title=&#8221;Megh\u00edv\u00f3&#8221; tab_id=&#8221;1564649445135-e497d88e-696b&#8221;][vc_empty_space height=&#8221;15px&#8221;][vc_media_grid style=&#8221;lazy&#8221; element_width=&#8221;3&#8243; gap=&#8221;15&#8243; item=&#8221;794&#8243; grid_id=&#8221;vc_gid:1601368623534-b4957da5-39e0-6&#8243; include=&#8221;532,533,534&#8243;][\/vc_tta_section][vc_tta_section title=&#8221;Fot\u00f3k&#8221; tab_id=&#8221;1564649445150-1a9f5102-c8d7&#8243;][vc_empty_space height=&#8221;15px&#8221;][vc_media_grid style=&#8221;lazy&#8221; items_per_page=&#8221;12&#8243; element_width=&#8221;3&#8243; gap=&#8221;15&#8243; grid_id=&#8221;vc_gid:1601368623536-dd164cba-d4f0-0&#8243; include=&#8221;527,528,530,529,531&#8243;][\/vc_tta_section][vc_tta_section title=&#8221;Cikkek, dokumentumok&#8221; tab_id=&#8221;1564649477718-c44317ef-09a4&#8243;][vc_empty_space height=&#8221;15px&#8221;][vc_column_text]<strong>Hajd\u00fa-Bihari Napl\u00f3 &#8211; 1976. szeptember 23.<br \/>\n<\/strong>\u00c9GERH\u00c1ZI IMRE fest\u0151m\u0171v\u00e9sz ki\u00e1ll\u00edt\u00e1s\u00e1t nyitj\u00e1k meg a beretty\u00f3\u00fajfalui Dr. Z\u00f6ld S\u00e1ndor K\u00f3rh\u00e1z kult\u00farterm\u00e9ben szeptember 27-\u00e9n 14.30 \u00f3rakor. A ki\u00e1ll\u00edt\u00e1s okt\u00f3ber 10-ig tekinthet\u0151 meg.<\/p>\n<p><strong>Hajd\u00fa-Bihari Napl\u00f3 &#8211; 1976. szeptember 26.<br \/>\n<\/strong>\u00c9GERH\u00c1ZI IMRE fest\u0151m\u0171v\u00e9sz ki\u00e1ll\u00edt\u00e1sa ny\u00edlik a beretty\u00f3\u00fajfalui k\u00f3rh\u00e1z kult\u00farterm\u00e9ben. A megnyit\u00f3 szeptember 27-\u00e9n 14.30 \u00f3rakor lesz.[\/vc_column_text][\/vc_tta_section][vc_tta_section title=&#8221;Ki\u00e1ll\u00edtott k\u00e9pek&#8221; tab_id=&#8221;1564649496451-7943baef-46c5&#8243;][vc_empty_space height=&#8221;15px&#8221;][vc_basic_grid post_type=&#8221;page&#8221; max_items=&#8221;-1&#8243; element_width=&#8221;3&#8243; order=&#8221;ASC&#8221; item=&#8221;7963&#8243; grid_id=&#8221;vc_gid:1601368623537-2ae4d11b-493e-0&#8243; taxonomies=&#8221;174&#8243;][\/vc_tta_section][\/vc_tta_tabs][\/vc_column][\/vc_row][vc_row][vc_column][vc_separator][vc_btn title=&#8221;Vissza a ki\u00e1ll\u00edt\u00e1sok list\u00e1j\u00e1ra&#8221; shape=&#8221;square&#8221; color=&#8221;orange&#8221; align=&#8221;center&#8221; i_icon_fontawesome=&#8221;fas fa-angle-double-left&#8221; add_icon=&#8221;true&#8221; link=&#8221;url:http%3A%2F%2Fegerhaziimre.hu%2Findex.php%2Fkiallitasok-list%2F|title:%5B%3Ahu%5DKi%C3%A1ll%C3%ADt%C3%A1sok%5B%3Aen%5DExhibitions%5B%3A%5D&#8221;][\/vc_column][\/vc_row]\n\n<\/div>","protected":false},"excerpt":{"rendered":"<p>[vc_row][vc_column][vc_tta_tabs style=&#8221;flat&#8221; shape=&#8221;square&#8221; color=&#8221;white&#8221; active_section=&#8221;1&#8243;][vc_tta_section title=&#8221;Megh\u00edv\u00f3&#8221; tab_id=&#8221;1564649445135-e497d88e-696b&#8221;][vc_empty_space height=&#8221;15px&#8221;][vc_media_grid style=&#8221;lazy&#8221; element_width=&#8221;3&#8243; gap=&#8221;15&#8243; item=&#8221;794&#8243; grid_id=&#8221;vc_gid:1601368623534-b4957da5-39e0-6&#8243; include=&#8221;532,533,534&#8243;][\/vc_tta_section][vc_tta_section title=&#8221;Fot\u00f3k&#8221; tab_id=&#8221;1564649445150-1a9f5102-c8d7&#8243;][vc_empty_space height=&#8221;15px&#8221;][vc_media_grid style=&#8221;lazy&#8221; items_per_page=&#8221;12&#8243; element_width=&#8221;3&#8243; gap=&#8221;15&#8243; grid_id=&#8221;vc_gid:1601368623536-dd164cba-d4f0-0&#8243; include=&#8221;527,528,530,529,531&#8243;][\/vc_tta_section][vc_tta_section title=&#8221;Cikkek, dokumentumok&#8221; tab_id=&#8221;1564649477718-c44317ef-09a4&#8243;][vc_empty_space height=&#8221;15px&#8221;][vc_column_text]Hajd\u00fa-Bihari Napl\u00f3 &#8211; 1976. szeptember 23. \u00c9GERH\u00c1ZI IMRE fest\u0151m\u0171v\u00e9sz ki\u00e1ll\u00edt\u00e1s\u00e1t nyitj\u00e1k meg a beretty\u00f3\u00fajfalui Dr. Z\u00f6ld S\u00e1ndor K\u00f3rh\u00e1z kult\u00farterm\u00e9ben szeptember 27-\u00e9n 14.30 \u00f3rakor. A ki\u00e1ll\u00edt\u00e1s okt\u00f3ber 10-ig tekinthet\u0151 meg. Hajd\u00fa-Bihari Napl\u00f3 &#8211; 1976. szeptember [&hellip;]<\/p>\n","protected":false},"author":4,"featured_media":547,"parent":0,"menu_order":0,"comment_status":"closed","ping_status":"closed","template":"","meta":{"footnotes":""},"categories":[8,10,4],"tags":[32,33],"class_list":["post-486","page","type-page","status-publish","has-post-thumbnail","hentry","category-egyeni_kiallitasok","category-feldolgozott_kiallitasok","category-kiallitasok","tag-32","tag-debrecen"],"yoast_head":"<!-- This site is optimized with the Yoast SEO plugin v27.0 - https:\/\/yoast.com\/product\/yoast-seo-wordpress\/ -->\n<title>Dr. Z\u00f6ld S\u00e1ndor K\u00f3rh\u00e1z, Debrecen, 1976. szeptember 27. - \u00c9gerh\u00e1zi Imre<\/title>\n<meta name=\"robots\" content=\"index, follow, max-snippet:-1, max-image-preview:large, max-video-preview:-1\" \/>\n<link rel=\"canonical\" href=\"https:\/\/egerhaziimre.hu\/index.php\/dr-zold-sandor-korhaz-debrecen\/?lang=en\" \/>\n<meta property=\"og:locale\" content=\"hu_HU\" \/>\n<meta property=\"og:type\" content=\"article\" \/>\n<meta property=\"og:title\" content=\"Dr. Z\u00f6ld S\u00e1ndor K\u00f3rh\u00e1z, Debrecen, 1976. szeptember 27. - \u00c9gerh\u00e1zi Imre\" \/>\n<meta property=\"og:description\" content=\"[vc_row][vc_column][vc_tta_tabs style=&#8221;flat&#8221; shape=&#8221;square&#8221; color=&#8221;white&#8221; active_section=&#8221;1&#8243;][vc_tta_section title=&#8221;Megh\u00edv\u00f3&#8221; tab_id=&#8221;1564649445135-e497d88e-696b&#8221;][vc_empty_space height=&#8221;15px&#8221;][vc_media_grid style=&#8221;lazy&#8221; element_width=&#8221;3&#8243; gap=&#8221;15&#8243; item=&#8221;794&#8243; grid_id=&#8221;vc_gid:1601368623534-b4957da5-39e0-6&#8243; include=&#8221;532,533,534&#8243;][\/vc_tta_section][vc_tta_section title=&#8221;Fot\u00f3k&#8221; tab_id=&#8221;1564649445150-1a9f5102-c8d7&#8243;][vc_empty_space height=&#8221;15px&#8221;][vc_media_grid style=&#8221;lazy&#8221; items_per_page=&#8221;12&#8243; element_width=&#8221;3&#8243; gap=&#8221;15&#8243; grid_id=&#8221;vc_gid:1601368623536-dd164cba-d4f0-0&#8243; include=&#8221;527,528,530,529,531&#8243;][\/vc_tta_section][vc_tta_section title=&#8221;Cikkek, dokumentumok&#8221; tab_id=&#8221;1564649477718-c44317ef-09a4&#8243;][vc_empty_space height=&#8221;15px&#8221;][vc_column_text]Hajd\u00fa-Bihari Napl\u00f3 &#8211; 1976. szeptember 23. \u00c9GERH\u00c1ZI IMRE fest\u0151m\u0171v\u00e9sz ki\u00e1ll\u00edt\u00e1s\u00e1t nyitj\u00e1k meg a beretty\u00f3\u00fajfalui Dr. Z\u00f6ld S\u00e1ndor K\u00f3rh\u00e1z kult\u00farterm\u00e9ben szeptember 27-\u00e9n 14.30 \u00f3rakor. A ki\u00e1ll\u00edt\u00e1s okt\u00f3ber 10-ig tekinthet\u0151 meg. Hajd\u00fa-Bihari Napl\u00f3 &#8211; 1976. szeptember [&hellip;]\" \/>\n<meta property=\"og:url\" content=\"https:\/\/egerhaziimre.hu\/index.php\/dr-zold-sandor-korhaz-debrecen\/?lang=en\" \/>\n<meta property=\"og:site_name\" content=\"\u00c9gerh\u00e1zi Imre\" \/>\n<meta property=\"article:modified_time\" content=\"2020-10-05T09:59:50+00:00\" \/>\n<meta property=\"og:image\" content=\"https:\/\/egerhaziimre.hu\/wp-content\/uploads\/2019\/08\/1014.jpg\" \/>\n\t<meta property=\"og:image:width\" content=\"640\" \/>\n\t<meta property=\"og:image:height\" content=\"417\" \/>\n\t<meta property=\"og:image:type\" content=\"image\/jpeg\" \/>\n<meta name=\"twitter:card\" content=\"summary_large_image\" \/>\n<meta name=\"twitter:label1\" content=\"Becs\u00fclt olvas\u00e1si id\u0151\" \/>\n\t<meta name=\"twitter:data1\" content=\"3 perc\" \/>\n<script type=\"application\/ld+json\" class=\"yoast-schema-graph\">{\"@context\":\"https:\/\/schema.org\",\"@graph\":[{\"@type\":\"WebPage\",\"@id\":\"https:\/\/egerhaziimre.hu\/index.php\/dr-zold-sandor-korhaz-debrecen\/?lang=en\",\"url\":\"https:\/\/egerhaziimre.hu\/index.php\/dr-zold-sandor-korhaz-debrecen\/?lang=en\",\"name\":\"Dr. Z\u00f6ld S\u00e1ndor K\u00f3rh\u00e1z, Debrecen, 1976. szeptember 27. - \u00c9gerh\u00e1zi Imre\",\"isPartOf\":{\"@id\":\"https:\/\/egerhaziimre.hu\/#website\"},\"primaryImageOfPage\":{\"@id\":\"https:\/\/egerhaziimre.hu\/index.php\/dr-zold-sandor-korhaz-debrecen\/?lang=en#primaryimage\"},\"image\":{\"@id\":\"https:\/\/egerhaziimre.hu\/index.php\/dr-zold-sandor-korhaz-debrecen\/?lang=en#primaryimage\"},\"thumbnailUrl\":\"https:\/\/egerhaziimre.hu\/wp-content\/uploads\/2019\/08\/1014.jpg\",\"datePublished\":\"1976-09-27T15:25:58+00:00\",\"dateModified\":\"2020-10-05T09:59:50+00:00\",\"breadcrumb\":{\"@id\":\"https:\/\/egerhaziimre.hu\/index.php\/dr-zold-sandor-korhaz-debrecen\/?lang=en#breadcrumb\"},\"inLanguage\":\"hu\",\"potentialAction\":[{\"@type\":\"ReadAction\",\"target\":[\"https:\/\/egerhaziimre.hu\/index.php\/dr-zold-sandor-korhaz-debrecen\/?lang=en\"]}]},{\"@type\":\"ImageObject\",\"inLanguage\":\"hu\",\"@id\":\"https:\/\/egerhaziimre.hu\/index.php\/dr-zold-sandor-korhaz-debrecen\/?lang=en#primaryimage\",\"url\":\"https:\/\/egerhaziimre.hu\/wp-content\/uploads\/2019\/08\/1014.jpg\",\"contentUrl\":\"https:\/\/egerhaziimre.hu\/wp-content\/uploads\/2019\/08\/1014.jpg\",\"width\":640,\"height\":417,\"caption\":\"0771\"},{\"@type\":\"BreadcrumbList\",\"@id\":\"https:\/\/egerhaziimre.hu\/index.php\/dr-zold-sandor-korhaz-debrecen\/?lang=en#breadcrumb\",\"itemListElement\":[{\"@type\":\"ListItem\",\"position\":1,\"name\":\"Home\",\"item\":\"https:\/\/egerhaziimre.hu\/\"},{\"@type\":\"ListItem\",\"position\":2,\"name\":\"Dr. S\u00e1ndor Z\u00f6ld Hospital, Debrecen, 27 September 1976\"}]},{\"@type\":\"WebSite\",\"@id\":\"https:\/\/egerhaziimre.hu\/#website\",\"url\":\"https:\/\/egerhaziimre.hu\/\",\"name\":\"\u00c9gerh\u00e1zi Imre\",\"description\":\"\",\"potentialAction\":[{\"@type\":\"SearchAction\",\"target\":{\"@type\":\"EntryPoint\",\"urlTemplate\":\"https:\/\/egerhaziimre.hu\/?s={search_term_string}\"},\"query-input\":{\"@type\":\"PropertyValueSpecification\",\"valueRequired\":true,\"valueName\":\"search_term_string\"}}],\"inLanguage\":\"hu\"}]}<\/script>\n<!-- \/ Yoast SEO plugin. -->","yoast_head_json":{"title":"Dr. Z\u00f6ld S\u00e1ndor K\u00f3rh\u00e1z, Debrecen, 1976. szeptember 27. - \u00c9gerh\u00e1zi Imre","robots":{"index":"index","follow":"follow","max-snippet":"max-snippet:-1","max-image-preview":"max-image-preview:large","max-video-preview":"max-video-preview:-1"},"canonical":"https:\/\/egerhaziimre.hu\/index.php\/dr-zold-sandor-korhaz-debrecen\/?lang=en","og_locale":"hu_HU","og_type":"article","og_title":"Dr. Z\u00f6ld S\u00e1ndor K\u00f3rh\u00e1z, Debrecen, 1976. szeptember 27. - \u00c9gerh\u00e1zi Imre","og_description":"[vc_row][vc_column][vc_tta_tabs style=&#8221;flat&#8221; shape=&#8221;square&#8221; color=&#8221;white&#8221; active_section=&#8221;1&#8243;][vc_tta_section title=&#8221;Megh\u00edv\u00f3&#8221; tab_id=&#8221;1564649445135-e497d88e-696b&#8221;][vc_empty_space height=&#8221;15px&#8221;][vc_media_grid style=&#8221;lazy&#8221; element_width=&#8221;3&#8243; gap=&#8221;15&#8243; item=&#8221;794&#8243; grid_id=&#8221;vc_gid:1601368623534-b4957da5-39e0-6&#8243; include=&#8221;532,533,534&#8243;][\/vc_tta_section][vc_tta_section title=&#8221;Fot\u00f3k&#8221; tab_id=&#8221;1564649445150-1a9f5102-c8d7&#8243;][vc_empty_space height=&#8221;15px&#8221;][vc_media_grid style=&#8221;lazy&#8221; items_per_page=&#8221;12&#8243; element_width=&#8221;3&#8243; gap=&#8221;15&#8243; grid_id=&#8221;vc_gid:1601368623536-dd164cba-d4f0-0&#8243; include=&#8221;527,528,530,529,531&#8243;][\/vc_tta_section][vc_tta_section title=&#8221;Cikkek, dokumentumok&#8221; tab_id=&#8221;1564649477718-c44317ef-09a4&#8243;][vc_empty_space height=&#8221;15px&#8221;][vc_column_text]Hajd\u00fa-Bihari Napl\u00f3 &#8211; 1976. szeptember 23. \u00c9GERH\u00c1ZI IMRE fest\u0151m\u0171v\u00e9sz ki\u00e1ll\u00edt\u00e1s\u00e1t nyitj\u00e1k meg a beretty\u00f3\u00fajfalui Dr. Z\u00f6ld S\u00e1ndor K\u00f3rh\u00e1z kult\u00farterm\u00e9ben szeptember 27-\u00e9n 14.30 \u00f3rakor. A ki\u00e1ll\u00edt\u00e1s okt\u00f3ber 10-ig tekinthet\u0151 meg. Hajd\u00fa-Bihari Napl\u00f3 &#8211; 1976. szeptember [&hellip;]","og_url":"https:\/\/egerhaziimre.hu\/index.php\/dr-zold-sandor-korhaz-debrecen\/?lang=en","og_site_name":"\u00c9gerh\u00e1zi Imre","article_modified_time":"2020-10-05T09:59:50+00:00","og_image":[{"width":640,"height":417,"url":"https:\/\/egerhaziimre.hu\/wp-content\/uploads\/2019\/08\/1014.jpg","type":"image\/jpeg"}],"twitter_card":"summary_large_image","twitter_misc":{"Becs\u00fclt olvas\u00e1si id\u0151":"3 perc"},"schema":{"@context":"https:\/\/schema.org","@graph":[{"@type":"WebPage","@id":"https:\/\/egerhaziimre.hu\/index.php\/dr-zold-sandor-korhaz-debrecen\/?lang=en","url":"https:\/\/egerhaziimre.hu\/index.php\/dr-zold-sandor-korhaz-debrecen\/?lang=en","name":"Dr. Z\u00f6ld S\u00e1ndor K\u00f3rh\u00e1z, Debrecen, 1976. szeptember 27. - \u00c9gerh\u00e1zi Imre","isPartOf":{"@id":"https:\/\/egerhaziimre.hu\/#website"},"primaryImageOfPage":{"@id":"https:\/\/egerhaziimre.hu\/index.php\/dr-zold-sandor-korhaz-debrecen\/?lang=en#primaryimage"},"image":{"@id":"https:\/\/egerhaziimre.hu\/index.php\/dr-zold-sandor-korhaz-debrecen\/?lang=en#primaryimage"},"thumbnailUrl":"https:\/\/egerhaziimre.hu\/wp-content\/uploads\/2019\/08\/1014.jpg","datePublished":"1976-09-27T15:25:58+00:00","dateModified":"2020-10-05T09:59:50+00:00","breadcrumb":{"@id":"https:\/\/egerhaziimre.hu\/index.php\/dr-zold-sandor-korhaz-debrecen\/?lang=en#breadcrumb"},"inLanguage":"hu","potentialAction":[{"@type":"ReadAction","target":["https:\/\/egerhaziimre.hu\/index.php\/dr-zold-sandor-korhaz-debrecen\/?lang=en"]}]},{"@type":"ImageObject","inLanguage":"hu","@id":"https:\/\/egerhaziimre.hu\/index.php\/dr-zold-sandor-korhaz-debrecen\/?lang=en#primaryimage","url":"https:\/\/egerhaziimre.hu\/wp-content\/uploads\/2019\/08\/1014.jpg","contentUrl":"https:\/\/egerhaziimre.hu\/wp-content\/uploads\/2019\/08\/1014.jpg","width":640,"height":417,"caption":"0771"},{"@type":"BreadcrumbList","@id":"https:\/\/egerhaziimre.hu\/index.php\/dr-zold-sandor-korhaz-debrecen\/?lang=en#breadcrumb","itemListElement":[{"@type":"ListItem","position":1,"name":"Home","item":"https:\/\/egerhaziimre.hu\/"},{"@type":"ListItem","position":2,"name":"Dr. S\u00e1ndor Z\u00f6ld Hospital, Debrecen, 27 September 1976"}]},{"@type":"WebSite","@id":"https:\/\/egerhaziimre.hu\/#website","url":"https:\/\/egerhaziimre.hu\/","name":"\u00c9gerh\u00e1zi Imre","description":"","potentialAction":[{"@type":"SearchAction","target":{"@type":"EntryPoint","urlTemplate":"https:\/\/egerhaziimre.hu\/?s={search_term_string}"},"query-input":{"@type":"PropertyValueSpecification","valueRequired":true,"valueName":"search_term_string"}}],"inLanguage":"hu"}]}},"jetpack_sharing_enabled":true,"_links":{"self":[{"href":"https:\/\/egerhaziimre.hu\/index.php\/wp-json\/wp\/v2\/pages\/486","targetHints":{"allow":["GET"]}}],"collection":[{"href":"https:\/\/egerhaziimre.hu\/index.php\/wp-json\/wp\/v2\/pages"}],"about":[{"href":"https:\/\/egerhaziimre.hu\/index.php\/wp-json\/wp\/v2\/types\/page"}],"author":[{"embeddable":true,"href":"https:\/\/egerhaziimre.hu\/index.php\/wp-json\/wp\/v2\/users\/4"}],"replies":[{"embeddable":true,"href":"https:\/\/egerhaziimre.hu\/index.php\/wp-json\/wp\/v2\/comments?post=486"}],"version-history":[{"count":21,"href":"https:\/\/egerhaziimre.hu\/index.php\/wp-json\/wp\/v2\/pages\/486\/revisions"}],"predecessor-version":[{"id":10510,"href":"https:\/\/egerhaziimre.hu\/index.php\/wp-json\/wp\/v2\/pages\/486\/revisions\/10510"}],"wp:featuredmedia":[{"embeddable":true,"href":"https:\/\/egerhaziimre.hu\/index.php\/wp-json\/wp\/v2\/media\/547"}],"wp:attachment":[{"href":"https:\/\/egerhaziimre.hu\/index.php\/wp-json\/wp\/v2\/media?parent=486"}],"wp:term":[{"taxonomy":"category","embeddable":true,"href":"https:\/\/egerhaziimre.hu\/index.php\/wp-json\/wp\/v2\/categories?post=486"},{"taxonomy":"post_tag","embeddable":true,"href":"https:\/\/egerhaziimre.hu\/index.php\/wp-json\/wp\/v2\/tags?post=486"}],"curies":[{"name":"wp","href":"https:\/\/api.w.org\/{rel}","templated":true}]}}