{"id":493,"date":"1972-02-12T16:40:10","date_gmt":"1972-02-12T15:40:10","guid":{"rendered":"http:\/\/egerhaziimre.magex.hu\/?page_id=493"},"modified":"2020-10-05T13:42:52","modified_gmt":"2020-10-05T11:42:52","slug":"muvelodesi-haz-biharkeresztes","status":"publish","type":"page","link":"https:\/\/egerhaziimre.hu\/index.php\/muvelodesi-haz-biharkeresztes\/","title":{"rendered":"M\u0171vel\u0151d\u00e9si h\u00e1z, Biharkeresztes, 1972. febru\u00e1r 12."},"content":{"rendered":"<div class=\"wpb-content-wrapper\">\n[vc_row][vc_column][vc_tta_tabs style=&#8221;flat&#8221; shape=&#8221;square&#8221; color=&#8221;white&#8221; active_section=&#8221;1&#8243; no_fill_content_area=&#8221;true&#8221;][vc_tta_section title=&#8221;Megh\u00edv\u00f3&#8221; tab_id=&#8221;1564652701026-0f4e2fdd-e455&#8243;][vc_empty_space height=&#8221;15px&#8221;][vc_media_grid element_width=&#8221;3&#8243; gap=&#8221;15&#8243; item=&#8221;794&#8243; grid_id=&#8221;vc_gid:1601368897213-aaf68268-bee8-9&#8243; include=&#8221;575&#8243;][\/vc_tta_section][vc_tta_section title=&#8221;Katal\u00f3gus&#8221; tab_id=&#8221;1564652701060-71f98b9d-35d4&#8243;][vc_empty_space height=&#8221;15px&#8221;][vc_media_grid element_width=&#8221;3&#8243; gap=&#8221;15&#8243; item=&#8221;794&#8243; grid_id=&#8221;vc_gid:1601368897215-509190c3-d786-3&#8243; include=&#8221;579,580,581,582,583,584&#8243;][\/vc_tta_section][vc_tta_section title=&#8221;Fot\u00f3k&#8221; tab_id=&#8221;1564652726812-3fffe48f-f056&#8243;][vc_empty_space height=&#8221;15px&#8221;][vc_media_grid style=&#8221;lazy&#8221; items_per_page=&#8221;12&#8243; element_width=&#8221;3&#8243; gap=&#8221;15&#8243; grid_id=&#8221;vc_gid:1601368897216-39a2a6ca-e81d-4&#8243; include=&#8221;585,586,587,588&#8243;][\/vc_tta_section][vc_tta_section title=&#8221;Ki\u00e1ll\u00edtott k\u00e9pek&#8221; tab_id=&#8221;1564652728138-3d3d0f70-0b91&#8243;][vc_empty_space height=&#8221;15px&#8221;][vc_basic_grid post_type=&#8221;page&#8221; max_items=&#8221;-1&#8243; element_width=&#8221;3&#8243; order=&#8221;ASC&#8221; item=&#8221;7963&#8243; grid_id=&#8221;vc_gid:1601368897217-8fb8e780-160a-7&#8243; taxonomies=&#8221;179&#8243;][\/vc_tta_section][\/vc_tta_tabs][\/vc_column][\/vc_row][vc_row][vc_column][vc_separator][vc_btn title=&#8221;Vissza a ki\u00e1ll\u00edt\u00e1sok list\u00e1j\u00e1ra&#8221; shape=&#8221;square&#8221; color=&#8221;orange&#8221; align=&#8221;center&#8221; i_icon_fontawesome=&#8221;fas fa-angle-double-left&#8221; add_icon=&#8221;true&#8221; link=&#8221;url:http%3A%2F%2Fegerhaziimre.hu%2Findex.php%2Fkiallitasok-list%2F|title:%5B%3Ahu%5DKi%C3%A1ll%C3%ADt%C3%A1sok%5B%3Aen%5DExhibitions%5B%3A%5D&#8221; el_class=&#8221;mb60 mb30-md&#8221;][\/vc_column][\/vc_row]\n\n<\/div>","protected":false},"excerpt":{"rendered":"<p>[vc_row][vc_column][vc_tta_tabs style=&#8221;flat&#8221; shape=&#8221;square&#8221; color=&#8221;white&#8221; active_section=&#8221;1&#8243; no_fill_content_area=&#8221;true&#8221;][vc_tta_section title=&#8221;Megh\u00edv\u00f3&#8221; tab_id=&#8221;1564652701026-0f4e2fdd-e455&#8243;][vc_empty_space height=&#8221;15px&#8221;][vc_media_grid element_width=&#8221;3&#8243; gap=&#8221;15&#8243; item=&#8221;794&#8243; grid_id=&#8221;vc_gid:1601368897213-aaf68268-bee8-9&#8243; include=&#8221;575&#8243;][\/vc_tta_section][vc_tta_section title=&#8221;Katal\u00f3gus&#8221; tab_id=&#8221;1564652701060-71f98b9d-35d4&#8243;][vc_empty_space height=&#8221;15px&#8221;][vc_media_grid element_width=&#8221;3&#8243; gap=&#8221;15&#8243; item=&#8221;794&#8243; grid_id=&#8221;vc_gid:1601368897215-509190c3-d786-3&#8243; include=&#8221;579,580,581,582,583,584&#8243;][\/vc_tta_section][vc_tta_section title=&#8221;Fot\u00f3k&#8221; tab_id=&#8221;1564652726812-3fffe48f-f056&#8243;][vc_empty_space height=&#8221;15px&#8221;][vc_media_grid style=&#8221;lazy&#8221; items_per_page=&#8221;12&#8243; element_width=&#8221;3&#8243; gap=&#8221;15&#8243; grid_id=&#8221;vc_gid:1601368897216-39a2a6ca-e81d-4&#8243; include=&#8221;585,586,587,588&#8243;][\/vc_tta_section][vc_tta_section title=&#8221;Ki\u00e1ll\u00edtott k\u00e9pek&#8221; tab_id=&#8221;1564652728138-3d3d0f70-0b91&#8243;][vc_empty_space height=&#8221;15px&#8221;][vc_basic_grid post_type=&#8221;page&#8221; max_items=&#8221;-1&#8243; element_width=&#8221;3&#8243; order=&#8221;ASC&#8221; item=&#8221;7963&#8243; grid_id=&#8221;vc_gid:1601368897217-8fb8e780-160a-7&#8243; taxonomies=&#8221;179&#8243;][\/vc_tta_section][\/vc_tta_tabs][\/vc_column][\/vc_row][vc_row][vc_column][vc_separator][vc_btn title=&#8221;Vissza a ki\u00e1ll\u00edt\u00e1sok list\u00e1j\u00e1ra&#8221; shape=&#8221;square&#8221; color=&#8221;orange&#8221; align=&#8221;center&#8221; i_icon_fontawesome=&#8221;fas fa-angle-double-left&#8221; add_icon=&#8221;true&#8221; link=&#8221;url:http%3A%2F%2Fegerhaziimre.hu%2Findex.php%2Fkiallitasok-list%2F|title:%5B%3Ahu%5DKi%C3%A1ll%C3%ADt%C3%A1sok%5B%3Aen%5DExhibitions%5B%3A%5D&#8221; el_class=&#8221;mb60 mb30-md&#8221;][\/vc_column][\/vc_row]<\/p>\n","protected":false},"author":4,"featured_media":600,"parent":0,"menu_order":0,"comment_status":"closed","ping_status":"closed","template":"","meta":{"footnotes":""},"categories":[8,10,4],"tags":[30,31],"class_list":["post-493","page","type-page","status-publish","has-post-thumbnail","hentry","category-egyeni_kiallitasok","category-feldolgozott_kiallitasok","category-kiallitasok","tag-30","tag-biharkeresztes"],"yoast_head":"<!-- This site is optimized with the Yoast SEO plugin v27.0 - https:\/\/yoast.com\/product\/yoast-seo-wordpress\/ -->\n<title>M\u0171vel\u0151d\u00e9si h\u00e1z, Biharkeresztes, 1972. febru\u00e1r 12. - \u00c9gerh\u00e1zi Imre<\/title>\n<meta name=\"robots\" content=\"index, follow, max-snippet:-1, max-image-preview:large, max-video-preview:-1\" \/>\n<link rel=\"canonical\" href=\"https:\/\/egerhaziimre.hu\/index.php\/muvelodesi-haz-biharkeresztes\/?lang=en\" \/>\n<meta property=\"og:locale\" content=\"hu_HU\" \/>\n<meta property=\"og:type\" content=\"article\" \/>\n<meta property=\"og:title\" content=\"M\u0171vel\u0151d\u00e9si h\u00e1z, Biharkeresztes, 1972. febru\u00e1r 12. - \u00c9gerh\u00e1zi Imre\" \/>\n<meta property=\"og:description\" content=\"[vc_row][vc_column][vc_tta_tabs style=&#8221;flat&#8221; shape=&#8221;square&#8221; color=&#8221;white&#8221; active_section=&#8221;1&#8243; no_fill_content_area=&#8221;true&#8221;][vc_tta_section title=&#8221;Megh\u00edv\u00f3&#8221; tab_id=&#8221;1564652701026-0f4e2fdd-e455&#8243;][vc_empty_space height=&#8221;15px&#8221;][vc_media_grid element_width=&#8221;3&#8243; gap=&#8221;15&#8243; item=&#8221;794&#8243; grid_id=&#8221;vc_gid:1601368897213-aaf68268-bee8-9&#8243; include=&#8221;575&#8243;][\/vc_tta_section][vc_tta_section title=&#8221;Katal\u00f3gus&#8221; tab_id=&#8221;1564652701060-71f98b9d-35d4&#8243;][vc_empty_space height=&#8221;15px&#8221;][vc_media_grid element_width=&#8221;3&#8243; gap=&#8221;15&#8243; item=&#8221;794&#8243; grid_id=&#8221;vc_gid:1601368897215-509190c3-d786-3&#8243; include=&#8221;579,580,581,582,583,584&#8243;][\/vc_tta_section][vc_tta_section title=&#8221;Fot\u00f3k&#8221; tab_id=&#8221;1564652726812-3fffe48f-f056&#8243;][vc_empty_space height=&#8221;15px&#8221;][vc_media_grid style=&#8221;lazy&#8221; items_per_page=&#8221;12&#8243; element_width=&#8221;3&#8243; gap=&#8221;15&#8243; grid_id=&#8221;vc_gid:1601368897216-39a2a6ca-e81d-4&#8243; include=&#8221;585,586,587,588&#8243;][\/vc_tta_section][vc_tta_section title=&#8221;Ki\u00e1ll\u00edtott k\u00e9pek&#8221; tab_id=&#8221;1564652728138-3d3d0f70-0b91&#8243;][vc_empty_space height=&#8221;15px&#8221;][vc_basic_grid post_type=&#8221;page&#8221; max_items=&#8221;-1&#8243; element_width=&#8221;3&#8243; order=&#8221;ASC&#8221; item=&#8221;7963&#8243; grid_id=&#8221;vc_gid:1601368897217-8fb8e780-160a-7&#8243; taxonomies=&#8221;179&#8243;][\/vc_tta_section][\/vc_tta_tabs][\/vc_column][\/vc_row][vc_row][vc_column][vc_separator][vc_btn title=&#8221;Vissza a ki\u00e1ll\u00edt\u00e1sok list\u00e1j\u00e1ra&#8221; shape=&#8221;square&#8221; color=&#8221;orange&#8221; align=&#8221;center&#8221; i_icon_fontawesome=&#8221;fas fa-angle-double-left&#8221; add_icon=&#8221;true&#8221; link=&#8221;url:http%3A%2F%2Fegerhaziimre.hu%2Findex.php%2Fkiallitasok-list%2F|title:%5B%3Ahu%5DKi%C3%A1ll%C3%ADt%C3%A1sok%5B%3Aen%5DExhibitions%5B%3A%5D&#8221; el_class=&#8221;mb60 mb30-md&#8221;][\/vc_column][\/vc_row]\" \/>\n<meta property=\"og:url\" content=\"https:\/\/egerhaziimre.hu\/index.php\/muvelodesi-haz-biharkeresztes\/?lang=en\" \/>\n<meta property=\"og:site_name\" content=\"\u00c9gerh\u00e1zi Imre\" \/>\n<meta property=\"article:modified_time\" content=\"2020-10-05T11:42:52+00:00\" \/>\n<meta property=\"og:image\" content=\"https:\/\/egerhaziimre.hu\/wp-content\/uploads\/2019\/08\/887.jpg\" \/>\n\t<meta property=\"og:image:width\" content=\"640\" \/>\n\t<meta property=\"og:image:height\" content=\"474\" \/>\n\t<meta property=\"og:image:type\" content=\"image\/jpeg\" \/>\n<meta name=\"twitter:card\" content=\"summary_large_image\" \/>\n<meta name=\"twitter:label1\" content=\"Becs\u00fclt olvas\u00e1si id\u0151\" \/>\n\t<meta name=\"twitter:data1\" content=\"3 perc\" \/>\n<script type=\"application\/ld+json\" class=\"yoast-schema-graph\">{\"@context\":\"https:\/\/schema.org\",\"@graph\":[{\"@type\":\"WebPage\",\"@id\":\"https:\/\/egerhaziimre.hu\/index.php\/muvelodesi-haz-biharkeresztes\/?lang=en\",\"url\":\"https:\/\/egerhaziimre.hu\/index.php\/muvelodesi-haz-biharkeresztes\/?lang=en\",\"name\":\"M\u0171vel\u0151d\u00e9si h\u00e1z, Biharkeresztes, 1972. febru\u00e1r 12. - \u00c9gerh\u00e1zi Imre\",\"isPartOf\":{\"@id\":\"https:\/\/egerhaziimre.hu\/#website\"},\"primaryImageOfPage\":{\"@id\":\"https:\/\/egerhaziimre.hu\/index.php\/muvelodesi-haz-biharkeresztes\/?lang=en#primaryimage\"},\"image\":{\"@id\":\"https:\/\/egerhaziimre.hu\/index.php\/muvelodesi-haz-biharkeresztes\/?lang=en#primaryimage\"},\"thumbnailUrl\":\"https:\/\/egerhaziimre.hu\/wp-content\/uploads\/2019\/08\/887.jpg\",\"datePublished\":\"1972-02-12T15:40:10+00:00\",\"dateModified\":\"2020-10-05T11:42:52+00:00\",\"breadcrumb\":{\"@id\":\"https:\/\/egerhaziimre.hu\/index.php\/muvelodesi-haz-biharkeresztes\/?lang=en#breadcrumb\"},\"inLanguage\":\"hu\",\"potentialAction\":[{\"@type\":\"ReadAction\",\"target\":[\"https:\/\/egerhaziimre.hu\/index.php\/muvelodesi-haz-biharkeresztes\/?lang=en\"]}]},{\"@type\":\"ImageObject\",\"inLanguage\":\"hu\",\"@id\":\"https:\/\/egerhaziimre.hu\/index.php\/muvelodesi-haz-biharkeresztes\/?lang=en#primaryimage\",\"url\":\"https:\/\/egerhaziimre.hu\/wp-content\/uploads\/2019\/08\/887.jpg\",\"contentUrl\":\"https:\/\/egerhaziimre.hu\/wp-content\/uploads\/2019\/08\/887.jpg\",\"width\":640,\"height\":474,\"caption\":\"0758\"},{\"@type\":\"BreadcrumbList\",\"@id\":\"https:\/\/egerhaziimre.hu\/index.php\/muvelodesi-haz-biharkeresztes\/?lang=en#breadcrumb\",\"itemListElement\":[{\"@type\":\"ListItem\",\"position\":1,\"name\":\"Home\",\"item\":\"https:\/\/egerhaziimre.hu\/\"},{\"@type\":\"ListItem\",\"position\":2,\"name\":\"House Of Culture, Biharkeresztes, 12 February 1972\"}]},{\"@type\":\"WebSite\",\"@id\":\"https:\/\/egerhaziimre.hu\/#website\",\"url\":\"https:\/\/egerhaziimre.hu\/\",\"name\":\"\u00c9gerh\u00e1zi Imre\",\"description\":\"\",\"potentialAction\":[{\"@type\":\"SearchAction\",\"target\":{\"@type\":\"EntryPoint\",\"urlTemplate\":\"https:\/\/egerhaziimre.hu\/?s={search_term_string}\"},\"query-input\":{\"@type\":\"PropertyValueSpecification\",\"valueRequired\":true,\"valueName\":\"search_term_string\"}}],\"inLanguage\":\"hu\"}]}<\/script>\n<!-- \/ Yoast SEO plugin. -->","yoast_head_json":{"title":"M\u0171vel\u0151d\u00e9si h\u00e1z, Biharkeresztes, 1972. febru\u00e1r 12. - \u00c9gerh\u00e1zi Imre","robots":{"index":"index","follow":"follow","max-snippet":"max-snippet:-1","max-image-preview":"max-image-preview:large","max-video-preview":"max-video-preview:-1"},"canonical":"https:\/\/egerhaziimre.hu\/index.php\/muvelodesi-haz-biharkeresztes\/?lang=en","og_locale":"hu_HU","og_type":"article","og_title":"M\u0171vel\u0151d\u00e9si h\u00e1z, Biharkeresztes, 1972. febru\u00e1r 12. - \u00c9gerh\u00e1zi Imre","og_description":"[vc_row][vc_column][vc_tta_tabs style=&#8221;flat&#8221; shape=&#8221;square&#8221; color=&#8221;white&#8221; active_section=&#8221;1&#8243; no_fill_content_area=&#8221;true&#8221;][vc_tta_section title=&#8221;Megh\u00edv\u00f3&#8221; tab_id=&#8221;1564652701026-0f4e2fdd-e455&#8243;][vc_empty_space height=&#8221;15px&#8221;][vc_media_grid element_width=&#8221;3&#8243; gap=&#8221;15&#8243; item=&#8221;794&#8243; grid_id=&#8221;vc_gid:1601368897213-aaf68268-bee8-9&#8243; include=&#8221;575&#8243;][\/vc_tta_section][vc_tta_section title=&#8221;Katal\u00f3gus&#8221; tab_id=&#8221;1564652701060-71f98b9d-35d4&#8243;][vc_empty_space height=&#8221;15px&#8221;][vc_media_grid element_width=&#8221;3&#8243; gap=&#8221;15&#8243; item=&#8221;794&#8243; grid_id=&#8221;vc_gid:1601368897215-509190c3-d786-3&#8243; include=&#8221;579,580,581,582,583,584&#8243;][\/vc_tta_section][vc_tta_section title=&#8221;Fot\u00f3k&#8221; tab_id=&#8221;1564652726812-3fffe48f-f056&#8243;][vc_empty_space height=&#8221;15px&#8221;][vc_media_grid style=&#8221;lazy&#8221; items_per_page=&#8221;12&#8243; element_width=&#8221;3&#8243; gap=&#8221;15&#8243; grid_id=&#8221;vc_gid:1601368897216-39a2a6ca-e81d-4&#8243; include=&#8221;585,586,587,588&#8243;][\/vc_tta_section][vc_tta_section title=&#8221;Ki\u00e1ll\u00edtott k\u00e9pek&#8221; tab_id=&#8221;1564652728138-3d3d0f70-0b91&#8243;][vc_empty_space height=&#8221;15px&#8221;][vc_basic_grid post_type=&#8221;page&#8221; max_items=&#8221;-1&#8243; element_width=&#8221;3&#8243; order=&#8221;ASC&#8221; item=&#8221;7963&#8243; grid_id=&#8221;vc_gid:1601368897217-8fb8e780-160a-7&#8243; taxonomies=&#8221;179&#8243;][\/vc_tta_section][\/vc_tta_tabs][\/vc_column][\/vc_row][vc_row][vc_column][vc_separator][vc_btn title=&#8221;Vissza a ki\u00e1ll\u00edt\u00e1sok list\u00e1j\u00e1ra&#8221; shape=&#8221;square&#8221; color=&#8221;orange&#8221; align=&#8221;center&#8221; i_icon_fontawesome=&#8221;fas fa-angle-double-left&#8221; add_icon=&#8221;true&#8221; link=&#8221;url:http%3A%2F%2Fegerhaziimre.hu%2Findex.php%2Fkiallitasok-list%2F|title:%5B%3Ahu%5DKi%C3%A1ll%C3%ADt%C3%A1sok%5B%3Aen%5DExhibitions%5B%3A%5D&#8221; el_class=&#8221;mb60 mb30-md&#8221;][\/vc_column][\/vc_row]","og_url":"https:\/\/egerhaziimre.hu\/index.php\/muvelodesi-haz-biharkeresztes\/?lang=en","og_site_name":"\u00c9gerh\u00e1zi Imre","article_modified_time":"2020-10-05T11:42:52+00:00","og_image":[{"width":640,"height":474,"url":"https:\/\/egerhaziimre.hu\/wp-content\/uploads\/2019\/08\/887.jpg","type":"image\/jpeg"}],"twitter_card":"summary_large_image","twitter_misc":{"Becs\u00fclt olvas\u00e1si id\u0151":"3 perc"},"schema":{"@context":"https:\/\/schema.org","@graph":[{"@type":"WebPage","@id":"https:\/\/egerhaziimre.hu\/index.php\/muvelodesi-haz-biharkeresztes\/?lang=en","url":"https:\/\/egerhaziimre.hu\/index.php\/muvelodesi-haz-biharkeresztes\/?lang=en","name":"M\u0171vel\u0151d\u00e9si h\u00e1z, Biharkeresztes, 1972. febru\u00e1r 12. - \u00c9gerh\u00e1zi Imre","isPartOf":{"@id":"https:\/\/egerhaziimre.hu\/#website"},"primaryImageOfPage":{"@id":"https:\/\/egerhaziimre.hu\/index.php\/muvelodesi-haz-biharkeresztes\/?lang=en#primaryimage"},"image":{"@id":"https:\/\/egerhaziimre.hu\/index.php\/muvelodesi-haz-biharkeresztes\/?lang=en#primaryimage"},"thumbnailUrl":"https:\/\/egerhaziimre.hu\/wp-content\/uploads\/2019\/08\/887.jpg","datePublished":"1972-02-12T15:40:10+00:00","dateModified":"2020-10-05T11:42:52+00:00","breadcrumb":{"@id":"https:\/\/egerhaziimre.hu\/index.php\/muvelodesi-haz-biharkeresztes\/?lang=en#breadcrumb"},"inLanguage":"hu","potentialAction":[{"@type":"ReadAction","target":["https:\/\/egerhaziimre.hu\/index.php\/muvelodesi-haz-biharkeresztes\/?lang=en"]}]},{"@type":"ImageObject","inLanguage":"hu","@id":"https:\/\/egerhaziimre.hu\/index.php\/muvelodesi-haz-biharkeresztes\/?lang=en#primaryimage","url":"https:\/\/egerhaziimre.hu\/wp-content\/uploads\/2019\/08\/887.jpg","contentUrl":"https:\/\/egerhaziimre.hu\/wp-content\/uploads\/2019\/08\/887.jpg","width":640,"height":474,"caption":"0758"},{"@type":"BreadcrumbList","@id":"https:\/\/egerhaziimre.hu\/index.php\/muvelodesi-haz-biharkeresztes\/?lang=en#breadcrumb","itemListElement":[{"@type":"ListItem","position":1,"name":"Home","item":"https:\/\/egerhaziimre.hu\/"},{"@type":"ListItem","position":2,"name":"House Of Culture, Biharkeresztes, 12 February 1972"}]},{"@type":"WebSite","@id":"https:\/\/egerhaziimre.hu\/#website","url":"https:\/\/egerhaziimre.hu\/","name":"\u00c9gerh\u00e1zi Imre","description":"","potentialAction":[{"@type":"SearchAction","target":{"@type":"EntryPoint","urlTemplate":"https:\/\/egerhaziimre.hu\/?s={search_term_string}"},"query-input":{"@type":"PropertyValueSpecification","valueRequired":true,"valueName":"search_term_string"}}],"inLanguage":"hu"}]}},"jetpack_sharing_enabled":true,"_links":{"self":[{"href":"https:\/\/egerhaziimre.hu\/index.php\/wp-json\/wp\/v2\/pages\/493","targetHints":{"allow":["GET"]}}],"collection":[{"href":"https:\/\/egerhaziimre.hu\/index.php\/wp-json\/wp\/v2\/pages"}],"about":[{"href":"https:\/\/egerhaziimre.hu\/index.php\/wp-json\/wp\/v2\/types\/page"}],"author":[{"embeddable":true,"href":"https:\/\/egerhaziimre.hu\/index.php\/wp-json\/wp\/v2\/users\/4"}],"replies":[{"embeddable":true,"href":"https:\/\/egerhaziimre.hu\/index.php\/wp-json\/wp\/v2\/comments?post=493"}],"version-history":[{"count":15,"href":"https:\/\/egerhaziimre.hu\/index.php\/wp-json\/wp\/v2\/pages\/493\/revisions"}],"predecessor-version":[{"id":10516,"href":"https:\/\/egerhaziimre.hu\/index.php\/wp-json\/wp\/v2\/pages\/493\/revisions\/10516"}],"wp:featuredmedia":[{"embeddable":true,"href":"https:\/\/egerhaziimre.hu\/index.php\/wp-json\/wp\/v2\/media\/600"}],"wp:attachment":[{"href":"https:\/\/egerhaziimre.hu\/index.php\/wp-json\/wp\/v2\/media?parent=493"}],"wp:term":[{"taxonomy":"category","embeddable":true,"href":"https:\/\/egerhaziimre.hu\/index.php\/wp-json\/wp\/v2\/categories?post=493"},{"taxonomy":"post_tag","embeddable":true,"href":"https:\/\/egerhaziimre.hu\/index.php\/wp-json\/wp\/v2\/tags?post=493"}],"curies":[{"name":"wp","href":"https:\/\/api.w.org\/{rel}","templated":true}]}}