{"id":498,"date":"1982-03-23T16:45:55","date_gmt":"1982-03-23T15:45:55","guid":{"rendered":"http:\/\/egerhaziimre.magex.hu\/?page_id=498"},"modified":"2020-10-05T09:43:54","modified_gmt":"2020-10-05T07:43:54","slug":"kpvdsz-jozsef-attila-muvelodesi-haz-debrecen","status":"publish","type":"page","link":"https:\/\/egerhaziimre.hu\/index.php\/kpvdsz-jozsef-attila-muvelodesi-haz-debrecen\/","title":{"rendered":"KPVDSZ J\u00f3zsef Attila M\u0171vel\u0151d\u00e9si H\u00e1z, Debrecen, 1982. m\u00e1rcius 23."},"content":{"rendered":"<div class=\"wpb-content-wrapper\">[vc_row][vc_column][vc_tta_tabs style=&#8221;flat&#8221; shape=&#8221;square&#8221; color=&#8221;white&#8221; active_section=&#8221;1&#8243; no_fill_content_area=&#8221;true&#8221;][vc_tta_section title=&#8221;Megh\u00edv\u00f3&#8221; tab_id=&#8221;1564661715801-db73b27c-2f23&#8243;][vc_empty_space height=&#8221;15px&#8221;][vc_media_grid element_width=&#8221;3&#8243; gap=&#8221;15&#8243; item=&#8221;794&#8243; grid_id=&#8221;vc_gid:1601368422008-5b6c7a8a-9ab9-9&#8243; include=&#8221;682,680,681&#8243;][\/vc_tta_section][vc_tta_section title=&#8221;Fot\u00f3k&#8221; tab_id=&#8221;1564661715813-bef6023b-5e90&#8243;][vc_empty_space height=&#8221;15px&#8221;][vc_media_grid style=&#8221;lazy&#8221; items_per_page=&#8221;12&#8243; element_width=&#8221;3&#8243; gap=&#8221;15&#8243; grid_id=&#8221;vc_gid:1601368422009-296859a9-9064-6&#8243; include=&#8221;686,687,688,698,692,702,694,709,710,711,689,690,691,693,695,696,697,699,700,701,703,704,705,706,707,708&#8243;][\/vc_tta_section][vc_tta_section title=&#8221;Plak\u00e1t&#8221; tab_id=&#8221;1596024323633-dafc8212-2dc2&#8243;][vc_empty_space height=&#8221;15px&#8221;][vc_media_grid element_width=&#8221;3&#8243; gap=&#8221;15&#8243; item=&#8221;794&#8243; grid_id=&#8221;vc_gid:1601368422010-5911e4a6-b175-7&#8243; include=&#8221;683,684,685&#8243;][\/vc_tta_section][vc_tta_section title=&#8221;Cikkek, dokumentumok&#8221; tab_id=&#8221;1564661743879-6f74ce3c-3dfe&#8221;][vc_empty_space height=&#8221;30px&#8221;][vc_row_inner][vc_column_inner width=&#8221;3\/4&#8243;][vc_column_text](Cikk az 1982. m\u00e1rcius 23-\u00e1n megjelent Hajd\u00fa-Bihari Napl\u00f3b\u00f3l)<\/p>\n<p>KI\u00c1LL\u00cdT\u00c1S. \u00c9gerh\u00e1zi Imre fest\u0151m\u0171v\u00e9sz ki\u00e1ll\u00edt\u00e1s\u00e1t F\u00e1bi\u00e1n Lajos. a KPVDSZ megyei bizotts\u00e1g\u00e1nak titk\u00e1ra nyitja meg ma, kedden 17 \u00f3rakor a KPVDSZ J\u00f3zsef Attila M\u0171vel\u0151d\u00e9si H\u00e1zban (Debrecen, V\u00f6r\u00f6s Hadsereg \u00fatja 58. I. emelet). T\u00e1rlatvezet\u00e9st Sz\u00e9kelyhidi \u00c1goston tart. A ki\u00e1ll\u00edt\u00e1st \u00e1prilis 6-ig, naponta 9-12 \u00e9s 16-20 \u00f3ra k\u00f6z\u00f6tt l\u00e1togathatj\u00e1k az \u00e9rdekl\u0151d\u0151k.[\/vc_column_text][\/vc_column_inner][vc_column_inner width=&#8221;1\/4&#8243;][vc_single_image image=&#8221;8063&#8243; img_size=&#8221;large&#8221; alignment=&#8221;right&#8221; onclick=&#8221;link_image&#8221;][\/vc_column_inner][\/vc_row_inner][vc_separator][vc_row_inner][vc_column_inner width=&#8221;3\/4&#8243;][vc_column_text](Cikk az 1982. m\u00e1rcius 24-\u00e9n megjelent N\u00e9pszabads\u00e1gb\u00f3l)<\/p>\n<p>\u00c9GERH\u00c1ZI IMRE fest\u0151m\u0171v\u00e9sz alkot\u00e1saib\u00f3l ny\u00edlt ki\u00e1ll\u00edt\u00e1s kedden Debrecenben, a KPVDSZ J\u00f3zsef Attila M\u0171vel\u0151d\u00e9si H\u00e1zban. A t\u00e1rlaton l\u00e1that\u00f3 csaknem harminc alkot\u00e1s hajd\u00fas\u00e1gi \u00e9s erd\u00e9lyi t\u00e1jakat mutat be.[\/vc_column_text][\/vc_column_inner][vc_column_inner width=&#8221;1\/4&#8243;][vc_single_image image=&#8221;8064&#8243; img_size=&#8221;large&#8221; alignment=&#8221;right&#8221; onclick=&#8221;link_image&#8221;][\/vc_column_inner][\/vc_row_inner][vc_separator][vc_row_inner][vc_column_inner width=&#8221;3\/4&#8243;][vc_column_text]\n<h6><strong>\u00c9gerh\u00e1zi Imre ki\u00e1ll\u00edt\u00e1sa<\/strong><\/h6>\n<p>(Cikk az 1982. m\u00e1rcius 20-\u00e1n megjelent Hajd\u00fa-Bihari Napl\u00f3b\u00f3l)<\/p>\n<p>M\u00e1rcius 23-\u00e1n d\u00e9lut\u00e1n 5 \u00f3rai kezdettel F\u00e1bi\u00e1n Lajos, a KPVDSZ megyei bizotts\u00e1g\u00e1nak titk\u00e1ra nyitja meg Egerh\u00e1zi Imre fest\u0151m\u0171v\u00e9sz ki\u00e1ll\u00edt\u00e1s\u00e1t a KPDSZ J\u00f3zsef Attila M\u0171vel\u0151d\u00e9si H\u00e1z\u00e1ban (Debrecen, V\u00f6r\u00f6s Hadsereg \u00fatja 58.).<br \/>\nA hajd\u00f3hadh\u00e1zi sz\u00fclet\u00e9s\u0171 \u00c9gerh\u00e1zi Imre k\u00e9pz\u0151m\u0171v\u00e9szeti szabadiskol\u00e1ban Menyh\u00e1rt J\u00f3zsef vezet\u00e9s\u00e9vel tanult. Debrecenben, Budapesten \u00e9s a megye t\u00f6bb v\u00e1ros\u00e1ban sz\u00e1mos egy\u00e9ni ki\u00e1ll\u00edt\u00e1sa volt, de t\u00f6bb k\u00fclf\u00f6ldi ki\u00e1ll\u00edt\u00e1son, orsz\u00e1gos t\u00e1rlatokon, p\u00e1ly\u00e1zatokon is szerepelt. Alap\u00edt\u00f3 \u00e9s \u00e1lland\u00f3 tagja a hajd\u00fab\u00f6sz\u00f6rm\u00e9nyi nemzetk\u00f6zi m\u0171v\u00e9sztelepnek, ahol 1970-ben k\u00fcl\u00f6nd\u00edjat, 1974-ben pedig K\u00e1pl\u00e1r Mikl\u00f3s d\u00edjat kapott.<br \/>\nA ki\u00e1ll\u00edt\u00e1s,a melynek megnyit\u00f3j\u00e1n Sz\u00e9kelyhidi Agoston tart t\u00e1rlatvezet\u00e9st, \u00e1prilis 6-ig tekinthet\u0151 meg.[\/vc_column_text][\/vc_column_inner][vc_column_inner width=&#8221;1\/4&#8243;][vc_single_image image=&#8221;8065&#8243; img_size=&#8221;large&#8221; alignment=&#8221;right&#8221; onclick=&#8221;link_image&#8221;][\/vc_column_inner][\/vc_row_inner][\/vc_tta_section][vc_tta_section title=&#8221;Ki\u00e1ll\u00edtott k\u00e9pek&#8221; tab_id=&#8221;1564661744486-515a574f-6cb7&#8243;][vc_empty_space height=&#8221;15px&#8221;][vc_basic_grid post_type=&#8221;page&#8221; max_items=&#8221;-1&#8243; element_width=&#8221;3&#8243; order=&#8221;ASC&#8221; item=&#8221;7963&#8243; grid_id=&#8221;vc_gid:1601368422016-dc60a82c-a44e-5&#8243; taxonomies=&#8221;181&#8243;][\/vc_tta_section][\/vc_tta_tabs][\/vc_column][\/vc_row][vc_row][vc_column][vc_separator][vc_btn title=&#8221;Vissza a ki\u00e1ll\u00edt\u00e1sok list\u00e1j\u00e1ra&#8221; shape=&#8221;square&#8221; color=&#8221;orange&#8221; align=&#8221;center&#8221; i_icon_fontawesome=&#8221;fas fa-angle-double-left&#8221; add_icon=&#8221;true&#8221; link=&#8221;url:http%3A%2F%2Fegerhaziimre.hu%2Findex.php%2Fkiallitasok-list%2F|title:%5B%3Ahu%5DKi%C3%A1ll%C3%ADt%C3%A1sok%5B%3Aen%5DExhibitions%5B%3A%5D&#8221; el_class=&#8221;mb60 mb30-md&#8221;][\/vc_column][\/vc_row]\n<\/div>","protected":false},"excerpt":{"rendered":"<p>[vc_row][vc_column][vc_tta_tabs style=&#8221;flat&#8221; shape=&#8221;square&#8221; color=&#8221;white&#8221; active_section=&#8221;1&#8243; no_fill_content_area=&#8221;true&#8221;][vc_tta_section title=&#8221;Megh\u00edv\u00f3&#8221; tab_id=&#8221;1564661715801-db73b27c-2f23&#8243;][vc_empty_space height=&#8221;15px&#8221;][vc_media_grid element_width=&#8221;3&#8243; gap=&#8221;15&#8243; item=&#8221;794&#8243; grid_id=&#8221;vc_gid:1601368422008-5b6c7a8a-9ab9-9&#8243; include=&#8221;682,680,681&#8243;][\/vc_tta_section][vc_tta_section title=&#8221;Fot\u00f3k&#8221; tab_id=&#8221;1564661715813-bef6023b-5e90&#8243;][vc_empty_space height=&#8221;15px&#8221;][vc_media_grid style=&#8221;lazy&#8221; items_per_page=&#8221;12&#8243; element_width=&#8221;3&#8243; gap=&#8221;15&#8243; grid_id=&#8221;vc_gid:1601368422009-296859a9-9064-6&#8243; include=&#8221;686,687,688,698,692,702,694,709,710,711,689,690,691,693,695,696,697,699,700,701,703,704,705,706,707,708&#8243;][\/vc_tta_section][vc_tta_section title=&#8221;Plak\u00e1t&#8221; tab_id=&#8221;1596024323633-dafc8212-2dc2&#8243;][vc_empty_space height=&#8221;15px&#8221;][vc_media_grid element_width=&#8221;3&#8243; gap=&#8221;15&#8243; item=&#8221;794&#8243; grid_id=&#8221;vc_gid:1601368422010-5911e4a6-b175-7&#8243; include=&#8221;683,684,685&#8243;][\/vc_tta_section][vc_tta_section title=&#8221;Cikkek, dokumentumok&#8221; tab_id=&#8221;1564661743879-6f74ce3c-3dfe&#8221;][vc_empty_space height=&#8221;30px&#8221;][vc_row_inner][vc_column_inner width=&#8221;3\/4&#8243;][vc_column_text](Cikk az 1982. m\u00e1rcius 23-\u00e1n megjelent Hajd\u00fa-Bihari Napl\u00f3b\u00f3l) KI\u00c1LL\u00cdT\u00c1S. \u00c9gerh\u00e1zi Imre fest\u0151m\u0171v\u00e9sz ki\u00e1ll\u00edt\u00e1s\u00e1t F\u00e1bi\u00e1n Lajos. a KPVDSZ megyei bizotts\u00e1g\u00e1nak titk\u00e1ra nyitja meg ma, kedden 17 [&hellip;]<\/p>\n","protected":false},"author":4,"featured_media":694,"parent":0,"menu_order":0,"comment_status":"closed","ping_status":"closed","template":"","meta":{"footnotes":""},"categories":[8,10,4],"tags":[38,33],"class_list":["post-498","page","type-page","status-publish","has-post-thumbnail","hentry","category-egyeni_kiallitasok","category-feldolgozott_kiallitasok","category-kiallitasok","tag-38","tag-debrecen"],"yoast_head":"<!-- This site is optimized with the Yoast SEO plugin v27.0 - https:\/\/yoast.com\/product\/yoast-seo-wordpress\/ -->\n<title>KPVDSZ J\u00f3zsef Attila M\u0171vel\u0151d\u00e9si H\u00e1z, Debrecen, 1982. m\u00e1rcius 23. - \u00c9gerh\u00e1zi Imre<\/title>\n<meta name=\"robots\" content=\"index, follow, max-snippet:-1, max-image-preview:large, max-video-preview:-1\" \/>\n<link rel=\"canonical\" href=\"https:\/\/egerhaziimre.hu\/index.php\/kpvdsz-jozsef-attila-muvelodesi-haz-debrecen\/?lang=en\" \/>\n<meta property=\"og:locale\" content=\"hu_HU\" \/>\n<meta property=\"og:type\" content=\"article\" \/>\n<meta property=\"og:title\" content=\"KPVDSZ J\u00f3zsef Attila M\u0171vel\u0151d\u00e9si H\u00e1z, Debrecen, 1982. m\u00e1rcius 23. - \u00c9gerh\u00e1zi Imre\" \/>\n<meta property=\"og:description\" content=\"[vc_row][vc_column][vc_tta_tabs style=&#8221;flat&#8221; shape=&#8221;square&#8221; color=&#8221;white&#8221; active_section=&#8221;1&#8243; no_fill_content_area=&#8221;true&#8221;][vc_tta_section title=&#8221;Megh\u00edv\u00f3&#8221; tab_id=&#8221;1564661715801-db73b27c-2f23&#8243;][vc_empty_space height=&#8221;15px&#8221;][vc_media_grid element_width=&#8221;3&#8243; gap=&#8221;15&#8243; item=&#8221;794&#8243; grid_id=&#8221;vc_gid:1601368422008-5b6c7a8a-9ab9-9&#8243; include=&#8221;682,680,681&#8243;][\/vc_tta_section][vc_tta_section title=&#8221;Fot\u00f3k&#8221; tab_id=&#8221;1564661715813-bef6023b-5e90&#8243;][vc_empty_space height=&#8221;15px&#8221;][vc_media_grid style=&#8221;lazy&#8221; items_per_page=&#8221;12&#8243; element_width=&#8221;3&#8243; gap=&#8221;15&#8243; grid_id=&#8221;vc_gid:1601368422009-296859a9-9064-6&#8243; include=&#8221;686,687,688,698,692,702,694,709,710,711,689,690,691,693,695,696,697,699,700,701,703,704,705,706,707,708&#8243;][\/vc_tta_section][vc_tta_section title=&#8221;Plak\u00e1t&#8221; tab_id=&#8221;1596024323633-dafc8212-2dc2&#8243;][vc_empty_space height=&#8221;15px&#8221;][vc_media_grid element_width=&#8221;3&#8243; gap=&#8221;15&#8243; item=&#8221;794&#8243; grid_id=&#8221;vc_gid:1601368422010-5911e4a6-b175-7&#8243; include=&#8221;683,684,685&#8243;][\/vc_tta_section][vc_tta_section title=&#8221;Cikkek, dokumentumok&#8221; tab_id=&#8221;1564661743879-6f74ce3c-3dfe&#8221;][vc_empty_space height=&#8221;30px&#8221;][vc_row_inner][vc_column_inner width=&#8221;3\/4&#8243;][vc_column_text](Cikk az 1982. m\u00e1rcius 23-\u00e1n megjelent Hajd\u00fa-Bihari Napl\u00f3b\u00f3l) KI\u00c1LL\u00cdT\u00c1S. \u00c9gerh\u00e1zi Imre fest\u0151m\u0171v\u00e9sz ki\u00e1ll\u00edt\u00e1s\u00e1t F\u00e1bi\u00e1n Lajos. a KPVDSZ megyei bizotts\u00e1g\u00e1nak titk\u00e1ra nyitja meg ma, kedden 17 [&hellip;]\" \/>\n<meta property=\"og:url\" content=\"https:\/\/egerhaziimre.hu\/index.php\/kpvdsz-jozsef-attila-muvelodesi-haz-debrecen\/?lang=en\" \/>\n<meta property=\"og:site_name\" content=\"\u00c9gerh\u00e1zi Imre\" \/>\n<meta property=\"article:modified_time\" content=\"2020-10-05T07:43:54+00:00\" \/>\n<meta property=\"og:image\" content=\"https:\/\/egerhaziimre.hu\/wp-content\/uploads\/2019\/08\/82_debrecen_kep09.jpg\" \/>\n\t<meta property=\"og:image:width\" content=\"500\" \/>\n\t<meta property=\"og:image:height\" content=\"327\" \/>\n\t<meta property=\"og:image:type\" content=\"image\/jpeg\" \/>\n<meta name=\"twitter:card\" content=\"summary_large_image\" \/>\n<meta name=\"twitter:label1\" content=\"Becs\u00fclt olvas\u00e1si id\u0151\" \/>\n\t<meta name=\"twitter:data1\" content=\"7 perc\" \/>\n<script type=\"application\/ld+json\" class=\"yoast-schema-graph\">{\"@context\":\"https:\/\/schema.org\",\"@graph\":[{\"@type\":\"WebPage\",\"@id\":\"https:\/\/egerhaziimre.hu\/index.php\/kpvdsz-jozsef-attila-muvelodesi-haz-debrecen\/?lang=en\",\"url\":\"https:\/\/egerhaziimre.hu\/index.php\/kpvdsz-jozsef-attila-muvelodesi-haz-debrecen\/?lang=en\",\"name\":\"KPVDSZ J\u00f3zsef Attila M\u0171vel\u0151d\u00e9si H\u00e1z, Debrecen, 1982. m\u00e1rcius 23. - \u00c9gerh\u00e1zi Imre\",\"isPartOf\":{\"@id\":\"https:\/\/egerhaziimre.hu\/#website\"},\"primaryImageOfPage\":{\"@id\":\"https:\/\/egerhaziimre.hu\/index.php\/kpvdsz-jozsef-attila-muvelodesi-haz-debrecen\/?lang=en#primaryimage\"},\"image\":{\"@id\":\"https:\/\/egerhaziimre.hu\/index.php\/kpvdsz-jozsef-attila-muvelodesi-haz-debrecen\/?lang=en#primaryimage\"},\"thumbnailUrl\":\"https:\/\/egerhaziimre.hu\/wp-content\/uploads\/2019\/08\/82_debrecen_kep09.jpg\",\"datePublished\":\"1982-03-23T15:45:55+00:00\",\"dateModified\":\"2020-10-05T07:43:54+00:00\",\"breadcrumb\":{\"@id\":\"https:\/\/egerhaziimre.hu\/index.php\/kpvdsz-jozsef-attila-muvelodesi-haz-debrecen\/?lang=en#breadcrumb\"},\"inLanguage\":\"hu\",\"potentialAction\":[{\"@type\":\"ReadAction\",\"target\":[\"https:\/\/egerhaziimre.hu\/index.php\/kpvdsz-jozsef-attila-muvelodesi-haz-debrecen\/?lang=en\"]}]},{\"@type\":\"ImageObject\",\"inLanguage\":\"hu\",\"@id\":\"https:\/\/egerhaziimre.hu\/index.php\/kpvdsz-jozsef-attila-muvelodesi-haz-debrecen\/?lang=en#primaryimage\",\"url\":\"https:\/\/egerhaziimre.hu\/wp-content\/uploads\/2019\/08\/82_debrecen_kep09.jpg\",\"contentUrl\":\"https:\/\/egerhaziimre.hu\/wp-content\/uploads\/2019\/08\/82_debrecen_kep09.jpg\",\"width\":500,\"height\":327},{\"@type\":\"BreadcrumbList\",\"@id\":\"https:\/\/egerhaziimre.hu\/index.php\/kpvdsz-jozsef-attila-muvelodesi-haz-debrecen\/?lang=en#breadcrumb\",\"itemListElement\":[{\"@type\":\"ListItem\",\"position\":1,\"name\":\"Home\",\"item\":\"https:\/\/egerhaziimre.hu\/\"},{\"@type\":\"ListItem\",\"position\":2,\"name\":\"KPVDSZ J\u00f3zsef Attila House Of Culture, Debrecen, March 23, 1982\"}]},{\"@type\":\"WebSite\",\"@id\":\"https:\/\/egerhaziimre.hu\/#website\",\"url\":\"https:\/\/egerhaziimre.hu\/\",\"name\":\"\u00c9gerh\u00e1zi Imre\",\"description\":\"\",\"potentialAction\":[{\"@type\":\"SearchAction\",\"target\":{\"@type\":\"EntryPoint\",\"urlTemplate\":\"https:\/\/egerhaziimre.hu\/?s={search_term_string}\"},\"query-input\":{\"@type\":\"PropertyValueSpecification\",\"valueRequired\":true,\"valueName\":\"search_term_string\"}}],\"inLanguage\":\"hu\"}]}<\/script>\n<!-- \/ Yoast SEO plugin. -->","yoast_head_json":{"title":"KPVDSZ J\u00f3zsef Attila M\u0171vel\u0151d\u00e9si H\u00e1z, Debrecen, 1982. m\u00e1rcius 23. - \u00c9gerh\u00e1zi Imre","robots":{"index":"index","follow":"follow","max-snippet":"max-snippet:-1","max-image-preview":"max-image-preview:large","max-video-preview":"max-video-preview:-1"},"canonical":"https:\/\/egerhaziimre.hu\/index.php\/kpvdsz-jozsef-attila-muvelodesi-haz-debrecen\/?lang=en","og_locale":"hu_HU","og_type":"article","og_title":"KPVDSZ J\u00f3zsef Attila M\u0171vel\u0151d\u00e9si H\u00e1z, Debrecen, 1982. m\u00e1rcius 23. - \u00c9gerh\u00e1zi Imre","og_description":"[vc_row][vc_column][vc_tta_tabs style=&#8221;flat&#8221; shape=&#8221;square&#8221; color=&#8221;white&#8221; active_section=&#8221;1&#8243; no_fill_content_area=&#8221;true&#8221;][vc_tta_section title=&#8221;Megh\u00edv\u00f3&#8221; tab_id=&#8221;1564661715801-db73b27c-2f23&#8243;][vc_empty_space height=&#8221;15px&#8221;][vc_media_grid element_width=&#8221;3&#8243; gap=&#8221;15&#8243; item=&#8221;794&#8243; grid_id=&#8221;vc_gid:1601368422008-5b6c7a8a-9ab9-9&#8243; include=&#8221;682,680,681&#8243;][\/vc_tta_section][vc_tta_section title=&#8221;Fot\u00f3k&#8221; tab_id=&#8221;1564661715813-bef6023b-5e90&#8243;][vc_empty_space height=&#8221;15px&#8221;][vc_media_grid style=&#8221;lazy&#8221; items_per_page=&#8221;12&#8243; element_width=&#8221;3&#8243; gap=&#8221;15&#8243; grid_id=&#8221;vc_gid:1601368422009-296859a9-9064-6&#8243; include=&#8221;686,687,688,698,692,702,694,709,710,711,689,690,691,693,695,696,697,699,700,701,703,704,705,706,707,708&#8243;][\/vc_tta_section][vc_tta_section title=&#8221;Plak\u00e1t&#8221; tab_id=&#8221;1596024323633-dafc8212-2dc2&#8243;][vc_empty_space height=&#8221;15px&#8221;][vc_media_grid element_width=&#8221;3&#8243; gap=&#8221;15&#8243; item=&#8221;794&#8243; grid_id=&#8221;vc_gid:1601368422010-5911e4a6-b175-7&#8243; include=&#8221;683,684,685&#8243;][\/vc_tta_section][vc_tta_section title=&#8221;Cikkek, dokumentumok&#8221; tab_id=&#8221;1564661743879-6f74ce3c-3dfe&#8221;][vc_empty_space height=&#8221;30px&#8221;][vc_row_inner][vc_column_inner width=&#8221;3\/4&#8243;][vc_column_text](Cikk az 1982. m\u00e1rcius 23-\u00e1n megjelent Hajd\u00fa-Bihari Napl\u00f3b\u00f3l) KI\u00c1LL\u00cdT\u00c1S. \u00c9gerh\u00e1zi Imre fest\u0151m\u0171v\u00e9sz ki\u00e1ll\u00edt\u00e1s\u00e1t F\u00e1bi\u00e1n Lajos. a KPVDSZ megyei bizotts\u00e1g\u00e1nak titk\u00e1ra nyitja meg ma, kedden 17 [&hellip;]","og_url":"https:\/\/egerhaziimre.hu\/index.php\/kpvdsz-jozsef-attila-muvelodesi-haz-debrecen\/?lang=en","og_site_name":"\u00c9gerh\u00e1zi Imre","article_modified_time":"2020-10-05T07:43:54+00:00","og_image":[{"width":500,"height":327,"url":"https:\/\/egerhaziimre.hu\/wp-content\/uploads\/2019\/08\/82_debrecen_kep09.jpg","type":"image\/jpeg"}],"twitter_card":"summary_large_image","twitter_misc":{"Becs\u00fclt olvas\u00e1si id\u0151":"7 perc"},"schema":{"@context":"https:\/\/schema.org","@graph":[{"@type":"WebPage","@id":"https:\/\/egerhaziimre.hu\/index.php\/kpvdsz-jozsef-attila-muvelodesi-haz-debrecen\/?lang=en","url":"https:\/\/egerhaziimre.hu\/index.php\/kpvdsz-jozsef-attila-muvelodesi-haz-debrecen\/?lang=en","name":"KPVDSZ J\u00f3zsef Attila M\u0171vel\u0151d\u00e9si H\u00e1z, Debrecen, 1982. m\u00e1rcius 23. - \u00c9gerh\u00e1zi Imre","isPartOf":{"@id":"https:\/\/egerhaziimre.hu\/#website"},"primaryImageOfPage":{"@id":"https:\/\/egerhaziimre.hu\/index.php\/kpvdsz-jozsef-attila-muvelodesi-haz-debrecen\/?lang=en#primaryimage"},"image":{"@id":"https:\/\/egerhaziimre.hu\/index.php\/kpvdsz-jozsef-attila-muvelodesi-haz-debrecen\/?lang=en#primaryimage"},"thumbnailUrl":"https:\/\/egerhaziimre.hu\/wp-content\/uploads\/2019\/08\/82_debrecen_kep09.jpg","datePublished":"1982-03-23T15:45:55+00:00","dateModified":"2020-10-05T07:43:54+00:00","breadcrumb":{"@id":"https:\/\/egerhaziimre.hu\/index.php\/kpvdsz-jozsef-attila-muvelodesi-haz-debrecen\/?lang=en#breadcrumb"},"inLanguage":"hu","potentialAction":[{"@type":"ReadAction","target":["https:\/\/egerhaziimre.hu\/index.php\/kpvdsz-jozsef-attila-muvelodesi-haz-debrecen\/?lang=en"]}]},{"@type":"ImageObject","inLanguage":"hu","@id":"https:\/\/egerhaziimre.hu\/index.php\/kpvdsz-jozsef-attila-muvelodesi-haz-debrecen\/?lang=en#primaryimage","url":"https:\/\/egerhaziimre.hu\/wp-content\/uploads\/2019\/08\/82_debrecen_kep09.jpg","contentUrl":"https:\/\/egerhaziimre.hu\/wp-content\/uploads\/2019\/08\/82_debrecen_kep09.jpg","width":500,"height":327},{"@type":"BreadcrumbList","@id":"https:\/\/egerhaziimre.hu\/index.php\/kpvdsz-jozsef-attila-muvelodesi-haz-debrecen\/?lang=en#breadcrumb","itemListElement":[{"@type":"ListItem","position":1,"name":"Home","item":"https:\/\/egerhaziimre.hu\/"},{"@type":"ListItem","position":2,"name":"KPVDSZ J\u00f3zsef Attila House Of Culture, Debrecen, March 23, 1982"}]},{"@type":"WebSite","@id":"https:\/\/egerhaziimre.hu\/#website","url":"https:\/\/egerhaziimre.hu\/","name":"\u00c9gerh\u00e1zi Imre","description":"","potentialAction":[{"@type":"SearchAction","target":{"@type":"EntryPoint","urlTemplate":"https:\/\/egerhaziimre.hu\/?s={search_term_string}"},"query-input":{"@type":"PropertyValueSpecification","valueRequired":true,"valueName":"search_term_string"}}],"inLanguage":"hu"}]}},"jetpack_sharing_enabled":true,"_links":{"self":[{"href":"https:\/\/egerhaziimre.hu\/index.php\/wp-json\/wp\/v2\/pages\/498","targetHints":{"allow":["GET"]}}],"collection":[{"href":"https:\/\/egerhaziimre.hu\/index.php\/wp-json\/wp\/v2\/pages"}],"about":[{"href":"https:\/\/egerhaziimre.hu\/index.php\/wp-json\/wp\/v2\/types\/page"}],"author":[{"embeddable":true,"href":"https:\/\/egerhaziimre.hu\/index.php\/wp-json\/wp\/v2\/users\/4"}],"replies":[{"embeddable":true,"href":"https:\/\/egerhaziimre.hu\/index.php\/wp-json\/wp\/v2\/comments?post=498"}],"version-history":[{"count":24,"href":"https:\/\/egerhaziimre.hu\/index.php\/wp-json\/wp\/v2\/pages\/498\/revisions"}],"predecessor-version":[{"id":10498,"href":"https:\/\/egerhaziimre.hu\/index.php\/wp-json\/wp\/v2\/pages\/498\/revisions\/10498"}],"wp:featuredmedia":[{"embeddable":true,"href":"https:\/\/egerhaziimre.hu\/index.php\/wp-json\/wp\/v2\/media\/694"}],"wp:attachment":[{"href":"https:\/\/egerhaziimre.hu\/index.php\/wp-json\/wp\/v2\/media?parent=498"}],"wp:term":[{"taxonomy":"category","embeddable":true,"href":"https:\/\/egerhaziimre.hu\/index.php\/wp-json\/wp\/v2\/categories?post=498"},{"taxonomy":"post_tag","embeddable":true,"href":"https:\/\/egerhaziimre.hu\/index.php\/wp-json\/wp\/v2\/tags?post=498"}],"curies":[{"name":"wp","href":"https:\/\/api.w.org\/{rel}","templated":true}]}}