{"id":60,"date":"2016-07-23T14:43:19","date_gmt":"2016-07-23T12:43:19","guid":{"rendered":"http:\/\/egerhaziimre.magex.hu\/?page_id=60"},"modified":"2023-06-09T15:13:34","modified_gmt":"2023-06-09T13:13:34","slug":"a-tizennegyedik-diak-kapott-osztondijat","status":"publish","type":"page","link":"https:\/\/egerhaziimre.hu\/index.php\/archivum\/aktualitasok-hirek\/a-tizennegyedik-diak-kapott-osztondijat\/","title":{"rendered":"\u00c9gerh\u00e1zi Imre \u00f6szt\u00f6nd\u00edj 2016 &#8211; A tizennegyedik di\u00e1k kapott \u00f6szt\u00f6nd\u00edjat"},"content":{"rendered":"<div class=\"wpb-content-wrapper\">[vc_row][vc_column][vc_empty_space height=&#8221;60&#8243;][vc_column_text]Orsz\u00e1gos k\u00f6z\u00e9piskolai k\u00e9pz\u0151m\u0171v\u00e9szeti p\u00e1ly\u00e1zaton a hatodik helyet \u00e9rte el a D\u00f3czy Gimn\u00e1ziumban id\u00e9n v\u00e9gzett T\u00f3th Lilla, aki az elm\u00falt tan\u00e9vben ny\u00fajtott teljes\u00edtm\u00e9ny\u00e9vel ki\u00e9rdemelte az idei \u00c9gerh\u00e1zi Imre-\u00f6szt\u00f6nd\u00edjat.<br \/>\nA 12. alkalommal oda\u00edt\u00e9lt elismer\u00e9st (volt, hogy ketten kapt\u00e1k) p\u00e9nteken vehette \u00e1t a 2001-ben elhunyt fest\u0151m\u0171v\u00e9sz fi\u00e1t\u00f3l, \u00c9gerh\u00e1zi P\u00e9tert\u0151l a D\u00f3czy Gal\u00e9ri\u00e1ban. Hogy nemcsak a k\u00e9pz\u0151m\u0171v\u00e9szetben tal\u00e1lhat\u00f3k tehets\u00e9ges di\u00e1kok az int\u00e9zm\u00e9nyben, azt ez\u00fattal a 9.-es Gy\u00f6ny\u00f6r\u0171 Zsigmond bizony\u00edtotta n\u00e9pdal\u00e9nekl\u00e9s\u00e9vel, m\u00e9g ha kicsit l\u00e1mpal\u00e1zasnak is t\u0171nt. Ezut\u00e1n Tank\u00f3 Istv\u00e1nn\u00e9 igazgat\u00f3helyettes ismertette r\u00f6viden az \u00f6szt\u00f6nd\u00edj t\u00f6rt\u00e9net\u00e9t, majd az eddigi hagyom\u00e1nyokt\u00f3l elt\u00e9r\u0151en az idei nyertest nem Buka L\u00e1szl\u00f3 fest\u0151-rajztan\u00e1r mutatta be, hanem ezt a szerepet a debreceni T\u00f3th Lilla v\u00e1llalta mag\u00e1ra, aki imm\u00e1r a hittudom\u00e1nyi egyetem hallgat\u00f3ja.<br \/>\nElmondta, gyerekkor\u00e1t\u00f3l szeretett rajzolni, az \u00e1ltal\u00e1nos iskola ut\u00e1n felmer\u00fclt, hogy ilyen szakos k\u00f6z\u00e9piskol\u00e1ba megy, de a D\u00f3czy sem bizonyult rossz v\u00e1laszt\u00e1snak, ahol az utols\u00f3 \u00e9vben felvette a rajzfakult\u00e1ci\u00f3t, \u00e9s ebb\u0151l a tant\u00e1rgyb\u00f3l is \u00e9retts\u00e9git tett. Ennek \u201elenyomata\u201d a gal\u00e9ri\u00e1ban ki\u00e1ll\u00edtott munk\u00e1i k\u00f6z\u00f6tt l\u00e1that\u00f3 is volt.<\/p>\n<p><em>(Forr\u00e1s: Hajd\u00fa Online)<\/em>[\/vc_column_text][vc_separator][vc_row_inner][vc_column_inner width=&#8221;2\/3&#8243;][vc_column_text]\n<h6>\u00c9gerh\u00e1zi Alkot\u00f3i \u00d6szt\u00f6nd\u00edj 2016, D\u00f3czy Reform\u00e1tus Gimn\u00e1zium, Debrecen<\/h6>\n<p><strong><br \/>\nT\u00f3th Lilla 12.B<\/strong><\/p>\n<p>B\u00e1r lenne ilyen tan\u00edtv\u00e1nyb\u00f3l min\u00e9l t\u00f6bb\u2026, nagyon kev\u00e9s van. Csupa j\u00f3t tudok R\u00f3la elmondani.<br \/>\nEmberi mivolt\u00e1ban:<br \/>\nIrigyl\u00e9sre m\u00e9lt\u00f3an:Kedves, j\u00f3indulat\u00fa, j\u00f3sz\u00edv\u0171, csendes, b\u00e9k\u00e9s, szer\u00e9ny, becs\u00fcletes, szavahihet\u0151, szavatart\u00f3, megb\u00edzhat\u00f3. Nem sz\u00edn\u00e9szked\u0151, nem nagyk\u00e9p\u0171, nem felv\u00e1g\u00f3s, de igen \u00e9rz\u00e9keny lelk\u00fclet\u0171.<br \/>\nAlkot\u00f3k\u00e9nt:<br \/>\nInk\u00e1bb grafikus tal\u00e1n, r\u00e9szlet gazdag fel\u00fcletek, \u00f6tletes, \u00fcgyes kez\u0171, k\u00f6nnyed, szeretettel alkot. Rajz \u00e9retts\u00e9gije \u00f6t\u00f6s, sz\u00f3belije dics\u00e9retes. B\u00e1rmi, b\u00e1rki is lesz majd a nagybet\u0171s \u00e9letben: nagy adom\u00e1ny lesz a k\u00f6rnyezet\u00e9nek.<br \/>\n\u00dagy hiszem!<br \/>\n\u00dagy legyen!<\/p>\n<p><em>Buka L\u00e1szl\u00f3<\/em><br \/>\n<em>fest\u0151-rajztan\u00e1r<\/em>[\/vc_column_text][\/vc_column_inner][vc_column_inner width=&#8221;1\/3&#8243;][vc_single_image image=&#8221;9536&#8243; img_size=&#8221;large&#8221; alignment=&#8221;right&#8221; onclick=&#8221;link_image&#8221;][\/vc_column_inner][\/vc_row_inner][vc_separator][vc_column_text]\n<h6>Fot\u00f3gal\u00e9ria<\/h6>\n[\/vc_column_text][vc_media_grid style=&#8221;lazy&#8221; items_per_page=&#8221;12&#8243; element_width=&#8221;3&#8243; gap=&#8221;10&#8243; grid_id=&#8221;vc_gid:1600178236587-d73b3425-9999-8&#8243; include=&#8221;75,74,73,72,71,70,69,68,67,66,65,64,63&#8243;][\/vc_column][\/vc_row]\n<\/div>","protected":false},"excerpt":{"rendered":"<p>[vc_row][vc_column][vc_empty_space height=&#8221;60&#8243;][vc_column_text]Orsz\u00e1gos k\u00f6z\u00e9piskolai k\u00e9pz\u0151m\u0171v\u00e9szeti p\u00e1ly\u00e1zaton a hatodik helyet \u00e9rte el a D\u00f3czy Gimn\u00e1ziumban id\u00e9n v\u00e9gzett T\u00f3th Lilla, aki az elm\u00falt tan\u00e9vben ny\u00fajtott teljes\u00edtm\u00e9ny\u00e9vel ki\u00e9rdemelte az idei \u00c9gerh\u00e1zi Imre-\u00f6szt\u00f6nd\u00edjat. A 12. alkalommal oda\u00edt\u00e9lt elismer\u00e9st (volt, hogy ketten kapt\u00e1k) p\u00e9nteken vehette \u00e1t a 2001-ben elhunyt fest\u0151m\u0171v\u00e9sz fi\u00e1t\u00f3l, \u00c9gerh\u00e1zi P\u00e9tert\u0151l a D\u00f3czy Gal\u00e9ri\u00e1ban. Hogy nemcsak a k\u00e9pz\u0151m\u0171v\u00e9szetben tal\u00e1lhat\u00f3k tehets\u00e9ges di\u00e1kok az int\u00e9zm\u00e9nyben, azt [&hellip;]<\/p>\n","protected":false},"author":4,"featured_media":63,"parent":28,"menu_order":0,"comment_status":"closed","ping_status":"closed","template":"","meta":{"footnotes":""},"categories":[13,159],"tags":[100],"class_list":["post-60","page","type-page","status-publish","has-post-thumbnail","hentry","category-hirek","category-osztondij","tag-100"],"yoast_head":"<!-- This site is optimized with the Yoast SEO plugin v27.0 - https:\/\/yoast.com\/product\/yoast-seo-wordpress\/ -->\n<title>\u00c9gerh\u00e1zi Imre \u00f6szt\u00f6nd\u00edj 2016 - A tizennegyedik di\u00e1k kapott \u00f6szt\u00f6nd\u00edjat - \u00c9gerh\u00e1zi Imre<\/title>\n<meta name=\"robots\" content=\"index, follow, max-snippet:-1, max-image-preview:large, max-video-preview:-1\" \/>\n<link rel=\"canonical\" href=\"https:\/\/egerhaziimre.hu\/index.php\/archivum\/aktualitasok-hirek\/a-tizennegyedik-diak-kapott-osztondijat\/\" \/>\n<meta property=\"og:locale\" content=\"hu_HU\" \/>\n<meta property=\"og:type\" content=\"article\" \/>\n<meta property=\"og:title\" content=\"\u00c9gerh\u00e1zi Imre \u00f6szt\u00f6nd\u00edj 2016 - A tizennegyedik di\u00e1k kapott \u00f6szt\u00f6nd\u00edjat - \u00c9gerh\u00e1zi Imre\" \/>\n<meta property=\"og:description\" content=\"[vc_row][vc_column][vc_empty_space height=&#8221;60&#8243;][vc_column_text]Orsz\u00e1gos k\u00f6z\u00e9piskolai k\u00e9pz\u0151m\u0171v\u00e9szeti p\u00e1ly\u00e1zaton a hatodik helyet \u00e9rte el a D\u00f3czy Gimn\u00e1ziumban id\u00e9n v\u00e9gzett T\u00f3th Lilla, aki az elm\u00falt tan\u00e9vben ny\u00fajtott teljes\u00edtm\u00e9ny\u00e9vel ki\u00e9rdemelte az idei \u00c9gerh\u00e1zi Imre-\u00f6szt\u00f6nd\u00edjat. A 12. alkalommal oda\u00edt\u00e9lt elismer\u00e9st (volt, hogy ketten kapt\u00e1k) p\u00e9nteken vehette \u00e1t a 2001-ben elhunyt fest\u0151m\u0171v\u00e9sz fi\u00e1t\u00f3l, \u00c9gerh\u00e1zi P\u00e9tert\u0151l a D\u00f3czy Gal\u00e9ri\u00e1ban. Hogy nemcsak a k\u00e9pz\u0151m\u0171v\u00e9szetben tal\u00e1lhat\u00f3k tehets\u00e9ges di\u00e1kok az int\u00e9zm\u00e9nyben, azt [&hellip;]\" \/>\n<meta property=\"og:url\" content=\"https:\/\/egerhaziimre.hu\/index.php\/archivum\/aktualitasok-hirek\/a-tizennegyedik-diak-kapott-osztondijat\/\" \/>\n<meta property=\"og:site_name\" content=\"\u00c9gerh\u00e1zi Imre\" \/>\n<meta property=\"article:modified_time\" content=\"2023-06-09T13:13:34+00:00\" \/>\n<meta property=\"og:image\" content=\"https:\/\/egerhaziimre.hu\/wp-content\/uploads\/2019\/08\/Aktualitasok_hirek\/a_tizennegyedik_diak_kapott_osztondijat\/osztondij_2016_09.jpg\" \/>\n\t<meta property=\"og:image:width\" content=\"800\" \/>\n\t<meta property=\"og:image:height\" content=\"531\" \/>\n\t<meta property=\"og:image:type\" content=\"image\/jpeg\" \/>\n<meta name=\"twitter:card\" content=\"summary_large_image\" \/>\n<meta name=\"twitter:label1\" content=\"Becs\u00fclt olvas\u00e1si id\u0151\" \/>\n\t<meta name=\"twitter:data1\" content=\"2 perc\" \/>\n<script type=\"application\/ld+json\" class=\"yoast-schema-graph\">{\"@context\":\"https:\/\/schema.org\",\"@graph\":[{\"@type\":\"WebPage\",\"@id\":\"https:\/\/egerhaziimre.hu\/index.php\/archivum\/aktualitasok-hirek\/a-tizennegyedik-diak-kapott-osztondijat\/\",\"url\":\"https:\/\/egerhaziimre.hu\/index.php\/archivum\/aktualitasok-hirek\/a-tizennegyedik-diak-kapott-osztondijat\/\",\"name\":\"\u00c9gerh\u00e1zi Imre \u00f6szt\u00f6nd\u00edj 2016 - A tizennegyedik di\u00e1k kapott \u00f6szt\u00f6nd\u00edjat - \u00c9gerh\u00e1zi Imre\",\"isPartOf\":{\"@id\":\"https:\/\/egerhaziimre.hu\/#website\"},\"primaryImageOfPage\":{\"@id\":\"https:\/\/egerhaziimre.hu\/index.php\/archivum\/aktualitasok-hirek\/a-tizennegyedik-diak-kapott-osztondijat\/#primaryimage\"},\"image\":{\"@id\":\"https:\/\/egerhaziimre.hu\/index.php\/archivum\/aktualitasok-hirek\/a-tizennegyedik-diak-kapott-osztondijat\/#primaryimage\"},\"thumbnailUrl\":\"https:\/\/egerhaziimre.hu\/wp-content\/uploads\/2019\/08\/Aktualitasok_hirek\/a_tizennegyedik_diak_kapott_osztondijat\/osztondij_2016_09.jpg\",\"datePublished\":\"2016-07-23T12:43:19+00:00\",\"dateModified\":\"2023-06-09T13:13:34+00:00\",\"breadcrumb\":{\"@id\":\"https:\/\/egerhaziimre.hu\/index.php\/archivum\/aktualitasok-hirek\/a-tizennegyedik-diak-kapott-osztondijat\/#breadcrumb\"},\"inLanguage\":\"hu\",\"potentialAction\":[{\"@type\":\"ReadAction\",\"target\":[\"https:\/\/egerhaziimre.hu\/index.php\/archivum\/aktualitasok-hirek\/a-tizennegyedik-diak-kapott-osztondijat\/\"]}]},{\"@type\":\"ImageObject\",\"inLanguage\":\"hu\",\"@id\":\"https:\/\/egerhaziimre.hu\/index.php\/archivum\/aktualitasok-hirek\/a-tizennegyedik-diak-kapott-osztondijat\/#primaryimage\",\"url\":\"https:\/\/egerhaziimre.hu\/wp-content\/uploads\/2019\/08\/Aktualitasok_hirek\/a_tizennegyedik_diak_kapott_osztondijat\/osztondij_2016_09.jpg\",\"contentUrl\":\"https:\/\/egerhaziimre.hu\/wp-content\/uploads\/2019\/08\/Aktualitasok_hirek\/a_tizennegyedik_diak_kapott_osztondijat\/osztondij_2016_09.jpg\",\"width\":800,\"height\":531},{\"@type\":\"BreadcrumbList\",\"@id\":\"https:\/\/egerhaziimre.hu\/index.php\/archivum\/aktualitasok-hirek\/a-tizennegyedik-diak-kapott-osztondijat\/#breadcrumb\",\"itemListElement\":[{\"@type\":\"ListItem\",\"position\":1,\"name\":\"Home\",\"item\":\"https:\/\/egerhaziimre.hu\/\"},{\"@type\":\"ListItem\",\"position\":2,\"name\":\"Archives\",\"item\":\"https:\/\/egerhaziimre.hu\/index.php\/archivum\/?lang=en\"},{\"@type\":\"ListItem\",\"position\":3,\"name\":\"News\",\"item\":\"https:\/\/egerhaziimre.hu\/index.php\/archivum\/aktualitasok-hirek\/?lang=en\"},{\"@type\":\"ListItem\",\"position\":4,\"name\":\"\u00c9gerh\u00e1zi Imre \u00f6szt\u00f6nd\u00edj 2016 &#8211; A tizennegyedik di\u00e1k kapott \u00f6szt\u00f6nd\u00edjat\"}]},{\"@type\":\"WebSite\",\"@id\":\"https:\/\/egerhaziimre.hu\/#website\",\"url\":\"https:\/\/egerhaziimre.hu\/\",\"name\":\"\u00c9gerh\u00e1zi Imre\",\"description\":\"\",\"potentialAction\":[{\"@type\":\"SearchAction\",\"target\":{\"@type\":\"EntryPoint\",\"urlTemplate\":\"https:\/\/egerhaziimre.hu\/?s={search_term_string}\"},\"query-input\":{\"@type\":\"PropertyValueSpecification\",\"valueRequired\":true,\"valueName\":\"search_term_string\"}}],\"inLanguage\":\"hu\"}]}<\/script>\n<!-- \/ Yoast SEO plugin. -->","yoast_head_json":{"title":"\u00c9gerh\u00e1zi Imre \u00f6szt\u00f6nd\u00edj 2016 - A tizennegyedik di\u00e1k kapott \u00f6szt\u00f6nd\u00edjat - \u00c9gerh\u00e1zi Imre","robots":{"index":"index","follow":"follow","max-snippet":"max-snippet:-1","max-image-preview":"max-image-preview:large","max-video-preview":"max-video-preview:-1"},"canonical":"https:\/\/egerhaziimre.hu\/index.php\/archivum\/aktualitasok-hirek\/a-tizennegyedik-diak-kapott-osztondijat\/","og_locale":"hu_HU","og_type":"article","og_title":"\u00c9gerh\u00e1zi Imre \u00f6szt\u00f6nd\u00edj 2016 - A tizennegyedik di\u00e1k kapott \u00f6szt\u00f6nd\u00edjat - \u00c9gerh\u00e1zi Imre","og_description":"[vc_row][vc_column][vc_empty_space height=&#8221;60&#8243;][vc_column_text]Orsz\u00e1gos k\u00f6z\u00e9piskolai k\u00e9pz\u0151m\u0171v\u00e9szeti p\u00e1ly\u00e1zaton a hatodik helyet \u00e9rte el a D\u00f3czy Gimn\u00e1ziumban id\u00e9n v\u00e9gzett T\u00f3th Lilla, aki az elm\u00falt tan\u00e9vben ny\u00fajtott teljes\u00edtm\u00e9ny\u00e9vel ki\u00e9rdemelte az idei \u00c9gerh\u00e1zi Imre-\u00f6szt\u00f6nd\u00edjat. A 12. alkalommal oda\u00edt\u00e9lt elismer\u00e9st (volt, hogy ketten kapt\u00e1k) p\u00e9nteken vehette \u00e1t a 2001-ben elhunyt fest\u0151m\u0171v\u00e9sz fi\u00e1t\u00f3l, \u00c9gerh\u00e1zi P\u00e9tert\u0151l a D\u00f3czy Gal\u00e9ri\u00e1ban. Hogy nemcsak a k\u00e9pz\u0151m\u0171v\u00e9szetben tal\u00e1lhat\u00f3k tehets\u00e9ges di\u00e1kok az int\u00e9zm\u00e9nyben, azt [&hellip;]","og_url":"https:\/\/egerhaziimre.hu\/index.php\/archivum\/aktualitasok-hirek\/a-tizennegyedik-diak-kapott-osztondijat\/","og_site_name":"\u00c9gerh\u00e1zi Imre","article_modified_time":"2023-06-09T13:13:34+00:00","og_image":[{"width":800,"height":531,"url":"https:\/\/egerhaziimre.hu\/wp-content\/uploads\/2019\/08\/Aktualitasok_hirek\/a_tizennegyedik_diak_kapott_osztondijat\/osztondij_2016_09.jpg","type":"image\/jpeg"}],"twitter_card":"summary_large_image","twitter_misc":{"Becs\u00fclt olvas\u00e1si id\u0151":"2 perc"},"schema":{"@context":"https:\/\/schema.org","@graph":[{"@type":"WebPage","@id":"https:\/\/egerhaziimre.hu\/index.php\/archivum\/aktualitasok-hirek\/a-tizennegyedik-diak-kapott-osztondijat\/","url":"https:\/\/egerhaziimre.hu\/index.php\/archivum\/aktualitasok-hirek\/a-tizennegyedik-diak-kapott-osztondijat\/","name":"\u00c9gerh\u00e1zi Imre \u00f6szt\u00f6nd\u00edj 2016 - A tizennegyedik di\u00e1k kapott \u00f6szt\u00f6nd\u00edjat - \u00c9gerh\u00e1zi Imre","isPartOf":{"@id":"https:\/\/egerhaziimre.hu\/#website"},"primaryImageOfPage":{"@id":"https:\/\/egerhaziimre.hu\/index.php\/archivum\/aktualitasok-hirek\/a-tizennegyedik-diak-kapott-osztondijat\/#primaryimage"},"image":{"@id":"https:\/\/egerhaziimre.hu\/index.php\/archivum\/aktualitasok-hirek\/a-tizennegyedik-diak-kapott-osztondijat\/#primaryimage"},"thumbnailUrl":"https:\/\/egerhaziimre.hu\/wp-content\/uploads\/2019\/08\/Aktualitasok_hirek\/a_tizennegyedik_diak_kapott_osztondijat\/osztondij_2016_09.jpg","datePublished":"2016-07-23T12:43:19+00:00","dateModified":"2023-06-09T13:13:34+00:00","breadcrumb":{"@id":"https:\/\/egerhaziimre.hu\/index.php\/archivum\/aktualitasok-hirek\/a-tizennegyedik-diak-kapott-osztondijat\/#breadcrumb"},"inLanguage":"hu","potentialAction":[{"@type":"ReadAction","target":["https:\/\/egerhaziimre.hu\/index.php\/archivum\/aktualitasok-hirek\/a-tizennegyedik-diak-kapott-osztondijat\/"]}]},{"@type":"ImageObject","inLanguage":"hu","@id":"https:\/\/egerhaziimre.hu\/index.php\/archivum\/aktualitasok-hirek\/a-tizennegyedik-diak-kapott-osztondijat\/#primaryimage","url":"https:\/\/egerhaziimre.hu\/wp-content\/uploads\/2019\/08\/Aktualitasok_hirek\/a_tizennegyedik_diak_kapott_osztondijat\/osztondij_2016_09.jpg","contentUrl":"https:\/\/egerhaziimre.hu\/wp-content\/uploads\/2019\/08\/Aktualitasok_hirek\/a_tizennegyedik_diak_kapott_osztondijat\/osztondij_2016_09.jpg","width":800,"height":531},{"@type":"BreadcrumbList","@id":"https:\/\/egerhaziimre.hu\/index.php\/archivum\/aktualitasok-hirek\/a-tizennegyedik-diak-kapott-osztondijat\/#breadcrumb","itemListElement":[{"@type":"ListItem","position":1,"name":"Home","item":"https:\/\/egerhaziimre.hu\/"},{"@type":"ListItem","position":2,"name":"Archives","item":"https:\/\/egerhaziimre.hu\/index.php\/archivum\/?lang=en"},{"@type":"ListItem","position":3,"name":"News","item":"https:\/\/egerhaziimre.hu\/index.php\/archivum\/aktualitasok-hirek\/?lang=en"},{"@type":"ListItem","position":4,"name":"\u00c9gerh\u00e1zi Imre \u00f6szt\u00f6nd\u00edj 2016 &#8211; A tizennegyedik di\u00e1k kapott \u00f6szt\u00f6nd\u00edjat"}]},{"@type":"WebSite","@id":"https:\/\/egerhaziimre.hu\/#website","url":"https:\/\/egerhaziimre.hu\/","name":"\u00c9gerh\u00e1zi Imre","description":"","potentialAction":[{"@type":"SearchAction","target":{"@type":"EntryPoint","urlTemplate":"https:\/\/egerhaziimre.hu\/?s={search_term_string}"},"query-input":{"@type":"PropertyValueSpecification","valueRequired":true,"valueName":"search_term_string"}}],"inLanguage":"hu"}]}},"jetpack_sharing_enabled":true,"_links":{"self":[{"href":"https:\/\/egerhaziimre.hu\/index.php\/wp-json\/wp\/v2\/pages\/60","targetHints":{"allow":["GET"]}}],"collection":[{"href":"https:\/\/egerhaziimre.hu\/index.php\/wp-json\/wp\/v2\/pages"}],"about":[{"href":"https:\/\/egerhaziimre.hu\/index.php\/wp-json\/wp\/v2\/types\/page"}],"author":[{"embeddable":true,"href":"https:\/\/egerhaziimre.hu\/index.php\/wp-json\/wp\/v2\/users\/4"}],"replies":[{"embeddable":true,"href":"https:\/\/egerhaziimre.hu\/index.php\/wp-json\/wp\/v2\/comments?post=60"}],"version-history":[{"count":17,"href":"https:\/\/egerhaziimre.hu\/index.php\/wp-json\/wp\/v2\/pages\/60\/revisions"}],"predecessor-version":[{"id":13110,"href":"https:\/\/egerhaziimre.hu\/index.php\/wp-json\/wp\/v2\/pages\/60\/revisions\/13110"}],"up":[{"embeddable":true,"href":"https:\/\/egerhaziimre.hu\/index.php\/wp-json\/wp\/v2\/pages\/28"}],"wp:featuredmedia":[{"embeddable":true,"href":"https:\/\/egerhaziimre.hu\/index.php\/wp-json\/wp\/v2\/media\/63"}],"wp:attachment":[{"href":"https:\/\/egerhaziimre.hu\/index.php\/wp-json\/wp\/v2\/media?parent=60"}],"wp:term":[{"taxonomy":"category","embeddable":true,"href":"https:\/\/egerhaziimre.hu\/index.php\/wp-json\/wp\/v2\/categories?post=60"},{"taxonomy":"post_tag","embeddable":true,"href":"https:\/\/egerhaziimre.hu\/index.php\/wp-json\/wp\/v2\/tags?post=60"}],"curies":[{"name":"wp","href":"https:\/\/api.w.org\/{rel}","templated":true}]}}