{"id":737,"date":"1982-08-02T14:17:41","date_gmt":"1982-08-02T12:17:41","guid":{"rendered":"http:\/\/egerhaziimre.magex.hu\/?page_id=737"},"modified":"2020-09-28T11:55:09","modified_gmt":"2020-09-28T09:55:09","slug":"egerhazi-imre-kiallitasa-szolnok-1982","status":"publish","type":"page","link":"https:\/\/egerhaziimre.hu\/index.php\/archivum\/audiovizualis-archivum\/egerhazi-imre-kiallitasa-szolnok-1982\/","title":{"rendered":"\u00c9gerh\u00e1zi Imre ki\u00e1ll\u00edt\u00e1sa, Szolnok 1982"},"content":{"rendered":"\n<p>\u00c9gerh\u00e1zi Imre 1982-es szolnoki ki\u00e1ll\u00edt\u00e1s\u00e1r\u00f3l k\u00e9sz\u00edtett super8-as film. A hang a Kossuth R\u00e1di\u00f3 tud\u00f3s\u00edt\u00e1s\u00e1b\u00f3l lett \u00e1tv\u00e9ve. A filmet \u00c9gerh\u00e1zi Imre forgatta, a F\u00fcredi utcai lak\u00e1s bej\u00e1rata el\u0151tt, mikor a k\u00e9peket elsz\u00e1ll\u00edtott\u00e1k Szolnokra. A felt\u00f6lt\u00f6tt filmet \u00c9gerh\u00e1zi Attila szerkesztette. Zene Djabe: H\u00f3viharban, a T\u00e1ncolnak a kazlak c\u00edm\u0171 albumr\u00f3l. <br>www.djabe.hu<\/p>\n\n\n\n<figure class=\"wp-block-embed-youtube wp-block-embed is-type-video is-provider-youtube wp-embed-aspect-4-3 wp-has-aspect-ratio\"><div class=\"wp-block-embed__wrapper\">\n<div class='embed-responsive embed-responsive-16by9 xtd-shadow--large-light'><iframe loading=\"lazy\" class=\"embed-responsive-item\" title=\"\u00c9gerh\u00e1zi Imre ki\u00e1ll\u00edt\u00e1sa Szolnok 1982\" width=\"660\" height=\"495\" src=\"https:\/\/www.youtube.com\/embed\/Qhubyt1K5Tg?feature=oembed&#038;modestbranding=1&#038;showinfo=0&#038;rel=0\"  allow=\"accelerometer; autoplay; clipboard-write; encrypted-media; gyroscope; picture-in-picture; web-share\" referrerpolicy=\"strict-origin-when-cross-origin\" allowfullscreen><\/iframe><\/div>\n<\/div><\/figure>\n","protected":false},"excerpt":{"rendered":"<p>\u00c9gerh\u00e1zi Imre 1982-es szolnoki ki\u00e1ll\u00edt\u00e1s\u00e1r\u00f3l k\u00e9sz\u00edtett super8-as film. A hang a Kossuth R\u00e1di\u00f3 tud\u00f3s\u00edt\u00e1s\u00e1b\u00f3l lett \u00e1tv\u00e9ve. A filmet \u00c9gerh\u00e1zi Imre forgatta, a F\u00fcredi utcai lak\u00e1s bej\u00e1rata el\u0151tt, mikor a k\u00e9peket elsz\u00e1ll\u00edtott\u00e1k Szolnokra. A felt\u00f6lt\u00f6tt filmet \u00c9gerh\u00e1zi Attila szerkesztette. Zene Djabe: H\u00f3viharban, a T\u00e1ncolnak a kazlak c\u00edm\u0171 albumr\u00f3l. www.djabe.hu<\/p>\n","protected":false},"author":4,"featured_media":745,"parent":41,"menu_order":0,"comment_status":"closed","ping_status":"closed","template":"","meta":{"footnotes":""},"categories":[53],"tags":[38,41,19],"class_list":["post-737","page","type-page","status-publish","has-post-thumbnail","hentry","category-video","tag-38","tag-szolnok","tag-video"],"yoast_head":"<!-- This site is optimized with the Yoast SEO plugin v27.0 - https:\/\/yoast.com\/product\/yoast-seo-wordpress\/ -->\n<title>\u00c9gerh\u00e1zi Imre ki\u00e1ll\u00edt\u00e1sa, Szolnok 1982 - \u00c9gerh\u00e1zi Imre<\/title>\n<meta name=\"robots\" content=\"index, follow, max-snippet:-1, max-image-preview:large, max-video-preview:-1\" \/>\n<link rel=\"canonical\" href=\"https:\/\/egerhaziimre.hu\/index.php\/archivum\/audiovizualis-archivum\/egerhazi-imre-kiallitasa-szolnok-1982\/?lang=en\" \/>\n<meta property=\"og:locale\" content=\"hu_HU\" \/>\n<meta property=\"og:type\" content=\"article\" \/>\n<meta property=\"og:title\" content=\"\u00c9gerh\u00e1zi Imre ki\u00e1ll\u00edt\u00e1sa, Szolnok 1982 - \u00c9gerh\u00e1zi Imre\" \/>\n<meta property=\"og:description\" content=\"\u00c9gerh\u00e1zi Imre 1982-es szolnoki ki\u00e1ll\u00edt\u00e1s\u00e1r\u00f3l k\u00e9sz\u00edtett super8-as film. A hang a Kossuth R\u00e1di\u00f3 tud\u00f3s\u00edt\u00e1s\u00e1b\u00f3l lett \u00e1tv\u00e9ve. A filmet \u00c9gerh\u00e1zi Imre forgatta, a F\u00fcredi utcai lak\u00e1s bej\u00e1rata el\u0151tt, mikor a k\u00e9peket elsz\u00e1ll\u00edtott\u00e1k Szolnokra. A felt\u00f6lt\u00f6tt filmet \u00c9gerh\u00e1zi Attila szerkesztette. Zene Djabe: H\u00f3viharban, a T\u00e1ncolnak a kazlak c\u00edm\u0171 albumr\u00f3l. www.djabe.hu\" \/>\n<meta property=\"og:url\" content=\"https:\/\/egerhaziimre.hu\/index.php\/archivum\/audiovizualis-archivum\/egerhazi-imre-kiallitasa-szolnok-1982\/?lang=en\" \/>\n<meta property=\"og:site_name\" content=\"\u00c9gerh\u00e1zi Imre\" \/>\n<meta property=\"article:modified_time\" content=\"2020-09-28T09:55:09+00:00\" \/>\n<meta property=\"og:image\" content=\"https:\/\/egerhaziimre.hu\/wp-content\/uploads\/2019\/08\/szolnok_aba_novak.jpg\" \/>\n\t<meta property=\"og:image:width\" content=\"1389\" \/>\n\t<meta property=\"og:image:height\" content=\"1010\" \/>\n\t<meta property=\"og:image:type\" content=\"image\/jpeg\" \/>\n<meta name=\"twitter:card\" content=\"summary_large_image\" \/>\n<script type=\"application\/ld+json\" class=\"yoast-schema-graph\">{\"@context\":\"https:\/\/schema.org\",\"@graph\":[{\"@type\":\"WebPage\",\"@id\":\"https:\/\/egerhaziimre.hu\/index.php\/archivum\/audiovizualis-archivum\/egerhazi-imre-kiallitasa-szolnok-1982\/?lang=en\",\"url\":\"https:\/\/egerhaziimre.hu\/index.php\/archivum\/audiovizualis-archivum\/egerhazi-imre-kiallitasa-szolnok-1982\/?lang=en\",\"name\":\"\u00c9gerh\u00e1zi Imre ki\u00e1ll\u00edt\u00e1sa, Szolnok 1982 - \u00c9gerh\u00e1zi Imre\",\"isPartOf\":{\"@id\":\"https:\/\/egerhaziimre.hu\/#website\"},\"primaryImageOfPage\":{\"@id\":\"https:\/\/egerhaziimre.hu\/index.php\/archivum\/audiovizualis-archivum\/egerhazi-imre-kiallitasa-szolnok-1982\/?lang=en#primaryimage\"},\"image\":{\"@id\":\"https:\/\/egerhaziimre.hu\/index.php\/archivum\/audiovizualis-archivum\/egerhazi-imre-kiallitasa-szolnok-1982\/?lang=en#primaryimage\"},\"thumbnailUrl\":\"https:\/\/egerhaziimre.hu\/wp-content\/uploads\/2019\/08\/szolnok_aba_novak.jpg\",\"datePublished\":\"1982-08-02T12:17:41+00:00\",\"dateModified\":\"2020-09-28T09:55:09+00:00\",\"breadcrumb\":{\"@id\":\"https:\/\/egerhaziimre.hu\/index.php\/archivum\/audiovizualis-archivum\/egerhazi-imre-kiallitasa-szolnok-1982\/?lang=en#breadcrumb\"},\"inLanguage\":\"hu\",\"potentialAction\":[{\"@type\":\"ReadAction\",\"target\":[\"https:\/\/egerhaziimre.hu\/index.php\/archivum\/audiovizualis-archivum\/egerhazi-imre-kiallitasa-szolnok-1982\/?lang=en\"]}]},{\"@type\":\"ImageObject\",\"inLanguage\":\"hu\",\"@id\":\"https:\/\/egerhaziimre.hu\/index.php\/archivum\/audiovizualis-archivum\/egerhazi-imre-kiallitasa-szolnok-1982\/?lang=en#primaryimage\",\"url\":\"https:\/\/egerhaziimre.hu\/wp-content\/uploads\/2019\/08\/szolnok_aba_novak.jpg\",\"contentUrl\":\"https:\/\/egerhaziimre.hu\/wp-content\/uploads\/2019\/08\/szolnok_aba_novak.jpg\",\"width\":1389,\"height\":1010},{\"@type\":\"BreadcrumbList\",\"@id\":\"https:\/\/egerhaziimre.hu\/index.php\/archivum\/audiovizualis-archivum\/egerhazi-imre-kiallitasa-szolnok-1982\/?lang=en#breadcrumb\",\"itemListElement\":[{\"@type\":\"ListItem\",\"position\":1,\"name\":\"Home\",\"item\":\"https:\/\/egerhaziimre.hu\/\"},{\"@type\":\"ListItem\",\"position\":2,\"name\":\"Archives\",\"item\":\"https:\/\/egerhaziimre.hu\/index.php\/archivum\/?lang=en\"},{\"@type\":\"ListItem\",\"position\":3,\"name\":\"Audiovisual archives\",\"item\":\"https:\/\/egerhaziimre.hu\/index.php\/archivum\/audiovizualis-archivum\/?lang=en\"},{\"@type\":\"ListItem\",\"position\":4,\"name\":\"\u00c9gerh\u00e1zi Imre ki\u00e1ll\u00edt\u00e1sa, Szolnok 1982\"}]},{\"@type\":\"WebSite\",\"@id\":\"https:\/\/egerhaziimre.hu\/#website\",\"url\":\"https:\/\/egerhaziimre.hu\/\",\"name\":\"\u00c9gerh\u00e1zi Imre\",\"description\":\"\",\"potentialAction\":[{\"@type\":\"SearchAction\",\"target\":{\"@type\":\"EntryPoint\",\"urlTemplate\":\"https:\/\/egerhaziimre.hu\/?s={search_term_string}\"},\"query-input\":{\"@type\":\"PropertyValueSpecification\",\"valueRequired\":true,\"valueName\":\"search_term_string\"}}],\"inLanguage\":\"hu\"}]}<\/script>\n<!-- \/ Yoast SEO plugin. -->","yoast_head_json":{"title":"\u00c9gerh\u00e1zi Imre ki\u00e1ll\u00edt\u00e1sa, Szolnok 1982 - \u00c9gerh\u00e1zi Imre","robots":{"index":"index","follow":"follow","max-snippet":"max-snippet:-1","max-image-preview":"max-image-preview:large","max-video-preview":"max-video-preview:-1"},"canonical":"https:\/\/egerhaziimre.hu\/index.php\/archivum\/audiovizualis-archivum\/egerhazi-imre-kiallitasa-szolnok-1982\/?lang=en","og_locale":"hu_HU","og_type":"article","og_title":"\u00c9gerh\u00e1zi Imre ki\u00e1ll\u00edt\u00e1sa, Szolnok 1982 - \u00c9gerh\u00e1zi Imre","og_description":"\u00c9gerh\u00e1zi Imre 1982-es szolnoki ki\u00e1ll\u00edt\u00e1s\u00e1r\u00f3l k\u00e9sz\u00edtett super8-as film. A hang a Kossuth R\u00e1di\u00f3 tud\u00f3s\u00edt\u00e1s\u00e1b\u00f3l lett \u00e1tv\u00e9ve. A filmet \u00c9gerh\u00e1zi Imre forgatta, a F\u00fcredi utcai lak\u00e1s bej\u00e1rata el\u0151tt, mikor a k\u00e9peket elsz\u00e1ll\u00edtott\u00e1k Szolnokra. A felt\u00f6lt\u00f6tt filmet \u00c9gerh\u00e1zi Attila szerkesztette. Zene Djabe: H\u00f3viharban, a T\u00e1ncolnak a kazlak c\u00edm\u0171 albumr\u00f3l. www.djabe.hu","og_url":"https:\/\/egerhaziimre.hu\/index.php\/archivum\/audiovizualis-archivum\/egerhazi-imre-kiallitasa-szolnok-1982\/?lang=en","og_site_name":"\u00c9gerh\u00e1zi Imre","article_modified_time":"2020-09-28T09:55:09+00:00","og_image":[{"width":1389,"height":1010,"url":"https:\/\/egerhaziimre.hu\/wp-content\/uploads\/2019\/08\/szolnok_aba_novak.jpg","type":"image\/jpeg"}],"twitter_card":"summary_large_image","schema":{"@context":"https:\/\/schema.org","@graph":[{"@type":"WebPage","@id":"https:\/\/egerhaziimre.hu\/index.php\/archivum\/audiovizualis-archivum\/egerhazi-imre-kiallitasa-szolnok-1982\/?lang=en","url":"https:\/\/egerhaziimre.hu\/index.php\/archivum\/audiovizualis-archivum\/egerhazi-imre-kiallitasa-szolnok-1982\/?lang=en","name":"\u00c9gerh\u00e1zi Imre ki\u00e1ll\u00edt\u00e1sa, Szolnok 1982 - \u00c9gerh\u00e1zi Imre","isPartOf":{"@id":"https:\/\/egerhaziimre.hu\/#website"},"primaryImageOfPage":{"@id":"https:\/\/egerhaziimre.hu\/index.php\/archivum\/audiovizualis-archivum\/egerhazi-imre-kiallitasa-szolnok-1982\/?lang=en#primaryimage"},"image":{"@id":"https:\/\/egerhaziimre.hu\/index.php\/archivum\/audiovizualis-archivum\/egerhazi-imre-kiallitasa-szolnok-1982\/?lang=en#primaryimage"},"thumbnailUrl":"https:\/\/egerhaziimre.hu\/wp-content\/uploads\/2019\/08\/szolnok_aba_novak.jpg","datePublished":"1982-08-02T12:17:41+00:00","dateModified":"2020-09-28T09:55:09+00:00","breadcrumb":{"@id":"https:\/\/egerhaziimre.hu\/index.php\/archivum\/audiovizualis-archivum\/egerhazi-imre-kiallitasa-szolnok-1982\/?lang=en#breadcrumb"},"inLanguage":"hu","potentialAction":[{"@type":"ReadAction","target":["https:\/\/egerhaziimre.hu\/index.php\/archivum\/audiovizualis-archivum\/egerhazi-imre-kiallitasa-szolnok-1982\/?lang=en"]}]},{"@type":"ImageObject","inLanguage":"hu","@id":"https:\/\/egerhaziimre.hu\/index.php\/archivum\/audiovizualis-archivum\/egerhazi-imre-kiallitasa-szolnok-1982\/?lang=en#primaryimage","url":"https:\/\/egerhaziimre.hu\/wp-content\/uploads\/2019\/08\/szolnok_aba_novak.jpg","contentUrl":"https:\/\/egerhaziimre.hu\/wp-content\/uploads\/2019\/08\/szolnok_aba_novak.jpg","width":1389,"height":1010},{"@type":"BreadcrumbList","@id":"https:\/\/egerhaziimre.hu\/index.php\/archivum\/audiovizualis-archivum\/egerhazi-imre-kiallitasa-szolnok-1982\/?lang=en#breadcrumb","itemListElement":[{"@type":"ListItem","position":1,"name":"Home","item":"https:\/\/egerhaziimre.hu\/"},{"@type":"ListItem","position":2,"name":"Archives","item":"https:\/\/egerhaziimre.hu\/index.php\/archivum\/?lang=en"},{"@type":"ListItem","position":3,"name":"Audiovisual archives","item":"https:\/\/egerhaziimre.hu\/index.php\/archivum\/audiovizualis-archivum\/?lang=en"},{"@type":"ListItem","position":4,"name":"\u00c9gerh\u00e1zi Imre ki\u00e1ll\u00edt\u00e1sa, Szolnok 1982"}]},{"@type":"WebSite","@id":"https:\/\/egerhaziimre.hu\/#website","url":"https:\/\/egerhaziimre.hu\/","name":"\u00c9gerh\u00e1zi Imre","description":"","potentialAction":[{"@type":"SearchAction","target":{"@type":"EntryPoint","urlTemplate":"https:\/\/egerhaziimre.hu\/?s={search_term_string}"},"query-input":{"@type":"PropertyValueSpecification","valueRequired":true,"valueName":"search_term_string"}}],"inLanguage":"hu"}]}},"jetpack_sharing_enabled":true,"_links":{"self":[{"href":"https:\/\/egerhaziimre.hu\/index.php\/wp-json\/wp\/v2\/pages\/737","targetHints":{"allow":["GET"]}}],"collection":[{"href":"https:\/\/egerhaziimre.hu\/index.php\/wp-json\/wp\/v2\/pages"}],"about":[{"href":"https:\/\/egerhaziimre.hu\/index.php\/wp-json\/wp\/v2\/types\/page"}],"author":[{"embeddable":true,"href":"https:\/\/egerhaziimre.hu\/index.php\/wp-json\/wp\/v2\/users\/4"}],"replies":[{"embeddable":true,"href":"https:\/\/egerhaziimre.hu\/index.php\/wp-json\/wp\/v2\/comments?post=737"}],"version-history":[{"count":1,"href":"https:\/\/egerhaziimre.hu\/index.php\/wp-json\/wp\/v2\/pages\/737\/revisions"}],"predecessor-version":[{"id":738,"href":"https:\/\/egerhaziimre.hu\/index.php\/wp-json\/wp\/v2\/pages\/737\/revisions\/738"}],"up":[{"embeddable":true,"href":"https:\/\/egerhaziimre.hu\/index.php\/wp-json\/wp\/v2\/pages\/41"}],"wp:featuredmedia":[{"embeddable":true,"href":"https:\/\/egerhaziimre.hu\/index.php\/wp-json\/wp\/v2\/media\/745"}],"wp:attachment":[{"href":"https:\/\/egerhaziimre.hu\/index.php\/wp-json\/wp\/v2\/media?parent=737"}],"wp:term":[{"taxonomy":"category","embeddable":true,"href":"https:\/\/egerhaziimre.hu\/index.php\/wp-json\/wp\/v2\/categories?post=737"},{"taxonomy":"post_tag","embeddable":true,"href":"https:\/\/egerhaziimre.hu\/index.php\/wp-json\/wp\/v2\/tags?post=737"}],"curies":[{"name":"wp","href":"https:\/\/api.w.org\/{rel}","templated":true}]}}