{"id":7700,"date":"2020-07-01T09:47:17","date_gmt":"2020-07-01T07:47:17","guid":{"rendered":"http:\/\/egerhaziimre.magex.hu\/?page_id=7700"},"modified":"2020-09-17T15:32:38","modified_gmt":"2020-09-17T13:32:38","slug":"egerhazi-imre-halalanak-1-evfordulojara","status":"publish","type":"page","link":"https:\/\/egerhaziimre.hu\/index.php\/egerhazi-imre-halalanak-1-evfordulojara\/","title":{"rendered":"\u00c9gerh\u00e1zi Imre hal\u00e1l\u00e1nak 1. \u00c9vfordul\u00f3j\u00e1ra, 2002"},"content":{"rendered":"<div class=\"wpb-content-wrapper\">[vc_row][vc_column][vc_custom_heading source=&#8221;post_title&#8221; font_container=&#8221;tag:h2|text_align:center&#8221; use_theme_fonts=&#8221;yes&#8221; el_class=&#8221;mb60 mb30-md&#8221;][vc_empty_space][vc_single_image image=&#8221;5573&#8243; img_size=&#8221;large&#8221; alignment=&#8221;center&#8221; style=&#8221;xtd-shadow&#8211;large-normal&#8221; onclick=&#8221;custom_link&#8221; img_link_target=&#8221;_blank&#8221; link=&#8221;http:\/\/egerhaziimre.magex.hu\/wp-content\/uploads\/kepek\/1390.jpg&#8221;][vc_empty_space][vc_column_text]\n<p style=\"text-align: center;\">Hajd\u00fahadh\u00e1z, F\u00f6ldi J\u00e1nos \u00c1ltal\u00e1nos \u00e9s M\u0171v\u00e9szeti Iskola<br \/>\n2002.11.12<\/p>\n[\/vc_column_text][\/vc_column][\/vc_row][vc_row][vc_column][vc_separator][vc_btn title=&#8221;Vissza a ki\u00e1ll\u00edt\u00e1sok list\u00e1j\u00e1ra&#8221; shape=&#8221;square&#8221; color=&#8221;orange&#8221; align=&#8221;center&#8221; i_icon_fontawesome=&#8221;fas fa-angle-double-left&#8221; add_icon=&#8221;true&#8221; link=&#8221;url:http%3A%2F%2Fegerhaziimre.magex.hu%2Findex.php%2Fkiallitasok%2F|title:%5B%3Ahu%5DKi%C3%A1ll%C3%ADt%C3%A1sok%5B%3Aen%5DExhibitions%5B%3A%5D||&#8221; el_class=&#8221;mb60 mb30-md&#8221;][\/vc_column][\/vc_row]\n<\/div>","protected":false},"excerpt":{"rendered":"<p>[vc_row][vc_column][vc_custom_heading source=&#8221;post_title&#8221; font_container=&#8221;tag:h2|text_align:center&#8221; use_theme_fonts=&#8221;yes&#8221; el_class=&#8221;mb60 mb30-md&#8221;][vc_empty_space][vc_single_image image=&#8221;5573&#8243; img_size=&#8221;large&#8221; alignment=&#8221;center&#8221; style=&#8221;xtd-shadow&#8211;large-normal&#8221; onclick=&#8221;custom_link&#8221; img_link_target=&#8221;_blank&#8221; link=&#8221;http:\/\/egerhaziimre.magex.hu\/wp-content\/uploads\/kepek\/1390.jpg&#8221;][vc_empty_space][vc_column_text] Hajd\u00fahadh\u00e1z, F\u00f6ldi J\u00e1nos \u00c1ltal\u00e1nos \u00e9s M\u0171v\u00e9szeti Iskola 2002.11.12 [\/vc_column_text][\/vc_column][\/vc_row][vc_row][vc_column][vc_separator][vc_btn title=&#8221;Vissza a ki\u00e1ll\u00edt\u00e1sok list\u00e1j\u00e1ra&#8221; shape=&#8221;square&#8221; color=&#8221;orange&#8221; align=&#8221;center&#8221; i_icon_fontawesome=&#8221;fas fa-angle-double-left&#8221; add_icon=&#8221;true&#8221; link=&#8221;url:http%3A%2F%2Fegerhaziimre.magex.hu%2Findex.php%2Fkiallitasok%2F|title:%5B%3Ahu%5DKi%C3%A1ll%C3%ADt%C3%A1sok%5B%3Aen%5DExhibitions%5B%3A%5D||&#8221; el_class=&#8221;mb60 mb30-md&#8221;][\/vc_column][\/vc_row]<\/p>\n","protected":false},"author":4,"featured_media":3768,"parent":0,"menu_order":0,"comment_status":"closed","ping_status":"closed","template":"","meta":{"footnotes":""},"categories":[8,45,4],"tags":[170,64],"class_list":["post-7700","page","type-page","status-publish","has-post-thumbnail","hentry","category-egyeni_kiallitasok","category-emlekkiallitasok","category-kiallitasok","tag-170","tag-hajduhadhaz"],"yoast_head":"<!-- This site is optimized with the Yoast SEO plugin v27.3 - https:\/\/yoast.com\/product\/yoast-seo-wordpress\/ -->\n<title>\u00c9gerh\u00e1zi Imre hal\u00e1l\u00e1nak 1. \u00c9vfordul\u00f3j\u00e1ra, 2002 - \u00c9gerh\u00e1zi Imre<\/title>\n<meta name=\"robots\" content=\"index, follow, max-snippet:-1, max-image-preview:large, max-video-preview:-1\" \/>\n<link rel=\"canonical\" href=\"https:\/\/egerhaziimre.hu\/index.php\/egerhazi-imre-halalanak-1-evfordulojara\/?lang=en\" \/>\n<meta property=\"og:locale\" content=\"hu_HU\" \/>\n<meta property=\"og:type\" content=\"article\" \/>\n<meta property=\"og:title\" content=\"\u00c9gerh\u00e1zi Imre hal\u00e1l\u00e1nak 1. \u00c9vfordul\u00f3j\u00e1ra, 2002 - \u00c9gerh\u00e1zi Imre\" \/>\n<meta property=\"og:description\" content=\"[vc_row][vc_column][vc_custom_heading source=&#8221;post_title&#8221; font_container=&#8221;tag:h2|text_align:center&#8221; use_theme_fonts=&#8221;yes&#8221; el_class=&#8221;mb60 mb30-md&#8221;][vc_empty_space][vc_single_image image=&#8221;5573&#8243; img_size=&#8221;large&#8221; alignment=&#8221;center&#8221; style=&#8221;xtd-shadow&#8211;large-normal&#8221; onclick=&#8221;custom_link&#8221; img_link_target=&#8221;_blank&#8221; link=&#8221;http:\/\/egerhaziimre.magex.hu\/wp-content\/uploads\/kepek\/1390.jpg&#8221;][vc_empty_space][vc_column_text] Hajd\u00fahadh\u00e1z, F\u00f6ldi J\u00e1nos \u00c1ltal\u00e1nos \u00e9s M\u0171v\u00e9szeti Iskola 2002.11.12 [\/vc_column_text][\/vc_column][\/vc_row][vc_row][vc_column][vc_separator][vc_btn title=&#8221;Vissza a ki\u00e1ll\u00edt\u00e1sok list\u00e1j\u00e1ra&#8221; shape=&#8221;square&#8221; color=&#8221;orange&#8221; align=&#8221;center&#8221; i_icon_fontawesome=&#8221;fas fa-angle-double-left&#8221; add_icon=&#8221;true&#8221; link=&#8221;url:http%3A%2F%2Fegerhaziimre.magex.hu%2Findex.php%2Fkiallitasok%2F|title:%5B%3Ahu%5DKi%C3%A1ll%C3%ADt%C3%A1sok%5B%3Aen%5DExhibitions%5B%3A%5D||&#8221; el_class=&#8221;mb60 mb30-md&#8221;][\/vc_column][\/vc_row]\" \/>\n<meta property=\"og:url\" content=\"https:\/\/egerhaziimre.hu\/index.php\/egerhazi-imre-halalanak-1-evfordulojara\/?lang=en\" \/>\n<meta property=\"og:site_name\" content=\"\u00c9gerh\u00e1zi Imre\" \/>\n<meta property=\"article:modified_time\" content=\"2020-09-17T13:32:38+00:00\" \/>\n<meta property=\"og:image\" content=\"https:\/\/egerhaziimre.hu\/wp-content\/uploads\/2020\/06\/kiallitas_Emle\u0301kkia\u0301lli\u0301ta\u0301s-E\u0301gerha\u0301zi-Imre-hala\u0301la\u0301nak-1.-E\u0301vfordulo\u0301ja\u0301ra.jpg\" \/>\n\t<meta property=\"og:image:width\" content=\"1366\" \/>\n\t<meta property=\"og:image:height\" content=\"768\" \/>\n\t<meta property=\"og:image:type\" content=\"image\/jpeg\" \/>\n<meta name=\"twitter:card\" content=\"summary_large_image\" \/>\n<meta name=\"twitter:label1\" content=\"Becs\u00fclt olvas\u00e1si id\u0151\" \/>\n\t<meta name=\"twitter:data1\" content=\"2 perc\" \/>\n<script type=\"application\/ld+json\" class=\"yoast-schema-graph\">{\"@context\":\"https:\\\/\\\/schema.org\",\"@graph\":[{\"@type\":\"WebPage\",\"@id\":\"https:\\\/\\\/egerhaziimre.hu\\\/index.php\\\/egerhazi-imre-halalanak-1-evfordulojara\\\/?lang=en\",\"url\":\"https:\\\/\\\/egerhaziimre.hu\\\/index.php\\\/egerhazi-imre-halalanak-1-evfordulojara\\\/?lang=en\",\"name\":\"\u00c9gerh\u00e1zi Imre hal\u00e1l\u00e1nak 1. \u00c9vfordul\u00f3j\u00e1ra, 2002 - \u00c9gerh\u00e1zi Imre\",\"isPartOf\":{\"@id\":\"https:\\\/\\\/egerhaziimre.hu\\\/#website\"},\"primaryImageOfPage\":{\"@id\":\"https:\\\/\\\/egerhaziimre.hu\\\/index.php\\\/egerhazi-imre-halalanak-1-evfordulojara\\\/?lang=en#primaryimage\"},\"image\":{\"@id\":\"https:\\\/\\\/egerhaziimre.hu\\\/index.php\\\/egerhazi-imre-halalanak-1-evfordulojara\\\/?lang=en#primaryimage\"},\"thumbnailUrl\":\"https:\\\/\\\/egerhaziimre.hu\\\/wp-content\\\/uploads\\\/2020\\\/06\\\/kiallitas_Emle\u0301kkia\u0301lli\u0301ta\u0301s-\\u0003E\u0301gerha\u0301zi-Imre-hala\u0301la\u0301nak-\\u00031.-E\u0301vfordulo\u0301ja\u0301ra.jpg\",\"datePublished\":\"2020-07-01T07:47:17+00:00\",\"dateModified\":\"2020-09-17T13:32:38+00:00\",\"breadcrumb\":{\"@id\":\"https:\\\/\\\/egerhaziimre.hu\\\/index.php\\\/egerhazi-imre-halalanak-1-evfordulojara\\\/?lang=en#breadcrumb\"},\"inLanguage\":\"hu\",\"potentialAction\":[{\"@type\":\"ReadAction\",\"target\":[\"https:\\\/\\\/egerhaziimre.hu\\\/index.php\\\/egerhazi-imre-halalanak-1-evfordulojara\\\/?lang=en\"]}]},{\"@type\":\"ImageObject\",\"inLanguage\":\"hu\",\"@id\":\"https:\\\/\\\/egerhaziimre.hu\\\/index.php\\\/egerhazi-imre-halalanak-1-evfordulojara\\\/?lang=en#primaryimage\",\"url\":\"https:\\\/\\\/egerhaziimre.hu\\\/wp-content\\\/uploads\\\/2020\\\/06\\\/kiallitas_Emle\u0301kkia\u0301lli\u0301ta\u0301s-\\u0003E\u0301gerha\u0301zi-Imre-hala\u0301la\u0301nak-\\u00031.-E\u0301vfordulo\u0301ja\u0301ra.jpg\",\"contentUrl\":\"https:\\\/\\\/egerhaziimre.hu\\\/wp-content\\\/uploads\\\/2020\\\/06\\\/kiallitas_Emle\u0301kkia\u0301lli\u0301ta\u0301s-\\u0003E\u0301gerha\u0301zi-Imre-hala\u0301la\u0301nak-\\u00031.-E\u0301vfordulo\u0301ja\u0301ra.jpg\",\"width\":1366,\"height\":768,\"caption\":\"Emle\u0301kkia\u0301lli\u0301ta\u0301s\\u0003E\u0301gerha\u0301zi Imre hala\u0301la\u0301nak 1. E\u0301vfordulo\u0301ja\u0301ra\"},{\"@type\":\"BreadcrumbList\",\"@id\":\"https:\\\/\\\/egerhaziimre.hu\\\/index.php\\\/egerhazi-imre-halalanak-1-evfordulojara\\\/?lang=en#breadcrumb\",\"itemListElement\":[{\"@type\":\"ListItem\",\"position\":1,\"name\":\"Home\",\"item\":\"https:\\\/\\\/egerhaziimre.hu\\\/\"},{\"@type\":\"ListItem\",\"position\":2,\"name\":\"\u00c9gerh\u00e1zi Imre hal\u00e1l\u00e1nak 1. \u00c9vfordul\u00f3j\u00e1ra, 2002\"}]},{\"@type\":\"WebSite\",\"@id\":\"https:\\\/\\\/egerhaziimre.hu\\\/#website\",\"url\":\"https:\\\/\\\/egerhaziimre.hu\\\/\",\"name\":\"\u00c9gerh\u00e1zi Imre\",\"description\":\"\",\"potentialAction\":[{\"@type\":\"SearchAction\",\"target\":{\"@type\":\"EntryPoint\",\"urlTemplate\":\"https:\\\/\\\/egerhaziimre.hu\\\/?s={search_term_string}\"},\"query-input\":{\"@type\":\"PropertyValueSpecification\",\"valueRequired\":true,\"valueName\":\"search_term_string\"}}],\"inLanguage\":\"hu\"}]}<\/script>\n<!-- \/ Yoast SEO plugin. -->","yoast_head_json":{"title":"\u00c9gerh\u00e1zi Imre hal\u00e1l\u00e1nak 1. \u00c9vfordul\u00f3j\u00e1ra, 2002 - \u00c9gerh\u00e1zi Imre","robots":{"index":"index","follow":"follow","max-snippet":"max-snippet:-1","max-image-preview":"max-image-preview:large","max-video-preview":"max-video-preview:-1"},"canonical":"https:\/\/egerhaziimre.hu\/index.php\/egerhazi-imre-halalanak-1-evfordulojara\/?lang=en","og_locale":"hu_HU","og_type":"article","og_title":"\u00c9gerh\u00e1zi Imre hal\u00e1l\u00e1nak 1. \u00c9vfordul\u00f3j\u00e1ra, 2002 - \u00c9gerh\u00e1zi Imre","og_description":"[vc_row][vc_column][vc_custom_heading source=&#8221;post_title&#8221; font_container=&#8221;tag:h2|text_align:center&#8221; use_theme_fonts=&#8221;yes&#8221; el_class=&#8221;mb60 mb30-md&#8221;][vc_empty_space][vc_single_image image=&#8221;5573&#8243; img_size=&#8221;large&#8221; alignment=&#8221;center&#8221; style=&#8221;xtd-shadow&#8211;large-normal&#8221; onclick=&#8221;custom_link&#8221; img_link_target=&#8221;_blank&#8221; link=&#8221;http:\/\/egerhaziimre.magex.hu\/wp-content\/uploads\/kepek\/1390.jpg&#8221;][vc_empty_space][vc_column_text] Hajd\u00fahadh\u00e1z, F\u00f6ldi J\u00e1nos \u00c1ltal\u00e1nos \u00e9s M\u0171v\u00e9szeti Iskola 2002.11.12 [\/vc_column_text][\/vc_column][\/vc_row][vc_row][vc_column][vc_separator][vc_btn title=&#8221;Vissza a ki\u00e1ll\u00edt\u00e1sok list\u00e1j\u00e1ra&#8221; shape=&#8221;square&#8221; color=&#8221;orange&#8221; align=&#8221;center&#8221; i_icon_fontawesome=&#8221;fas fa-angle-double-left&#8221; add_icon=&#8221;true&#8221; link=&#8221;url:http%3A%2F%2Fegerhaziimre.magex.hu%2Findex.php%2Fkiallitasok%2F|title:%5B%3Ahu%5DKi%C3%A1ll%C3%ADt%C3%A1sok%5B%3Aen%5DExhibitions%5B%3A%5D||&#8221; el_class=&#8221;mb60 mb30-md&#8221;][\/vc_column][\/vc_row]","og_url":"https:\/\/egerhaziimre.hu\/index.php\/egerhazi-imre-halalanak-1-evfordulojara\/?lang=en","og_site_name":"\u00c9gerh\u00e1zi Imre","article_modified_time":"2020-09-17T13:32:38+00:00","og_image":[{"width":1366,"height":768,"url":"https:\/\/egerhaziimre.hu\/wp-content\/uploads\/2020\/06\/kiallitas_Emle\u0301kkia\u0301lli\u0301ta\u0301s-\u0003E\u0301gerha\u0301zi-Imre-hala\u0301la\u0301nak-\u00031.-E\u0301vfordulo\u0301ja\u0301ra.jpg","type":"image\/jpeg"}],"twitter_card":"summary_large_image","twitter_misc":{"Becs\u00fclt olvas\u00e1si id\u0151":"2 perc"},"schema":{"@context":"https:\/\/schema.org","@graph":[{"@type":"WebPage","@id":"https:\/\/egerhaziimre.hu\/index.php\/egerhazi-imre-halalanak-1-evfordulojara\/?lang=en","url":"https:\/\/egerhaziimre.hu\/index.php\/egerhazi-imre-halalanak-1-evfordulojara\/?lang=en","name":"\u00c9gerh\u00e1zi Imre hal\u00e1l\u00e1nak 1. \u00c9vfordul\u00f3j\u00e1ra, 2002 - \u00c9gerh\u00e1zi Imre","isPartOf":{"@id":"https:\/\/egerhaziimre.hu\/#website"},"primaryImageOfPage":{"@id":"https:\/\/egerhaziimre.hu\/index.php\/egerhazi-imre-halalanak-1-evfordulojara\/?lang=en#primaryimage"},"image":{"@id":"https:\/\/egerhaziimre.hu\/index.php\/egerhazi-imre-halalanak-1-evfordulojara\/?lang=en#primaryimage"},"thumbnailUrl":"https:\/\/egerhaziimre.hu\/wp-content\/uploads\/2020\/06\/kiallitas_Emle\u0301kkia\u0301lli\u0301ta\u0301s-\u0003E\u0301gerha\u0301zi-Imre-hala\u0301la\u0301nak-\u00031.-E\u0301vfordulo\u0301ja\u0301ra.jpg","datePublished":"2020-07-01T07:47:17+00:00","dateModified":"2020-09-17T13:32:38+00:00","breadcrumb":{"@id":"https:\/\/egerhaziimre.hu\/index.php\/egerhazi-imre-halalanak-1-evfordulojara\/?lang=en#breadcrumb"},"inLanguage":"hu","potentialAction":[{"@type":"ReadAction","target":["https:\/\/egerhaziimre.hu\/index.php\/egerhazi-imre-halalanak-1-evfordulojara\/?lang=en"]}]},{"@type":"ImageObject","inLanguage":"hu","@id":"https:\/\/egerhaziimre.hu\/index.php\/egerhazi-imre-halalanak-1-evfordulojara\/?lang=en#primaryimage","url":"https:\/\/egerhaziimre.hu\/wp-content\/uploads\/2020\/06\/kiallitas_Emle\u0301kkia\u0301lli\u0301ta\u0301s-\u0003E\u0301gerha\u0301zi-Imre-hala\u0301la\u0301nak-\u00031.-E\u0301vfordulo\u0301ja\u0301ra.jpg","contentUrl":"https:\/\/egerhaziimre.hu\/wp-content\/uploads\/2020\/06\/kiallitas_Emle\u0301kkia\u0301lli\u0301ta\u0301s-\u0003E\u0301gerha\u0301zi-Imre-hala\u0301la\u0301nak-\u00031.-E\u0301vfordulo\u0301ja\u0301ra.jpg","width":1366,"height":768,"caption":"Emle\u0301kkia\u0301lli\u0301ta\u0301s\u0003E\u0301gerha\u0301zi Imre hala\u0301la\u0301nak 1. E\u0301vfordulo\u0301ja\u0301ra"},{"@type":"BreadcrumbList","@id":"https:\/\/egerhaziimre.hu\/index.php\/egerhazi-imre-halalanak-1-evfordulojara\/?lang=en#breadcrumb","itemListElement":[{"@type":"ListItem","position":1,"name":"Home","item":"https:\/\/egerhaziimre.hu\/"},{"@type":"ListItem","position":2,"name":"\u00c9gerh\u00e1zi Imre hal\u00e1l\u00e1nak 1. \u00c9vfordul\u00f3j\u00e1ra, 2002"}]},{"@type":"WebSite","@id":"https:\/\/egerhaziimre.hu\/#website","url":"https:\/\/egerhaziimre.hu\/","name":"\u00c9gerh\u00e1zi Imre","description":"","potentialAction":[{"@type":"SearchAction","target":{"@type":"EntryPoint","urlTemplate":"https:\/\/egerhaziimre.hu\/?s={search_term_string}"},"query-input":{"@type":"PropertyValueSpecification","valueRequired":true,"valueName":"search_term_string"}}],"inLanguage":"hu"}]}},"jetpack_sharing_enabled":true,"_links":{"self":[{"href":"https:\/\/egerhaziimre.hu\/index.php\/wp-json\/wp\/v2\/pages\/7700","targetHints":{"allow":["GET"]}}],"collection":[{"href":"https:\/\/egerhaziimre.hu\/index.php\/wp-json\/wp\/v2\/pages"}],"about":[{"href":"https:\/\/egerhaziimre.hu\/index.php\/wp-json\/wp\/v2\/types\/page"}],"author":[{"embeddable":true,"href":"https:\/\/egerhaziimre.hu\/index.php\/wp-json\/wp\/v2\/users\/4"}],"replies":[{"embeddable":true,"href":"https:\/\/egerhaziimre.hu\/index.php\/wp-json\/wp\/v2\/comments?post=7700"}],"version-history":[{"count":3,"href":"https:\/\/egerhaziimre.hu\/index.php\/wp-json\/wp\/v2\/pages\/7700\/revisions"}],"predecessor-version":[{"id":9612,"href":"https:\/\/egerhaziimre.hu\/index.php\/wp-json\/wp\/v2\/pages\/7700\/revisions\/9612"}],"wp:featuredmedia":[{"embeddable":true,"href":"https:\/\/egerhaziimre.hu\/index.php\/wp-json\/wp\/v2\/media\/3768"}],"wp:attachment":[{"href":"https:\/\/egerhaziimre.hu\/index.php\/wp-json\/wp\/v2\/media?parent=7700"}],"wp:term":[{"taxonomy":"category","embeddable":true,"href":"https:\/\/egerhaziimre.hu\/index.php\/wp-json\/wp\/v2\/categories?post=7700"},{"taxonomy":"post_tag","embeddable":true,"href":"https:\/\/egerhaziimre.hu\/index.php\/wp-json\/wp\/v2\/tags?post=7700"}],"curies":[{"name":"wp","href":"https:\/\/api.w.org\/{rel}","templated":true}]}}