{"id":775,"date":"2019-08-05T08:22:18","date_gmt":"2019-08-05T06:22:18","guid":{"rendered":"http:\/\/egerhaziimre.magex.hu\/?page_id=775"},"modified":"2023-06-14T15:41:16","modified_gmt":"2023-06-14T13:41:16","slug":"1978-neringa-litvania-tajkep-festesert-emlekerem","status":"publish","type":"page","link":"https:\/\/egerhaziimre.hu\/index.php\/dijak-elismeresek\/1978-neringa-litvania-tajkep-festesert-emlekerem\/","title":{"rendered":"1978, Neringa (Litv\u00e1nia) T\u00e1jk\u00e9p Fest\u00e9s\u00e9rt Eml\u00e9k\u00e9rem"},"content":{"rendered":"<div class=\"wpb-content-wrapper\">[vc_row][vc_column width=&#8221;1\/3&#8243;][\/vc_column][vc_column width=&#8221;1\/3&#8243;][vc_empty_space height=&#8221;15px&#8221;][vc_media_grid element_width=&#8221;12&#8243; gap=&#8221;15&#8243; item=&#8221;794&#8243; grid_id=&#8221;vc_gid:1564988189525-f0a90018-272d-5&#8243; include=&#8221;776&#8243;][\/vc_column][vc_column width=&#8221;1\/3&#8243;][\/vc_column][\/vc_row]\n<\/div>","protected":false},"excerpt":{"rendered":"<p>[vc_row][vc_column width=&#8221;1\/3&#8243;][\/vc_column][vc_column width=&#8221;1\/3&#8243;][vc_empty_space height=&#8221;15px&#8221;][vc_media_grid element_width=&#8221;12&#8243; gap=&#8221;15&#8243; item=&#8221;794&#8243; grid_id=&#8221;vc_gid:1564988189525-f0a90018-272d-5&#8243; include=&#8221;776&#8243;][\/vc_column][vc_column width=&#8221;1\/3&#8243;][\/vc_column][\/vc_row]<\/p>\n","protected":false},"author":4,"featured_media":776,"parent":31,"menu_order":0,"comment_status":"closed","ping_status":"closed","template":"","meta":{"footnotes":""},"categories":[22,57],"tags":[58,60,59],"class_list":["post-775","page","type-page","status-publish","has-post-thumbnail","hentry","category-dijak_elismeresek","category-emlekerem","tag-58","tag-litvania","tag-neringa"],"yoast_head":"<!-- This site is optimized with the Yoast SEO plugin v27.3 - https:\/\/yoast.com\/product\/yoast-seo-wordpress\/ -->\n<title>1978, Neringa (Litv\u00e1nia) T\u00e1jk\u00e9p Fest\u00e9s\u00e9rt Eml\u00e9k\u00e9rem - \u00c9gerh\u00e1zi Imre<\/title>\n<meta name=\"robots\" content=\"index, follow, max-snippet:-1, max-image-preview:large, max-video-preview:-1\" \/>\n<link rel=\"canonical\" href=\"https:\/\/egerhaziimre.hu\/index.php\/dijak-elismeresek\/1978-neringa-litvania-tajkep-festesert-emlekerem\/\" \/>\n<meta property=\"og:locale\" content=\"hu_HU\" \/>\n<meta property=\"og:type\" content=\"article\" \/>\n<meta property=\"og:title\" content=\"1978, Neringa (Litv\u00e1nia) T\u00e1jk\u00e9p Fest\u00e9s\u00e9rt Eml\u00e9k\u00e9rem - \u00c9gerh\u00e1zi Imre\" \/>\n<meta property=\"og:description\" content=\"[vc_row][vc_column width=&#8221;1\/3&#8243;][\/vc_column][vc_column width=&#8221;1\/3&#8243;][vc_empty_space height=&#8221;15px&#8221;][vc_media_grid element_width=&#8221;12&#8243; gap=&#8221;15&#8243; item=&#8221;794&#8243; grid_id=&#8221;vc_gid:1564988189525-f0a90018-272d-5&#8243; include=&#8221;776&#8243;][\/vc_column][vc_column width=&#8221;1\/3&#8243;][\/vc_column][\/vc_row]\" \/>\n<meta property=\"og:url\" content=\"https:\/\/egerhaziimre.hu\/index.php\/dijak-elismeresek\/1978-neringa-litvania-tajkep-festesert-emlekerem\/\" \/>\n<meta property=\"og:site_name\" content=\"\u00c9gerh\u00e1zi Imre\" \/>\n<meta property=\"article:modified_time\" content=\"2023-06-14T13:41:16+00:00\" \/>\n<meta property=\"og:image\" content=\"https:\/\/egerhaziimre.hu\/wp-content\/uploads\/2019\/08\/dijak_elismeresek\/1978_litvaniai.jpg\" \/>\n\t<meta property=\"og:image:width\" content=\"500\" \/>\n\t<meta property=\"og:image:height\" content=\"271\" \/>\n\t<meta property=\"og:image:type\" content=\"image\/jpeg\" \/>\n<meta name=\"twitter:card\" content=\"summary_large_image\" \/>\n<meta name=\"twitter:label1\" content=\"Becs\u00fclt olvas\u00e1si id\u0151\" \/>\n\t<meta name=\"twitter:data1\" content=\"1 perc\" \/>\n<script type=\"application\/ld+json\" class=\"yoast-schema-graph\">{\"@context\":\"https:\\\/\\\/schema.org\",\"@graph\":[{\"@type\":\"WebPage\",\"@id\":\"https:\\\/\\\/egerhaziimre.hu\\\/index.php\\\/dijak-elismeresek\\\/1978-neringa-litvania-tajkep-festesert-emlekerem\\\/\",\"url\":\"https:\\\/\\\/egerhaziimre.hu\\\/index.php\\\/dijak-elismeresek\\\/1978-neringa-litvania-tajkep-festesert-emlekerem\\\/\",\"name\":\"1978, Neringa (Litv\u00e1nia) T\u00e1jk\u00e9p Fest\u00e9s\u00e9rt Eml\u00e9k\u00e9rem - \u00c9gerh\u00e1zi Imre\",\"isPartOf\":{\"@id\":\"https:\\\/\\\/egerhaziimre.hu\\\/#website\"},\"primaryImageOfPage\":{\"@id\":\"https:\\\/\\\/egerhaziimre.hu\\\/index.php\\\/dijak-elismeresek\\\/1978-neringa-litvania-tajkep-festesert-emlekerem\\\/#primaryimage\"},\"image\":{\"@id\":\"https:\\\/\\\/egerhaziimre.hu\\\/index.php\\\/dijak-elismeresek\\\/1978-neringa-litvania-tajkep-festesert-emlekerem\\\/#primaryimage\"},\"thumbnailUrl\":\"https:\\\/\\\/egerhaziimre.hu\\\/wp-content\\\/uploads\\\/2019\\\/08\\\/dijak_elismeresek\\\/1978_litvaniai.jpg\",\"datePublished\":\"2019-08-05T06:22:18+00:00\",\"dateModified\":\"2023-06-14T13:41:16+00:00\",\"breadcrumb\":{\"@id\":\"https:\\\/\\\/egerhaziimre.hu\\\/index.php\\\/dijak-elismeresek\\\/1978-neringa-litvania-tajkep-festesert-emlekerem\\\/#breadcrumb\"},\"inLanguage\":\"hu\",\"potentialAction\":[{\"@type\":\"ReadAction\",\"target\":[\"https:\\\/\\\/egerhaziimre.hu\\\/index.php\\\/dijak-elismeresek\\\/1978-neringa-litvania-tajkep-festesert-emlekerem\\\/\"]}]},{\"@type\":\"ImageObject\",\"inLanguage\":\"hu\",\"@id\":\"https:\\\/\\\/egerhaziimre.hu\\\/index.php\\\/dijak-elismeresek\\\/1978-neringa-litvania-tajkep-festesert-emlekerem\\\/#primaryimage\",\"url\":\"https:\\\/\\\/egerhaziimre.hu\\\/wp-content\\\/uploads\\\/2019\\\/08\\\/dijak_elismeresek\\\/1978_litvaniai.jpg\",\"contentUrl\":\"https:\\\/\\\/egerhaziimre.hu\\\/wp-content\\\/uploads\\\/2019\\\/08\\\/dijak_elismeresek\\\/1978_litvaniai.jpg\",\"width\":500,\"height\":271,\"caption\":\"Neringa T\u00e1jk\u00e9p Fest\u00e9s\u00e9rt Eml\u00e9k\u00e9rem 1978 Litv\u00e1nia\"},{\"@type\":\"BreadcrumbList\",\"@id\":\"https:\\\/\\\/egerhaziimre.hu\\\/index.php\\\/dijak-elismeresek\\\/1978-neringa-litvania-tajkep-festesert-emlekerem\\\/#breadcrumb\",\"itemListElement\":[{\"@type\":\"ListItem\",\"position\":1,\"name\":\"Home\",\"item\":\"https:\\\/\\\/egerhaziimre.hu\\\/\"},{\"@type\":\"ListItem\",\"position\":2,\"name\":\"Awards, recognitions\",\"item\":\"https:\\\/\\\/egerhaziimre.hu\\\/index.php\\\/dijak-elismeresek\\\/?lang=en\"},{\"@type\":\"ListItem\",\"position\":3,\"name\":\"1978, Neringa (Litv\u00e1nia) T\u00e1jk\u00e9p Fest\u00e9s\u00e9rt Eml\u00e9k\u00e9rem\"}]},{\"@type\":\"WebSite\",\"@id\":\"https:\\\/\\\/egerhaziimre.hu\\\/#website\",\"url\":\"https:\\\/\\\/egerhaziimre.hu\\\/\",\"name\":\"\u00c9gerh\u00e1zi Imre\",\"description\":\"\",\"potentialAction\":[{\"@type\":\"SearchAction\",\"target\":{\"@type\":\"EntryPoint\",\"urlTemplate\":\"https:\\\/\\\/egerhaziimre.hu\\\/?s={search_term_string}\"},\"query-input\":{\"@type\":\"PropertyValueSpecification\",\"valueRequired\":true,\"valueName\":\"search_term_string\"}}],\"inLanguage\":\"hu\"}]}<\/script>\n<!-- \/ Yoast SEO plugin. -->","yoast_head_json":{"title":"1978, Neringa (Litv\u00e1nia) T\u00e1jk\u00e9p Fest\u00e9s\u00e9rt Eml\u00e9k\u00e9rem - \u00c9gerh\u00e1zi Imre","robots":{"index":"index","follow":"follow","max-snippet":"max-snippet:-1","max-image-preview":"max-image-preview:large","max-video-preview":"max-video-preview:-1"},"canonical":"https:\/\/egerhaziimre.hu\/index.php\/dijak-elismeresek\/1978-neringa-litvania-tajkep-festesert-emlekerem\/","og_locale":"hu_HU","og_type":"article","og_title":"1978, Neringa (Litv\u00e1nia) T\u00e1jk\u00e9p Fest\u00e9s\u00e9rt Eml\u00e9k\u00e9rem - \u00c9gerh\u00e1zi Imre","og_description":"[vc_row][vc_column width=&#8221;1\/3&#8243;][\/vc_column][vc_column width=&#8221;1\/3&#8243;][vc_empty_space height=&#8221;15px&#8221;][vc_media_grid element_width=&#8221;12&#8243; gap=&#8221;15&#8243; item=&#8221;794&#8243; grid_id=&#8221;vc_gid:1564988189525-f0a90018-272d-5&#8243; include=&#8221;776&#8243;][\/vc_column][vc_column width=&#8221;1\/3&#8243;][\/vc_column][\/vc_row]","og_url":"https:\/\/egerhaziimre.hu\/index.php\/dijak-elismeresek\/1978-neringa-litvania-tajkep-festesert-emlekerem\/","og_site_name":"\u00c9gerh\u00e1zi Imre","article_modified_time":"2023-06-14T13:41:16+00:00","og_image":[{"width":500,"height":271,"url":"https:\/\/egerhaziimre.hu\/wp-content\/uploads\/2019\/08\/dijak_elismeresek\/1978_litvaniai.jpg","type":"image\/jpeg"}],"twitter_card":"summary_large_image","twitter_misc":{"Becs\u00fclt olvas\u00e1si id\u0151":"1 perc"},"schema":{"@context":"https:\/\/schema.org","@graph":[{"@type":"WebPage","@id":"https:\/\/egerhaziimre.hu\/index.php\/dijak-elismeresek\/1978-neringa-litvania-tajkep-festesert-emlekerem\/","url":"https:\/\/egerhaziimre.hu\/index.php\/dijak-elismeresek\/1978-neringa-litvania-tajkep-festesert-emlekerem\/","name":"1978, Neringa (Litv\u00e1nia) T\u00e1jk\u00e9p Fest\u00e9s\u00e9rt Eml\u00e9k\u00e9rem - \u00c9gerh\u00e1zi Imre","isPartOf":{"@id":"https:\/\/egerhaziimre.hu\/#website"},"primaryImageOfPage":{"@id":"https:\/\/egerhaziimre.hu\/index.php\/dijak-elismeresek\/1978-neringa-litvania-tajkep-festesert-emlekerem\/#primaryimage"},"image":{"@id":"https:\/\/egerhaziimre.hu\/index.php\/dijak-elismeresek\/1978-neringa-litvania-tajkep-festesert-emlekerem\/#primaryimage"},"thumbnailUrl":"https:\/\/egerhaziimre.hu\/wp-content\/uploads\/2019\/08\/dijak_elismeresek\/1978_litvaniai.jpg","datePublished":"2019-08-05T06:22:18+00:00","dateModified":"2023-06-14T13:41:16+00:00","breadcrumb":{"@id":"https:\/\/egerhaziimre.hu\/index.php\/dijak-elismeresek\/1978-neringa-litvania-tajkep-festesert-emlekerem\/#breadcrumb"},"inLanguage":"hu","potentialAction":[{"@type":"ReadAction","target":["https:\/\/egerhaziimre.hu\/index.php\/dijak-elismeresek\/1978-neringa-litvania-tajkep-festesert-emlekerem\/"]}]},{"@type":"ImageObject","inLanguage":"hu","@id":"https:\/\/egerhaziimre.hu\/index.php\/dijak-elismeresek\/1978-neringa-litvania-tajkep-festesert-emlekerem\/#primaryimage","url":"https:\/\/egerhaziimre.hu\/wp-content\/uploads\/2019\/08\/dijak_elismeresek\/1978_litvaniai.jpg","contentUrl":"https:\/\/egerhaziimre.hu\/wp-content\/uploads\/2019\/08\/dijak_elismeresek\/1978_litvaniai.jpg","width":500,"height":271,"caption":"Neringa T\u00e1jk\u00e9p Fest\u00e9s\u00e9rt Eml\u00e9k\u00e9rem 1978 Litv\u00e1nia"},{"@type":"BreadcrumbList","@id":"https:\/\/egerhaziimre.hu\/index.php\/dijak-elismeresek\/1978-neringa-litvania-tajkep-festesert-emlekerem\/#breadcrumb","itemListElement":[{"@type":"ListItem","position":1,"name":"Home","item":"https:\/\/egerhaziimre.hu\/"},{"@type":"ListItem","position":2,"name":"Awards, recognitions","item":"https:\/\/egerhaziimre.hu\/index.php\/dijak-elismeresek\/?lang=en"},{"@type":"ListItem","position":3,"name":"1978, Neringa (Litv\u00e1nia) T\u00e1jk\u00e9p Fest\u00e9s\u00e9rt Eml\u00e9k\u00e9rem"}]},{"@type":"WebSite","@id":"https:\/\/egerhaziimre.hu\/#website","url":"https:\/\/egerhaziimre.hu\/","name":"\u00c9gerh\u00e1zi Imre","description":"","potentialAction":[{"@type":"SearchAction","target":{"@type":"EntryPoint","urlTemplate":"https:\/\/egerhaziimre.hu\/?s={search_term_string}"},"query-input":{"@type":"PropertyValueSpecification","valueRequired":true,"valueName":"search_term_string"}}],"inLanguage":"hu"}]}},"jetpack_sharing_enabled":true,"_links":{"self":[{"href":"https:\/\/egerhaziimre.hu\/index.php\/wp-json\/wp\/v2\/pages\/775","targetHints":{"allow":["GET"]}}],"collection":[{"href":"https:\/\/egerhaziimre.hu\/index.php\/wp-json\/wp\/v2\/pages"}],"about":[{"href":"https:\/\/egerhaziimre.hu\/index.php\/wp-json\/wp\/v2\/types\/page"}],"author":[{"embeddable":true,"href":"https:\/\/egerhaziimre.hu\/index.php\/wp-json\/wp\/v2\/users\/4"}],"replies":[{"embeddable":true,"href":"https:\/\/egerhaziimre.hu\/index.php\/wp-json\/wp\/v2\/comments?post=775"}],"version-history":[{"count":13,"href":"https:\/\/egerhaziimre.hu\/index.php\/wp-json\/wp\/v2\/pages\/775\/revisions"}],"predecessor-version":[{"id":13162,"href":"https:\/\/egerhaziimre.hu\/index.php\/wp-json\/wp\/v2\/pages\/775\/revisions\/13162"}],"up":[{"embeddable":true,"href":"https:\/\/egerhaziimre.hu\/index.php\/wp-json\/wp\/v2\/pages\/31"}],"wp:featuredmedia":[{"embeddable":true,"href":"https:\/\/egerhaziimre.hu\/index.php\/wp-json\/wp\/v2\/media\/776"}],"wp:attachment":[{"href":"https:\/\/egerhaziimre.hu\/index.php\/wp-json\/wp\/v2\/media?parent=775"}],"wp:term":[{"taxonomy":"category","embeddable":true,"href":"https:\/\/egerhaziimre.hu\/index.php\/wp-json\/wp\/v2\/categories?post=775"},{"taxonomy":"post_tag","embeddable":true,"href":"https:\/\/egerhaziimre.hu\/index.php\/wp-json\/wp\/v2\/tags?post=775"}],"curies":[{"name":"wp","href":"https:\/\/api.w.org\/{rel}","templated":true}]}}