{"id":8124,"date":"1975-10-15T14:30:33","date_gmt":"1975-10-15T13:30:33","guid":{"rendered":"http:\/\/egerhaziimre.magex.hu\/?page_id=8124"},"modified":"2020-10-05T13:27:56","modified_gmt":"2020-10-05T11:27:56","slug":"debreceni-agrartudomanyi-egyetem","status":"publish","type":"page","link":"https:\/\/egerhaziimre.hu\/index.php\/debreceni-agrartudomanyi-egyetem\/","title":{"rendered":"Debreceni Agr\u00e1rtudom\u00e1nyi Egyetem, 1975. okt\u00f3ber 15-30."},"content":{"rendered":"<div class=\"wpb-content-wrapper\">\n[vc_row][vc_column][vc_tta_tabs style=&#8221;flat&#8221; shape=&#8221;square&#8221; color=&#8221;white&#8221; active_section=&#8221;1&#8243;][vc_tta_section title=&#8221;Megh\u00edv\u00f3&#8221; tab_id=&#8221;1563972373652-e991773e-63f3&#8243;][vc_empty_space][vc_media_grid element_width=&#8221;3&#8243; gap=&#8221;15&#8243; item=&#8221;794&#8243; grid_id=&#8221;vc_gid:1601368814185-ed083574-5848-3&#8243; include=&#8221;8126,8128,8129,8127&#8243;][\/vc_tta_section][vc_tta_section title=&#8221;Fot\u00f3k&#8221; tab_id=&#8221;1563976083206-75457341-4d66&#8243;][vc_empty_space height=&#8221;16px&#8221;][vc_media_grid element_width=&#8221;3&#8243; gap=&#8221;15&#8243; grid_id=&#8221;vc_gid:1601368814187-a786cd14-957d-9&#8243; include=&#8221;8131,8132,8133,8134,8135&#8243;][\/vc_tta_section][vc_tta_section title=&#8221;Cikkek, dokumentumok&#8221; tab_id=&#8221;1563976098032-09d543f8-ecc7&#8243;][vc_empty_space][vc_row_inner][vc_column_inner width=&#8221;3\/4&#8243;][vc_column_text]\n<h6><span class=\"style3\">\u00c9gerh\u00e1zi Imre ki\u00e1ll\u00edt\u00e1s\u00e1r\u00f3l<\/span><\/h6>\n<p><i>(Cikk az 1975. okt\u00f3ber 29-\u00e9n megjelent Hajd\u00fa-Bihari Napl\u00f3b\u00f3l &#8211; Dr. T\u00f3th Ervin \u00edr\u00e1s\u00e1ban)<\/i><\/p>\n<p>A debreceni Agr\u00e1rtudom\u00e1nyi Egyetem kultur\u00e1lis bizotts\u00e1ga ki\u00e1ll\u00edt\u00e1st rendezett a hajd\u00fahadh\u00e1zi sz\u00fclet\u00e9s\u0171, K\u00e1pl\u00e1r-d\u00edjas debreceni fest\u0151m\u0171v\u00e9sznek f\u0151leg bulg\u00e1riai \u00fati \u00e9lm\u00e9nyeib\u0151l mer\u00edtett olajk\u00e9peib\u0151l \u00e9s monot\u00edpi\u00e1ib\u00f3l. \u00c9gerh\u00e1zi Imr\u00e9t leny\u0171g\u00f6zt\u00e9k a bolg\u00e1r t\u00e1jak sz\u00e9ps\u00e9gei, a hegyek, a tenger, az \u00e9p\u00edt\u00e9szeti eml\u00e9kek, a t\u00f6rt\u00e9nelmi m\u00falt. Megismerte m\u00e9lyebbr\u0151l a bolg\u00e1r k\u00f6lt\u00e9szetet, f\u0151leg Atan\u00e1sz Dalcsev verseit, aki &#8222;\u00e9rz\u00e9seit az \u00e9rtelem h\u00e1l\u00f3j\u00e1n \u00e1tsz\u0171rve z\u00e1rja szavakba&#8221;. E bolg\u00e1r po\u00e9ta l\u00edr\u00e1ja t\u00f6bb k\u00e9p\u00e9n nyomon k\u00eds\u00e9rhet\u0151. \u00cdgy a Hodzsa h\u00e1za Sumenben a l\u00e1tv\u00e1nyon k\u00edv\u00fcl mag\u00e1n hordozza &#8211; nem illusztrat\u00edv ihlet\u00e9ssel &#8211; Dalcsev &#8222;Erd\u00e9ly&#8221; c. k\u00f6ltem\u00e9ny\u00e9nek hangulat\u00e1t. Az elt\u00f6r\u00f6k\u00edt\u00e9s, a 600 \u00e9ves t\u00f6rt\u00e9nelmi \u00e9s elnyom\u00e1si id\u0151, amib\u0151l mi magyarok is \u00e1t\u00e9lt\u00fcnk 150 \u00e9vet, t\u00f6bb k\u00e9p\u00e9n t\u00fckr\u00f6z\u0151dik. Ennek gondolatvil\u00e1g\u00e1b\u00f3l, korl\u00e1taib\u00f3l, a r\u00e9gi beiv\u00f3dott t\u00f6r\u00f6k szok\u00e1sokb\u00f3l sok jelz\u00e9s ker\u00fclt \u00e1t a jelenbe is, a temet\u0151k m\u00e1rv\u00e1nyb\u00f3l faragott turb\u00e1njai, \u00e9letf\u00e1k, t\u00f6r\u00f6k mot\u00edvumokkal s feliratokkal d\u00edsz\u00edtett relikvi\u00e1k. A 600 \u00e9v I. s\u00edrk\u00f6vei egym\u00e1sra borulnak s asszoci\u00e1ci\u00f3kat \u00e9bresztenek tov\u00e1bb\u00e9l\u0151, nagy emberi \u00e9rz\u00e9sekr\u0151l. A Sumeni tornyok szimbolik\u00e1ja a le\u00e1ldozott muzulm\u00e1n vil\u00e1g m\u00e9g meglev\u0151 tan\u00fai, jelk\u00e9pes rendbe \u00e1ll\u00edtva id\u00e9zik a m\u00faltat. Egy szentk\u00e9p k\u00f6rvonala r\u00e1\u00faszik a v\u00f6r\u00f6sl\u0151 napkorongra, mintegy jelezve a muzulm\u00e1n hitvil\u00e1g haldokl\u00e1s\u00e1t. A Naplement szint\u00e9n Atan\u00e1sz Dalcsev vers\u00e9hez kapcsol\u00f3dik. A tengerpart hatalmas bokrai, f\u00e1i, a t\u00e1rgyak, a nap \u00e9s az \u00e9jszaka, az emberarc\u00fav\u00e1 v\u00e1l\u00f3 t\u0171zfal megszem\u00e9lyesednek, a szikl\u00e1kba \u00f3ri\u00e1sokat l\u00e1t a k\u00e9pzelet, a felh\u0151kben pedig \u00fasz\u00f3 ember\u00e1rnyakat, an\u00e9lk\u00fcl, hogy e szimbolika b\u00e1nt\u00f3an el\u0151t\u00e9rbe tolakodna, vagy hogy e festm\u00e9ny sz\u00fcrrealit\u00e1sa meghamis\u00edtan\u00e1 a val\u00f3s\u00e1got. \u00cdgy a k\u00e9p nem v\u00e1lik illusztrat\u00edvv\u00e1, m\u00e9rt\u00e9ktart\u00f3 s nem l\u00e1tv\u00e1nypikt\u00fara.<\/p>\n<p>\u00c9gerh\u00e1zi k\u00e9pein a n\u00e9z\u0151 els\u0151sorban a bolg\u00e1r t\u00f6rt\u00e9nelem korunkban \u00e1tmentett lelkis\u00e9g\u00e9t keresi, a 600 \u00e9v t\u00f6r\u00f6k j\u00e1rm\u00e1b\u00f3l is megmagosul\u00f3 \u00f6ntudat erej\u00e9t, az \u0151si m\u00faltat lehel\u0151 utc\u00e1k romantik\u00e1j\u00e1t. Ez\u00e9rt telnek meg archaikus k\u00e9pzetekkel a preszl\u00e1vi romv\u00e1ros mement\u00f3i, f\u00f6ld\u00f6n hever\u0151 szikl\u00e1i, a madarai k\u00f6vek arabeszkjei. Sumen kult\u00far\u00e1j\u00e1ban a magyar t\u00f6rt\u00e9nelem mozaikszemei is megtal\u00e1lhat\u00f3k, Hunyadi hadj\u00e1ratai, a v\u00e1rnai csataveszt\u00e9s mellett k\u00f6zelebbr\u0151l Kossuth k\u00f6zel sz\u00e1znapos sumeni tart\u00f3zkod\u00e1sa, hajdani lak\u00f3h\u00e1za, ami ma m\u00e1r m\u00fazeum. \u00c9gerh\u00e1zi helyenk\u00e9nt halmozza, de ugyanakkor rendszerbe is \u00e1ll\u00edtja a jelz\u00e9seket, a mot\u00edvumokat, nem illusztrat\u00edve, hanem egys\u00e9ges, bel\u00fclr\u0151l \u00e1t\u00e9lt l\u00edrai \u00e9lm\u00e9nyanyagk\u00e9nt. A hangulati elemeket er\u0151s szerkezetis\u00e9ggel tartja f\u00e9ken. A Tavaszi t\u00e1j atmoszf\u00e9r\u00e1j\u00e1t n\u00e9h\u00e1ny vonalszalag \u00f6leli egybe, m\u00edg a Naplementet grafikailag m\u00e1r er\u0151sen tagolja, a Sumeni t\u00f6r\u00f6k negyedben r\u00e9szletezi az architekt\u00far\u00e1t, m\u00edg a Preszl\u00e1vi romokn\u00e1l a m\u00e9rtanilag hat\u00e1rolt form\u00e1k k\u00fcl\u00f6n\u00f6sen kiemelik a sz\u00ednek fokozatait. &#8211; \u00c9gerh\u00e1zi l\u00e1t\u00e1sa f\u0151leg grafikus jelleg\u0171, rokon sk\u00e1l\u00e1j\u00fa, de ugyanakkor gazdag bels\u0151 \u00e9p\u00edtkez\u00e9s\u0171 sz\u00edn\u00e1tmeneteit vonalabroncsokba z\u00e1rja. De \u00e9ppen ez az egys\u00e9ges karakter, a romantika fel\u00e9 hajl\u00f3 \u00e1br\u00e1ndoz\u00e1s, a k\u00e9pi szerkezet \u00e9rz\u00e9kel\u00e9tet\u00e9se, &#8222;kitapogat\u00e1sa&#8221; v\u00e1lik id\u0151nk\u00e9nt egys\u00edk\u00fav\u00e1. \u00c9gerh\u00e1zi a fest\u0151is\u00e9g tiszta eszk\u00f6zeivel \u00e9l, \u00e9rz\u00e9keny, lefojtott sz\u00ednkompoz\u00edci\u00f3k ker\u00fclnek ki ecsetje al\u00f3l, de bizony\u00e1ra m\u00e9g v\u00e1ltozatosabb\u00e1, koloritban gazdagabb\u00e1 v\u00e1lna pikt\u00far\u00e1ja, ha meleg barn\u00e1kra alapozott fest\u00e9szete tov\u00e1bbi sz\u00ednekkel b\u0151v\u00fclne, ami k\u00e9peinek szerkezeti \u00e9p\u00edtkez\u00e9s\u00e9t halk\u00edtan\u00e1 s \u00edgy szerkezetileg is megemeln\u00e9.<br \/>\nMindez tov\u00e1bbi el\u0151rel\u00e9p\u00e9st jelentene fest\u00e9szeti \u00e9s grafikai kult\u00far\u00e1j\u00e1ban, melynek jelene is &#8211; Tam\u00e1s Ervin szavait id\u00e9zve &#8211; &#8222;egy hossz\u00fa id\u0151n \u00e1t ki\u00e9rlelt, \u00e9rett \u00f6nismeretre vall\u00f3, ig\u00e9nyes m\u0171v\u00e9szetr\u0151l&#8221; tan\u00faskodik.[\/vc_column_text][\/vc_column_inner][vc_column_inner width=&#8221;1\/4&#8243;][vc_single_image image=&#8221;8139&#8243; img_size=&#8221;large&#8221; alignment=&#8221;right&#8221; onclick=&#8221;link_image&#8221;][vc_single_image image=&#8221;8141&#8243; img_size=&#8221;large&#8221; alignment=&#8221;right&#8221; onclick=&#8221;link_image&#8221;][vc_single_image image=&#8221;8140&#8243; img_size=&#8221;large&#8221; alignment=&#8221;right&#8221; onclick=&#8221;link_image&#8221;][\/vc_column_inner][\/vc_row_inner][vc_separator][vc_row_inner][vc_column_inner width=&#8221;3\/4&#8243;][vc_column_text]\n<h6 align=\"left\">M\u0171v\u00e9szcsere<\/h6>\n<p align=\"left\"><em>(Cikk az 1973. augusztus 3-\u00e1n megjelent Hajd\u00fa-Bihari Napl\u00f3b\u00f3l)<\/em><\/p>\n<p align=\"left\">A Debreceni v\u00e1rosi Tan\u00e1cs megh\u00edv\u00e1s\u00e1ra a Debreceni Alkot\u00f3h\u00e1zban, a val\u00f3ban fest\u0151i k\u00f6rnyezet\u0171 Nagyerd\u0151n t\u00f6lt\u00f6tt egy h\u00f3napot k\u00e9t sumeni fest\u0151m\u0171v\u00e9sz. A testv\u00e9rv\u00e1rosi kapcsolatok alapj\u00e1n ennek viszonz\u00e1sak\u00e9nt a Sumeni v\u00e1rosi Tan\u00e1cs megh\u00edv\u00e1s\u00e1ra egyh\u00f3napos tanulm\u00e1ny\u00fatra Sumenbe utaztak \u00c9gerh\u00e1zi Imre \u00e9s Madar\u00e1sz Gyula fest\u0151m\u0171v\u00e9szek.<\/p>\n[\/vc_column_text][\/vc_column_inner][vc_column_inner width=&#8221;1\/4&#8243;][vc_single_image image=&#8221;8142&#8243; img_size=&#8221;large&#8221; alignment=&#8221;right&#8221; onclick=&#8221;link_image&#8221;][\/vc_column_inner][\/vc_row_inner][vc_separator][vc_row_inner][vc_column_inner width=&#8221;3\/4&#8243;][vc_column_text]\n<h6 align=\"left\">A sz\u00ednek \u00e9s a vonalak egyens\u00falya<\/h6>\n<p align=\"left\">\u00c9gerh\u00e1zi Imre ki\u00e1ll\u00edt\u00e1sa Debrecenben<br \/>\n<em>(Cikk az 1976. m\u00e1rcius\u00e1ban megjelent K\u00f6zalkalmazott c. lapban &#8211; Dr. T\u00f3th Ervin \u00edr\u00e1s\u00e1ban)<\/em><\/p>\n<p align=\"left\">A Debreceni Agr\u00e1rtudom\u00e1nyi Egyetem nagyterm\u00e9ben rendezett ki\u00e1ll\u00edt\u00e1son \u00c9gerh\u00e1zi Imre fest\u0151 f\u0151leg bulg\u00e1riai \u00fati \u00e9lm\u00e9nyeib\u0151l mer\u00edtett olajk\u00e9peket \u00e9s monotypi\u00e1kat mutatott be. De nem csak a bolg\u00e1r t\u00e1jak sz\u00e9ps\u00e9gei, t\u00f6rt\u00e9nelmi m\u00faltja \u00e9s \u00e9p\u00edt\u00e9szeti eml\u00e9kei foglalkoztatt\u00e1k k\u00e9pzelet\u00e9t, hanem sz\u00ednekben \u00e9s vonalakban foglalta azt az \u00e9rzelemvil\u00e1got is, amelyet Atan\u00e1sz Dalcsev versei \u00e9bresztettek benne. Ezt fejezi ki p\u00e9ld\u00e1ul a Hodzsa h\u00e1za Sumenben, \u00e9s Naplement c\u00edm\u0171 m\u0171v\u00e9ben. De asszoci\u00e1ci\u00f3kat \u00e9bresztenek benne a r\u00e9gi t\u00f6r\u00f6k temet\u0151kben tal\u00e1lhat\u00f3 s\u00edrk\u00f6vek, a preszl\u00e1vi romok m\u00e9rtani form\u00e1i, a r\u00e9gi t\u00f6r\u00f6k mot\u00edvumokkal \u00e9s feliratokkal d\u00edsz\u00edtett relikvi\u00e1k is. A sumeni tornyok szimbolik\u00e1ja, a le\u00e1ldozott muzulm\u00e1n vil\u00e1g tan\u00fai jelk\u00e9pes rendbe \u00e1ll\u00edtva id\u00e9zik a m\u00faltat. \u00c9gerh\u00e1zi a hangulati elemeket er\u0151s szerkezetis\u00e9ggel tartja f\u00e9ken. A Tavaszi t\u00e1j atmoszf\u00e9r\u00e1j\u00e1t n\u00e9h\u00e1ny vonalszalag \u00f6leli egybe, de az er\u0151s grafikai tagol\u00e1s legt\u00f6bb m\u0171v\u00e9n kimutathat\u00f3. L\u00e1t\u00e1sa els\u0151sorban grafikus jelleg\u0171, de e vonalabroncsokba z\u00e1rt sz\u00edneket az \u00e1tmenetek finom fokozataival d\u00fas\u00edtja. Sz\u00ednvil\u00e1ga lefolytott s a barna sz\u00ednek gazdag \u00e1tmeneteire \u00e9p\u00fcl. A tov\u00e1bbi \u00fatja a szerkezetis\u00e9g bizonyos fok\u00fa laz\u00edt\u00e1s\u00e1hoz s a sz\u00ednek er\u0151teljesebb kiteljes\u00edt\u00e9s\u00e9hez vezet. Mindez bizony\u00e1ra tov\u00e1bbi el\u0151rel\u00e9p\u00e9st jelent fest\u00e9szeti \u00e9s grafikai kult\u00far\u00e1j\u00e1ban, amelynek jelene is Tam\u00e1s Ervin szavait id\u00e9zve: &#8222;egy hossz\u00fa id\u0151n \u00e1t ki\u00e9rlelt \u00f6nismeretre vall\u00f3 ig\u00e9nyes m\u0171v\u00e9szetr\u0151l tan\u00faskodik.&#8221;<\/p>\n<p align=\"left\">Debrecenben nemcsak \u00c9gerh\u00e1zi fest\u00e9szet\u00e9t m\u00e9lt\u00e1nyolj\u00e1k, hanem azon f\u00e1radoz\u00e1s\u00e1t is, amelyet az \u00fczemekben, a kult\u00farh\u00e1zakban, a klubokban rendezett t\u00e1rlataival \u00e9s t\u00e1rlatvezet\u00e9s\u00e9vel a vizu\u00e1lis m\u0171velts\u00e9g emel\u00e9s\u00e9\u00e9rt kifejt.<\/p>\n[\/vc_column_text][\/vc_column_inner][vc_column_inner width=&#8221;1\/4&#8243;][vc_single_image image=&#8221;8143&#8243; img_size=&#8221;large&#8221; alignment=&#8221;right&#8221; onclick=&#8221;link_image&#8221;][\/vc_column_inner][\/vc_row_inner][\/vc_tta_section][vc_tta_section title=&#8221;Festm\u00e9nyek&#8221; tab_id=&#8221;1563976114809-c5244b6a-d4ef&#8221;][vc_empty_space height=&#8221;16px&#8221;][vc_basic_grid post_type=&#8221;page&#8221; max_items=&#8221;-1&#8243; element_width=&#8221;3&#8243; order=&#8221;ASC&#8221; item=&#8221;7963&#8243; grid_id=&#8221;vc_gid:1601368814192-a37b77a2-fbfb-0&#8243; taxonomies=&#8221;184&#8243;][\/vc_tta_section][vc_tta_section title=&#8221;Sumeni v\u00e1zlatok&#8221; tab_id=&#8221;1591966468912-e90cb6d5-98c0&#8243;][vc_empty_space height=&#8221;16px&#8221;][vc_basic_grid post_type=&#8221;page&#8221; max_items=&#8221;-1&#8243; element_width=&#8221;3&#8243; order=&#8221;ASC&#8221; item=&#8221;7963&#8243; grid_id=&#8221;vc_gid:1601368814193-a99f1dd8-78af-0&#8243; taxonomies=&#8221;212&#8243;][\/vc_tta_section][vc_tta_section title=&#8221;Vend\u00e9gk\u00f6nyv&#8221; tab_id=&#8221;1595855434918-df2e0a9a-8a27&#8243;][vc_empty_space height=&#8221;16px&#8221;][vc_media_grid element_width=&#8221;3&#8243; gap=&#8221;15&#8243; item=&#8221;794&#8243; grid_id=&#8221;vc_gid:1601368814194-0b94087a-3d02-4&#8243; include=&#8221;8150,8151,8152,8153,8154,8155,8156,8157,8158,8159,8160,8161&#8243;][\/vc_tta_section][\/vc_tta_tabs][\/vc_column][\/vc_row][vc_row][vc_column][vc_separator][vc_btn title=&#8221;Vissza a ki\u00e1ll\u00edt\u00e1sok list\u00e1j\u00e1ra&#8221; shape=&#8221;square&#8221; color=&#8221;orange&#8221; align=&#8221;center&#8221; i_icon_fontawesome=&#8221;fas fa-angle-double-left&#8221; add_icon=&#8221;true&#8221; link=&#8221;url:http%3A%2F%2Fegerhaziimre.hu%2Findex.php%2Fkiallitasok-list%2F|title:%5B%3Ahu%5DKi%C3%A1ll%C3%ADt%C3%A1sok%5B%3Aen%5DExhibitions%5B%3A%5D&#8221; el_class=&#8221;mb60 mb30-md&#8221;][\/vc_column][\/vc_row]\n\n<\/div>","protected":false},"excerpt":{"rendered":"<p>[vc_row][vc_column][vc_tta_tabs style=&#8221;flat&#8221; shape=&#8221;square&#8221; color=&#8221;white&#8221; active_section=&#8221;1&#8243;][vc_tta_section title=&#8221;Megh\u00edv\u00f3&#8221; tab_id=&#8221;1563972373652-e991773e-63f3&#8243;][vc_empty_space][vc_media_grid element_width=&#8221;3&#8243; gap=&#8221;15&#8243; item=&#8221;794&#8243; grid_id=&#8221;vc_gid:1601368814185-ed083574-5848-3&#8243; include=&#8221;8126,8128,8129,8127&#8243;][\/vc_tta_section][vc_tta_section title=&#8221;Fot\u00f3k&#8221; tab_id=&#8221;1563976083206-75457341-4d66&#8243;][vc_empty_space height=&#8221;16px&#8221;][vc_media_grid element_width=&#8221;3&#8243; gap=&#8221;15&#8243; grid_id=&#8221;vc_gid:1601368814187-a786cd14-957d-9&#8243; include=&#8221;8131,8132,8133,8134,8135&#8243;][\/vc_tta_section][vc_tta_section title=&#8221;Cikkek, dokumentumok&#8221; tab_id=&#8221;1563976098032-09d543f8-ecc7&#8243;][vc_empty_space][vc_row_inner][vc_column_inner width=&#8221;3\/4&#8243;][vc_column_text] \u00c9gerh\u00e1zi Imre ki\u00e1ll\u00edt\u00e1s\u00e1r\u00f3l (Cikk az 1975. okt\u00f3ber 29-\u00e9n megjelent Hajd\u00fa-Bihari Napl\u00f3b\u00f3l &#8211; Dr. T\u00f3th Ervin \u00edr\u00e1s\u00e1ban) A debreceni Agr\u00e1rtudom\u00e1nyi Egyetem kultur\u00e1lis bizotts\u00e1ga ki\u00e1ll\u00edt\u00e1st rendezett a hajd\u00fahadh\u00e1zi sz\u00fclet\u00e9s\u0171, K\u00e1pl\u00e1r-d\u00edjas debreceni fest\u0151m\u0171v\u00e9sznek f\u0151leg bulg\u00e1riai \u00fati \u00e9lm\u00e9nyeib\u0151l mer\u00edtett olajk\u00e9peib\u0151l \u00e9s [&hellip;]<\/p>\n","protected":false},"author":4,"featured_media":4568,"parent":0,"menu_order":0,"comment_status":"closed","ping_status":"closed","template":"","meta":{"footnotes":""},"categories":[8,10,4],"tags":[40,33],"class_list":["post-8124","page","type-page","status-publish","has-post-thumbnail","hentry","category-egyeni_kiallitasok","category-feldolgozott_kiallitasok","category-kiallitasok","tag-40","tag-debrecen"],"yoast_head":"<!-- This site is optimized with the Yoast SEO plugin v27.0 - https:\/\/yoast.com\/product\/yoast-seo-wordpress\/ -->\n<title>Debreceni Agr\u00e1rtudom\u00e1nyi Egyetem, 1975. okt\u00f3ber 15-30. - \u00c9gerh\u00e1zi Imre<\/title>\n<meta name=\"robots\" content=\"index, follow, max-snippet:-1, max-image-preview:large, max-video-preview:-1\" \/>\n<link rel=\"canonical\" href=\"https:\/\/egerhaziimre.hu\/index.php\/debreceni-agrartudomanyi-egyetem\/?lang=en\" \/>\n<meta property=\"og:locale\" content=\"hu_HU\" \/>\n<meta property=\"og:type\" content=\"article\" \/>\n<meta property=\"og:title\" content=\"Debreceni Agr\u00e1rtudom\u00e1nyi Egyetem, 1975. okt\u00f3ber 15-30. - \u00c9gerh\u00e1zi Imre\" \/>\n<meta property=\"og:description\" content=\"[vc_row][vc_column][vc_tta_tabs style=&#8221;flat&#8221; shape=&#8221;square&#8221; color=&#8221;white&#8221; active_section=&#8221;1&#8243;][vc_tta_section title=&#8221;Megh\u00edv\u00f3&#8221; tab_id=&#8221;1563972373652-e991773e-63f3&#8243;][vc_empty_space][vc_media_grid element_width=&#8221;3&#8243; gap=&#8221;15&#8243; item=&#8221;794&#8243; grid_id=&#8221;vc_gid:1601368814185-ed083574-5848-3&#8243; include=&#8221;8126,8128,8129,8127&#8243;][\/vc_tta_section][vc_tta_section title=&#8221;Fot\u00f3k&#8221; tab_id=&#8221;1563976083206-75457341-4d66&#8243;][vc_empty_space height=&#8221;16px&#8221;][vc_media_grid element_width=&#8221;3&#8243; gap=&#8221;15&#8243; grid_id=&#8221;vc_gid:1601368814187-a786cd14-957d-9&#8243; include=&#8221;8131,8132,8133,8134,8135&#8243;][\/vc_tta_section][vc_tta_section title=&#8221;Cikkek, dokumentumok&#8221; tab_id=&#8221;1563976098032-09d543f8-ecc7&#8243;][vc_empty_space][vc_row_inner][vc_column_inner width=&#8221;3\/4&#8243;][vc_column_text] \u00c9gerh\u00e1zi Imre ki\u00e1ll\u00edt\u00e1s\u00e1r\u00f3l (Cikk az 1975. okt\u00f3ber 29-\u00e9n megjelent Hajd\u00fa-Bihari Napl\u00f3b\u00f3l &#8211; Dr. T\u00f3th Ervin \u00edr\u00e1s\u00e1ban) A debreceni Agr\u00e1rtudom\u00e1nyi Egyetem kultur\u00e1lis bizotts\u00e1ga ki\u00e1ll\u00edt\u00e1st rendezett a hajd\u00fahadh\u00e1zi sz\u00fclet\u00e9s\u0171, K\u00e1pl\u00e1r-d\u00edjas debreceni fest\u0151m\u0171v\u00e9sznek f\u0151leg bulg\u00e1riai \u00fati \u00e9lm\u00e9nyeib\u0151l mer\u00edtett olajk\u00e9peib\u0151l \u00e9s [&hellip;]\" \/>\n<meta property=\"og:url\" content=\"https:\/\/egerhaziimre.hu\/index.php\/debreceni-agrartudomanyi-egyetem\/?lang=en\" \/>\n<meta property=\"og:site_name\" content=\"\u00c9gerh\u00e1zi Imre\" \/>\n<meta property=\"article:modified_time\" content=\"2020-10-05T11:27:56+00:00\" \/>\n<meta property=\"og:image\" content=\"https:\/\/egerhaziimre.hu\/wp-content\/uploads\/kepek\/1023.jpg\" \/>\n\t<meta property=\"og:image:width\" content=\"2000\" \/>\n\t<meta property=\"og:image:height\" content=\"1715\" \/>\n\t<meta property=\"og:image:type\" content=\"image\/jpeg\" \/>\n<meta name=\"twitter:card\" content=\"summary_large_image\" \/>\n<meta name=\"twitter:label1\" content=\"Becs\u00fclt olvas\u00e1si id\u0151\" \/>\n\t<meta name=\"twitter:data1\" content=\"16 perc\" \/>\n<script type=\"application\/ld+json\" class=\"yoast-schema-graph\">{\"@context\":\"https:\/\/schema.org\",\"@graph\":[{\"@type\":\"WebPage\",\"@id\":\"https:\/\/egerhaziimre.hu\/index.php\/debreceni-agrartudomanyi-egyetem\/?lang=en\",\"url\":\"https:\/\/egerhaziimre.hu\/index.php\/debreceni-agrartudomanyi-egyetem\/?lang=en\",\"name\":\"Debreceni Agr\u00e1rtudom\u00e1nyi Egyetem, 1975. okt\u00f3ber 15-30. - \u00c9gerh\u00e1zi Imre\",\"isPartOf\":{\"@id\":\"https:\/\/egerhaziimre.hu\/#website\"},\"primaryImageOfPage\":{\"@id\":\"https:\/\/egerhaziimre.hu\/index.php\/debreceni-agrartudomanyi-egyetem\/?lang=en#primaryimage\"},\"image\":{\"@id\":\"https:\/\/egerhaziimre.hu\/index.php\/debreceni-agrartudomanyi-egyetem\/?lang=en#primaryimage\"},\"thumbnailUrl\":\"https:\/\/egerhaziimre.hu\/wp-content\/uploads\/kepek\/1023.jpg\",\"datePublished\":\"1975-10-15T13:30:33+00:00\",\"dateModified\":\"2020-10-05T11:27:56+00:00\",\"breadcrumb\":{\"@id\":\"https:\/\/egerhaziimre.hu\/index.php\/debreceni-agrartudomanyi-egyetem\/?lang=en#breadcrumb\"},\"inLanguage\":\"hu\",\"potentialAction\":[{\"@type\":\"ReadAction\",\"target\":[\"https:\/\/egerhaziimre.hu\/index.php\/debreceni-agrartudomanyi-egyetem\/?lang=en\"]}]},{\"@type\":\"ImageObject\",\"inLanguage\":\"hu\",\"@id\":\"https:\/\/egerhaziimre.hu\/index.php\/debreceni-agrartudomanyi-egyetem\/?lang=en#primaryimage\",\"url\":\"https:\/\/egerhaziimre.hu\/wp-content\/uploads\/kepek\/1023.jpg\",\"contentUrl\":\"https:\/\/egerhaziimre.hu\/wp-content\/uploads\/kepek\/1023.jpg\",\"width\":2000,\"height\":1715,\"caption\":\"olaj, farost, 60x70cm 1974\"},{\"@type\":\"BreadcrumbList\",\"@id\":\"https:\/\/egerhaziimre.hu\/index.php\/debreceni-agrartudomanyi-egyetem\/?lang=en#breadcrumb\",\"itemListElement\":[{\"@type\":\"ListItem\",\"position\":1,\"name\":\"Home\",\"item\":\"https:\/\/egerhaziimre.hu\/\"},{\"@type\":\"ListItem\",\"position\":2,\"name\":\"University Of Agricultural Sciences Of Debrecen, 15-30 October 1975\"}]},{\"@type\":\"WebSite\",\"@id\":\"https:\/\/egerhaziimre.hu\/#website\",\"url\":\"https:\/\/egerhaziimre.hu\/\",\"name\":\"\u00c9gerh\u00e1zi Imre\",\"description\":\"\",\"potentialAction\":[{\"@type\":\"SearchAction\",\"target\":{\"@type\":\"EntryPoint\",\"urlTemplate\":\"https:\/\/egerhaziimre.hu\/?s={search_term_string}\"},\"query-input\":{\"@type\":\"PropertyValueSpecification\",\"valueRequired\":true,\"valueName\":\"search_term_string\"}}],\"inLanguage\":\"hu\"}]}<\/script>\n<!-- \/ Yoast SEO plugin. -->","yoast_head_json":{"title":"Debreceni Agr\u00e1rtudom\u00e1nyi Egyetem, 1975. okt\u00f3ber 15-30. - \u00c9gerh\u00e1zi Imre","robots":{"index":"index","follow":"follow","max-snippet":"max-snippet:-1","max-image-preview":"max-image-preview:large","max-video-preview":"max-video-preview:-1"},"canonical":"https:\/\/egerhaziimre.hu\/index.php\/debreceni-agrartudomanyi-egyetem\/?lang=en","og_locale":"hu_HU","og_type":"article","og_title":"Debreceni Agr\u00e1rtudom\u00e1nyi Egyetem, 1975. okt\u00f3ber 15-30. - \u00c9gerh\u00e1zi Imre","og_description":"[vc_row][vc_column][vc_tta_tabs style=&#8221;flat&#8221; shape=&#8221;square&#8221; color=&#8221;white&#8221; active_section=&#8221;1&#8243;][vc_tta_section title=&#8221;Megh\u00edv\u00f3&#8221; tab_id=&#8221;1563972373652-e991773e-63f3&#8243;][vc_empty_space][vc_media_grid element_width=&#8221;3&#8243; gap=&#8221;15&#8243; item=&#8221;794&#8243; grid_id=&#8221;vc_gid:1601368814185-ed083574-5848-3&#8243; include=&#8221;8126,8128,8129,8127&#8243;][\/vc_tta_section][vc_tta_section title=&#8221;Fot\u00f3k&#8221; tab_id=&#8221;1563976083206-75457341-4d66&#8243;][vc_empty_space height=&#8221;16px&#8221;][vc_media_grid element_width=&#8221;3&#8243; gap=&#8221;15&#8243; grid_id=&#8221;vc_gid:1601368814187-a786cd14-957d-9&#8243; include=&#8221;8131,8132,8133,8134,8135&#8243;][\/vc_tta_section][vc_tta_section title=&#8221;Cikkek, dokumentumok&#8221; tab_id=&#8221;1563976098032-09d543f8-ecc7&#8243;][vc_empty_space][vc_row_inner][vc_column_inner width=&#8221;3\/4&#8243;][vc_column_text] \u00c9gerh\u00e1zi Imre ki\u00e1ll\u00edt\u00e1s\u00e1r\u00f3l (Cikk az 1975. okt\u00f3ber 29-\u00e9n megjelent Hajd\u00fa-Bihari Napl\u00f3b\u00f3l &#8211; Dr. T\u00f3th Ervin \u00edr\u00e1s\u00e1ban) A debreceni Agr\u00e1rtudom\u00e1nyi Egyetem kultur\u00e1lis bizotts\u00e1ga ki\u00e1ll\u00edt\u00e1st rendezett a hajd\u00fahadh\u00e1zi sz\u00fclet\u00e9s\u0171, K\u00e1pl\u00e1r-d\u00edjas debreceni fest\u0151m\u0171v\u00e9sznek f\u0151leg bulg\u00e1riai \u00fati \u00e9lm\u00e9nyeib\u0151l mer\u00edtett olajk\u00e9peib\u0151l \u00e9s [&hellip;]","og_url":"https:\/\/egerhaziimre.hu\/index.php\/debreceni-agrartudomanyi-egyetem\/?lang=en","og_site_name":"\u00c9gerh\u00e1zi Imre","article_modified_time":"2020-10-05T11:27:56+00:00","og_image":[{"width":2000,"height":1715,"url":"https:\/\/egerhaziimre.hu\/wp-content\/uploads\/kepek\/1023.jpg","type":"image\/jpeg"}],"twitter_card":"summary_large_image","twitter_misc":{"Becs\u00fclt olvas\u00e1si id\u0151":"16 perc"},"schema":{"@context":"https:\/\/schema.org","@graph":[{"@type":"WebPage","@id":"https:\/\/egerhaziimre.hu\/index.php\/debreceni-agrartudomanyi-egyetem\/?lang=en","url":"https:\/\/egerhaziimre.hu\/index.php\/debreceni-agrartudomanyi-egyetem\/?lang=en","name":"Debreceni Agr\u00e1rtudom\u00e1nyi Egyetem, 1975. okt\u00f3ber 15-30. - \u00c9gerh\u00e1zi Imre","isPartOf":{"@id":"https:\/\/egerhaziimre.hu\/#website"},"primaryImageOfPage":{"@id":"https:\/\/egerhaziimre.hu\/index.php\/debreceni-agrartudomanyi-egyetem\/?lang=en#primaryimage"},"image":{"@id":"https:\/\/egerhaziimre.hu\/index.php\/debreceni-agrartudomanyi-egyetem\/?lang=en#primaryimage"},"thumbnailUrl":"https:\/\/egerhaziimre.hu\/wp-content\/uploads\/kepek\/1023.jpg","datePublished":"1975-10-15T13:30:33+00:00","dateModified":"2020-10-05T11:27:56+00:00","breadcrumb":{"@id":"https:\/\/egerhaziimre.hu\/index.php\/debreceni-agrartudomanyi-egyetem\/?lang=en#breadcrumb"},"inLanguage":"hu","potentialAction":[{"@type":"ReadAction","target":["https:\/\/egerhaziimre.hu\/index.php\/debreceni-agrartudomanyi-egyetem\/?lang=en"]}]},{"@type":"ImageObject","inLanguage":"hu","@id":"https:\/\/egerhaziimre.hu\/index.php\/debreceni-agrartudomanyi-egyetem\/?lang=en#primaryimage","url":"https:\/\/egerhaziimre.hu\/wp-content\/uploads\/kepek\/1023.jpg","contentUrl":"https:\/\/egerhaziimre.hu\/wp-content\/uploads\/kepek\/1023.jpg","width":2000,"height":1715,"caption":"olaj, farost, 60x70cm 1974"},{"@type":"BreadcrumbList","@id":"https:\/\/egerhaziimre.hu\/index.php\/debreceni-agrartudomanyi-egyetem\/?lang=en#breadcrumb","itemListElement":[{"@type":"ListItem","position":1,"name":"Home","item":"https:\/\/egerhaziimre.hu\/"},{"@type":"ListItem","position":2,"name":"University Of Agricultural Sciences Of Debrecen, 15-30 October 1975"}]},{"@type":"WebSite","@id":"https:\/\/egerhaziimre.hu\/#website","url":"https:\/\/egerhaziimre.hu\/","name":"\u00c9gerh\u00e1zi Imre","description":"","potentialAction":[{"@type":"SearchAction","target":{"@type":"EntryPoint","urlTemplate":"https:\/\/egerhaziimre.hu\/?s={search_term_string}"},"query-input":{"@type":"PropertyValueSpecification","valueRequired":true,"valueName":"search_term_string"}}],"inLanguage":"hu"}]}},"jetpack_sharing_enabled":true,"_links":{"self":[{"href":"https:\/\/egerhaziimre.hu\/index.php\/wp-json\/wp\/v2\/pages\/8124","targetHints":{"allow":["GET"]}}],"collection":[{"href":"https:\/\/egerhaziimre.hu\/index.php\/wp-json\/wp\/v2\/pages"}],"about":[{"href":"https:\/\/egerhaziimre.hu\/index.php\/wp-json\/wp\/v2\/types\/page"}],"author":[{"embeddable":true,"href":"https:\/\/egerhaziimre.hu\/index.php\/wp-json\/wp\/v2\/users\/4"}],"replies":[{"embeddable":true,"href":"https:\/\/egerhaziimre.hu\/index.php\/wp-json\/wp\/v2\/comments?post=8124"}],"version-history":[{"count":25,"href":"https:\/\/egerhaziimre.hu\/index.php\/wp-json\/wp\/v2\/pages\/8124\/revisions"}],"predecessor-version":[{"id":10512,"href":"https:\/\/egerhaziimre.hu\/index.php\/wp-json\/wp\/v2\/pages\/8124\/revisions\/10512"}],"wp:featuredmedia":[{"embeddable":true,"href":"https:\/\/egerhaziimre.hu\/index.php\/wp-json\/wp\/v2\/media\/4568"}],"wp:attachment":[{"href":"https:\/\/egerhaziimre.hu\/index.php\/wp-json\/wp\/v2\/media?parent=8124"}],"wp:term":[{"taxonomy":"category","embeddable":true,"href":"https:\/\/egerhaziimre.hu\/index.php\/wp-json\/wp\/v2\/categories?post=8124"},{"taxonomy":"post_tag","embeddable":true,"href":"https:\/\/egerhaziimre.hu\/index.php\/wp-json\/wp\/v2\/tags?post=8124"}],"curies":[{"name":"wp","href":"https:\/\/api.w.org\/{rel}","templated":true}]}}