{"id":823,"date":"2019-08-05T09:21:57","date_gmt":"2019-08-05T07:21:57","guid":{"rendered":"http:\/\/egerhaziimre.magex.hu\/?page_id=823"},"modified":"2023-06-14T15:49:15","modified_gmt":"2023-06-14T13:49:15","slug":"1986-hajdu-bihar-megyei-tanacs-bessenyei-emlekerem","status":"publish","type":"page","link":"https:\/\/egerhaziimre.hu\/index.php\/dijak-elismeresek\/1986-hajdu-bihar-megyei-tanacs-bessenyei-emlekerem\/","title":{"rendered":"1986, Hajd\u00fa-Bihar Megyei Tan\u00e1cs Bessenyei-eml\u00e9k\u00e9rem"},"content":{"rendered":"<div class=\"wpb-content-wrapper\">[vc_row][vc_column width=&#8221;1\/3&#8243;][\/vc_column][vc_column width=&#8221;1\/3&#8243;][vc_empty_space height=&#8221;15px&#8221;][vc_media_grid element_width=&#8221;12&#8243; gap=&#8221;15&#8243; item=&#8221;794&#8243; grid_id=&#8221;vc_gid:1564990204910-7cb3494b-24b5-0&#8243; include=&#8221;816&#8243;][\/vc_column][vc_column width=&#8221;1\/3&#8243;][\/vc_column][\/vc_row]\n<\/div>","protected":false},"excerpt":{"rendered":"<p>[vc_row][vc_column width=&#8221;1\/3&#8243;][\/vc_column][vc_column width=&#8221;1\/3&#8243;][vc_empty_space height=&#8221;15px&#8221;][vc_media_grid element_width=&#8221;12&#8243; gap=&#8221;15&#8243; item=&#8221;794&#8243; grid_id=&#8221;vc_gid:1564990204910-7cb3494b-24b5-0&#8243; include=&#8221;816&#8243;][\/vc_column][vc_column width=&#8221;1\/3&#8243;][\/vc_column][\/vc_row]<\/p>\n","protected":false},"author":4,"featured_media":816,"parent":31,"menu_order":0,"comment_status":"closed","ping_status":"closed","template":"","meta":{"footnotes":""},"categories":[22,57],"tags":[43,64],"class_list":["post-823","page","type-page","status-publish","has-post-thumbnail","hentry","category-dijak_elismeresek","category-emlekerem","tag-43","tag-hajduhadhaz"],"yoast_head":"<!-- This site is optimized with the Yoast SEO plugin v27.0 - https:\/\/yoast.com\/product\/yoast-seo-wordpress\/ -->\n<title>1986, Hajd\u00fa-Bihar Megyei Tan\u00e1cs Bessenyei-eml\u00e9k\u00e9rem - \u00c9gerh\u00e1zi Imre<\/title>\n<meta name=\"robots\" content=\"index, follow, max-snippet:-1, max-image-preview:large, max-video-preview:-1\" \/>\n<link rel=\"canonical\" href=\"https:\/\/egerhaziimre.hu\/index.php\/dijak-elismeresek\/1986-hajdu-bihar-megyei-tanacs-bessenyei-emlekerem\/\" \/>\n<meta property=\"og:locale\" content=\"hu_HU\" \/>\n<meta property=\"og:type\" content=\"article\" \/>\n<meta property=\"og:title\" content=\"1986, Hajd\u00fa-Bihar Megyei Tan\u00e1cs Bessenyei-eml\u00e9k\u00e9rem - \u00c9gerh\u00e1zi Imre\" \/>\n<meta property=\"og:description\" content=\"[vc_row][vc_column width=&#8221;1\/3&#8243;][\/vc_column][vc_column width=&#8221;1\/3&#8243;][vc_empty_space height=&#8221;15px&#8221;][vc_media_grid element_width=&#8221;12&#8243; gap=&#8221;15&#8243; item=&#8221;794&#8243; grid_id=&#8221;vc_gid:1564990204910-7cb3494b-24b5-0&#8243; include=&#8221;816&#8243;][\/vc_column][vc_column width=&#8221;1\/3&#8243;][\/vc_column][\/vc_row]\" \/>\n<meta property=\"og:url\" content=\"https:\/\/egerhaziimre.hu\/index.php\/dijak-elismeresek\/1986-hajdu-bihar-megyei-tanacs-bessenyei-emlekerem\/\" \/>\n<meta property=\"og:site_name\" content=\"\u00c9gerh\u00e1zi Imre\" \/>\n<meta property=\"article:modified_time\" content=\"2023-06-14T13:49:15+00:00\" \/>\n<meta property=\"og:image\" content=\"https:\/\/egerhaziimre.hu\/wp-content\/uploads\/2019\/08\/dijak_elismeresek\/1986_bessenyei.jpg\" \/>\n\t<meta property=\"og:image:width\" content=\"500\" \/>\n\t<meta property=\"og:image:height\" content=\"255\" \/>\n\t<meta property=\"og:image:type\" content=\"image\/jpeg\" \/>\n<meta name=\"twitter:card\" content=\"summary_large_image\" \/>\n<meta name=\"twitter:label1\" content=\"Becs\u00fclt olvas\u00e1si id\u0151\" \/>\n\t<meta name=\"twitter:data1\" content=\"1 perc\" \/>\n<script type=\"application\/ld+json\" class=\"yoast-schema-graph\">{\"@context\":\"https:\/\/schema.org\",\"@graph\":[{\"@type\":\"WebPage\",\"@id\":\"https:\/\/egerhaziimre.hu\/index.php\/dijak-elismeresek\/1986-hajdu-bihar-megyei-tanacs-bessenyei-emlekerem\/\",\"url\":\"https:\/\/egerhaziimre.hu\/index.php\/dijak-elismeresek\/1986-hajdu-bihar-megyei-tanacs-bessenyei-emlekerem\/\",\"name\":\"1986, Hajd\u00fa-Bihar Megyei Tan\u00e1cs Bessenyei-eml\u00e9k\u00e9rem - \u00c9gerh\u00e1zi Imre\",\"isPartOf\":{\"@id\":\"https:\/\/egerhaziimre.hu\/#website\"},\"primaryImageOfPage\":{\"@id\":\"https:\/\/egerhaziimre.hu\/index.php\/dijak-elismeresek\/1986-hajdu-bihar-megyei-tanacs-bessenyei-emlekerem\/#primaryimage\"},\"image\":{\"@id\":\"https:\/\/egerhaziimre.hu\/index.php\/dijak-elismeresek\/1986-hajdu-bihar-megyei-tanacs-bessenyei-emlekerem\/#primaryimage\"},\"thumbnailUrl\":\"https:\/\/egerhaziimre.hu\/wp-content\/uploads\/2019\/08\/dijak_elismeresek\/1986_bessenyei.jpg\",\"datePublished\":\"2019-08-05T07:21:57+00:00\",\"dateModified\":\"2023-06-14T13:49:15+00:00\",\"breadcrumb\":{\"@id\":\"https:\/\/egerhaziimre.hu\/index.php\/dijak-elismeresek\/1986-hajdu-bihar-megyei-tanacs-bessenyei-emlekerem\/#breadcrumb\"},\"inLanguage\":\"hu\",\"potentialAction\":[{\"@type\":\"ReadAction\",\"target\":[\"https:\/\/egerhaziimre.hu\/index.php\/dijak-elismeresek\/1986-hajdu-bihar-megyei-tanacs-bessenyei-emlekerem\/\"]}]},{\"@type\":\"ImageObject\",\"inLanguage\":\"hu\",\"@id\":\"https:\/\/egerhaziimre.hu\/index.php\/dijak-elismeresek\/1986-hajdu-bihar-megyei-tanacs-bessenyei-emlekerem\/#primaryimage\",\"url\":\"https:\/\/egerhaziimre.hu\/wp-content\/uploads\/2019\/08\/dijak_elismeresek\/1986_bessenyei.jpg\",\"contentUrl\":\"https:\/\/egerhaziimre.hu\/wp-content\/uploads\/2019\/08\/dijak_elismeresek\/1986_bessenyei.jpg\",\"width\":500,\"height\":255,\"caption\":\"1986\"},{\"@type\":\"BreadcrumbList\",\"@id\":\"https:\/\/egerhaziimre.hu\/index.php\/dijak-elismeresek\/1986-hajdu-bihar-megyei-tanacs-bessenyei-emlekerem\/#breadcrumb\",\"itemListElement\":[{\"@type\":\"ListItem\",\"position\":1,\"name\":\"Home\",\"item\":\"https:\/\/egerhaziimre.hu\/\"},{\"@type\":\"ListItem\",\"position\":2,\"name\":\"Awards, recognitions\",\"item\":\"https:\/\/egerhaziimre.hu\/index.php\/dijak-elismeresek\/?lang=en\"},{\"@type\":\"ListItem\",\"position\":3,\"name\":\"1986, Hajd\u00fa-Bihar Megyei Tan\u00e1cs Bessenyei-eml\u00e9k\u00e9rem\"}]},{\"@type\":\"WebSite\",\"@id\":\"https:\/\/egerhaziimre.hu\/#website\",\"url\":\"https:\/\/egerhaziimre.hu\/\",\"name\":\"\u00c9gerh\u00e1zi Imre\",\"description\":\"\",\"potentialAction\":[{\"@type\":\"SearchAction\",\"target\":{\"@type\":\"EntryPoint\",\"urlTemplate\":\"https:\/\/egerhaziimre.hu\/?s={search_term_string}\"},\"query-input\":{\"@type\":\"PropertyValueSpecification\",\"valueRequired\":true,\"valueName\":\"search_term_string\"}}],\"inLanguage\":\"hu\"}]}<\/script>\n<!-- \/ Yoast SEO plugin. -->","yoast_head_json":{"title":"1986, Hajd\u00fa-Bihar Megyei Tan\u00e1cs Bessenyei-eml\u00e9k\u00e9rem - \u00c9gerh\u00e1zi Imre","robots":{"index":"index","follow":"follow","max-snippet":"max-snippet:-1","max-image-preview":"max-image-preview:large","max-video-preview":"max-video-preview:-1"},"canonical":"https:\/\/egerhaziimre.hu\/index.php\/dijak-elismeresek\/1986-hajdu-bihar-megyei-tanacs-bessenyei-emlekerem\/","og_locale":"hu_HU","og_type":"article","og_title":"1986, Hajd\u00fa-Bihar Megyei Tan\u00e1cs Bessenyei-eml\u00e9k\u00e9rem - \u00c9gerh\u00e1zi Imre","og_description":"[vc_row][vc_column width=&#8221;1\/3&#8243;][\/vc_column][vc_column width=&#8221;1\/3&#8243;][vc_empty_space height=&#8221;15px&#8221;][vc_media_grid element_width=&#8221;12&#8243; gap=&#8221;15&#8243; item=&#8221;794&#8243; grid_id=&#8221;vc_gid:1564990204910-7cb3494b-24b5-0&#8243; include=&#8221;816&#8243;][\/vc_column][vc_column width=&#8221;1\/3&#8243;][\/vc_column][\/vc_row]","og_url":"https:\/\/egerhaziimre.hu\/index.php\/dijak-elismeresek\/1986-hajdu-bihar-megyei-tanacs-bessenyei-emlekerem\/","og_site_name":"\u00c9gerh\u00e1zi Imre","article_modified_time":"2023-06-14T13:49:15+00:00","og_image":[{"width":500,"height":255,"url":"https:\/\/egerhaziimre.hu\/wp-content\/uploads\/2019\/08\/dijak_elismeresek\/1986_bessenyei.jpg","type":"image\/jpeg"}],"twitter_card":"summary_large_image","twitter_misc":{"Becs\u00fclt olvas\u00e1si id\u0151":"1 perc"},"schema":{"@context":"https:\/\/schema.org","@graph":[{"@type":"WebPage","@id":"https:\/\/egerhaziimre.hu\/index.php\/dijak-elismeresek\/1986-hajdu-bihar-megyei-tanacs-bessenyei-emlekerem\/","url":"https:\/\/egerhaziimre.hu\/index.php\/dijak-elismeresek\/1986-hajdu-bihar-megyei-tanacs-bessenyei-emlekerem\/","name":"1986, Hajd\u00fa-Bihar Megyei Tan\u00e1cs Bessenyei-eml\u00e9k\u00e9rem - \u00c9gerh\u00e1zi Imre","isPartOf":{"@id":"https:\/\/egerhaziimre.hu\/#website"},"primaryImageOfPage":{"@id":"https:\/\/egerhaziimre.hu\/index.php\/dijak-elismeresek\/1986-hajdu-bihar-megyei-tanacs-bessenyei-emlekerem\/#primaryimage"},"image":{"@id":"https:\/\/egerhaziimre.hu\/index.php\/dijak-elismeresek\/1986-hajdu-bihar-megyei-tanacs-bessenyei-emlekerem\/#primaryimage"},"thumbnailUrl":"https:\/\/egerhaziimre.hu\/wp-content\/uploads\/2019\/08\/dijak_elismeresek\/1986_bessenyei.jpg","datePublished":"2019-08-05T07:21:57+00:00","dateModified":"2023-06-14T13:49:15+00:00","breadcrumb":{"@id":"https:\/\/egerhaziimre.hu\/index.php\/dijak-elismeresek\/1986-hajdu-bihar-megyei-tanacs-bessenyei-emlekerem\/#breadcrumb"},"inLanguage":"hu","potentialAction":[{"@type":"ReadAction","target":["https:\/\/egerhaziimre.hu\/index.php\/dijak-elismeresek\/1986-hajdu-bihar-megyei-tanacs-bessenyei-emlekerem\/"]}]},{"@type":"ImageObject","inLanguage":"hu","@id":"https:\/\/egerhaziimre.hu\/index.php\/dijak-elismeresek\/1986-hajdu-bihar-megyei-tanacs-bessenyei-emlekerem\/#primaryimage","url":"https:\/\/egerhaziimre.hu\/wp-content\/uploads\/2019\/08\/dijak_elismeresek\/1986_bessenyei.jpg","contentUrl":"https:\/\/egerhaziimre.hu\/wp-content\/uploads\/2019\/08\/dijak_elismeresek\/1986_bessenyei.jpg","width":500,"height":255,"caption":"1986"},{"@type":"BreadcrumbList","@id":"https:\/\/egerhaziimre.hu\/index.php\/dijak-elismeresek\/1986-hajdu-bihar-megyei-tanacs-bessenyei-emlekerem\/#breadcrumb","itemListElement":[{"@type":"ListItem","position":1,"name":"Home","item":"https:\/\/egerhaziimre.hu\/"},{"@type":"ListItem","position":2,"name":"Awards, recognitions","item":"https:\/\/egerhaziimre.hu\/index.php\/dijak-elismeresek\/?lang=en"},{"@type":"ListItem","position":3,"name":"1986, Hajd\u00fa-Bihar Megyei Tan\u00e1cs Bessenyei-eml\u00e9k\u00e9rem"}]},{"@type":"WebSite","@id":"https:\/\/egerhaziimre.hu\/#website","url":"https:\/\/egerhaziimre.hu\/","name":"\u00c9gerh\u00e1zi Imre","description":"","potentialAction":[{"@type":"SearchAction","target":{"@type":"EntryPoint","urlTemplate":"https:\/\/egerhaziimre.hu\/?s={search_term_string}"},"query-input":{"@type":"PropertyValueSpecification","valueRequired":true,"valueName":"search_term_string"}}],"inLanguage":"hu"}]}},"jetpack_sharing_enabled":true,"_links":{"self":[{"href":"https:\/\/egerhaziimre.hu\/index.php\/wp-json\/wp\/v2\/pages\/823","targetHints":{"allow":["GET"]}}],"collection":[{"href":"https:\/\/egerhaziimre.hu\/index.php\/wp-json\/wp\/v2\/pages"}],"about":[{"href":"https:\/\/egerhaziimre.hu\/index.php\/wp-json\/wp\/v2\/types\/page"}],"author":[{"embeddable":true,"href":"https:\/\/egerhaziimre.hu\/index.php\/wp-json\/wp\/v2\/users\/4"}],"replies":[{"embeddable":true,"href":"https:\/\/egerhaziimre.hu\/index.php\/wp-json\/wp\/v2\/comments?post=823"}],"version-history":[{"count":5,"href":"https:\/\/egerhaziimre.hu\/index.php\/wp-json\/wp\/v2\/pages\/823\/revisions"}],"predecessor-version":[{"id":13166,"href":"https:\/\/egerhaziimre.hu\/index.php\/wp-json\/wp\/v2\/pages\/823\/revisions\/13166"}],"up":[{"embeddable":true,"href":"https:\/\/egerhaziimre.hu\/index.php\/wp-json\/wp\/v2\/pages\/31"}],"wp:featuredmedia":[{"embeddable":true,"href":"https:\/\/egerhaziimre.hu\/index.php\/wp-json\/wp\/v2\/media\/816"}],"wp:attachment":[{"href":"https:\/\/egerhaziimre.hu\/index.php\/wp-json\/wp\/v2\/media?parent=823"}],"wp:term":[{"taxonomy":"category","embeddable":true,"href":"https:\/\/egerhaziimre.hu\/index.php\/wp-json\/wp\/v2\/categories?post=823"},{"taxonomy":"post_tag","embeddable":true,"href":"https:\/\/egerhaziimre.hu\/index.php\/wp-json\/wp\/v2\/tags?post=823"}],"curies":[{"name":"wp","href":"https:\/\/api.w.org\/{rel}","templated":true}]}}