{"id":8251,"date":"1986-05-08T16:38:32","date_gmt":"1986-05-08T14:38:32","guid":{"rendered":"http:\/\/egerhaziimre.magex.hu\/?page_id=8251"},"modified":"2020-10-02T16:18:22","modified_gmt":"2020-10-02T14:18:22","slug":"kepcsarnok-egry-jozsef-terem-nagykanizsa-1986","status":"publish","type":"page","link":"https:\/\/egerhaziimre.hu\/index.php\/kepcsarnok-egry-jozsef-terem-nagykanizsa-1986\/","title":{"rendered":"K\u00e9pcsarnok, Egry J\u00f3zsef Terem, Nagykanizsa, 1986. m\u00e1jus 08."},"content":{"rendered":"<div class=\"wpb-content-wrapper\">[vc_row][vc_column][vc_tta_tabs style=&#8221;flat&#8221; shape=&#8221;square&#8221; color=&#8221;white&#8221; active_section=&#8221;1&#8243;][vc_tta_section title=&#8221;Megh\u00edv\u00f3&#8221; tab_id=&#8221;1563972373652-e991773e-63f3&#8243;][vc_empty_space][vc_media_grid element_width=&#8221;3&#8243; gap=&#8221;15&#8243; item=&#8221;794&#8243; grid_id=&#8221;vc_gid:1601648149950-4d6062fa-4861-3&#8243; include=&#8221;8254,8255,8256,8257&#8243;][\/vc_tta_section][vc_tta_section title=&#8221;Cikkek, dokumentumok&#8221; tab_id=&#8221;1563976098032-09d543f8-ecc7&#8243;][vc_empty_space][vc_column_text]\n<h6>Egy ki\u00e1ll\u00edtott festm\u00e9ny nyilv\u00e1ntart\u00e1si cimk\u00e9je<\/h6>\n[\/vc_column_text][vc_row_inner][vc_column_inner width=&#8221;1\/3&#8243;][vc_single_image image=&#8221;8264&#8243; img_size=&#8221;large&#8221; onclick=&#8221;link_image&#8221;][\/vc_column_inner][vc_column_inner width=&#8221;1\/3&#8243;][vc_single_image image=&#8221;8262&#8243; img_size=&#8221;large&#8221; onclick=&#8221;link_image&#8221;][\/vc_column_inner][vc_column_inner width=&#8221;1\/3&#8243;][vc_single_image image=&#8221;8263&#8243; img_size=&#8221;large&#8221; onclick=&#8221;link_image&#8221;][\/vc_column_inner][\/vc_row_inner][vc_separator][vc_row_inner][vc_column_inner width=&#8221;3\/4&#8243;][vc_column_text]\n<h6><strong>Cikk az 1986. m\u00e1jus 8-\u00e1n megjelent Hajd\u00fa- Bihari Napl\u00f3b\u00f3l<\/strong><\/h6>\n<p>\u00c9GERH\u00c1ZI IMRE FEST\u0150M\u0170V\u00c9SZ alkot\u00e1saib\u00f3l rendeztek ki\u00e1ll\u00edt\u00e1st Nagykanizs\u00e1n az Egry J\u00f3zsef teremben. A t\u00e1rlat m\u00e1jus 8- t\u00f3l 17-ig lesz nyitva.[\/vc_column_text][\/vc_column_inner][vc_column_inner width=&#8221;1\/4&#8243;][vc_single_image image=&#8221;8266&#8243; img_size=&#8221;large&#8221; alignment=&#8221;right&#8221; onclick=&#8221;link_image&#8221;][\/vc_column_inner][\/vc_row_inner][vc_separator][vc_row_inner][vc_column_inner width=&#8221;3\/4&#8243;][vc_column_text]\n<h6><strong>Cikk az 1986. m\u00e1jus 9-\u00e9n megjelent Zalai H\u00edrlapb\u00f3l Ki\u00e1ll\u00edt\u00e1s.<\/strong><\/h6>\n<p>Tegnap d\u00e9lut\u00e1n Nagykanizs\u00e1n az Egry J\u00f3zsef Teremben \u00c9gerh\u00e1zi Imre, SZOT &#8211; \u00f6szt\u00f6nd\u00edjas fest\u0151m\u0171v\u00e9sz alkot\u00e1saib\u00f3l ny\u00edlt ki\u00e1ll\u00edt\u00e1s. A l\u00e1togat\u00f3k m\u00e1jus 17-ig tekinthetik meg a t\u00e1rlatot.[\/vc_column_text][\/vc_column_inner][vc_column_inner width=&#8221;1\/4&#8243;][vc_single_image image=&#8221;8267&#8243; img_size=&#8221;large&#8221; alignment=&#8221;right&#8221; onclick=&#8221;link_image&#8221;][\/vc_column_inner][\/vc_row_inner][\/vc_tta_section][vc_tta_section title=&#8221;Festm\u00e9nyek&#8221; tab_id=&#8221;1563976114809-c5244b6a-d4ef&#8221;][vc_empty_space height=&#8221;16px&#8221;][vc_basic_grid post_type=&#8221;page&#8221; max_items=&#8221;-1&#8243; element_width=&#8221;3&#8243; order=&#8221;ASC&#8221; item=&#8221;7963&#8243; grid_id=&#8221;vc_gid:1601648149955-137e2bbb-e58e-4&#8243; taxonomies=&#8221;203&#8243;][\/vc_tta_section][vc_tta_section title=&#8221;Audi\u00f3 \u00e9s vide\u00f3&#8221; tab_id=&#8221;1591966468912-e90cb6d5-98c0&#8243;][vc_empty_space height=&#8221;16px&#8221;][vc_column_text]<strong>\u00c9gerh\u00e1zi Imre ki\u00e1ll\u00edtott k\u00e9pei, Nagykanizsa, K\u00e9pcsarnok, Egry J\u00f3zsef Terem, 1986.<\/strong>[\/vc_column_text][vc_video link=&#8221;&#8221; el_width=&#8221;80&#8243; align=&#8221;center&#8221;][\/vc_tta_section][\/vc_tta_tabs][\/vc_column][\/vc_row][vc_row][vc_column][vc_separator][vc_btn title=&#8221;Vissza a ki\u00e1ll\u00edt\u00e1sok list\u00e1j\u00e1ra&#8221; shape=&#8221;square&#8221; color=&#8221;orange&#8221; align=&#8221;center&#8221; i_icon_fontawesome=&#8221;fas fa-angle-double-left&#8221; add_icon=&#8221;true&#8221; link=&#8221;url:http%3A%2F%2Fegerhaziimre.hu%2Findex.php%2Fkiallitasok-list%2F|title:%5B%3Ahu%5DKi%C3%A1ll%C3%ADt%C3%A1sok%5B%3Aen%5DExhibitions%5B%3A%5D&#8221; el_class=&#8221;mb60 mb30-md&#8221;][\/vc_column][\/vc_row]\n<\/div>","protected":false},"excerpt":{"rendered":"<p>[vc_row][vc_column][vc_tta_tabs style=&#8221;flat&#8221; shape=&#8221;square&#8221; color=&#8221;white&#8221; active_section=&#8221;1&#8243;][vc_tta_section title=&#8221;Megh\u00edv\u00f3&#8221; tab_id=&#8221;1563972373652-e991773e-63f3&#8243;][vc_empty_space][vc_media_grid element_width=&#8221;3&#8243; gap=&#8221;15&#8243; item=&#8221;794&#8243; grid_id=&#8221;vc_gid:1601648149950-4d6062fa-4861-3&#8243; include=&#8221;8254,8255,8256,8257&#8243;][\/vc_tta_section][vc_tta_section title=&#8221;Cikkek, dokumentumok&#8221; tab_id=&#8221;1563976098032-09d543f8-ecc7&#8243;][vc_empty_space][vc_column_text] Egy ki\u00e1ll\u00edtott festm\u00e9ny nyilv\u00e1ntart\u00e1si cimk\u00e9je [\/vc_column_text][vc_row_inner][vc_column_inner width=&#8221;1\/3&#8243;][vc_single_image image=&#8221;8264&#8243; img_size=&#8221;large&#8221; onclick=&#8221;link_image&#8221;][\/vc_column_inner][vc_column_inner width=&#8221;1\/3&#8243;][vc_single_image image=&#8221;8262&#8243; img_size=&#8221;large&#8221; onclick=&#8221;link_image&#8221;][\/vc_column_inner][vc_column_inner width=&#8221;1\/3&#8243;][vc_single_image image=&#8221;8263&#8243; img_size=&#8221;large&#8221; onclick=&#8221;link_image&#8221;][\/vc_column_inner][\/vc_row_inner][vc_separator][vc_row_inner][vc_column_inner width=&#8221;3\/4&#8243;][vc_column_text] Cikk az 1986. m\u00e1jus 8-\u00e1n megjelent Hajd\u00fa- Bihari Napl\u00f3b\u00f3l \u00c9GERH\u00c1ZI IMRE FEST\u0150M\u0170V\u00c9SZ alkot\u00e1saib\u00f3l rendeztek ki\u00e1ll\u00edt\u00e1st Nagykanizs\u00e1n az Egry J\u00f3zsef teremben. A t\u00e1rlat m\u00e1jus 8- t\u00f3l 17-ig [&hellip;]<\/p>\n","protected":false},"author":4,"featured_media":5103,"parent":0,"menu_order":0,"comment_status":"closed","ping_status":"closed","template":"","meta":{"footnotes":""},"categories":[8,10,4],"tags":[43,44],"class_list":["post-8251","page","type-page","status-publish","has-post-thumbnail","hentry","category-egyeni_kiallitasok","category-feldolgozott_kiallitasok","category-kiallitasok","tag-43","tag-nagykanizsa"],"yoast_head":"<!-- This site is optimized with the Yoast SEO plugin v27.0 - https:\/\/yoast.com\/product\/yoast-seo-wordpress\/ -->\n<title>K\u00e9pcsarnok, Egry J\u00f3zsef Terem, Nagykanizsa, 1986. m\u00e1jus 08. - \u00c9gerh\u00e1zi Imre<\/title>\n<meta name=\"robots\" content=\"index, follow, max-snippet:-1, max-image-preview:large, max-video-preview:-1\" \/>\n<link rel=\"canonical\" href=\"https:\/\/egerhaziimre.hu\/index.php\/kepcsarnok-egry-jozsef-terem-nagykanizsa-1986\/?lang=en\" \/>\n<meta property=\"og:locale\" content=\"hu_HU\" \/>\n<meta property=\"og:type\" content=\"article\" \/>\n<meta property=\"og:title\" content=\"K\u00e9pcsarnok, Egry J\u00f3zsef Terem, Nagykanizsa, 1986. m\u00e1jus 08. - \u00c9gerh\u00e1zi Imre\" \/>\n<meta property=\"og:description\" content=\"[vc_row][vc_column][vc_tta_tabs style=&#8221;flat&#8221; shape=&#8221;square&#8221; color=&#8221;white&#8221; active_section=&#8221;1&#8243;][vc_tta_section title=&#8221;Megh\u00edv\u00f3&#8221; tab_id=&#8221;1563972373652-e991773e-63f3&#8243;][vc_empty_space][vc_media_grid element_width=&#8221;3&#8243; gap=&#8221;15&#8243; item=&#8221;794&#8243; grid_id=&#8221;vc_gid:1601648149950-4d6062fa-4861-3&#8243; include=&#8221;8254,8255,8256,8257&#8243;][\/vc_tta_section][vc_tta_section title=&#8221;Cikkek, dokumentumok&#8221; tab_id=&#8221;1563976098032-09d543f8-ecc7&#8243;][vc_empty_space][vc_column_text] Egy ki\u00e1ll\u00edtott festm\u00e9ny nyilv\u00e1ntart\u00e1si cimk\u00e9je [\/vc_column_text][vc_row_inner][vc_column_inner width=&#8221;1\/3&#8243;][vc_single_image image=&#8221;8264&#8243; img_size=&#8221;large&#8221; onclick=&#8221;link_image&#8221;][\/vc_column_inner][vc_column_inner width=&#8221;1\/3&#8243;][vc_single_image image=&#8221;8262&#8243; img_size=&#8221;large&#8221; onclick=&#8221;link_image&#8221;][\/vc_column_inner][vc_column_inner width=&#8221;1\/3&#8243;][vc_single_image image=&#8221;8263&#8243; img_size=&#8221;large&#8221; onclick=&#8221;link_image&#8221;][\/vc_column_inner][\/vc_row_inner][vc_separator][vc_row_inner][vc_column_inner width=&#8221;3\/4&#8243;][vc_column_text] Cikk az 1986. m\u00e1jus 8-\u00e1n megjelent Hajd\u00fa- Bihari Napl\u00f3b\u00f3l \u00c9GERH\u00c1ZI IMRE FEST\u0150M\u0170V\u00c9SZ alkot\u00e1saib\u00f3l rendeztek ki\u00e1ll\u00edt\u00e1st Nagykanizs\u00e1n az Egry J\u00f3zsef teremben. A t\u00e1rlat m\u00e1jus 8- t\u00f3l 17-ig [&hellip;]\" \/>\n<meta property=\"og:url\" content=\"https:\/\/egerhaziimre.hu\/index.php\/kepcsarnok-egry-jozsef-terem-nagykanizsa-1986\/?lang=en\" \/>\n<meta property=\"og:site_name\" content=\"\u00c9gerh\u00e1zi Imre\" \/>\n<meta property=\"article:modified_time\" content=\"2020-10-02T14:18:22+00:00\" \/>\n<meta property=\"og:image\" content=\"https:\/\/egerhaziimre.hu\/wp-content\/uploads\/kepek\/1223.jpg\" \/>\n\t<meta property=\"og:image:width\" content=\"2000\" \/>\n\t<meta property=\"og:image:height\" content=\"1403\" \/>\n\t<meta property=\"og:image:type\" content=\"image\/jpeg\" \/>\n<meta name=\"twitter:card\" content=\"summary_large_image\" \/>\n<meta name=\"twitter:label1\" content=\"Becs\u00fclt olvas\u00e1si id\u0151\" \/>\n\t<meta name=\"twitter:data1\" content=\"5 perc\" \/>\n<script type=\"application\/ld+json\" class=\"yoast-schema-graph\">{\"@context\":\"https:\/\/schema.org\",\"@graph\":[{\"@type\":\"WebPage\",\"@id\":\"https:\/\/egerhaziimre.hu\/index.php\/kepcsarnok-egry-jozsef-terem-nagykanizsa-1986\/?lang=en\",\"url\":\"https:\/\/egerhaziimre.hu\/index.php\/kepcsarnok-egry-jozsef-terem-nagykanizsa-1986\/?lang=en\",\"name\":\"K\u00e9pcsarnok, Egry J\u00f3zsef Terem, Nagykanizsa, 1986. m\u00e1jus 08. - \u00c9gerh\u00e1zi Imre\",\"isPartOf\":{\"@id\":\"https:\/\/egerhaziimre.hu\/#website\"},\"primaryImageOfPage\":{\"@id\":\"https:\/\/egerhaziimre.hu\/index.php\/kepcsarnok-egry-jozsef-terem-nagykanizsa-1986\/?lang=en#primaryimage\"},\"image\":{\"@id\":\"https:\/\/egerhaziimre.hu\/index.php\/kepcsarnok-egry-jozsef-terem-nagykanizsa-1986\/?lang=en#primaryimage\"},\"thumbnailUrl\":\"https:\/\/egerhaziimre.hu\/wp-content\/uploads\/kepek\/1223.jpg\",\"datePublished\":\"1986-05-08T14:38:32+00:00\",\"dateModified\":\"2020-10-02T14:18:22+00:00\",\"breadcrumb\":{\"@id\":\"https:\/\/egerhaziimre.hu\/index.php\/kepcsarnok-egry-jozsef-terem-nagykanizsa-1986\/?lang=en#breadcrumb\"},\"inLanguage\":\"hu\",\"potentialAction\":[{\"@type\":\"ReadAction\",\"target\":[\"https:\/\/egerhaziimre.hu\/index.php\/kepcsarnok-egry-jozsef-terem-nagykanizsa-1986\/?lang=en\"]}]},{\"@type\":\"ImageObject\",\"inLanguage\":\"hu\",\"@id\":\"https:\/\/egerhaziimre.hu\/index.php\/kepcsarnok-egry-jozsef-terem-nagykanizsa-1986\/?lang=en#primaryimage\",\"url\":\"https:\/\/egerhaziimre.hu\/wp-content\/uploads\/kepek\/1223.jpg\",\"contentUrl\":\"https:\/\/egerhaziimre.hu\/wp-content\/uploads\/kepek\/1223.jpg\",\"width\":2000,\"height\":1403,\"caption\":\"olaj, farost, 60x80 cm 1986\"},{\"@type\":\"BreadcrumbList\",\"@id\":\"https:\/\/egerhaziimre.hu\/index.php\/kepcsarnok-egry-jozsef-terem-nagykanizsa-1986\/?lang=en#breadcrumb\",\"itemListElement\":[{\"@type\":\"ListItem\",\"position\":1,\"name\":\"Home\",\"item\":\"https:\/\/egerhaziimre.hu\/\"},{\"@type\":\"ListItem\",\"position\":2,\"name\":\"Gallery, Egry J\u00f3zsef Hall, Nagykanizsa, May 8, 1986\"}]},{\"@type\":\"WebSite\",\"@id\":\"https:\/\/egerhaziimre.hu\/#website\",\"url\":\"https:\/\/egerhaziimre.hu\/\",\"name\":\"\u00c9gerh\u00e1zi Imre\",\"description\":\"\",\"potentialAction\":[{\"@type\":\"SearchAction\",\"target\":{\"@type\":\"EntryPoint\",\"urlTemplate\":\"https:\/\/egerhaziimre.hu\/?s={search_term_string}\"},\"query-input\":{\"@type\":\"PropertyValueSpecification\",\"valueRequired\":true,\"valueName\":\"search_term_string\"}}],\"inLanguage\":\"hu\"}]}<\/script>\n<!-- \/ Yoast SEO plugin. -->","yoast_head_json":{"title":"K\u00e9pcsarnok, Egry J\u00f3zsef Terem, Nagykanizsa, 1986. m\u00e1jus 08. - \u00c9gerh\u00e1zi Imre","robots":{"index":"index","follow":"follow","max-snippet":"max-snippet:-1","max-image-preview":"max-image-preview:large","max-video-preview":"max-video-preview:-1"},"canonical":"https:\/\/egerhaziimre.hu\/index.php\/kepcsarnok-egry-jozsef-terem-nagykanizsa-1986\/?lang=en","og_locale":"hu_HU","og_type":"article","og_title":"K\u00e9pcsarnok, Egry J\u00f3zsef Terem, Nagykanizsa, 1986. m\u00e1jus 08. - \u00c9gerh\u00e1zi Imre","og_description":"[vc_row][vc_column][vc_tta_tabs style=&#8221;flat&#8221; shape=&#8221;square&#8221; color=&#8221;white&#8221; active_section=&#8221;1&#8243;][vc_tta_section title=&#8221;Megh\u00edv\u00f3&#8221; tab_id=&#8221;1563972373652-e991773e-63f3&#8243;][vc_empty_space][vc_media_grid element_width=&#8221;3&#8243; gap=&#8221;15&#8243; item=&#8221;794&#8243; grid_id=&#8221;vc_gid:1601648149950-4d6062fa-4861-3&#8243; include=&#8221;8254,8255,8256,8257&#8243;][\/vc_tta_section][vc_tta_section title=&#8221;Cikkek, dokumentumok&#8221; tab_id=&#8221;1563976098032-09d543f8-ecc7&#8243;][vc_empty_space][vc_column_text] Egy ki\u00e1ll\u00edtott festm\u00e9ny nyilv\u00e1ntart\u00e1si cimk\u00e9je [\/vc_column_text][vc_row_inner][vc_column_inner width=&#8221;1\/3&#8243;][vc_single_image image=&#8221;8264&#8243; img_size=&#8221;large&#8221; onclick=&#8221;link_image&#8221;][\/vc_column_inner][vc_column_inner width=&#8221;1\/3&#8243;][vc_single_image image=&#8221;8262&#8243; img_size=&#8221;large&#8221; onclick=&#8221;link_image&#8221;][\/vc_column_inner][vc_column_inner width=&#8221;1\/3&#8243;][vc_single_image image=&#8221;8263&#8243; img_size=&#8221;large&#8221; onclick=&#8221;link_image&#8221;][\/vc_column_inner][\/vc_row_inner][vc_separator][vc_row_inner][vc_column_inner width=&#8221;3\/4&#8243;][vc_column_text] Cikk az 1986. m\u00e1jus 8-\u00e1n megjelent Hajd\u00fa- Bihari Napl\u00f3b\u00f3l \u00c9GERH\u00c1ZI IMRE FEST\u0150M\u0170V\u00c9SZ alkot\u00e1saib\u00f3l rendeztek ki\u00e1ll\u00edt\u00e1st Nagykanizs\u00e1n az Egry J\u00f3zsef teremben. A t\u00e1rlat m\u00e1jus 8- t\u00f3l 17-ig [&hellip;]","og_url":"https:\/\/egerhaziimre.hu\/index.php\/kepcsarnok-egry-jozsef-terem-nagykanizsa-1986\/?lang=en","og_site_name":"\u00c9gerh\u00e1zi Imre","article_modified_time":"2020-10-02T14:18:22+00:00","og_image":[{"width":2000,"height":1403,"url":"https:\/\/egerhaziimre.hu\/wp-content\/uploads\/kepek\/1223.jpg","type":"image\/jpeg"}],"twitter_card":"summary_large_image","twitter_misc":{"Becs\u00fclt olvas\u00e1si id\u0151":"5 perc"},"schema":{"@context":"https:\/\/schema.org","@graph":[{"@type":"WebPage","@id":"https:\/\/egerhaziimre.hu\/index.php\/kepcsarnok-egry-jozsef-terem-nagykanizsa-1986\/?lang=en","url":"https:\/\/egerhaziimre.hu\/index.php\/kepcsarnok-egry-jozsef-terem-nagykanizsa-1986\/?lang=en","name":"K\u00e9pcsarnok, Egry J\u00f3zsef Terem, Nagykanizsa, 1986. m\u00e1jus 08. - \u00c9gerh\u00e1zi Imre","isPartOf":{"@id":"https:\/\/egerhaziimre.hu\/#website"},"primaryImageOfPage":{"@id":"https:\/\/egerhaziimre.hu\/index.php\/kepcsarnok-egry-jozsef-terem-nagykanizsa-1986\/?lang=en#primaryimage"},"image":{"@id":"https:\/\/egerhaziimre.hu\/index.php\/kepcsarnok-egry-jozsef-terem-nagykanizsa-1986\/?lang=en#primaryimage"},"thumbnailUrl":"https:\/\/egerhaziimre.hu\/wp-content\/uploads\/kepek\/1223.jpg","datePublished":"1986-05-08T14:38:32+00:00","dateModified":"2020-10-02T14:18:22+00:00","breadcrumb":{"@id":"https:\/\/egerhaziimre.hu\/index.php\/kepcsarnok-egry-jozsef-terem-nagykanizsa-1986\/?lang=en#breadcrumb"},"inLanguage":"hu","potentialAction":[{"@type":"ReadAction","target":["https:\/\/egerhaziimre.hu\/index.php\/kepcsarnok-egry-jozsef-terem-nagykanizsa-1986\/?lang=en"]}]},{"@type":"ImageObject","inLanguage":"hu","@id":"https:\/\/egerhaziimre.hu\/index.php\/kepcsarnok-egry-jozsef-terem-nagykanizsa-1986\/?lang=en#primaryimage","url":"https:\/\/egerhaziimre.hu\/wp-content\/uploads\/kepek\/1223.jpg","contentUrl":"https:\/\/egerhaziimre.hu\/wp-content\/uploads\/kepek\/1223.jpg","width":2000,"height":1403,"caption":"olaj, farost, 60x80 cm 1986"},{"@type":"BreadcrumbList","@id":"https:\/\/egerhaziimre.hu\/index.php\/kepcsarnok-egry-jozsef-terem-nagykanizsa-1986\/?lang=en#breadcrumb","itemListElement":[{"@type":"ListItem","position":1,"name":"Home","item":"https:\/\/egerhaziimre.hu\/"},{"@type":"ListItem","position":2,"name":"Gallery, Egry J\u00f3zsef Hall, Nagykanizsa, May 8, 1986"}]},{"@type":"WebSite","@id":"https:\/\/egerhaziimre.hu\/#website","url":"https:\/\/egerhaziimre.hu\/","name":"\u00c9gerh\u00e1zi Imre","description":"","potentialAction":[{"@type":"SearchAction","target":{"@type":"EntryPoint","urlTemplate":"https:\/\/egerhaziimre.hu\/?s={search_term_string}"},"query-input":{"@type":"PropertyValueSpecification","valueRequired":true,"valueName":"search_term_string"}}],"inLanguage":"hu"}]}},"jetpack_sharing_enabled":true,"_links":{"self":[{"href":"https:\/\/egerhaziimre.hu\/index.php\/wp-json\/wp\/v2\/pages\/8251","targetHints":{"allow":["GET"]}}],"collection":[{"href":"https:\/\/egerhaziimre.hu\/index.php\/wp-json\/wp\/v2\/pages"}],"about":[{"href":"https:\/\/egerhaziimre.hu\/index.php\/wp-json\/wp\/v2\/types\/page"}],"author":[{"embeddable":true,"href":"https:\/\/egerhaziimre.hu\/index.php\/wp-json\/wp\/v2\/users\/4"}],"replies":[{"embeddable":true,"href":"https:\/\/egerhaziimre.hu\/index.php\/wp-json\/wp\/v2\/comments?post=8251"}],"version-history":[{"count":16,"href":"https:\/\/egerhaziimre.hu\/index.php\/wp-json\/wp\/v2\/pages\/8251\/revisions"}],"predecessor-version":[{"id":10487,"href":"https:\/\/egerhaziimre.hu\/index.php\/wp-json\/wp\/v2\/pages\/8251\/revisions\/10487"}],"wp:featuredmedia":[{"embeddable":true,"href":"https:\/\/egerhaziimre.hu\/index.php\/wp-json\/wp\/v2\/media\/5103"}],"wp:attachment":[{"href":"https:\/\/egerhaziimre.hu\/index.php\/wp-json\/wp\/v2\/media?parent=8251"}],"wp:term":[{"taxonomy":"category","embeddable":true,"href":"https:\/\/egerhaziimre.hu\/index.php\/wp-json\/wp\/v2\/categories?post=8251"},{"taxonomy":"post_tag","embeddable":true,"href":"https:\/\/egerhaziimre.hu\/index.php\/wp-json\/wp\/v2\/tags?post=8251"}],"curies":[{"name":"wp","href":"https:\/\/api.w.org\/{rel}","templated":true}]}}