{"id":911,"date":"2019-08-05T10:57:58","date_gmt":"2019-08-05T08:57:58","guid":{"rendered":"http:\/\/egerhaziimre.magex.hu\/?page_id=911"},"modified":"2023-06-14T16:17:07","modified_gmt":"2023-06-14T14:17:07","slug":"2000-hajdu-bihar-megyei-kozgyules-eletmudija","status":"publish","type":"page","link":"https:\/\/egerhaziimre.hu\/index.php\/dijak-elismeresek\/2000-hajdu-bihar-megyei-kozgyules-eletmudija\/","title":{"rendered":"2000, Hajd\u00fa-Bihar Megyei K\u00f6zgy\u0171l\u00e9s \u00c9letm\u0171d\u00edja"},"content":{"rendered":"<div class=\"wpb-content-wrapper\">[vc_row][vc_column width=&#8221;1\/3&#8243;][\/vc_column][vc_column width=&#8221;1\/3&#8243;][vc_empty_space height=&#8221;15px&#8221;][vc_media_grid element_width=&#8221;12&#8243; gap=&#8221;15&#8243; item=&#8221;794&#8243; grid_id=&#8221;vc_gid:1564995611320-15cc8b64-1ea5-4&#8243; include=&#8221;915,916,914&#8243;][\/vc_column][vc_column width=&#8221;1\/3&#8243;][\/vc_column][\/vc_row]\n<\/div>","protected":false},"excerpt":{"rendered":"<p>[vc_row][vc_column width=&#8221;1\/3&#8243;][\/vc_column][vc_column width=&#8221;1\/3&#8243;][vc_empty_space height=&#8221;15px&#8221;][vc_media_grid element_width=&#8221;12&#8243; gap=&#8221;15&#8243; item=&#8221;794&#8243; grid_id=&#8221;vc_gid:1564995611320-15cc8b64-1ea5-4&#8243; include=&#8221;915,916,914&#8243;][\/vc_column][vc_column width=&#8221;1\/3&#8243;][\/vc_column][\/vc_row]<\/p>\n","protected":false},"author":4,"featured_media":915,"parent":31,"menu_order":0,"comment_status":"closed","ping_status":"closed","template":"","meta":{"footnotes":""},"categories":[22,82],"tags":[54],"class_list":["post-911","page","type-page","status-publish","has-post-thumbnail","hentry","category-dijak_elismeresek","category-eletmudij","tag-54"],"yoast_head":"<!-- This site is optimized with the Yoast SEO plugin v27.0 - https:\/\/yoast.com\/product\/yoast-seo-wordpress\/ -->\n<title>2000, Hajd\u00fa-Bihar Megyei K\u00f6zgy\u0171l\u00e9s \u00c9letm\u0171d\u00edja - \u00c9gerh\u00e1zi Imre<\/title>\n<meta name=\"robots\" content=\"index, follow, max-snippet:-1, max-image-preview:large, max-video-preview:-1\" \/>\n<link rel=\"canonical\" href=\"https:\/\/egerhaziimre.hu\/index.php\/dijak-elismeresek\/2000-hajdu-bihar-megyei-kozgyules-eletmudija\/\" \/>\n<meta property=\"og:locale\" content=\"hu_HU\" \/>\n<meta property=\"og:type\" content=\"article\" \/>\n<meta property=\"og:title\" content=\"2000, Hajd\u00fa-Bihar Megyei K\u00f6zgy\u0171l\u00e9s \u00c9letm\u0171d\u00edja - \u00c9gerh\u00e1zi Imre\" \/>\n<meta property=\"og:description\" content=\"[vc_row][vc_column width=&#8221;1\/3&#8243;][\/vc_column][vc_column width=&#8221;1\/3&#8243;][vc_empty_space height=&#8221;15px&#8221;][vc_media_grid element_width=&#8221;12&#8243; gap=&#8221;15&#8243; item=&#8221;794&#8243; grid_id=&#8221;vc_gid:1564995611320-15cc8b64-1ea5-4&#8243; include=&#8221;915,916,914&#8243;][\/vc_column][vc_column width=&#8221;1\/3&#8243;][\/vc_column][\/vc_row]\" \/>\n<meta property=\"og:url\" content=\"https:\/\/egerhaziimre.hu\/index.php\/dijak-elismeresek\/2000-hajdu-bihar-megyei-kozgyules-eletmudija\/\" \/>\n<meta property=\"og:site_name\" content=\"\u00c9gerh\u00e1zi Imre\" \/>\n<meta property=\"article:modified_time\" content=\"2023-06-14T14:17:07+00:00\" \/>\n<meta property=\"og:image\" content=\"https:\/\/egerhaziimre.hu\/wp-content\/uploads\/2019\/08\/dijak_elismeresek\/2000_hajdubiharmegyeikozgyules.jpg\" \/>\n\t<meta property=\"og:image:width\" content=\"500\" \/>\n\t<meta property=\"og:image:height\" content=\"255\" \/>\n\t<meta property=\"og:image:type\" content=\"image\/jpeg\" \/>\n<meta name=\"twitter:card\" content=\"summary_large_image\" \/>\n<meta name=\"twitter:label1\" content=\"Becs\u00fclt olvas\u00e1si id\u0151\" \/>\n\t<meta name=\"twitter:data1\" content=\"1 perc\" \/>\n<script type=\"application\/ld+json\" class=\"yoast-schema-graph\">{\"@context\":\"https:\/\/schema.org\",\"@graph\":[{\"@type\":\"WebPage\",\"@id\":\"https:\/\/egerhaziimre.hu\/index.php\/dijak-elismeresek\/2000-hajdu-bihar-megyei-kozgyules-eletmudija\/\",\"url\":\"https:\/\/egerhaziimre.hu\/index.php\/dijak-elismeresek\/2000-hajdu-bihar-megyei-kozgyules-eletmudija\/\",\"name\":\"2000, Hajd\u00fa-Bihar Megyei K\u00f6zgy\u0171l\u00e9s \u00c9letm\u0171d\u00edja - \u00c9gerh\u00e1zi Imre\",\"isPartOf\":{\"@id\":\"https:\/\/egerhaziimre.hu\/#website\"},\"primaryImageOfPage\":{\"@id\":\"https:\/\/egerhaziimre.hu\/index.php\/dijak-elismeresek\/2000-hajdu-bihar-megyei-kozgyules-eletmudija\/#primaryimage\"},\"image\":{\"@id\":\"https:\/\/egerhaziimre.hu\/index.php\/dijak-elismeresek\/2000-hajdu-bihar-megyei-kozgyules-eletmudija\/#primaryimage\"},\"thumbnailUrl\":\"https:\/\/egerhaziimre.hu\/wp-content\/uploads\/2019\/08\/dijak_elismeresek\/2000_hajdubiharmegyeikozgyules.jpg\",\"datePublished\":\"2019-08-05T08:57:58+00:00\",\"dateModified\":\"2023-06-14T14:17:07+00:00\",\"breadcrumb\":{\"@id\":\"https:\/\/egerhaziimre.hu\/index.php\/dijak-elismeresek\/2000-hajdu-bihar-megyei-kozgyules-eletmudija\/#breadcrumb\"},\"inLanguage\":\"hu\",\"potentialAction\":[{\"@type\":\"ReadAction\",\"target\":[\"https:\/\/egerhaziimre.hu\/index.php\/dijak-elismeresek\/2000-hajdu-bihar-megyei-kozgyules-eletmudija\/\"]}]},{\"@type\":\"ImageObject\",\"inLanguage\":\"hu\",\"@id\":\"https:\/\/egerhaziimre.hu\/index.php\/dijak-elismeresek\/2000-hajdu-bihar-megyei-kozgyules-eletmudija\/#primaryimage\",\"url\":\"https:\/\/egerhaziimre.hu\/wp-content\/uploads\/2019\/08\/dijak_elismeresek\/2000_hajdubiharmegyeikozgyules.jpg\",\"contentUrl\":\"https:\/\/egerhaziimre.hu\/wp-content\/uploads\/2019\/08\/dijak_elismeresek\/2000_hajdubiharmegyeikozgyules.jpg\",\"width\":500,\"height\":255,\"caption\":\"2000\"},{\"@type\":\"BreadcrumbList\",\"@id\":\"https:\/\/egerhaziimre.hu\/index.php\/dijak-elismeresek\/2000-hajdu-bihar-megyei-kozgyules-eletmudija\/#breadcrumb\",\"itemListElement\":[{\"@type\":\"ListItem\",\"position\":1,\"name\":\"Home\",\"item\":\"https:\/\/egerhaziimre.hu\/\"},{\"@type\":\"ListItem\",\"position\":2,\"name\":\"Awards, recognitions\",\"item\":\"https:\/\/egerhaziimre.hu\/index.php\/dijak-elismeresek\/?lang=en\"},{\"@type\":\"ListItem\",\"position\":3,\"name\":\"2000, Hajd\u00fa-Bihar Megyei K\u00f6zgy\u0171l\u00e9s \u00c9letm\u0171d\u00edja\"}]},{\"@type\":\"WebSite\",\"@id\":\"https:\/\/egerhaziimre.hu\/#website\",\"url\":\"https:\/\/egerhaziimre.hu\/\",\"name\":\"\u00c9gerh\u00e1zi Imre\",\"description\":\"\",\"potentialAction\":[{\"@type\":\"SearchAction\",\"target\":{\"@type\":\"EntryPoint\",\"urlTemplate\":\"https:\/\/egerhaziimre.hu\/?s={search_term_string}\"},\"query-input\":{\"@type\":\"PropertyValueSpecification\",\"valueRequired\":true,\"valueName\":\"search_term_string\"}}],\"inLanguage\":\"hu\"}]}<\/script>\n<!-- \/ Yoast SEO plugin. -->","yoast_head_json":{"title":"2000, Hajd\u00fa-Bihar Megyei K\u00f6zgy\u0171l\u00e9s \u00c9letm\u0171d\u00edja - \u00c9gerh\u00e1zi Imre","robots":{"index":"index","follow":"follow","max-snippet":"max-snippet:-1","max-image-preview":"max-image-preview:large","max-video-preview":"max-video-preview:-1"},"canonical":"https:\/\/egerhaziimre.hu\/index.php\/dijak-elismeresek\/2000-hajdu-bihar-megyei-kozgyules-eletmudija\/","og_locale":"hu_HU","og_type":"article","og_title":"2000, Hajd\u00fa-Bihar Megyei K\u00f6zgy\u0171l\u00e9s \u00c9letm\u0171d\u00edja - \u00c9gerh\u00e1zi Imre","og_description":"[vc_row][vc_column width=&#8221;1\/3&#8243;][\/vc_column][vc_column width=&#8221;1\/3&#8243;][vc_empty_space height=&#8221;15px&#8221;][vc_media_grid element_width=&#8221;12&#8243; gap=&#8221;15&#8243; item=&#8221;794&#8243; grid_id=&#8221;vc_gid:1564995611320-15cc8b64-1ea5-4&#8243; include=&#8221;915,916,914&#8243;][\/vc_column][vc_column width=&#8221;1\/3&#8243;][\/vc_column][\/vc_row]","og_url":"https:\/\/egerhaziimre.hu\/index.php\/dijak-elismeresek\/2000-hajdu-bihar-megyei-kozgyules-eletmudija\/","og_site_name":"\u00c9gerh\u00e1zi Imre","article_modified_time":"2023-06-14T14:17:07+00:00","og_image":[{"width":500,"height":255,"url":"https:\/\/egerhaziimre.hu\/wp-content\/uploads\/2019\/08\/dijak_elismeresek\/2000_hajdubiharmegyeikozgyules.jpg","type":"image\/jpeg"}],"twitter_card":"summary_large_image","twitter_misc":{"Becs\u00fclt olvas\u00e1si id\u0151":"1 perc"},"schema":{"@context":"https:\/\/schema.org","@graph":[{"@type":"WebPage","@id":"https:\/\/egerhaziimre.hu\/index.php\/dijak-elismeresek\/2000-hajdu-bihar-megyei-kozgyules-eletmudija\/","url":"https:\/\/egerhaziimre.hu\/index.php\/dijak-elismeresek\/2000-hajdu-bihar-megyei-kozgyules-eletmudija\/","name":"2000, Hajd\u00fa-Bihar Megyei K\u00f6zgy\u0171l\u00e9s \u00c9letm\u0171d\u00edja - \u00c9gerh\u00e1zi Imre","isPartOf":{"@id":"https:\/\/egerhaziimre.hu\/#website"},"primaryImageOfPage":{"@id":"https:\/\/egerhaziimre.hu\/index.php\/dijak-elismeresek\/2000-hajdu-bihar-megyei-kozgyules-eletmudija\/#primaryimage"},"image":{"@id":"https:\/\/egerhaziimre.hu\/index.php\/dijak-elismeresek\/2000-hajdu-bihar-megyei-kozgyules-eletmudija\/#primaryimage"},"thumbnailUrl":"https:\/\/egerhaziimre.hu\/wp-content\/uploads\/2019\/08\/dijak_elismeresek\/2000_hajdubiharmegyeikozgyules.jpg","datePublished":"2019-08-05T08:57:58+00:00","dateModified":"2023-06-14T14:17:07+00:00","breadcrumb":{"@id":"https:\/\/egerhaziimre.hu\/index.php\/dijak-elismeresek\/2000-hajdu-bihar-megyei-kozgyules-eletmudija\/#breadcrumb"},"inLanguage":"hu","potentialAction":[{"@type":"ReadAction","target":["https:\/\/egerhaziimre.hu\/index.php\/dijak-elismeresek\/2000-hajdu-bihar-megyei-kozgyules-eletmudija\/"]}]},{"@type":"ImageObject","inLanguage":"hu","@id":"https:\/\/egerhaziimre.hu\/index.php\/dijak-elismeresek\/2000-hajdu-bihar-megyei-kozgyules-eletmudija\/#primaryimage","url":"https:\/\/egerhaziimre.hu\/wp-content\/uploads\/2019\/08\/dijak_elismeresek\/2000_hajdubiharmegyeikozgyules.jpg","contentUrl":"https:\/\/egerhaziimre.hu\/wp-content\/uploads\/2019\/08\/dijak_elismeresek\/2000_hajdubiharmegyeikozgyules.jpg","width":500,"height":255,"caption":"2000"},{"@type":"BreadcrumbList","@id":"https:\/\/egerhaziimre.hu\/index.php\/dijak-elismeresek\/2000-hajdu-bihar-megyei-kozgyules-eletmudija\/#breadcrumb","itemListElement":[{"@type":"ListItem","position":1,"name":"Home","item":"https:\/\/egerhaziimre.hu\/"},{"@type":"ListItem","position":2,"name":"Awards, recognitions","item":"https:\/\/egerhaziimre.hu\/index.php\/dijak-elismeresek\/?lang=en"},{"@type":"ListItem","position":3,"name":"2000, Hajd\u00fa-Bihar Megyei K\u00f6zgy\u0171l\u00e9s \u00c9letm\u0171d\u00edja"}]},{"@type":"WebSite","@id":"https:\/\/egerhaziimre.hu\/#website","url":"https:\/\/egerhaziimre.hu\/","name":"\u00c9gerh\u00e1zi Imre","description":"","potentialAction":[{"@type":"SearchAction","target":{"@type":"EntryPoint","urlTemplate":"https:\/\/egerhaziimre.hu\/?s={search_term_string}"},"query-input":{"@type":"PropertyValueSpecification","valueRequired":true,"valueName":"search_term_string"}}],"inLanguage":"hu"}]}},"jetpack_sharing_enabled":true,"_links":{"self":[{"href":"https:\/\/egerhaziimre.hu\/index.php\/wp-json\/wp\/v2\/pages\/911","targetHints":{"allow":["GET"]}}],"collection":[{"href":"https:\/\/egerhaziimre.hu\/index.php\/wp-json\/wp\/v2\/pages"}],"about":[{"href":"https:\/\/egerhaziimre.hu\/index.php\/wp-json\/wp\/v2\/types\/page"}],"author":[{"embeddable":true,"href":"https:\/\/egerhaziimre.hu\/index.php\/wp-json\/wp\/v2\/users\/4"}],"replies":[{"embeddable":true,"href":"https:\/\/egerhaziimre.hu\/index.php\/wp-json\/wp\/v2\/comments?post=911"}],"version-history":[{"count":5,"href":"https:\/\/egerhaziimre.hu\/index.php\/wp-json\/wp\/v2\/pages\/911\/revisions"}],"predecessor-version":[{"id":13179,"href":"https:\/\/egerhaziimre.hu\/index.php\/wp-json\/wp\/v2\/pages\/911\/revisions\/13179"}],"up":[{"embeddable":true,"href":"https:\/\/egerhaziimre.hu\/index.php\/wp-json\/wp\/v2\/pages\/31"}],"wp:featuredmedia":[{"embeddable":true,"href":"https:\/\/egerhaziimre.hu\/index.php\/wp-json\/wp\/v2\/media\/915"}],"wp:attachment":[{"href":"https:\/\/egerhaziimre.hu\/index.php\/wp-json\/wp\/v2\/media?parent=911"}],"wp:term":[{"taxonomy":"category","embeddable":true,"href":"https:\/\/egerhaziimre.hu\/index.php\/wp-json\/wp\/v2\/categories?post=911"},{"taxonomy":"post_tag","embeddable":true,"href":"https:\/\/egerhaziimre.hu\/index.php\/wp-json\/wp\/v2\/tags?post=911"}],"curies":[{"name":"wp","href":"https:\/\/api.w.org\/{rel}","templated":true}]}}