{"id":9360,"date":"2020-09-11T16:23:56","date_gmt":"2020-09-11T14:23:56","guid":{"rendered":"http:\/\/egerhaziimre.magex.hu\/?page_id=9360"},"modified":"2023-06-13T14:57:14","modified_gmt":"2023-06-13T12:57:14","slug":"prokai-gabor-hajduhadhaz-emlekkiallitas-2002","status":"publish","type":"page","link":"https:\/\/egerhaziimre.hu\/index.php\/dijak-elismeresek\/prokai-gabor-hajduhadhaz-emlekkiallitas-2002\/","title":{"rendered":"Prokai G\u00e1bor, Hajd\u00fahadh\u00e1zi Eml\u00e9kki\u00e1ll\u00edt\u00e1s katal\u00f3gus, 2002"},"content":{"rendered":"<div class=\"wpb-content-wrapper\">[vc_row][vc_column][vc_column_text]\r\n<blockquote class=\"wp-block-quote is-layout-flow wp-block-quote-is-layout-flow\">\r\n<p>&#8222;\u00d6n\u00e9letrajzi visszaeml\u00e9kez\u00e9s\u00e9ben \u00edrja \u00c9gerh\u00e1zi Imre, hogy felmen\u0151i k\u00f6z\u00f6tt k\u00e9p\u00edr\u00f3k is voltak, akik szolg\u00e1latuk\u00e9rt az erd\u00e9lyi fejedelmekt\u0151l meger\u0151s\u00edtett nemess\u00e9get kaptak. C\u00edmer\u00fckben a vit\u00e9z bal kez\u00e9ben kardot, jobb kez\u00e9ben ecsetet \u00e9s palett\u00e1t tart. A hadh\u00e1zi kisleg\u00e9ny \u00f6szt\u00f6n\u00f6s \u00e9rdekl\u0151d\u00e9s\u00e9nek, k\u00e9pess\u00e9g\u00e9nek tehets\u00e9g\u00e9t t\u00e1pl\u00e1l\u00f3 gy\u00f6kerei messzire \u00e1gaztak t\u00e9rben \u00e9s id\u0151ben, am\u00edg az aj\u00e1nd\u00e9kba kapott els\u0151 doboz sz\u00ednes kr\u00e9t\u00e1val a tiszta falakra, ker\u00edt\u00e9sekre rajzolt k\u00e9pekt\u0151l maga is eljutott az ecsetig, a palett\u00e1ig.<\/p>\r\n<p>A hajd\u00fa \u00e9s k\u00e9p\u00edr\u00f3 \u0151seit\u0151l \u00f6r\u00f6kl\u00f6tt, sz\u00e1zadok m\u00falva felt\u00f6r\u0151 k\u00e9pess\u00e9ggel, a zabol\u00e1zhatatlan szabad hajd\u00fak akarat\u00e1val vette el, szerezte meg mindazt a tud\u00e1st, amire sz\u00fcks\u00e9ge volt, hogy maga is k\u00e9p\u00edr\u00f3 lehessen. Sz\u00edv\u00f3s k\u00f6vetkezetess\u00e9ggel tanult mindenkit\u0151l, utcai fest\u0151kt\u0151l, ablakok el\u0151tt \u00e1llva-belesve, m\u00fazeumokat j\u00e1rva, szabadiskol\u00e1ban; meg azokt\u00f3l a kort\u00e1rsakt\u00f3l, akikkel fest\u0151i felk\u00e9sz\u00fcl\u00e9s\u00e9nek ideje alatt kapcsolatba ker\u00fclt. Nem keser\u00edtett\u00e9k el a sikertelen pr\u00f3b\u00e1lkoz\u00e1sok, kudarcok, s az sem, hogy nem tanulhatott tov\u00e1bb a v\u00e1gyott pesti fest\u0151-iskol\u00e1n.<\/p>\r\n<p>Gyermekk\u00e9nt bal tenyer\u00e9be kis olajfest\u00e9ket nyomott, hogy eg\u00e9sz nap vele legyen \u00e9s boldogan szagolgatta, sz\u00edvta mag\u00e1ba napk\u00f6zben a fest\u00e9k szag\u00e1t. Ez is er\u0151t adott, elt\u00f6k\u00e9lt volt, tudta: \u201eez nekem siker\u00fclni fog&#8230;\u201d A sokfel\u0151l begy\u0171jt\u00f6tt hat\u00e1sok k\u00f6z\u00f6tti eligazod\u00e1sban, meg a szakma megtanulhat\u00f3 r\u00e9sz\u00e9nek, a technik\u00e1knak elsaj\u00e1t\u00edt\u00e1s\u00e1ban Menyh\u00e1rt J\u00f3zsefet vallotta mester\u00e9nek. J\u00f3l megk\u00fcl\u00f6nb\u00f6ztethet\u0151, felismerhet\u0151 fest\u0151i vil\u00e1got, egy\u00e9ni k\u00e9p\u00edr\u00e1st alak\u00edtott ki. Nem mondhatjuk, hogy el\u0151zm\u00e9nyek n\u00e9lk\u00fcli m\u00f3don: k\u00e9peinek szerkeszt\u00e9si rendj\u00e9t a n\u00e9pm\u0171v\u00e9szet, a szecesszi\u00f3 alak\u00edtotta, sz\u00ednkult\u00far\u00e1j\u00e1ra a posztimpresszionizmus hatott, m\u0171v\u00e9szi magatart\u00e1s\u00e1t az alf\u00f6ldi fest\u00e9szet form\u00e1lta, a v\u00e9geredm\u00e9ny azonban m\u00e1r \u00c9gerh\u00e1zi Imre fest\u0151i modor\u00e1t jellemzi. De nemcsak a technikai \u00e9s szerkeszt\u00e9si, kompozicion\u00e1lis jellegzetess\u00e9gekben, hanem a bels\u0151 k\u00e9sztet\u00e9s \u00f6szt\u00f6n\u00f6zte t\u00e9mav\u00e1laszt\u00e1sban, az \u0151szinte fogalmaz\u00e1sban is saj\u00e1tosak m\u0171vei.<\/p>\r\n<p>Eredend\u0151en \u00e9s meghat\u00e1roz\u00f3an saj\u00e1t \u00e9let-, t\u00e1j-, k\u00f6z\u00f6ss\u00e9gi- \u00e9s szem\u00e9lyes \u00e9lm\u00e9nyei form\u00e1lt\u00e1k m\u0171v\u00e9szet\u00e9t. Gazdag \u00e9lm\u00e9nyanyag\u00e1t kiapadhatatlanul dolgozza fel: a gyermek\u00e9vek faluj\u00e1t \u00e9s embereit, az erd\u00e9lyi dombokat \u00e9s hegyeket, az \u00f6l\u00fckben megh\u00faz\u00f3d\u00f3 falvakat \u00f6sszeb\u00faj\u00f3 h\u00e1zaikkal, a magyar t\u00e1jnak, a r\u00f3n\u00e1nak, sz\u00fcl\u0151f\u00f6ldj\u00e9nek fest\u0151i l\u00e1t\u00e1ssal megmutatott gazdags\u00e1g\u00e1t, v\u00e1ltozatoss\u00e1g\u00e1t. Alkot\u00f3i sz\u0171r\u0151j\u00e9n rendezi, alak\u00edtja, form\u00e1lja, \u00e1t\u00edrja, szerkeszti megfestend\u0151 t\u00e9m\u00e1it, absztrah\u00e1l, elhagy, s\u0171r\u00edt, egyszer\u0171s\u00edt, \u00faj rendszerbe \u00e1ll\u00edtja a k\u00e9pelemeket. A s\u00edkszer\u0171 szerkeszt\u00e9s, a k\u00e9ps\u00edk alig tagol\u00e1sa lehet\u0151v\u00e9 teszi sz\u00e1m\u00e1ra, hogy azonos dimenzi\u00f3ban jelenjenek meg id\u0151ben \u00e9s t\u00e9rben t\u00e1voli esem\u00e9nyek, eml\u00e9kek, friss benyom\u00e1sok. Egyenrang\u00fas\u00edtja, az \u00e1ltal\u00e1nos\u00edt\u00e1s \u00e9rt\u00e9k\u00e9vel rendeli egym\u00e1s mell\u00e9 a mozaikokat, mert sz\u00e1m\u00e1ra az \u00e1that\u00e1suk, a szellemi \u00f6sszetartoz\u00e1suk kifejez\u00e9s\u00e9nek \u00e9rv\u00e9nyes\u00fcl\u00e9se fontos. Az sem mond ennek ellent, ha mondanival\u00f3ja kedv\u00e9\u00e9rt egy-egy jelenetet \u00fagy emel ki, els\u0151k\u00e9nt az egyenl\u0151k k\u00f6z\u00f6tt, hogy k\u00f6r\u00e9 rendezi a t\u00f6bbit. A mont\u00e1zsszer\u0171 szerkeszt\u00e9s a mondanival\u00f3 \u00e1rad\u00e1s\u00e1t seg\u00edti.<\/p>\r\n<p>A hat\u00e1rozott m\u0171v\u00e9szi szerkeszt\u00e9s, \u00e9p\u00edtkez\u00e9s, absztrah\u00e1l\u00e1s ellen\u00e9re sem idegenek, elvontak k\u00e9pei, mert a kifejez\u00e9s sz\u00e1nd\u00e9k\u00e1val kiemelt jelens\u00e9gek, t\u00e1jak, emberek, h\u00e1zak, eszk\u00f6z\u00f6k, jelek val\u00f3s\u00e1gos tartalmakat id\u00e9znek. Az elvonatkoztat\u00e1s l\u00e1tsz\u00f3lagos szenvtelens\u00e9ge m\u00f6g\u00f6tt sz\u00e1nd\u00e9k\u00e1ban, gy\u00f6kereiben, hit\u00e9ben, ki\u00e1ll\u00e1s\u00e1ban nagyon is kitapinthat\u00f3 m\u0171v\u00e9szi magatart\u00e1s \u00e1ll. B\u00e1r nem ragadja el fest\u00e9s k\u00f6zben a szenved\u00e9ly, de m\u00e9gsem \u00e9rzelem n\u00e9lk\u00fcli az epikus nyugalm\u00fa el\u0151ad\u00e1s. (Korai k\u00e9pei k\u00f6z\u00f6tt m\u00e9g gyakori a dr\u00e1mai hangv\u00e9tel, amelyet az alakform\u00e1l\u00e1s elt\u00e9r\u0151 m\u00f3dja \u00e9s a s\u00f6t\u00e9tebb sz\u00ednhaszn\u00e1lat is jellemez.)<br \/>A t\u00f6mbszer\u0171, kont\u00farozott, er\u0151teljes form\u00e1k, alakok \u00e9s a finomabb, bens\u0151s\u00e9gesebb hangulatok egyar\u00e1nt azzal az apr\u00f3, atomi elemekkel el\u0151adott fel\u00fcletkezel\u00e9ssel \u00e9p\u00fclnek fel, amelyet \u2013 jellegzetess\u00e9 t\u00e9ve k\u00e9peit \u2013 saj\u00e1tos pointillizmussal alkalmazott. A sz\u00edn\u00e9p\u00edtkez\u00e9snek ez a m\u00f3dja n\u00e1la a m\u0171v\u00e9szi mondanival\u00f3t szolg\u00e1lja: a mesesz\u00f6v\u00e9s r\u00e9szletez\u0151 apr\u00f3l\u00e9koss\u00e1ga vezeti a n\u00e9z\u0151t \u00e9s nem somm\u00e1s kijelent\u00e9sek s\u00falya nehezedik r\u00e1. A k\u00e9pmez\u0151 teljes fel\u00fclet\u00e9n harmoniz\u00e1l\u00f3dnak eg\u00e9ssz\u00e9 a r\u00e9szletek.<\/p>\r\n<p>T\u00e1blak\u00e9peinek alkot\u00f3m\u00f3dszere, a mont\u00e1zsszer\u0171 k\u00e9pszerkeszt\u00e9s seg\u00edtette nagym\u00e9ret\u0171 pann\u00f3inak megtervez\u00e9s\u00e9ben \u00e9s megfest\u00e9s\u00e9ben. A Hajd\u00fak I. \u00e9s a Hajd\u00fak II. elk\u00e9sz\u00edt\u00e9se r\u00e9gi v\u00e1gy\u00e1nak megval\u00f3sul\u00e1s\u00e1t jelentette: a maga m\u0171v\u00e9szi eszk\u00f6zeivel elmondani hitvall\u00e1s\u00e1t az \u0151s\u00f6k el\u0151tt, meg\u00f6r\u00f6k\u00edteni eml\u00e9k\u00fcket. Eszembe jut, mikor szem\u00e9rmes \u00f6r\u00f6mmel, nem dicsekedve, de az\u00e9rt b\u00fcszk\u00e9n \u00fajs\u00e1golta, hogy a Hajd\u00fakr\u00f3l k\u00e9sz\u00fclt reprodukci\u00f3 alapj\u00e1n a franci\u00e1k neki, a magyar fest\u0151nek, a Saint Michel-i m\u0171v\u00e9sztelep vezet\u0151j\u00e9nek adtak megb\u00edz\u00e1st az 1598-as Vervins-i francia\u2013spanyol b\u00e9kek\u00f6t\u00e9s 400. \u00e9vfordul\u00f3j\u00e1ra k\u00e9sz\u00edtend\u0151 monument\u00e1lis k\u00e9p megfest\u00e9s\u00e9re. Nem b\u00e1nt\u00e1k meg.<\/p>\r\n<p>M\u0171v\u00e9szet\u00e9nek sz\u00ednes palett\u00e1j\u00e1val szolg\u00e1lta \u00e9s kifogyhatatlan energi\u00e1val, munkab\u00edr\u00e1ssal szervezte sz\u00fcl\u0151f\u00f6ldj\u00e9nek bekapcsol\u00e1s\u00e1t a hazai \u00e9s a nemzetk\u00f6zi m\u0171v\u00e9szeti \u00e9letbe. Kezdem\u00e9nyezett \u00e9s k\u00f6zrem\u0171k\u00f6d\u00f6tt a m\u0171v\u00e9sztelepek \u00e9s alkot\u00f3k\u00f6z\u00f6ss\u00e9gek \u00e9letre h\u00edv\u00e1s\u00e1ban \u2013 azt\u00e1n v\u00e9gezte f\u00e1radhatatlanul az ezzel j\u00e1r\u00f3 ezernyi tennival\u00f3t \u2013 m\u0171egy\u00fcttesek l\u00e9trehoz\u00e1s\u00e1nak volt szellemi ir\u00e1ny\u00edt\u00f3ja. Van egy k\u00e9psorozata, amelyet azut\u00e1n k\u00e9sz\u00edtett, mikor egy infarktus ut\u00e1n a t\u00falvil\u00e1g kapuj\u00e1b\u00f3l visszat\u00e9rt. Sokan mondt\u00e1k m\u00e1r el szavakkal, akik hasonl\u00f3t \u00e1t\u00e9ltek, de az \u00e1ltala festett k\u00e9pek, mert egy fest\u0151 l\u00e1tom\u00e1sai, a hiteless\u00e9g erej\u00e9vel hatnak.<br \/>Jelk\u00e9pesek sz\u00e1momra ezek a t\u00falvil\u00e1gi \u00fczenetek: ahogy szerette volna fest\u0151 lett, siker\u00fclt neki, nemess\u00e9ge meger\u0151s\u00edttetett, \u00e9s ahol most van \u2013 \u00fagy gondolom \u2013 ott sem sz\u0171nhetett meg annak maradni.<span style=\"font-size: 1rem;\">&#8222;<\/span><\/p>\r\n<p><cite>Prokai G\u00e1bor<br \/>Budapest, 2002. okt\u00f3ber 22.<\/cite><\/p>\r\n<\/blockquote>\r\n\r\n<p>&nbsp;<\/p>\r\n[\/vc_column_text][\/vc_column][\/vc_row]<\/div>","protected":false},"excerpt":{"rendered":"<p>[vc_row][vc_column][vc_column_text] &#8222;\u00d6n\u00e9letrajzi visszaeml\u00e9kez\u00e9s\u00e9ben \u00edrja \u00c9gerh\u00e1zi Imre, hogy felmen\u0151i k\u00f6z\u00f6tt k\u00e9p\u00edr\u00f3k is voltak, akik szolg\u00e1latuk\u00e9rt az erd\u00e9lyi fejedelmekt\u0151l meger\u0151s\u00edtett nemess\u00e9get kaptak. C\u00edmer\u00fckben a vit\u00e9z bal kez\u00e9ben kardot, jobb kez\u00e9ben ecsetet \u00e9s palett\u00e1t tart. A hadh\u00e1zi kisleg\u00e9ny \u00f6szt\u00f6n\u00f6s \u00e9rdekl\u0151d\u00e9s\u00e9nek, k\u00e9pess\u00e9g\u00e9nek tehets\u00e9g\u00e9t t\u00e1pl\u00e1l\u00f3 gy\u00f6kerei messzire \u00e1gaztak t\u00e9rben \u00e9s id\u0151ben, am\u00edg az aj\u00e1nd\u00e9kba kapott els\u0151 doboz sz\u00ednes kr\u00e9t\u00e1val a tiszta falakra, ker\u00edt\u00e9sekre rajzolt k\u00e9pekt\u0151l [&hellip;]<\/p>\n","protected":false},"author":4,"featured_media":0,"parent":31,"menu_order":0,"comment_status":"closed","ping_status":"closed","template":"","meta":{"footnotes":""},"categories":[84],"tags":[170],"class_list":["post-9360","page","type-page","status-publish","hentry","category-kritikak_meltatasok","tag-170"],"yoast_head":"<!-- This site is optimized with the Yoast SEO plugin v27.3 - https:\/\/yoast.com\/product\/yoast-seo-wordpress\/ -->\n<title>Prokai G\u00e1bor, Hajd\u00fahadh\u00e1zi Eml\u00e9kki\u00e1ll\u00edt\u00e1s katal\u00f3gus, 2002 - \u00c9gerh\u00e1zi Imre<\/title>\n<meta name=\"robots\" content=\"index, follow, max-snippet:-1, max-image-preview:large, max-video-preview:-1\" \/>\n<link rel=\"canonical\" href=\"https:\/\/egerhaziimre.hu\/index.php\/dijak-elismeresek\/prokai-gabor-hajduhadhaz-emlekkiallitas-2002\/\" \/>\n<meta property=\"og:locale\" content=\"hu_HU\" \/>\n<meta property=\"og:type\" content=\"article\" \/>\n<meta property=\"og:title\" content=\"Prokai G\u00e1bor, Hajd\u00fahadh\u00e1zi Eml\u00e9kki\u00e1ll\u00edt\u00e1s katal\u00f3gus, 2002 - \u00c9gerh\u00e1zi Imre\" \/>\n<meta property=\"og:description\" content=\"[vc_row][vc_column][vc_column_text] &#8222;\u00d6n\u00e9letrajzi visszaeml\u00e9kez\u00e9s\u00e9ben \u00edrja \u00c9gerh\u00e1zi Imre, hogy felmen\u0151i k\u00f6z\u00f6tt k\u00e9p\u00edr\u00f3k is voltak, akik szolg\u00e1latuk\u00e9rt az erd\u00e9lyi fejedelmekt\u0151l meger\u0151s\u00edtett nemess\u00e9get kaptak. C\u00edmer\u00fckben a vit\u00e9z bal kez\u00e9ben kardot, jobb kez\u00e9ben ecsetet \u00e9s palett\u00e1t tart. A hadh\u00e1zi kisleg\u00e9ny \u00f6szt\u00f6n\u00f6s \u00e9rdekl\u0151d\u00e9s\u00e9nek, k\u00e9pess\u00e9g\u00e9nek tehets\u00e9g\u00e9t t\u00e1pl\u00e1l\u00f3 gy\u00f6kerei messzire \u00e1gaztak t\u00e9rben \u00e9s id\u0151ben, am\u00edg az aj\u00e1nd\u00e9kba kapott els\u0151 doboz sz\u00ednes kr\u00e9t\u00e1val a tiszta falakra, ker\u00edt\u00e9sekre rajzolt k\u00e9pekt\u0151l [&hellip;]\" \/>\n<meta property=\"og:url\" content=\"https:\/\/egerhaziimre.hu\/index.php\/dijak-elismeresek\/prokai-gabor-hajduhadhaz-emlekkiallitas-2002\/\" \/>\n<meta property=\"og:site_name\" content=\"\u00c9gerh\u00e1zi Imre\" \/>\n<meta property=\"article:modified_time\" content=\"2023-06-13T12:57:14+00:00\" \/>\n<meta name=\"twitter:card\" content=\"summary_large_image\" \/>\n<meta name=\"twitter:label1\" content=\"Becs\u00fclt olvas\u00e1si id\u0151\" \/>\n\t<meta name=\"twitter:data1\" content=\"4 perc\" \/>\n<script type=\"application\/ld+json\" class=\"yoast-schema-graph\">{\"@context\":\"https:\\\/\\\/schema.org\",\"@graph\":[{\"@type\":\"WebPage\",\"@id\":\"https:\\\/\\\/egerhaziimre.hu\\\/index.php\\\/dijak-elismeresek\\\/prokai-gabor-hajduhadhaz-emlekkiallitas-2002\\\/\",\"url\":\"https:\\\/\\\/egerhaziimre.hu\\\/index.php\\\/dijak-elismeresek\\\/prokai-gabor-hajduhadhaz-emlekkiallitas-2002\\\/\",\"name\":\"Prokai G\u00e1bor, Hajd\u00fahadh\u00e1zi Eml\u00e9kki\u00e1ll\u00edt\u00e1s katal\u00f3gus, 2002 - \u00c9gerh\u00e1zi Imre\",\"isPartOf\":{\"@id\":\"https:\\\/\\\/egerhaziimre.hu\\\/#website\"},\"datePublished\":\"2020-09-11T14:23:56+00:00\",\"dateModified\":\"2023-06-13T12:57:14+00:00\",\"breadcrumb\":{\"@id\":\"https:\\\/\\\/egerhaziimre.hu\\\/index.php\\\/dijak-elismeresek\\\/prokai-gabor-hajduhadhaz-emlekkiallitas-2002\\\/#breadcrumb\"},\"inLanguage\":\"hu\",\"potentialAction\":[{\"@type\":\"ReadAction\",\"target\":[\"https:\\\/\\\/egerhaziimre.hu\\\/index.php\\\/dijak-elismeresek\\\/prokai-gabor-hajduhadhaz-emlekkiallitas-2002\\\/\"]}]},{\"@type\":\"BreadcrumbList\",\"@id\":\"https:\\\/\\\/egerhaziimre.hu\\\/index.php\\\/dijak-elismeresek\\\/prokai-gabor-hajduhadhaz-emlekkiallitas-2002\\\/#breadcrumb\",\"itemListElement\":[{\"@type\":\"ListItem\",\"position\":1,\"name\":\"Home\",\"item\":\"https:\\\/\\\/egerhaziimre.hu\\\/\"},{\"@type\":\"ListItem\",\"position\":2,\"name\":\"Awards, recognitions\",\"item\":\"https:\\\/\\\/egerhaziimre.hu\\\/index.php\\\/dijak-elismeresek\\\/?lang=en\"},{\"@type\":\"ListItem\",\"position\":3,\"name\":\"Prokai G\u00e1bor, Hajd\u00fahadh\u00e1zi Eml\u00e9kki\u00e1ll\u00edt\u00e1s katal\u00f3gus, 2002\"}]},{\"@type\":\"WebSite\",\"@id\":\"https:\\\/\\\/egerhaziimre.hu\\\/#website\",\"url\":\"https:\\\/\\\/egerhaziimre.hu\\\/\",\"name\":\"\u00c9gerh\u00e1zi Imre\",\"description\":\"\",\"potentialAction\":[{\"@type\":\"SearchAction\",\"target\":{\"@type\":\"EntryPoint\",\"urlTemplate\":\"https:\\\/\\\/egerhaziimre.hu\\\/?s={search_term_string}\"},\"query-input\":{\"@type\":\"PropertyValueSpecification\",\"valueRequired\":true,\"valueName\":\"search_term_string\"}}],\"inLanguage\":\"hu\"}]}<\/script>\n<!-- \/ Yoast SEO plugin. -->","yoast_head_json":{"title":"Prokai G\u00e1bor, Hajd\u00fahadh\u00e1zi Eml\u00e9kki\u00e1ll\u00edt\u00e1s katal\u00f3gus, 2002 - \u00c9gerh\u00e1zi Imre","robots":{"index":"index","follow":"follow","max-snippet":"max-snippet:-1","max-image-preview":"max-image-preview:large","max-video-preview":"max-video-preview:-1"},"canonical":"https:\/\/egerhaziimre.hu\/index.php\/dijak-elismeresek\/prokai-gabor-hajduhadhaz-emlekkiallitas-2002\/","og_locale":"hu_HU","og_type":"article","og_title":"Prokai G\u00e1bor, Hajd\u00fahadh\u00e1zi Eml\u00e9kki\u00e1ll\u00edt\u00e1s katal\u00f3gus, 2002 - \u00c9gerh\u00e1zi Imre","og_description":"[vc_row][vc_column][vc_column_text] &#8222;\u00d6n\u00e9letrajzi visszaeml\u00e9kez\u00e9s\u00e9ben \u00edrja \u00c9gerh\u00e1zi Imre, hogy felmen\u0151i k\u00f6z\u00f6tt k\u00e9p\u00edr\u00f3k is voltak, akik szolg\u00e1latuk\u00e9rt az erd\u00e9lyi fejedelmekt\u0151l meger\u0151s\u00edtett nemess\u00e9get kaptak. C\u00edmer\u00fckben a vit\u00e9z bal kez\u00e9ben kardot, jobb kez\u00e9ben ecsetet \u00e9s palett\u00e1t tart. A hadh\u00e1zi kisleg\u00e9ny \u00f6szt\u00f6n\u00f6s \u00e9rdekl\u0151d\u00e9s\u00e9nek, k\u00e9pess\u00e9g\u00e9nek tehets\u00e9g\u00e9t t\u00e1pl\u00e1l\u00f3 gy\u00f6kerei messzire \u00e1gaztak t\u00e9rben \u00e9s id\u0151ben, am\u00edg az aj\u00e1nd\u00e9kba kapott els\u0151 doboz sz\u00ednes kr\u00e9t\u00e1val a tiszta falakra, ker\u00edt\u00e9sekre rajzolt k\u00e9pekt\u0151l [&hellip;]","og_url":"https:\/\/egerhaziimre.hu\/index.php\/dijak-elismeresek\/prokai-gabor-hajduhadhaz-emlekkiallitas-2002\/","og_site_name":"\u00c9gerh\u00e1zi Imre","article_modified_time":"2023-06-13T12:57:14+00:00","twitter_card":"summary_large_image","twitter_misc":{"Becs\u00fclt olvas\u00e1si id\u0151":"4 perc"},"schema":{"@context":"https:\/\/schema.org","@graph":[{"@type":"WebPage","@id":"https:\/\/egerhaziimre.hu\/index.php\/dijak-elismeresek\/prokai-gabor-hajduhadhaz-emlekkiallitas-2002\/","url":"https:\/\/egerhaziimre.hu\/index.php\/dijak-elismeresek\/prokai-gabor-hajduhadhaz-emlekkiallitas-2002\/","name":"Prokai G\u00e1bor, Hajd\u00fahadh\u00e1zi Eml\u00e9kki\u00e1ll\u00edt\u00e1s katal\u00f3gus, 2002 - \u00c9gerh\u00e1zi Imre","isPartOf":{"@id":"https:\/\/egerhaziimre.hu\/#website"},"datePublished":"2020-09-11T14:23:56+00:00","dateModified":"2023-06-13T12:57:14+00:00","breadcrumb":{"@id":"https:\/\/egerhaziimre.hu\/index.php\/dijak-elismeresek\/prokai-gabor-hajduhadhaz-emlekkiallitas-2002\/#breadcrumb"},"inLanguage":"hu","potentialAction":[{"@type":"ReadAction","target":["https:\/\/egerhaziimre.hu\/index.php\/dijak-elismeresek\/prokai-gabor-hajduhadhaz-emlekkiallitas-2002\/"]}]},{"@type":"BreadcrumbList","@id":"https:\/\/egerhaziimre.hu\/index.php\/dijak-elismeresek\/prokai-gabor-hajduhadhaz-emlekkiallitas-2002\/#breadcrumb","itemListElement":[{"@type":"ListItem","position":1,"name":"Home","item":"https:\/\/egerhaziimre.hu\/"},{"@type":"ListItem","position":2,"name":"Awards, recognitions","item":"https:\/\/egerhaziimre.hu\/index.php\/dijak-elismeresek\/?lang=en"},{"@type":"ListItem","position":3,"name":"Prokai G\u00e1bor, Hajd\u00fahadh\u00e1zi Eml\u00e9kki\u00e1ll\u00edt\u00e1s katal\u00f3gus, 2002"}]},{"@type":"WebSite","@id":"https:\/\/egerhaziimre.hu\/#website","url":"https:\/\/egerhaziimre.hu\/","name":"\u00c9gerh\u00e1zi Imre","description":"","potentialAction":[{"@type":"SearchAction","target":{"@type":"EntryPoint","urlTemplate":"https:\/\/egerhaziimre.hu\/?s={search_term_string}"},"query-input":{"@type":"PropertyValueSpecification","valueRequired":true,"valueName":"search_term_string"}}],"inLanguage":"hu"}]}},"jetpack_sharing_enabled":true,"_links":{"self":[{"href":"https:\/\/egerhaziimre.hu\/index.php\/wp-json\/wp\/v2\/pages\/9360","targetHints":{"allow":["GET"]}}],"collection":[{"href":"https:\/\/egerhaziimre.hu\/index.php\/wp-json\/wp\/v2\/pages"}],"about":[{"href":"https:\/\/egerhaziimre.hu\/index.php\/wp-json\/wp\/v2\/types\/page"}],"author":[{"embeddable":true,"href":"https:\/\/egerhaziimre.hu\/index.php\/wp-json\/wp\/v2\/users\/4"}],"replies":[{"embeddable":true,"href":"https:\/\/egerhaziimre.hu\/index.php\/wp-json\/wp\/v2\/comments?post=9360"}],"version-history":[{"count":6,"href":"https:\/\/egerhaziimre.hu\/index.php\/wp-json\/wp\/v2\/pages\/9360\/revisions"}],"predecessor-version":[{"id":13144,"href":"https:\/\/egerhaziimre.hu\/index.php\/wp-json\/wp\/v2\/pages\/9360\/revisions\/13144"}],"up":[{"embeddable":true,"href":"https:\/\/egerhaziimre.hu\/index.php\/wp-json\/wp\/v2\/pages\/31"}],"wp:attachment":[{"href":"https:\/\/egerhaziimre.hu\/index.php\/wp-json\/wp\/v2\/media?parent=9360"}],"wp:term":[{"taxonomy":"category","embeddable":true,"href":"https:\/\/egerhaziimre.hu\/index.php\/wp-json\/wp\/v2\/categories?post=9360"},{"taxonomy":"post_tag","embeddable":true,"href":"https:\/\/egerhaziimre.hu\/index.php\/wp-json\/wp\/v2\/tags?post=9360"}],"curies":[{"name":"wp","href":"https:\/\/api.w.org\/{rel}","templated":true}]}}