{"id":9523,"date":"2014-09-15T15:04:01","date_gmt":"2014-09-15T13:04:01","guid":{"rendered":"http:\/\/egerhaziimre.magex.hu\/?page_id=9523"},"modified":"2020-10-30T15:02:52","modified_gmt":"2020-10-30T14:02:52","slug":"naray-balazs-kulturdiplomacia-2017-09","status":"publish","type":"page","link":"https:\/\/egerhaziimre.hu\/index.php\/archivum\/audiovizualis-archivum\/naray-balazs-kulturdiplomacia-2017-09\/","title":{"rendered":"N\u00e1ray Bal\u00e1zs &#8211; Kult\u00fardiplom\u00e1cia, tud\u00f3s\u00edt\u00e1s \u00c9gerh\u00e1zi Imre ki\u00e1ll\u00edt\u00e1s\u00e1r\u00f3l, 2014. szeptember"},"content":{"rendered":"<div class=\"wpb-content-wrapper\">[vc_row][vc_column][vc_column_text]N\u00e1ray Bal\u00e1zs Kossuth r\u00e1di\u00f3ban Kult\u00fardiplom\u00e1cia c\u00edmmel elhangzott tud\u00f3s\u00edt\u00e1sa, \u00c9gerh\u00e1zi Imre 2014. szeptember 9-\u00e9n, a K\u00fcl\u00fcgyminiszt\u00e9riumban megny\u00edlt ki\u00e1ll\u00edt\u00e1sa alkalm\u00e1b\u00f3l.[\/vc_column_text][vc_separator][vc_video link=&#8221;https:\/\/youtu.be\/rpgx7k-d8Xo&#8221; el_width=&#8221;80&#8243; align=&#8221;center&#8221;][\/vc_column][\/vc_row]\n<\/div>","protected":false},"excerpt":{"rendered":"<p>[vc_row][vc_column][vc_column_text]N\u00e1ray Bal\u00e1zs Kossuth r\u00e1di\u00f3ban Kult\u00fardiplom\u00e1cia c\u00edmmel elhangzott tud\u00f3s\u00edt\u00e1sa, \u00c9gerh\u00e1zi Imre 2014. szeptember 9-\u00e9n, a K\u00fcl\u00fcgyminiszt\u00e9riumban megny\u00edlt ki\u00e1ll\u00edt\u00e1sa alkalm\u00e1b\u00f3l.[\/vc_column_text][vc_separator][vc_video link=&#8221;https:\/\/youtu.be\/rpgx7k-d8Xo&#8221; el_width=&#8221;80&#8243; align=&#8221;center&#8221;][\/vc_column][\/vc_row]<\/p>\n","protected":false},"author":4,"featured_media":9407,"parent":41,"menu_order":0,"comment_status":"closed","ping_status":"closed","template":"","meta":{"footnotes":""},"categories":[53],"tags":[206,39],"class_list":["post-9523","page","type-page","status-publish","has-post-thumbnail","hentry","category-video","tag-206","tag-budapest"],"yoast_head":"<!-- This site is optimized with the Yoast SEO plugin v27.3 - https:\/\/yoast.com\/product\/yoast-seo-wordpress\/ -->\n<title>N\u00e1ray Bal\u00e1zs - Kult\u00fardiplom\u00e1cia, tud\u00f3s\u00edt\u00e1s \u00c9gerh\u00e1zi Imre ki\u00e1ll\u00edt\u00e1s\u00e1r\u00f3l, 2014. szeptember - \u00c9gerh\u00e1zi Imre<\/title>\n<meta name=\"robots\" content=\"index, follow, max-snippet:-1, max-image-preview:large, max-video-preview:-1\" \/>\n<link rel=\"canonical\" href=\"https:\/\/egerhaziimre.hu\/index.php\/archivum\/audiovizualis-archivum\/naray-balazs-kulturdiplomacia-2017-09\/?lang=en\" \/>\n<meta property=\"og:locale\" content=\"hu_HU\" \/>\n<meta property=\"og:type\" content=\"article\" \/>\n<meta property=\"og:title\" content=\"N\u00e1ray Bal\u00e1zs - Kult\u00fardiplom\u00e1cia, tud\u00f3s\u00edt\u00e1s \u00c9gerh\u00e1zi Imre ki\u00e1ll\u00edt\u00e1s\u00e1r\u00f3l, 2014. szeptember - \u00c9gerh\u00e1zi Imre\" \/>\n<meta property=\"og:description\" content=\"[vc_row][vc_column][vc_column_text]N\u00e1ray Bal\u00e1zs Kossuth r\u00e1di\u00f3ban Kult\u00fardiplom\u00e1cia c\u00edmmel elhangzott tud\u00f3s\u00edt\u00e1sa, \u00c9gerh\u00e1zi Imre 2014. szeptember 9-\u00e9n, a K\u00fcl\u00fcgyminiszt\u00e9riumban megny\u00edlt ki\u00e1ll\u00edt\u00e1sa alkalm\u00e1b\u00f3l.[\/vc_column_text][vc_separator][vc_video link=&#8221;https:\/\/youtu.be\/rpgx7k-d8Xo&#8221; el_width=&#8221;80&#8243; align=&#8221;center&#8221;][\/vc_column][\/vc_row]\" \/>\n<meta property=\"og:url\" content=\"https:\/\/egerhaziimre.hu\/index.php\/archivum\/audiovizualis-archivum\/naray-balazs-kulturdiplomacia-2017-09\/?lang=en\" \/>\n<meta property=\"og:site_name\" content=\"\u00c9gerh\u00e1zi Imre\" \/>\n<meta property=\"article:modified_time\" content=\"2020-10-30T14:02:52+00:00\" \/>\n<meta property=\"og:image\" content=\"https:\/\/egerhaziimre.hu\/wp-content\/uploads\/2020\/09\/kiallitas_140919_13.jpg\" \/>\n\t<meta property=\"og:image:width\" content=\"720\" \/>\n\t<meta property=\"og:image:height\" content=\"480\" \/>\n\t<meta property=\"og:image:type\" content=\"image\/jpeg\" \/>\n<meta name=\"twitter:card\" content=\"summary_large_image\" \/>\n<meta name=\"twitter:label1\" content=\"Becs\u00fclt olvas\u00e1si id\u0151\" \/>\n\t<meta name=\"twitter:data1\" content=\"1 perc\" \/>\n<script type=\"application\/ld+json\" class=\"yoast-schema-graph\">{\"@context\":\"https:\\\/\\\/schema.org\",\"@graph\":[{\"@type\":\"WebPage\",\"@id\":\"https:\\\/\\\/egerhaziimre.hu\\\/index.php\\\/archivum\\\/audiovizualis-archivum\\\/naray-balazs-kulturdiplomacia-2017-09\\\/?lang=en\",\"url\":\"https:\\\/\\\/egerhaziimre.hu\\\/index.php\\\/archivum\\\/audiovizualis-archivum\\\/naray-balazs-kulturdiplomacia-2017-09\\\/?lang=en\",\"name\":\"N\u00e1ray Bal\u00e1zs - Kult\u00fardiplom\u00e1cia, tud\u00f3s\u00edt\u00e1s \u00c9gerh\u00e1zi Imre ki\u00e1ll\u00edt\u00e1s\u00e1r\u00f3l, 2014. szeptember - \u00c9gerh\u00e1zi Imre\",\"isPartOf\":{\"@id\":\"https:\\\/\\\/egerhaziimre.hu\\\/#website\"},\"primaryImageOfPage\":{\"@id\":\"https:\\\/\\\/egerhaziimre.hu\\\/index.php\\\/archivum\\\/audiovizualis-archivum\\\/naray-balazs-kulturdiplomacia-2017-09\\\/?lang=en#primaryimage\"},\"image\":{\"@id\":\"https:\\\/\\\/egerhaziimre.hu\\\/index.php\\\/archivum\\\/audiovizualis-archivum\\\/naray-balazs-kulturdiplomacia-2017-09\\\/?lang=en#primaryimage\"},\"thumbnailUrl\":\"https:\\\/\\\/egerhaziimre.hu\\\/wp-content\\\/uploads\\\/2020\\\/09\\\/kiallitas_140919_13.jpg\",\"datePublished\":\"2014-09-15T13:04:01+00:00\",\"dateModified\":\"2020-10-30T14:02:52+00:00\",\"breadcrumb\":{\"@id\":\"https:\\\/\\\/egerhaziimre.hu\\\/index.php\\\/archivum\\\/audiovizualis-archivum\\\/naray-balazs-kulturdiplomacia-2017-09\\\/?lang=en#breadcrumb\"},\"inLanguage\":\"hu\",\"potentialAction\":[{\"@type\":\"ReadAction\",\"target\":[\"https:\\\/\\\/egerhaziimre.hu\\\/index.php\\\/archivum\\\/audiovizualis-archivum\\\/naray-balazs-kulturdiplomacia-2017-09\\\/?lang=en\"]}]},{\"@type\":\"ImageObject\",\"inLanguage\":\"hu\",\"@id\":\"https:\\\/\\\/egerhaziimre.hu\\\/index.php\\\/archivum\\\/audiovizualis-archivum\\\/naray-balazs-kulturdiplomacia-2017-09\\\/?lang=en#primaryimage\",\"url\":\"https:\\\/\\\/egerhaziimre.hu\\\/wp-content\\\/uploads\\\/2020\\\/09\\\/kiallitas_140919_13.jpg\",\"contentUrl\":\"https:\\\/\\\/egerhaziimre.hu\\\/wp-content\\\/uploads\\\/2020\\\/09\\\/kiallitas_140919_13.jpg\",\"width\":720,\"height\":480},{\"@type\":\"BreadcrumbList\",\"@id\":\"https:\\\/\\\/egerhaziimre.hu\\\/index.php\\\/archivum\\\/audiovizualis-archivum\\\/naray-balazs-kulturdiplomacia-2017-09\\\/?lang=en#breadcrumb\",\"itemListElement\":[{\"@type\":\"ListItem\",\"position\":1,\"name\":\"Home\",\"item\":\"https:\\\/\\\/egerhaziimre.hu\\\/\"},{\"@type\":\"ListItem\",\"position\":2,\"name\":\"Archives\",\"item\":\"https:\\\/\\\/egerhaziimre.hu\\\/index.php\\\/archivum\\\/?lang=en\"},{\"@type\":\"ListItem\",\"position\":3,\"name\":\"Audiovisual archives\",\"item\":\"https:\\\/\\\/egerhaziimre.hu\\\/index.php\\\/archivum\\\/audiovizualis-archivum\\\/?lang=en\"},{\"@type\":\"ListItem\",\"position\":4,\"name\":\"Bal\u00e1zs N\u00e1rai \u2013 Cultural diplomacy; report from the exhibition of Imre \u00c9gerh\u00e1zi, at 09. September 2014.\"}]},{\"@type\":\"WebSite\",\"@id\":\"https:\\\/\\\/egerhaziimre.hu\\\/#website\",\"url\":\"https:\\\/\\\/egerhaziimre.hu\\\/\",\"name\":\"\u00c9gerh\u00e1zi Imre\",\"description\":\"\",\"potentialAction\":[{\"@type\":\"SearchAction\",\"target\":{\"@type\":\"EntryPoint\",\"urlTemplate\":\"https:\\\/\\\/egerhaziimre.hu\\\/?s={search_term_string}\"},\"query-input\":{\"@type\":\"PropertyValueSpecification\",\"valueRequired\":true,\"valueName\":\"search_term_string\"}}],\"inLanguage\":\"hu\"}]}<\/script>\n<!-- \/ Yoast SEO plugin. -->","yoast_head_json":{"title":"N\u00e1ray Bal\u00e1zs - Kult\u00fardiplom\u00e1cia, tud\u00f3s\u00edt\u00e1s \u00c9gerh\u00e1zi Imre ki\u00e1ll\u00edt\u00e1s\u00e1r\u00f3l, 2014. szeptember - \u00c9gerh\u00e1zi Imre","robots":{"index":"index","follow":"follow","max-snippet":"max-snippet:-1","max-image-preview":"max-image-preview:large","max-video-preview":"max-video-preview:-1"},"canonical":"https:\/\/egerhaziimre.hu\/index.php\/archivum\/audiovizualis-archivum\/naray-balazs-kulturdiplomacia-2017-09\/?lang=en","og_locale":"hu_HU","og_type":"article","og_title":"N\u00e1ray Bal\u00e1zs - Kult\u00fardiplom\u00e1cia, tud\u00f3s\u00edt\u00e1s \u00c9gerh\u00e1zi Imre ki\u00e1ll\u00edt\u00e1s\u00e1r\u00f3l, 2014. szeptember - \u00c9gerh\u00e1zi Imre","og_description":"[vc_row][vc_column][vc_column_text]N\u00e1ray Bal\u00e1zs Kossuth r\u00e1di\u00f3ban Kult\u00fardiplom\u00e1cia c\u00edmmel elhangzott tud\u00f3s\u00edt\u00e1sa, \u00c9gerh\u00e1zi Imre 2014. szeptember 9-\u00e9n, a K\u00fcl\u00fcgyminiszt\u00e9riumban megny\u00edlt ki\u00e1ll\u00edt\u00e1sa alkalm\u00e1b\u00f3l.[\/vc_column_text][vc_separator][vc_video link=&#8221;https:\/\/youtu.be\/rpgx7k-d8Xo&#8221; el_width=&#8221;80&#8243; align=&#8221;center&#8221;][\/vc_column][\/vc_row]","og_url":"https:\/\/egerhaziimre.hu\/index.php\/archivum\/audiovizualis-archivum\/naray-balazs-kulturdiplomacia-2017-09\/?lang=en","og_site_name":"\u00c9gerh\u00e1zi Imre","article_modified_time":"2020-10-30T14:02:52+00:00","og_image":[{"width":720,"height":480,"url":"https:\/\/egerhaziimre.hu\/wp-content\/uploads\/2020\/09\/kiallitas_140919_13.jpg","type":"image\/jpeg"}],"twitter_card":"summary_large_image","twitter_misc":{"Becs\u00fclt olvas\u00e1si id\u0151":"1 perc"},"schema":{"@context":"https:\/\/schema.org","@graph":[{"@type":"WebPage","@id":"https:\/\/egerhaziimre.hu\/index.php\/archivum\/audiovizualis-archivum\/naray-balazs-kulturdiplomacia-2017-09\/?lang=en","url":"https:\/\/egerhaziimre.hu\/index.php\/archivum\/audiovizualis-archivum\/naray-balazs-kulturdiplomacia-2017-09\/?lang=en","name":"N\u00e1ray Bal\u00e1zs - Kult\u00fardiplom\u00e1cia, tud\u00f3s\u00edt\u00e1s \u00c9gerh\u00e1zi Imre ki\u00e1ll\u00edt\u00e1s\u00e1r\u00f3l, 2014. szeptember - \u00c9gerh\u00e1zi Imre","isPartOf":{"@id":"https:\/\/egerhaziimre.hu\/#website"},"primaryImageOfPage":{"@id":"https:\/\/egerhaziimre.hu\/index.php\/archivum\/audiovizualis-archivum\/naray-balazs-kulturdiplomacia-2017-09\/?lang=en#primaryimage"},"image":{"@id":"https:\/\/egerhaziimre.hu\/index.php\/archivum\/audiovizualis-archivum\/naray-balazs-kulturdiplomacia-2017-09\/?lang=en#primaryimage"},"thumbnailUrl":"https:\/\/egerhaziimre.hu\/wp-content\/uploads\/2020\/09\/kiallitas_140919_13.jpg","datePublished":"2014-09-15T13:04:01+00:00","dateModified":"2020-10-30T14:02:52+00:00","breadcrumb":{"@id":"https:\/\/egerhaziimre.hu\/index.php\/archivum\/audiovizualis-archivum\/naray-balazs-kulturdiplomacia-2017-09\/?lang=en#breadcrumb"},"inLanguage":"hu","potentialAction":[{"@type":"ReadAction","target":["https:\/\/egerhaziimre.hu\/index.php\/archivum\/audiovizualis-archivum\/naray-balazs-kulturdiplomacia-2017-09\/?lang=en"]}]},{"@type":"ImageObject","inLanguage":"hu","@id":"https:\/\/egerhaziimre.hu\/index.php\/archivum\/audiovizualis-archivum\/naray-balazs-kulturdiplomacia-2017-09\/?lang=en#primaryimage","url":"https:\/\/egerhaziimre.hu\/wp-content\/uploads\/2020\/09\/kiallitas_140919_13.jpg","contentUrl":"https:\/\/egerhaziimre.hu\/wp-content\/uploads\/2020\/09\/kiallitas_140919_13.jpg","width":720,"height":480},{"@type":"BreadcrumbList","@id":"https:\/\/egerhaziimre.hu\/index.php\/archivum\/audiovizualis-archivum\/naray-balazs-kulturdiplomacia-2017-09\/?lang=en#breadcrumb","itemListElement":[{"@type":"ListItem","position":1,"name":"Home","item":"https:\/\/egerhaziimre.hu\/"},{"@type":"ListItem","position":2,"name":"Archives","item":"https:\/\/egerhaziimre.hu\/index.php\/archivum\/?lang=en"},{"@type":"ListItem","position":3,"name":"Audiovisual archives","item":"https:\/\/egerhaziimre.hu\/index.php\/archivum\/audiovizualis-archivum\/?lang=en"},{"@type":"ListItem","position":4,"name":"Bal\u00e1zs N\u00e1rai \u2013 Cultural diplomacy; report from the exhibition of Imre \u00c9gerh\u00e1zi, at 09. September 2014."}]},{"@type":"WebSite","@id":"https:\/\/egerhaziimre.hu\/#website","url":"https:\/\/egerhaziimre.hu\/","name":"\u00c9gerh\u00e1zi Imre","description":"","potentialAction":[{"@type":"SearchAction","target":{"@type":"EntryPoint","urlTemplate":"https:\/\/egerhaziimre.hu\/?s={search_term_string}"},"query-input":{"@type":"PropertyValueSpecification","valueRequired":true,"valueName":"search_term_string"}}],"inLanguage":"hu"}]}},"jetpack_sharing_enabled":true,"_links":{"self":[{"href":"https:\/\/egerhaziimre.hu\/index.php\/wp-json\/wp\/v2\/pages\/9523","targetHints":{"allow":["GET"]}}],"collection":[{"href":"https:\/\/egerhaziimre.hu\/index.php\/wp-json\/wp\/v2\/pages"}],"about":[{"href":"https:\/\/egerhaziimre.hu\/index.php\/wp-json\/wp\/v2\/types\/page"}],"author":[{"embeddable":true,"href":"https:\/\/egerhaziimre.hu\/index.php\/wp-json\/wp\/v2\/users\/4"}],"replies":[{"embeddable":true,"href":"https:\/\/egerhaziimre.hu\/index.php\/wp-json\/wp\/v2\/comments?post=9523"}],"version-history":[{"count":3,"href":"https:\/\/egerhaziimre.hu\/index.php\/wp-json\/wp\/v2\/pages\/9523\/revisions"}],"predecessor-version":[{"id":11155,"href":"https:\/\/egerhaziimre.hu\/index.php\/wp-json\/wp\/v2\/pages\/9523\/revisions\/11155"}],"up":[{"embeddable":true,"href":"https:\/\/egerhaziimre.hu\/index.php\/wp-json\/wp\/v2\/pages\/41"}],"wp:featuredmedia":[{"embeddable":true,"href":"https:\/\/egerhaziimre.hu\/index.php\/wp-json\/wp\/v2\/media\/9407"}],"wp:attachment":[{"href":"https:\/\/egerhaziimre.hu\/index.php\/wp-json\/wp\/v2\/media?parent=9523"}],"wp:term":[{"taxonomy":"category","embeddable":true,"href":"https:\/\/egerhaziimre.hu\/index.php\/wp-json\/wp\/v2\/categories?post=9523"},{"taxonomy":"post_tag","embeddable":true,"href":"https:\/\/egerhaziimre.hu\/index.php\/wp-json\/wp\/v2\/tags?post=9523"}],"curies":[{"name":"wp","href":"https:\/\/api.w.org\/{rel}","templated":true}]}}