{"id":9533,"date":"2015-09-15T15:43:22","date_gmt":"2015-09-15T13:43:22","guid":{"rendered":"http:\/\/egerhaziimre.magex.hu\/?page_id=9533"},"modified":"2023-06-09T15:10:44","modified_gmt":"2023-06-09T13:10:44","slug":"egerhazi-imre-osztondij-2015","status":"publish","type":"page","link":"https:\/\/egerhaziimre.hu\/index.php\/archivum\/aktualitasok-hirek\/egerhazi-imre-osztondij-2015\/","title":{"rendered":"\u00c9gerh\u00e1zi Imre \u00f6szt\u00f6nd\u00edj 2015 &#8211; \u201eF\u00e9nnyel fest\u0151\u201d az idei d\u00edjazott"},"content":{"rendered":"<div class=\"wpb-content-wrapper\">[vc_row][vc_column][vc_empty_space height=&#8221;60&#8243;][vc_row_inner][vc_column_inner width=&#8221;2\/3&#8243;][vc_column_text]Tizenegyedik alkalommal adtuk \u00e1t az \u00c9gerh\u00e1zi Imre-\u00f6szt\u00f6nd\u00edjat a D\u00f3czyban.<br \/>\nA 10. oszt\u00e1lyos Pataki Botond az \u00e1ltal\u00e1nos iskolai \u00e9vekben m\u00e9g ink\u00e1bb festett \u00e9s rajzolt, \u00e1m h\u00e1rom \u00e9ve, amikor megkapta els\u0151 f\u00e9nyk\u00e9pez\u0151g\u00e9p\u00e9t, r\u00e1j\u00f6tt, hogy sz\u00e1m\u00e1ra a \u201ef\u00e9nnyel fest\u00e9s\u201d kedvesebb \u00f6nkifejez\u00e9si m\u00f3d. S, hogy nem tehets\u00e9gtelen, azt bizony\u00edtja, id\u00e9n \u0151t javasolta rajztan\u00e1ra, Buka L\u00e1szl\u00f3 az \u00c9gerh\u00e1zi Imre-\u00f6szt\u00f6nd\u00edjra, melyet p\u00e9nteken vehetett \u00e1t a D\u00f3czy Gimn\u00e1ziumban.<br \/>\nAz imm\u00e1r 11. alkalommal meg\u00edt\u00e9lt \u00f6szt\u00f6nd\u00edjat a 2001-ben tragikus balesetben elhunyt debreceni fest\u0151m\u0171v\u00e9sz \u00f6r\u00f6k\u00f6sei hoztak l\u00e9tre a Debreceni Reform\u00e1tus Koll\u00e9gium D\u00f3czy Gimn\u00e1zium\u00e1ban az el\u0151z\u0151 tan\u00e9vben a k\u00e9pz\u0151m\u0171v\u00e9szetben legjobb teljes\u00edtm\u00e9nyt ny\u00fajt\u00f3 di\u00e1k jutalmaz\u00e1s\u00e1ra. Eddig 13 egykori d\u00f3czys di\u00e1k kapta meg, mert volt olyan \u00e9v amikor ketten is ki\u00e9rdemelt\u00e9k, \u00e9s az az\u00f3ta rem\u00e9nyteljesen sz\u00e1rnyait bontogat\u00f3 szobr\u00e1sz, Hadh\u00e1zi Bal\u00e1zs pedig k\u00e9t alkalommal is a kiv\u00e1lasztottak k\u00f6z\u00f6tt volt. Az idei nyertesnek, Pataki Botondnak \u00c9gerh\u00e1zi P\u00e9ter adta \u00e1t az elismer\u00e9sr\u0151l sz\u00f3l\u00f3 oklevelet a D\u00f3czy Gal\u00e9ri\u00e1ban megrendezett \u00fcnnep\u00e9lyes esem\u00e9nyen.<\/p>\n<p><em>Forr\u00e1s: Hajd\u00fa Online<\/em>[\/vc_column_text][\/vc_column_inner][vc_column_inner width=&#8221;1\/3&#8243;][vc_single_image image=&#8221;9535&#8243; img_size=&#8221;large&#8221; alignment=&#8221;right&#8221; onclick=&#8221;link_image&#8221;][\/vc_column_inner][\/vc_row_inner][vc_separator][vc_column_text]\n<h6>Fot\u00f3gal\u00e9ria<\/h6>\n[\/vc_column_text][vc_media_grid element_width=&#8221;3&#8243; gap=&#8221;15&#8243; grid_id=&#8221;vc_gid:1600177745413-e941b202-e270-4&#8243; include=&#8221;9538,9539,9540,9541,9542,9543,9544,9545&#8243;][\/vc_column][\/vc_row]\n<\/div>","protected":false},"excerpt":{"rendered":"<p>[vc_row][vc_column][vc_empty_space height=&#8221;60&#8243;][vc_row_inner][vc_column_inner width=&#8221;2\/3&#8243;][vc_column_text]Tizenegyedik alkalommal adtuk \u00e1t az \u00c9gerh\u00e1zi Imre-\u00f6szt\u00f6nd\u00edjat a D\u00f3czyban. A 10. oszt\u00e1lyos Pataki Botond az \u00e1ltal\u00e1nos iskolai \u00e9vekben m\u00e9g ink\u00e1bb festett \u00e9s rajzolt, \u00e1m h\u00e1rom \u00e9ve, amikor megkapta els\u0151 f\u00e9nyk\u00e9pez\u0151g\u00e9p\u00e9t, r\u00e1j\u00f6tt, hogy sz\u00e1m\u00e1ra a \u201ef\u00e9nnyel fest\u00e9s\u201d kedvesebb \u00f6nkifejez\u00e9si m\u00f3d. S, hogy nem tehets\u00e9gtelen, azt bizony\u00edtja, id\u00e9n \u0151t javasolta rajztan\u00e1ra, Buka L\u00e1szl\u00f3 az \u00c9gerh\u00e1zi Imre-\u00f6szt\u00f6nd\u00edjra, melyet p\u00e9nteken vehetett \u00e1t [&hellip;]<\/p>\n","protected":false},"author":4,"featured_media":9545,"parent":28,"menu_order":0,"comment_status":"closed","ping_status":"closed","template":"","meta":{"footnotes":""},"categories":[13,159],"tags":[209],"class_list":["post-9533","page","type-page","status-publish","has-post-thumbnail","hentry","category-hirek","category-osztondij","tag-209"],"yoast_head":"<!-- This site is optimized with the Yoast SEO plugin v27.3 - https:\/\/yoast.com\/product\/yoast-seo-wordpress\/ -->\n<title>\u00c9gerh\u00e1zi Imre \u00f6szt\u00f6nd\u00edj 2015 - \u201eF\u00e9nnyel fest\u0151\u201d az idei d\u00edjazott - \u00c9gerh\u00e1zi Imre<\/title>\n<meta name=\"robots\" content=\"index, follow, max-snippet:-1, max-image-preview:large, max-video-preview:-1\" \/>\n<link rel=\"canonical\" href=\"https:\/\/egerhaziimre.hu\/index.php\/archivum\/aktualitasok-hirek\/egerhazi-imre-osztondij-2015\/\" \/>\n<meta property=\"og:locale\" content=\"hu_HU\" \/>\n<meta property=\"og:type\" content=\"article\" \/>\n<meta property=\"og:title\" content=\"\u00c9gerh\u00e1zi Imre \u00f6szt\u00f6nd\u00edj 2015 - \u201eF\u00e9nnyel fest\u0151\u201d az idei d\u00edjazott - \u00c9gerh\u00e1zi Imre\" \/>\n<meta property=\"og:description\" content=\"[vc_row][vc_column][vc_empty_space height=&#8221;60&#8243;][vc_row_inner][vc_column_inner width=&#8221;2\/3&#8243;][vc_column_text]Tizenegyedik alkalommal adtuk \u00e1t az \u00c9gerh\u00e1zi Imre-\u00f6szt\u00f6nd\u00edjat a D\u00f3czyban. A 10. oszt\u00e1lyos Pataki Botond az \u00e1ltal\u00e1nos iskolai \u00e9vekben m\u00e9g ink\u00e1bb festett \u00e9s rajzolt, \u00e1m h\u00e1rom \u00e9ve, amikor megkapta els\u0151 f\u00e9nyk\u00e9pez\u0151g\u00e9p\u00e9t, r\u00e1j\u00f6tt, hogy sz\u00e1m\u00e1ra a \u201ef\u00e9nnyel fest\u00e9s\u201d kedvesebb \u00f6nkifejez\u00e9si m\u00f3d. S, hogy nem tehets\u00e9gtelen, azt bizony\u00edtja, id\u00e9n \u0151t javasolta rajztan\u00e1ra, Buka L\u00e1szl\u00f3 az \u00c9gerh\u00e1zi Imre-\u00f6szt\u00f6nd\u00edjra, melyet p\u00e9nteken vehetett \u00e1t [&hellip;]\" \/>\n<meta property=\"og:url\" content=\"https:\/\/egerhaziimre.hu\/index.php\/archivum\/aktualitasok-hirek\/egerhazi-imre-osztondij-2015\/\" \/>\n<meta property=\"og:site_name\" content=\"\u00c9gerh\u00e1zi Imre\" \/>\n<meta property=\"article:modified_time\" content=\"2023-06-09T13:10:44+00:00\" \/>\n<meta property=\"og:image\" content=\"https:\/\/egerhaziimre.hu\/wp-content\/uploads\/2020\/09\/osztondij_2015_08.jpg\" \/>\n\t<meta property=\"og:image:width\" content=\"800\" \/>\n\t<meta property=\"og:image:height\" content=\"534\" \/>\n\t<meta property=\"og:image:type\" content=\"image\/jpeg\" \/>\n<meta name=\"twitter:card\" content=\"summary_large_image\" \/>\n<meta name=\"twitter:label1\" content=\"Becs\u00fclt olvas\u00e1si id\u0151\" \/>\n\t<meta name=\"twitter:data1\" content=\"2 perc\" \/>\n<script type=\"application\/ld+json\" class=\"yoast-schema-graph\">{\"@context\":\"https:\\\/\\\/schema.org\",\"@graph\":[{\"@type\":\"WebPage\",\"@id\":\"https:\\\/\\\/egerhaziimre.hu\\\/index.php\\\/archivum\\\/aktualitasok-hirek\\\/egerhazi-imre-osztondij-2015\\\/\",\"url\":\"https:\\\/\\\/egerhaziimre.hu\\\/index.php\\\/archivum\\\/aktualitasok-hirek\\\/egerhazi-imre-osztondij-2015\\\/\",\"name\":\"\u00c9gerh\u00e1zi Imre \u00f6szt\u00f6nd\u00edj 2015 - \u201eF\u00e9nnyel fest\u0151\u201d az idei d\u00edjazott - \u00c9gerh\u00e1zi Imre\",\"isPartOf\":{\"@id\":\"https:\\\/\\\/egerhaziimre.hu\\\/#website\"},\"primaryImageOfPage\":{\"@id\":\"https:\\\/\\\/egerhaziimre.hu\\\/index.php\\\/archivum\\\/aktualitasok-hirek\\\/egerhazi-imre-osztondij-2015\\\/#primaryimage\"},\"image\":{\"@id\":\"https:\\\/\\\/egerhaziimre.hu\\\/index.php\\\/archivum\\\/aktualitasok-hirek\\\/egerhazi-imre-osztondij-2015\\\/#primaryimage\"},\"thumbnailUrl\":\"https:\\\/\\\/egerhaziimre.hu\\\/wp-content\\\/uploads\\\/2020\\\/09\\\/osztondij_2015_08.jpg\",\"datePublished\":\"2015-09-15T13:43:22+00:00\",\"dateModified\":\"2023-06-09T13:10:44+00:00\",\"breadcrumb\":{\"@id\":\"https:\\\/\\\/egerhaziimre.hu\\\/index.php\\\/archivum\\\/aktualitasok-hirek\\\/egerhazi-imre-osztondij-2015\\\/#breadcrumb\"},\"inLanguage\":\"hu\",\"potentialAction\":[{\"@type\":\"ReadAction\",\"target\":[\"https:\\\/\\\/egerhaziimre.hu\\\/index.php\\\/archivum\\\/aktualitasok-hirek\\\/egerhazi-imre-osztondij-2015\\\/\"]}]},{\"@type\":\"ImageObject\",\"inLanguage\":\"hu\",\"@id\":\"https:\\\/\\\/egerhaziimre.hu\\\/index.php\\\/archivum\\\/aktualitasok-hirek\\\/egerhazi-imre-osztondij-2015\\\/#primaryimage\",\"url\":\"https:\\\/\\\/egerhaziimre.hu\\\/wp-content\\\/uploads\\\/2020\\\/09\\\/osztondij_2015_08.jpg\",\"contentUrl\":\"https:\\\/\\\/egerhaziimre.hu\\\/wp-content\\\/uploads\\\/2020\\\/09\\\/osztondij_2015_08.jpg\",\"width\":800,\"height\":534},{\"@type\":\"BreadcrumbList\",\"@id\":\"https:\\\/\\\/egerhaziimre.hu\\\/index.php\\\/archivum\\\/aktualitasok-hirek\\\/egerhazi-imre-osztondij-2015\\\/#breadcrumb\",\"itemListElement\":[{\"@type\":\"ListItem\",\"position\":1,\"name\":\"Home\",\"item\":\"https:\\\/\\\/egerhaziimre.hu\\\/\"},{\"@type\":\"ListItem\",\"position\":2,\"name\":\"Archives\",\"item\":\"https:\\\/\\\/egerhaziimre.hu\\\/index.php\\\/archivum\\\/?lang=en\"},{\"@type\":\"ListItem\",\"position\":3,\"name\":\"News\",\"item\":\"https:\\\/\\\/egerhaziimre.hu\\\/index.php\\\/archivum\\\/aktualitasok-hirek\\\/?lang=en\"},{\"@type\":\"ListItem\",\"position\":4,\"name\":\"\u00c9gerh\u00e1zi Imre \u00f6szt\u00f6nd\u00edj 2015 &#8211; \u201eF\u00e9nnyel fest\u0151\u201d az idei d\u00edjazott\"}]},{\"@type\":\"WebSite\",\"@id\":\"https:\\\/\\\/egerhaziimre.hu\\\/#website\",\"url\":\"https:\\\/\\\/egerhaziimre.hu\\\/\",\"name\":\"\u00c9gerh\u00e1zi Imre\",\"description\":\"\",\"potentialAction\":[{\"@type\":\"SearchAction\",\"target\":{\"@type\":\"EntryPoint\",\"urlTemplate\":\"https:\\\/\\\/egerhaziimre.hu\\\/?s={search_term_string}\"},\"query-input\":{\"@type\":\"PropertyValueSpecification\",\"valueRequired\":true,\"valueName\":\"search_term_string\"}}],\"inLanguage\":\"hu\"}]}<\/script>\n<!-- \/ Yoast SEO plugin. -->","yoast_head_json":{"title":"\u00c9gerh\u00e1zi Imre \u00f6szt\u00f6nd\u00edj 2015 - \u201eF\u00e9nnyel fest\u0151\u201d az idei d\u00edjazott - \u00c9gerh\u00e1zi Imre","robots":{"index":"index","follow":"follow","max-snippet":"max-snippet:-1","max-image-preview":"max-image-preview:large","max-video-preview":"max-video-preview:-1"},"canonical":"https:\/\/egerhaziimre.hu\/index.php\/archivum\/aktualitasok-hirek\/egerhazi-imre-osztondij-2015\/","og_locale":"hu_HU","og_type":"article","og_title":"\u00c9gerh\u00e1zi Imre \u00f6szt\u00f6nd\u00edj 2015 - \u201eF\u00e9nnyel fest\u0151\u201d az idei d\u00edjazott - \u00c9gerh\u00e1zi Imre","og_description":"[vc_row][vc_column][vc_empty_space height=&#8221;60&#8243;][vc_row_inner][vc_column_inner width=&#8221;2\/3&#8243;][vc_column_text]Tizenegyedik alkalommal adtuk \u00e1t az \u00c9gerh\u00e1zi Imre-\u00f6szt\u00f6nd\u00edjat a D\u00f3czyban. A 10. oszt\u00e1lyos Pataki Botond az \u00e1ltal\u00e1nos iskolai \u00e9vekben m\u00e9g ink\u00e1bb festett \u00e9s rajzolt, \u00e1m h\u00e1rom \u00e9ve, amikor megkapta els\u0151 f\u00e9nyk\u00e9pez\u0151g\u00e9p\u00e9t, r\u00e1j\u00f6tt, hogy sz\u00e1m\u00e1ra a \u201ef\u00e9nnyel fest\u00e9s\u201d kedvesebb \u00f6nkifejez\u00e9si m\u00f3d. S, hogy nem tehets\u00e9gtelen, azt bizony\u00edtja, id\u00e9n \u0151t javasolta rajztan\u00e1ra, Buka L\u00e1szl\u00f3 az \u00c9gerh\u00e1zi Imre-\u00f6szt\u00f6nd\u00edjra, melyet p\u00e9nteken vehetett \u00e1t [&hellip;]","og_url":"https:\/\/egerhaziimre.hu\/index.php\/archivum\/aktualitasok-hirek\/egerhazi-imre-osztondij-2015\/","og_site_name":"\u00c9gerh\u00e1zi Imre","article_modified_time":"2023-06-09T13:10:44+00:00","og_image":[{"width":800,"height":534,"url":"https:\/\/egerhaziimre.hu\/wp-content\/uploads\/2020\/09\/osztondij_2015_08.jpg","type":"image\/jpeg"}],"twitter_card":"summary_large_image","twitter_misc":{"Becs\u00fclt olvas\u00e1si id\u0151":"2 perc"},"schema":{"@context":"https:\/\/schema.org","@graph":[{"@type":"WebPage","@id":"https:\/\/egerhaziimre.hu\/index.php\/archivum\/aktualitasok-hirek\/egerhazi-imre-osztondij-2015\/","url":"https:\/\/egerhaziimre.hu\/index.php\/archivum\/aktualitasok-hirek\/egerhazi-imre-osztondij-2015\/","name":"\u00c9gerh\u00e1zi Imre \u00f6szt\u00f6nd\u00edj 2015 - \u201eF\u00e9nnyel fest\u0151\u201d az idei d\u00edjazott - \u00c9gerh\u00e1zi Imre","isPartOf":{"@id":"https:\/\/egerhaziimre.hu\/#website"},"primaryImageOfPage":{"@id":"https:\/\/egerhaziimre.hu\/index.php\/archivum\/aktualitasok-hirek\/egerhazi-imre-osztondij-2015\/#primaryimage"},"image":{"@id":"https:\/\/egerhaziimre.hu\/index.php\/archivum\/aktualitasok-hirek\/egerhazi-imre-osztondij-2015\/#primaryimage"},"thumbnailUrl":"https:\/\/egerhaziimre.hu\/wp-content\/uploads\/2020\/09\/osztondij_2015_08.jpg","datePublished":"2015-09-15T13:43:22+00:00","dateModified":"2023-06-09T13:10:44+00:00","breadcrumb":{"@id":"https:\/\/egerhaziimre.hu\/index.php\/archivum\/aktualitasok-hirek\/egerhazi-imre-osztondij-2015\/#breadcrumb"},"inLanguage":"hu","potentialAction":[{"@type":"ReadAction","target":["https:\/\/egerhaziimre.hu\/index.php\/archivum\/aktualitasok-hirek\/egerhazi-imre-osztondij-2015\/"]}]},{"@type":"ImageObject","inLanguage":"hu","@id":"https:\/\/egerhaziimre.hu\/index.php\/archivum\/aktualitasok-hirek\/egerhazi-imre-osztondij-2015\/#primaryimage","url":"https:\/\/egerhaziimre.hu\/wp-content\/uploads\/2020\/09\/osztondij_2015_08.jpg","contentUrl":"https:\/\/egerhaziimre.hu\/wp-content\/uploads\/2020\/09\/osztondij_2015_08.jpg","width":800,"height":534},{"@type":"BreadcrumbList","@id":"https:\/\/egerhaziimre.hu\/index.php\/archivum\/aktualitasok-hirek\/egerhazi-imre-osztondij-2015\/#breadcrumb","itemListElement":[{"@type":"ListItem","position":1,"name":"Home","item":"https:\/\/egerhaziimre.hu\/"},{"@type":"ListItem","position":2,"name":"Archives","item":"https:\/\/egerhaziimre.hu\/index.php\/archivum\/?lang=en"},{"@type":"ListItem","position":3,"name":"News","item":"https:\/\/egerhaziimre.hu\/index.php\/archivum\/aktualitasok-hirek\/?lang=en"},{"@type":"ListItem","position":4,"name":"\u00c9gerh\u00e1zi Imre \u00f6szt\u00f6nd\u00edj 2015 &#8211; \u201eF\u00e9nnyel fest\u0151\u201d az idei d\u00edjazott"}]},{"@type":"WebSite","@id":"https:\/\/egerhaziimre.hu\/#website","url":"https:\/\/egerhaziimre.hu\/","name":"\u00c9gerh\u00e1zi Imre","description":"","potentialAction":[{"@type":"SearchAction","target":{"@type":"EntryPoint","urlTemplate":"https:\/\/egerhaziimre.hu\/?s={search_term_string}"},"query-input":{"@type":"PropertyValueSpecification","valueRequired":true,"valueName":"search_term_string"}}],"inLanguage":"hu"}]}},"jetpack_sharing_enabled":true,"_links":{"self":[{"href":"https:\/\/egerhaziimre.hu\/index.php\/wp-json\/wp\/v2\/pages\/9533","targetHints":{"allow":["GET"]}}],"collection":[{"href":"https:\/\/egerhaziimre.hu\/index.php\/wp-json\/wp\/v2\/pages"}],"about":[{"href":"https:\/\/egerhaziimre.hu\/index.php\/wp-json\/wp\/v2\/types\/page"}],"author":[{"embeddable":true,"href":"https:\/\/egerhaziimre.hu\/index.php\/wp-json\/wp\/v2\/users\/4"}],"replies":[{"embeddable":true,"href":"https:\/\/egerhaziimre.hu\/index.php\/wp-json\/wp\/v2\/comments?post=9533"}],"version-history":[{"count":4,"href":"https:\/\/egerhaziimre.hu\/index.php\/wp-json\/wp\/v2\/pages\/9533\/revisions"}],"predecessor-version":[{"id":13109,"href":"https:\/\/egerhaziimre.hu\/index.php\/wp-json\/wp\/v2\/pages\/9533\/revisions\/13109"}],"up":[{"embeddable":true,"href":"https:\/\/egerhaziimre.hu\/index.php\/wp-json\/wp\/v2\/pages\/28"}],"wp:featuredmedia":[{"embeddable":true,"href":"https:\/\/egerhaziimre.hu\/index.php\/wp-json\/wp\/v2\/media\/9545"}],"wp:attachment":[{"href":"https:\/\/egerhaziimre.hu\/index.php\/wp-json\/wp\/v2\/media?parent=9533"}],"wp:term":[{"taxonomy":"category","embeddable":true,"href":"https:\/\/egerhaziimre.hu\/index.php\/wp-json\/wp\/v2\/categories?post=9533"},{"taxonomy":"post_tag","embeddable":true,"href":"https:\/\/egerhaziimre.hu\/index.php\/wp-json\/wp\/v2\/tags?post=9533"}],"curies":[{"name":"wp","href":"https:\/\/api.w.org\/{rel}","templated":true}]}}