{"id":955,"date":"2019-08-05T13:51:52","date_gmt":"2019-08-05T11:51:52","guid":{"rendered":"http:\/\/egerhaziimre.magex.hu\/?page_id=955"},"modified":"2020-08-27T12:18:22","modified_gmt":"2020-08-27T10:18:22","slug":"kurti-katalin-alfold-1963-12-szam","status":"publish","type":"page","link":"https:\/\/egerhaziimre.hu\/index.php\/dijak-elismeresek\/kurti-katalin-alfold-1963-12-szam\/","title":{"rendered":"K\u00fcrti Katalin, Alf\u00f6ld, 1963. 12. sz\u00e1m"},"content":{"rendered":"<div class=\"wpb-content-wrapper\">\r\n<blockquote class=\"wp-block-quote is-layout-flow wp-block-quote-is-layout-flow\">\r\n<p><em>\u201cNem akar megh\u00f6kkenteni: csendesen, n\u00e9ha sz\u0171kszav\u00faan vall az egyszer\u0171 emberekr\u0151l, k\u00f6rnyezet\u00fckr\u0151l, \u00e9let\u00fckr\u0151l.<\/em><br \/><em>\u2026Kis m\u00e9ret\u0171 k\u00e9pei amolyan noteszlapok, a mindennapi \u00e9letb\u0151l gyors, k\u00f6nnyed von\u00e1sokkal kiragadott rajzok.\u201d<\/em><\/p>\r\n<cite>K\u00dcRTI KATALIN<br \/>ALF\u00d6LD, 1963. 12. SZ\u00c1M<\/cite><\/blockquote>\r\n<\/div>","protected":false},"excerpt":{"rendered":"<p>\u201cNem akar megh\u00f6kkenteni: csendesen, n\u00e9ha sz\u0171kszav\u00faan vall az egyszer\u0171 emberekr\u0151l, k\u00f6rnyezet\u00fckr\u0151l, \u00e9let\u00fckr\u0151l.\u2026Kis m\u00e9ret\u0171 k\u00e9pei amolyan noteszlapok, a mindennapi \u00e9letb\u0151l gyors, k\u00f6nnyed von\u00e1sokkal kiragadott rajzok.\u201d K\u00dcRTI KATALINALF\u00d6LD, 1963. 12. SZ\u00c1M<\/p>\n","protected":false},"author":4,"featured_media":0,"parent":31,"menu_order":0,"comment_status":"closed","ping_status":"closed","template":"","meta":{"footnotes":""},"categories":[84],"tags":[85],"class_list":["post-955","page","type-page","status-publish","hentry","category-kritikak_meltatasok","tag-85"],"yoast_head":"<!-- This site is optimized with the Yoast SEO plugin v27.3 - https:\/\/yoast.com\/product\/yoast-seo-wordpress\/ -->\n<title>K\u00fcrti Katalin, Alf\u00f6ld, 1963. 12. sz\u00e1m - \u00c9gerh\u00e1zi Imre<\/title>\n<meta name=\"robots\" content=\"index, follow, max-snippet:-1, max-image-preview:large, max-video-preview:-1\" \/>\n<link rel=\"canonical\" href=\"https:\/\/egerhaziimre.hu\/index.php\/dijak-elismeresek\/kurti-katalin-alfold-1963-12-szam\/?lang=en\" \/>\n<meta property=\"og:locale\" content=\"hu_HU\" \/>\n<meta property=\"og:type\" content=\"article\" \/>\n<meta property=\"og:title\" content=\"K\u00fcrti Katalin, Alf\u00f6ld, 1963. 12. sz\u00e1m - \u00c9gerh\u00e1zi Imre\" \/>\n<meta property=\"og:description\" content=\"\u201cNem akar megh\u00f6kkenteni: csendesen, n\u00e9ha sz\u0171kszav\u00faan vall az egyszer\u0171 emberekr\u0151l, k\u00f6rnyezet\u00fckr\u0151l, \u00e9let\u00fckr\u0151l.\u2026Kis m\u00e9ret\u0171 k\u00e9pei amolyan noteszlapok, a mindennapi \u00e9letb\u0151l gyors, k\u00f6nnyed von\u00e1sokkal kiragadott rajzok.\u201d K\u00dcRTI KATALINALF\u00d6LD, 1963. 12. SZ\u00c1M\" \/>\n<meta property=\"og:url\" content=\"https:\/\/egerhaziimre.hu\/index.php\/dijak-elismeresek\/kurti-katalin-alfold-1963-12-szam\/?lang=en\" \/>\n<meta property=\"og:site_name\" content=\"\u00c9gerh\u00e1zi Imre\" \/>\n<meta property=\"article:modified_time\" content=\"2020-08-27T10:18:22+00:00\" \/>\n<meta name=\"twitter:card\" content=\"summary_large_image\" \/>\n<meta name=\"twitter:label1\" content=\"Becs\u00fclt olvas\u00e1si id\u0151\" \/>\n\t<meta name=\"twitter:data1\" content=\"1 perc\" \/>\n<script type=\"application\/ld+json\" class=\"yoast-schema-graph\">{\"@context\":\"https:\\\/\\\/schema.org\",\"@graph\":[{\"@type\":\"WebPage\",\"@id\":\"https:\\\/\\\/egerhaziimre.hu\\\/index.php\\\/dijak-elismeresek\\\/kurti-katalin-alfold-1963-12-szam\\\/?lang=en\",\"url\":\"https:\\\/\\\/egerhaziimre.hu\\\/index.php\\\/dijak-elismeresek\\\/kurti-katalin-alfold-1963-12-szam\\\/?lang=en\",\"name\":\"K\u00fcrti Katalin, Alf\u00f6ld, 1963. 12. sz\u00e1m - \u00c9gerh\u00e1zi Imre\",\"isPartOf\":{\"@id\":\"https:\\\/\\\/egerhaziimre.hu\\\/#website\"},\"datePublished\":\"2019-08-05T11:51:52+00:00\",\"dateModified\":\"2020-08-27T10:18:22+00:00\",\"breadcrumb\":{\"@id\":\"https:\\\/\\\/egerhaziimre.hu\\\/index.php\\\/dijak-elismeresek\\\/kurti-katalin-alfold-1963-12-szam\\\/?lang=en#breadcrumb\"},\"inLanguage\":\"hu\",\"potentialAction\":[{\"@type\":\"ReadAction\",\"target\":[\"https:\\\/\\\/egerhaziimre.hu\\\/index.php\\\/dijak-elismeresek\\\/kurti-katalin-alfold-1963-12-szam\\\/?lang=en\"]}]},{\"@type\":\"BreadcrumbList\",\"@id\":\"https:\\\/\\\/egerhaziimre.hu\\\/index.php\\\/dijak-elismeresek\\\/kurti-katalin-alfold-1963-12-szam\\\/?lang=en#breadcrumb\",\"itemListElement\":[{\"@type\":\"ListItem\",\"position\":1,\"name\":\"Home\",\"item\":\"https:\\\/\\\/egerhaziimre.hu\\\/\"},{\"@type\":\"ListItem\",\"position\":2,\"name\":\"Awards, recognitions\",\"item\":\"https:\\\/\\\/egerhaziimre.hu\\\/index.php\\\/dijak-elismeresek\\\/?lang=en\"},{\"@type\":\"ListItem\",\"position\":3,\"name\":\"Katalin K\u00fcrti, Alf\u00f6ld, 1963\\\/12 Issue\"}]},{\"@type\":\"WebSite\",\"@id\":\"https:\\\/\\\/egerhaziimre.hu\\\/#website\",\"url\":\"https:\\\/\\\/egerhaziimre.hu\\\/\",\"name\":\"\u00c9gerh\u00e1zi Imre\",\"description\":\"\",\"potentialAction\":[{\"@type\":\"SearchAction\",\"target\":{\"@type\":\"EntryPoint\",\"urlTemplate\":\"https:\\\/\\\/egerhaziimre.hu\\\/?s={search_term_string}\"},\"query-input\":{\"@type\":\"PropertyValueSpecification\",\"valueRequired\":true,\"valueName\":\"search_term_string\"}}],\"inLanguage\":\"hu\"}]}<\/script>\n<!-- \/ Yoast SEO plugin. -->","yoast_head_json":{"title":"K\u00fcrti Katalin, Alf\u00f6ld, 1963. 12. sz\u00e1m - \u00c9gerh\u00e1zi Imre","robots":{"index":"index","follow":"follow","max-snippet":"max-snippet:-1","max-image-preview":"max-image-preview:large","max-video-preview":"max-video-preview:-1"},"canonical":"https:\/\/egerhaziimre.hu\/index.php\/dijak-elismeresek\/kurti-katalin-alfold-1963-12-szam\/?lang=en","og_locale":"hu_HU","og_type":"article","og_title":"K\u00fcrti Katalin, Alf\u00f6ld, 1963. 12. sz\u00e1m - \u00c9gerh\u00e1zi Imre","og_description":"\u201cNem akar megh\u00f6kkenteni: csendesen, n\u00e9ha sz\u0171kszav\u00faan vall az egyszer\u0171 emberekr\u0151l, k\u00f6rnyezet\u00fckr\u0151l, \u00e9let\u00fckr\u0151l.\u2026Kis m\u00e9ret\u0171 k\u00e9pei amolyan noteszlapok, a mindennapi \u00e9letb\u0151l gyors, k\u00f6nnyed von\u00e1sokkal kiragadott rajzok.\u201d K\u00dcRTI KATALINALF\u00d6LD, 1963. 12. SZ\u00c1M","og_url":"https:\/\/egerhaziimre.hu\/index.php\/dijak-elismeresek\/kurti-katalin-alfold-1963-12-szam\/?lang=en","og_site_name":"\u00c9gerh\u00e1zi Imre","article_modified_time":"2020-08-27T10:18:22+00:00","twitter_card":"summary_large_image","twitter_misc":{"Becs\u00fclt olvas\u00e1si id\u0151":"1 perc"},"schema":{"@context":"https:\/\/schema.org","@graph":[{"@type":"WebPage","@id":"https:\/\/egerhaziimre.hu\/index.php\/dijak-elismeresek\/kurti-katalin-alfold-1963-12-szam\/?lang=en","url":"https:\/\/egerhaziimre.hu\/index.php\/dijak-elismeresek\/kurti-katalin-alfold-1963-12-szam\/?lang=en","name":"K\u00fcrti Katalin, Alf\u00f6ld, 1963. 12. sz\u00e1m - \u00c9gerh\u00e1zi Imre","isPartOf":{"@id":"https:\/\/egerhaziimre.hu\/#website"},"datePublished":"2019-08-05T11:51:52+00:00","dateModified":"2020-08-27T10:18:22+00:00","breadcrumb":{"@id":"https:\/\/egerhaziimre.hu\/index.php\/dijak-elismeresek\/kurti-katalin-alfold-1963-12-szam\/?lang=en#breadcrumb"},"inLanguage":"hu","potentialAction":[{"@type":"ReadAction","target":["https:\/\/egerhaziimre.hu\/index.php\/dijak-elismeresek\/kurti-katalin-alfold-1963-12-szam\/?lang=en"]}]},{"@type":"BreadcrumbList","@id":"https:\/\/egerhaziimre.hu\/index.php\/dijak-elismeresek\/kurti-katalin-alfold-1963-12-szam\/?lang=en#breadcrumb","itemListElement":[{"@type":"ListItem","position":1,"name":"Home","item":"https:\/\/egerhaziimre.hu\/"},{"@type":"ListItem","position":2,"name":"Awards, recognitions","item":"https:\/\/egerhaziimre.hu\/index.php\/dijak-elismeresek\/?lang=en"},{"@type":"ListItem","position":3,"name":"Katalin K\u00fcrti, Alf\u00f6ld, 1963\/12 Issue"}]},{"@type":"WebSite","@id":"https:\/\/egerhaziimre.hu\/#website","url":"https:\/\/egerhaziimre.hu\/","name":"\u00c9gerh\u00e1zi Imre","description":"","potentialAction":[{"@type":"SearchAction","target":{"@type":"EntryPoint","urlTemplate":"https:\/\/egerhaziimre.hu\/?s={search_term_string}"},"query-input":{"@type":"PropertyValueSpecification","valueRequired":true,"valueName":"search_term_string"}}],"inLanguage":"hu"}]}},"jetpack_sharing_enabled":true,"_links":{"self":[{"href":"https:\/\/egerhaziimre.hu\/index.php\/wp-json\/wp\/v2\/pages\/955","targetHints":{"allow":["GET"]}}],"collection":[{"href":"https:\/\/egerhaziimre.hu\/index.php\/wp-json\/wp\/v2\/pages"}],"about":[{"href":"https:\/\/egerhaziimre.hu\/index.php\/wp-json\/wp\/v2\/types\/page"}],"author":[{"embeddable":true,"href":"https:\/\/egerhaziimre.hu\/index.php\/wp-json\/wp\/v2\/users\/4"}],"replies":[{"embeddable":true,"href":"https:\/\/egerhaziimre.hu\/index.php\/wp-json\/wp\/v2\/comments?post=955"}],"version-history":[{"count":12,"href":"https:\/\/egerhaziimre.hu\/index.php\/wp-json\/wp\/v2\/pages\/955\/revisions"}],"predecessor-version":[{"id":8813,"href":"https:\/\/egerhaziimre.hu\/index.php\/wp-json\/wp\/v2\/pages\/955\/revisions\/8813"}],"up":[{"embeddable":true,"href":"https:\/\/egerhaziimre.hu\/index.php\/wp-json\/wp\/v2\/pages\/31"}],"wp:attachment":[{"href":"https:\/\/egerhaziimre.hu\/index.php\/wp-json\/wp\/v2\/media?parent=955"}],"wp:term":[{"taxonomy":"category","embeddable":true,"href":"https:\/\/egerhaziimre.hu\/index.php\/wp-json\/wp\/v2\/categories?post=955"},{"taxonomy":"post_tag","embeddable":true,"href":"https:\/\/egerhaziimre.hu\/index.php\/wp-json\/wp\/v2\/tags?post=955"}],"curies":[{"name":"wp","href":"https:\/\/api.w.org\/{rel}","templated":true}]}}