{"id":9550,"date":"2014-09-15T16:26:52","date_gmt":"2014-09-15T14:26:52","guid":{"rendered":"http:\/\/egerhaziimre.magex.hu\/?page_id=9550"},"modified":"2023-06-09T15:30:56","modified_gmt":"2023-06-09T13:30:56","slug":"egerhazi-imre-osztondij-2014","status":"publish","type":"page","link":"https:\/\/egerhaziimre.hu\/index.php\/archivum\/aktualitasok-hirek\/egerhazi-imre-osztondij-2014\/","title":{"rendered":"\u00c9gerh\u00e1zi Imre \u00f6szt\u00f6nd\u00edj 2014 &#8211; Eddig tizenh\u00e1rman kaptak \u00c9gerh\u00e1zi-\u00f6szt\u00f6nd\u00edjat"},"content":{"rendered":"<div class=\"wpb-content-wrapper\">[vc_row][vc_column][vc_empty_space height=&#8221;60&#8243;][vc_row_inner][vc_column_inner width=&#8221;2\/3&#8243;][vc_column_text]Debrecen \u2013 Id\u00e9n Kathy Zs\u00f3fia vehette \u00e1t a debreceni fest\u0151m\u0171v\u00e9sz eml\u00e9k\u00e9re 2005-ben alap\u00edtott d\u00edjat a D\u00f3czy Gimn\u00e1ziumban.<br \/>\nKilenc esztendeje az az\u00f3ta m\u00e1r P\u00e9csett a m\u0171v\u00e9szeti doktori c\u00edm megszerz\u00e9s\u00e9re k\u00e9sz\u00fcl\u0151 szobr\u00e1sz, Hadh\u00e1zi Bal\u00e1zs kapta meg el\u0151sz\u00f6r a 2001-ben tragikus balesetben elhunyt debreceni fest\u0151m\u0171v\u00e9sz \u00e9s m\u0171v\u00e9szetszervez\u0151, \u00c9gerh\u00e1zi Imre eml\u00e9k\u00e9re alap\u00edtott \u00f6szt\u00f6nd\u00edjat.<br \/>\nAz\u00f3ta m\u00e1r az idei d\u00edjazottal egy\u00fctt 13-an r\u00e9szes\u00fcltek (volt esztend\u0151 amikor ketten megosztva kapt\u00e1k) az alkot\u00f3 \u00f6r\u00f6k\u00f6sei \u00e1ltal l\u00e9trehozott elismer\u00e9sb\u0151l, melyet minden esztend\u0151ben a legjobb k\u00e9pz\u0151m\u0171v\u00e9szeti teljes\u00edtm\u00e9nyt ny\u00fajt\u00f3 tanul\u00f3nak \u00edt\u00e9li oda az erre kijel\u00f6lt gr\u00e9mium, melynek Buka L\u00e1szl\u00f3 rajztan\u00e1r a vezet\u0151je.<br \/>\nA 2014-es d\u00edjazott, Kathy Zs\u00f3fia 12. a oszt\u00e1lyos tanul\u00f3 kedden vehette \u00e1t az elismer\u00e9st \u00c9gerh\u00e1zi P\u00e9tert\u0151l, \u00e9s az esem\u00e9nyen k\u00e9t kor\u00e1bbi d\u00edjazott, Lekics Lilian (2008) \u00e9s Papp Tibor (2011) is r\u00e9szt vett, hiszen munk\u00e1ikb\u00f3l ki\u00e1ll\u00edt\u00e1s is ny\u00edlt a D\u00f3czy Gal\u00e9ri\u00e1ban.<br \/>\nA harmadik ki\u00e1ll\u00edt\u00f3, Hadh\u00e1zi Bal\u00e1zs, aki 2009-ben m\u00e1sodj\u00e1ra is ki\u00e9rdemelte a d\u00edjat, illetve munk\u00e1i csak f\u00e9nyk\u00e9peken lehettek jelen a t\u00e1rl\u00f3kban, de kiv\u00e9teles tehets\u00e9g\u00e9r\u0151l azok is \u00e1rulkodnak.<br \/>\nA j\u00f6v\u0151re rajzb\u00f3l \u00e9retts\u00e9giz\u0151 idei gy\u0151ztes legkedvesebb id\u0151t\u00f6lt\u00e9se a rajzol\u00e1s, melyben a szabads\u00e1got szereti, mint azt a d\u00edj\u00e1tad\u00f3 ut\u00e1n elmondta. Tavaly a megyei versenyen els\u0151 helyet szerzett, \u00e9s a K\u00e9pz\u0151m\u0171v\u00e9szeti Egyetemre k\u00e9sz\u00fcl, komolyan szeretne a fest\u00e9szettel foglalkozni.<\/p>\n<p><em>Forr\u00e1s: Hajd\u00fa Online<\/em>[\/vc_column_text][\/vc_column_inner][vc_column_inner width=&#8221;1\/3&#8243;][vc_single_image image=&#8221;9555&#8243; img_size=&#8221;large&#8221; alignment=&#8221;right&#8221; onclick=&#8221;link_image&#8221;][\/vc_column_inner][\/vc_row_inner][vc_separator][vc_column_text]\n<h6>Fot\u00f3gal\u00e9ria<\/h6>\n[\/vc_column_text][vc_media_grid element_width=&#8221;3&#8243; gap=&#8221;15&#8243; grid_id=&#8221;vc_gid:1600180015761-e0716eab-3f33-5&#8243; include=&#8221;9557,9558,9559,9560,9561,9562,9563,9564,9565,9566,9567,9568,9569,9570,9571,9572,9573,9574,9575,9576&#8243;][\/vc_column][\/vc_row]\n<\/div>","protected":false},"excerpt":{"rendered":"<p>[vc_row][vc_column][vc_empty_space height=&#8221;60&#8243;][vc_row_inner][vc_column_inner width=&#8221;2\/3&#8243;][vc_column_text]Debrecen \u2013 Id\u00e9n Kathy Zs\u00f3fia vehette \u00e1t a debreceni fest\u0151m\u0171v\u00e9sz eml\u00e9k\u00e9re 2005-ben alap\u00edtott d\u00edjat a D\u00f3czy Gimn\u00e1ziumban. Kilenc esztendeje az az\u00f3ta m\u00e1r P\u00e9csett a m\u0171v\u00e9szeti doktori c\u00edm megszerz\u00e9s\u00e9re k\u00e9sz\u00fcl\u0151 szobr\u00e1sz, Hadh\u00e1zi Bal\u00e1zs kapta meg el\u0151sz\u00f6r a 2001-ben tragikus balesetben elhunyt debreceni fest\u0151m\u0171v\u00e9sz \u00e9s m\u0171v\u00e9szetszervez\u0151, \u00c9gerh\u00e1zi Imre eml\u00e9k\u00e9re alap\u00edtott \u00f6szt\u00f6nd\u00edjat. Az\u00f3ta m\u00e1r az idei d\u00edjazottal egy\u00fctt 13-an r\u00e9szes\u00fcltek (volt [&hellip;]<\/p>\n","protected":false},"author":4,"featured_media":9557,"parent":28,"menu_order":0,"comment_status":"closed","ping_status":"closed","template":"","meta":{"footnotes":""},"categories":[13,159],"tags":[206],"class_list":["post-9550","page","type-page","status-publish","has-post-thumbnail","hentry","category-hirek","category-osztondij","tag-206"],"yoast_head":"<!-- This site is optimized with the Yoast SEO plugin v27.0 - https:\/\/yoast.com\/product\/yoast-seo-wordpress\/ -->\n<title>\u00c9gerh\u00e1zi Imre \u00f6szt\u00f6nd\u00edj 2014 - Eddig tizenh\u00e1rman kaptak \u00c9gerh\u00e1zi-\u00f6szt\u00f6nd\u00edjat - \u00c9gerh\u00e1zi Imre<\/title>\n<meta name=\"robots\" content=\"index, follow, max-snippet:-1, max-image-preview:large, max-video-preview:-1\" \/>\n<link rel=\"canonical\" href=\"https:\/\/egerhaziimre.hu\/index.php\/archivum\/aktualitasok-hirek\/egerhazi-imre-osztondij-2014\/\" \/>\n<meta property=\"og:locale\" content=\"hu_HU\" \/>\n<meta property=\"og:type\" content=\"article\" \/>\n<meta property=\"og:title\" content=\"\u00c9gerh\u00e1zi Imre \u00f6szt\u00f6nd\u00edj 2014 - Eddig tizenh\u00e1rman kaptak \u00c9gerh\u00e1zi-\u00f6szt\u00f6nd\u00edjat - \u00c9gerh\u00e1zi Imre\" \/>\n<meta property=\"og:description\" content=\"[vc_row][vc_column][vc_empty_space height=&#8221;60&#8243;][vc_row_inner][vc_column_inner width=&#8221;2\/3&#8243;][vc_column_text]Debrecen \u2013 Id\u00e9n Kathy Zs\u00f3fia vehette \u00e1t a debreceni fest\u0151m\u0171v\u00e9sz eml\u00e9k\u00e9re 2005-ben alap\u00edtott d\u00edjat a D\u00f3czy Gimn\u00e1ziumban. Kilenc esztendeje az az\u00f3ta m\u00e1r P\u00e9csett a m\u0171v\u00e9szeti doktori c\u00edm megszerz\u00e9s\u00e9re k\u00e9sz\u00fcl\u0151 szobr\u00e1sz, Hadh\u00e1zi Bal\u00e1zs kapta meg el\u0151sz\u00f6r a 2001-ben tragikus balesetben elhunyt debreceni fest\u0151m\u0171v\u00e9sz \u00e9s m\u0171v\u00e9szetszervez\u0151, \u00c9gerh\u00e1zi Imre eml\u00e9k\u00e9re alap\u00edtott \u00f6szt\u00f6nd\u00edjat. Az\u00f3ta m\u00e1r az idei d\u00edjazottal egy\u00fctt 13-an r\u00e9szes\u00fcltek (volt [&hellip;]\" \/>\n<meta property=\"og:url\" content=\"https:\/\/egerhaziimre.hu\/index.php\/archivum\/aktualitasok-hirek\/egerhazi-imre-osztondij-2014\/\" \/>\n<meta property=\"og:site_name\" content=\"\u00c9gerh\u00e1zi Imre\" \/>\n<meta property=\"article:modified_time\" content=\"2023-06-09T13:30:56+00:00\" \/>\n<meta property=\"og:image\" content=\"https:\/\/egerhaziimre.hu\/wp-content\/uploads\/2020\/09\/osztondij_2014_01.jpg\" \/>\n\t<meta property=\"og:image:width\" content=\"800\" \/>\n\t<meta property=\"og:image:height\" content=\"521\" \/>\n\t<meta property=\"og:image:type\" content=\"image\/jpeg\" \/>\n<meta name=\"twitter:card\" content=\"summary_large_image\" \/>\n<meta name=\"twitter:label1\" content=\"Becs\u00fclt olvas\u00e1si id\u0151\" \/>\n\t<meta name=\"twitter:data1\" content=\"2 perc\" \/>\n<script type=\"application\/ld+json\" class=\"yoast-schema-graph\">{\"@context\":\"https:\/\/schema.org\",\"@graph\":[{\"@type\":\"WebPage\",\"@id\":\"https:\/\/egerhaziimre.hu\/index.php\/archivum\/aktualitasok-hirek\/egerhazi-imre-osztondij-2014\/\",\"url\":\"https:\/\/egerhaziimre.hu\/index.php\/archivum\/aktualitasok-hirek\/egerhazi-imre-osztondij-2014\/\",\"name\":\"\u00c9gerh\u00e1zi Imre \u00f6szt\u00f6nd\u00edj 2014 - Eddig tizenh\u00e1rman kaptak \u00c9gerh\u00e1zi-\u00f6szt\u00f6nd\u00edjat - \u00c9gerh\u00e1zi Imre\",\"isPartOf\":{\"@id\":\"https:\/\/egerhaziimre.hu\/#website\"},\"primaryImageOfPage\":{\"@id\":\"https:\/\/egerhaziimre.hu\/index.php\/archivum\/aktualitasok-hirek\/egerhazi-imre-osztondij-2014\/#primaryimage\"},\"image\":{\"@id\":\"https:\/\/egerhaziimre.hu\/index.php\/archivum\/aktualitasok-hirek\/egerhazi-imre-osztondij-2014\/#primaryimage\"},\"thumbnailUrl\":\"https:\/\/egerhaziimre.hu\/wp-content\/uploads\/2020\/09\/osztondij_2014_01.jpg\",\"datePublished\":\"2014-09-15T14:26:52+00:00\",\"dateModified\":\"2023-06-09T13:30:56+00:00\",\"breadcrumb\":{\"@id\":\"https:\/\/egerhaziimre.hu\/index.php\/archivum\/aktualitasok-hirek\/egerhazi-imre-osztondij-2014\/#breadcrumb\"},\"inLanguage\":\"hu\",\"potentialAction\":[{\"@type\":\"ReadAction\",\"target\":[\"https:\/\/egerhaziimre.hu\/index.php\/archivum\/aktualitasok-hirek\/egerhazi-imre-osztondij-2014\/\"]}]},{\"@type\":\"ImageObject\",\"inLanguage\":\"hu\",\"@id\":\"https:\/\/egerhaziimre.hu\/index.php\/archivum\/aktualitasok-hirek\/egerhazi-imre-osztondij-2014\/#primaryimage\",\"url\":\"https:\/\/egerhaziimre.hu\/wp-content\/uploads\/2020\/09\/osztondij_2014_01.jpg\",\"contentUrl\":\"https:\/\/egerhaziimre.hu\/wp-content\/uploads\/2020\/09\/osztondij_2014_01.jpg\",\"width\":800,\"height\":521},{\"@type\":\"BreadcrumbList\",\"@id\":\"https:\/\/egerhaziimre.hu\/index.php\/archivum\/aktualitasok-hirek\/egerhazi-imre-osztondij-2014\/#breadcrumb\",\"itemListElement\":[{\"@type\":\"ListItem\",\"position\":1,\"name\":\"Home\",\"item\":\"https:\/\/egerhaziimre.hu\/\"},{\"@type\":\"ListItem\",\"position\":2,\"name\":\"Archives\",\"item\":\"https:\/\/egerhaziimre.hu\/index.php\/archivum\/?lang=en\"},{\"@type\":\"ListItem\",\"position\":3,\"name\":\"News\",\"item\":\"https:\/\/egerhaziimre.hu\/index.php\/archivum\/aktualitasok-hirek\/?lang=en\"},{\"@type\":\"ListItem\",\"position\":4,\"name\":\"\u00c9gerh\u00e1zi Imre \u00f6szt\u00f6nd\u00edj 2014 &#8211; Eddig tizenh\u00e1rman kaptak \u00c9gerh\u00e1zi-\u00f6szt\u00f6nd\u00edjat\"}]},{\"@type\":\"WebSite\",\"@id\":\"https:\/\/egerhaziimre.hu\/#website\",\"url\":\"https:\/\/egerhaziimre.hu\/\",\"name\":\"\u00c9gerh\u00e1zi Imre\",\"description\":\"\",\"potentialAction\":[{\"@type\":\"SearchAction\",\"target\":{\"@type\":\"EntryPoint\",\"urlTemplate\":\"https:\/\/egerhaziimre.hu\/?s={search_term_string}\"},\"query-input\":{\"@type\":\"PropertyValueSpecification\",\"valueRequired\":true,\"valueName\":\"search_term_string\"}}],\"inLanguage\":\"hu\"}]}<\/script>\n<!-- \/ Yoast SEO plugin. -->","yoast_head_json":{"title":"\u00c9gerh\u00e1zi Imre \u00f6szt\u00f6nd\u00edj 2014 - Eddig tizenh\u00e1rman kaptak \u00c9gerh\u00e1zi-\u00f6szt\u00f6nd\u00edjat - \u00c9gerh\u00e1zi Imre","robots":{"index":"index","follow":"follow","max-snippet":"max-snippet:-1","max-image-preview":"max-image-preview:large","max-video-preview":"max-video-preview:-1"},"canonical":"https:\/\/egerhaziimre.hu\/index.php\/archivum\/aktualitasok-hirek\/egerhazi-imre-osztondij-2014\/","og_locale":"hu_HU","og_type":"article","og_title":"\u00c9gerh\u00e1zi Imre \u00f6szt\u00f6nd\u00edj 2014 - Eddig tizenh\u00e1rman kaptak \u00c9gerh\u00e1zi-\u00f6szt\u00f6nd\u00edjat - \u00c9gerh\u00e1zi Imre","og_description":"[vc_row][vc_column][vc_empty_space height=&#8221;60&#8243;][vc_row_inner][vc_column_inner width=&#8221;2\/3&#8243;][vc_column_text]Debrecen \u2013 Id\u00e9n Kathy Zs\u00f3fia vehette \u00e1t a debreceni fest\u0151m\u0171v\u00e9sz eml\u00e9k\u00e9re 2005-ben alap\u00edtott d\u00edjat a D\u00f3czy Gimn\u00e1ziumban. Kilenc esztendeje az az\u00f3ta m\u00e1r P\u00e9csett a m\u0171v\u00e9szeti doktori c\u00edm megszerz\u00e9s\u00e9re k\u00e9sz\u00fcl\u0151 szobr\u00e1sz, Hadh\u00e1zi Bal\u00e1zs kapta meg el\u0151sz\u00f6r a 2001-ben tragikus balesetben elhunyt debreceni fest\u0151m\u0171v\u00e9sz \u00e9s m\u0171v\u00e9szetszervez\u0151, \u00c9gerh\u00e1zi Imre eml\u00e9k\u00e9re alap\u00edtott \u00f6szt\u00f6nd\u00edjat. Az\u00f3ta m\u00e1r az idei d\u00edjazottal egy\u00fctt 13-an r\u00e9szes\u00fcltek (volt [&hellip;]","og_url":"https:\/\/egerhaziimre.hu\/index.php\/archivum\/aktualitasok-hirek\/egerhazi-imre-osztondij-2014\/","og_site_name":"\u00c9gerh\u00e1zi Imre","article_modified_time":"2023-06-09T13:30:56+00:00","og_image":[{"width":800,"height":521,"url":"https:\/\/egerhaziimre.hu\/wp-content\/uploads\/2020\/09\/osztondij_2014_01.jpg","type":"image\/jpeg"}],"twitter_card":"summary_large_image","twitter_misc":{"Becs\u00fclt olvas\u00e1si id\u0151":"2 perc"},"schema":{"@context":"https:\/\/schema.org","@graph":[{"@type":"WebPage","@id":"https:\/\/egerhaziimre.hu\/index.php\/archivum\/aktualitasok-hirek\/egerhazi-imre-osztondij-2014\/","url":"https:\/\/egerhaziimre.hu\/index.php\/archivum\/aktualitasok-hirek\/egerhazi-imre-osztondij-2014\/","name":"\u00c9gerh\u00e1zi Imre \u00f6szt\u00f6nd\u00edj 2014 - Eddig tizenh\u00e1rman kaptak \u00c9gerh\u00e1zi-\u00f6szt\u00f6nd\u00edjat - \u00c9gerh\u00e1zi Imre","isPartOf":{"@id":"https:\/\/egerhaziimre.hu\/#website"},"primaryImageOfPage":{"@id":"https:\/\/egerhaziimre.hu\/index.php\/archivum\/aktualitasok-hirek\/egerhazi-imre-osztondij-2014\/#primaryimage"},"image":{"@id":"https:\/\/egerhaziimre.hu\/index.php\/archivum\/aktualitasok-hirek\/egerhazi-imre-osztondij-2014\/#primaryimage"},"thumbnailUrl":"https:\/\/egerhaziimre.hu\/wp-content\/uploads\/2020\/09\/osztondij_2014_01.jpg","datePublished":"2014-09-15T14:26:52+00:00","dateModified":"2023-06-09T13:30:56+00:00","breadcrumb":{"@id":"https:\/\/egerhaziimre.hu\/index.php\/archivum\/aktualitasok-hirek\/egerhazi-imre-osztondij-2014\/#breadcrumb"},"inLanguage":"hu","potentialAction":[{"@type":"ReadAction","target":["https:\/\/egerhaziimre.hu\/index.php\/archivum\/aktualitasok-hirek\/egerhazi-imre-osztondij-2014\/"]}]},{"@type":"ImageObject","inLanguage":"hu","@id":"https:\/\/egerhaziimre.hu\/index.php\/archivum\/aktualitasok-hirek\/egerhazi-imre-osztondij-2014\/#primaryimage","url":"https:\/\/egerhaziimre.hu\/wp-content\/uploads\/2020\/09\/osztondij_2014_01.jpg","contentUrl":"https:\/\/egerhaziimre.hu\/wp-content\/uploads\/2020\/09\/osztondij_2014_01.jpg","width":800,"height":521},{"@type":"BreadcrumbList","@id":"https:\/\/egerhaziimre.hu\/index.php\/archivum\/aktualitasok-hirek\/egerhazi-imre-osztondij-2014\/#breadcrumb","itemListElement":[{"@type":"ListItem","position":1,"name":"Home","item":"https:\/\/egerhaziimre.hu\/"},{"@type":"ListItem","position":2,"name":"Archives","item":"https:\/\/egerhaziimre.hu\/index.php\/archivum\/?lang=en"},{"@type":"ListItem","position":3,"name":"News","item":"https:\/\/egerhaziimre.hu\/index.php\/archivum\/aktualitasok-hirek\/?lang=en"},{"@type":"ListItem","position":4,"name":"\u00c9gerh\u00e1zi Imre \u00f6szt\u00f6nd\u00edj 2014 &#8211; Eddig tizenh\u00e1rman kaptak \u00c9gerh\u00e1zi-\u00f6szt\u00f6nd\u00edjat"}]},{"@type":"WebSite","@id":"https:\/\/egerhaziimre.hu\/#website","url":"https:\/\/egerhaziimre.hu\/","name":"\u00c9gerh\u00e1zi Imre","description":"","potentialAction":[{"@type":"SearchAction","target":{"@type":"EntryPoint","urlTemplate":"https:\/\/egerhaziimre.hu\/?s={search_term_string}"},"query-input":{"@type":"PropertyValueSpecification","valueRequired":true,"valueName":"search_term_string"}}],"inLanguage":"hu"}]}},"jetpack_sharing_enabled":true,"_links":{"self":[{"href":"https:\/\/egerhaziimre.hu\/index.php\/wp-json\/wp\/v2\/pages\/9550","targetHints":{"allow":["GET"]}}],"collection":[{"href":"https:\/\/egerhaziimre.hu\/index.php\/wp-json\/wp\/v2\/pages"}],"about":[{"href":"https:\/\/egerhaziimre.hu\/index.php\/wp-json\/wp\/v2\/types\/page"}],"author":[{"embeddable":true,"href":"https:\/\/egerhaziimre.hu\/index.php\/wp-json\/wp\/v2\/users\/4"}],"replies":[{"embeddable":true,"href":"https:\/\/egerhaziimre.hu\/index.php\/wp-json\/wp\/v2\/comments?post=9550"}],"version-history":[{"count":3,"href":"https:\/\/egerhaziimre.hu\/index.php\/wp-json\/wp\/v2\/pages\/9550\/revisions"}],"predecessor-version":[{"id":13115,"href":"https:\/\/egerhaziimre.hu\/index.php\/wp-json\/wp\/v2\/pages\/9550\/revisions\/13115"}],"up":[{"embeddable":true,"href":"https:\/\/egerhaziimre.hu\/index.php\/wp-json\/wp\/v2\/pages\/28"}],"wp:featuredmedia":[{"embeddable":true,"href":"https:\/\/egerhaziimre.hu\/index.php\/wp-json\/wp\/v2\/media\/9557"}],"wp:attachment":[{"href":"https:\/\/egerhaziimre.hu\/index.php\/wp-json\/wp\/v2\/media?parent=9550"}],"wp:term":[{"taxonomy":"category","embeddable":true,"href":"https:\/\/egerhaziimre.hu\/index.php\/wp-json\/wp\/v2\/categories?post=9550"},{"taxonomy":"post_tag","embeddable":true,"href":"https:\/\/egerhaziimre.hu\/index.php\/wp-json\/wp\/v2\/tags?post=9550"}],"curies":[{"name":"wp","href":"https:\/\/api.w.org\/{rel}","templated":true}]}}