{"id":9578,"date":"2013-09-15T16:44:11","date_gmt":"2013-09-15T14:44:11","guid":{"rendered":"http:\/\/egerhaziimre.magex.hu\/?page_id=9578"},"modified":"2023-06-09T15:29:06","modified_gmt":"2023-06-09T13:29:06","slug":"egerhazi-imre-osztondij-2013","status":"publish","type":"page","link":"https:\/\/egerhaziimre.hu\/index.php\/archivum\/aktualitasok-hirek\/egerhazi-imre-osztondij-2013\/","title":{"rendered":"\u00c9gerh\u00e1zi Imre \u00f6szt\u00f6nd\u00edj 2013 &#8211; \u00dajabb \u00c9gerh\u00e1zi-\u00f6szt\u00f6nd\u00edjasok a D\u00f3czy Gimn\u00e1ziumban"},"content":{"rendered":"<div class=\"wpb-content-wrapper\">[vc_row][vc_column][vc_empty_space height=&#8221;60&#8243;][vc_row_inner][vc_column_inner width=&#8221;2\/3&#8243;][vc_column_text]\n<h6>Debrecen \u2013 Id\u00e9n m\u00e1r kilencedik alkalommal d\u00edjazt\u00e1k a k\u00e9pz\u0151m\u0171v\u00e9szetben el\u0151z\u0151 \u00e9vben legjobban teljes\u00edt\u0151 di\u00e1kokat.<\/h6>\n<p>Imm\u00e1r harmadik \u00e9ve, hogy ketten megosztva \u00e9rdemelt\u00e9k ki az \u00c9gerh\u00e1zi Imre-\u00f6szt\u00f6nd\u00edjat, melyet a 2001-ben elhunyt fest\u0151m\u0171v\u00e9sz eml\u00e9k\u00e9re alap\u00edtottak \u00f6r\u00f6k\u00f6sei. Az \u00f6szt\u00f6nd\u00edjat a D\u00f3czy Gedeon Gimn\u00e1ziumban az el\u0151z\u0151 tan\u00e9vben legkiemelked\u0151bb eredm\u00e9nyeket el\u00e9r\u0151 di\u00e1kok kaphatj\u00e1k.<br \/>\nId\u00e9n a 8. a oszt\u00e1lyos Makleit Fanni, illetve 9. c-be j\u00e1r\u00f3 Tur\u00e1nyi Szil\u00e1rd Benjamin kapta a tov\u00e1bbi fejl\u0151d\u00e9s\u00fcket el\u0151seg\u00edt\u0151, alkot\u00e1sra \u00f6szt\u00f6nz\u0151 anyagi t\u00e1mogat\u00e1st. A kedden d\u00e9lel\u0151tt, az iskola d\u00edszterm\u00e9ben \u00fcnnep\u00e9lyes keretek k\u00f6z\u00f6tt \u00c9gerh\u00e1zi P\u00e9ter adta \u00e1t az elismer\u00e9sr\u0151l sz\u00f3l\u00f3 okleveleket.<\/p>\n<p><em>\u00c9gerh\u00e1zi P\u00e9ter<\/em>[\/vc_column_text][vc_separator][vc_column_text]\n<h6>9. \u00c9gerh\u00e1zi Imre \u00d6szt\u00f6nd\u00edj \u00e1tad\u00e1s<\/h6>\n<p><em>2013. szeptember 10. kedd, d\u00e9lel\u0151tt<\/em><\/p>\n<p><strong>A 10. alkalom, 2014 \u0151sze: Lekics Liliann, Hadh\u00e1zi Bal\u00e1zs \u00e9s Papp Tibor alkot\u00e1sainak kamaraki\u00e1ll\u00edt\u00e1sa (terv)<\/strong><\/p>\n<p>A d\u00edj mindenkori oda\u00edt\u00e9l\u00e9se mindig nagy tal\u00e1ny, \u201evabank\u201d, vagyis: \u201eminden vagy semmi\u201d. A j\u00f6v\u0151t c\u00e9lozzuk meg vele ugyanis, ami maga a nyilv\u00e1nval\u00f3 rejt\u00e9ly sz\u00e1munkra. Rejt\u00e9ly az idei d\u00edj\u00e1tad\u00e1s \u201ek\u00f6vetkezm\u00e9nye\u201d is, mely \u00e9vek m\u00falt\u00e1n lesz csak igaz\u00e1n tapinthat\u00f3\u2026, hogy j\u00f3 helyre siker\u00fclt-e adni a d\u00edjat, vagy elhal a d\u00edjazottban a nagyszer\u0171 lehet\u0151s\u00e9g. Volt ilyen is \u00e9s olyan is az elm\u00falt 8 \u00e9vben (9 szem\u00e9ly kapott d\u00edjat eddig), s \u00e9ppen ez\u00e9rt j\u00f6v\u0151re m\u00e1r h\u00e1rman is (!) megmutatj\u00e1k addigi alkot\u00f3i \u00fatjukat a D\u00f3czy k\u00f6z\u00f6ns\u00e9ge el\u0151tt, ut\u00e1na j\u00f6het m\u00e9g majd a t\u00f6bbi is! Az idei d\u00edjazottak, az idei rem\u00e9nys\u00e9g: Makleit Fanni (8.o.) \u00e9s Tur\u00e1nyi Szil\u00e1rd (9.o.), vagyis kett\u0151s-p\u00e1ros d\u00edj\u00e1tad\u00f3, tett\u00fcnk m\u00e1r ilyen (3 alkalommal is) gesztust m\u00e1skor is. A rem\u00e9ny d\u00edj\u00e1tad\u00f3ja teh\u00e1t ez, hogy mindketten folytatj\u00e1k majd tov\u00e1bb a l\u00e1that\u00f3 alkot\u00f3i v\u00e9n\u00e1jukb\u00f3l ad\u00f3d\u00f3 folytonos alkot\u00f3i keres\u00e9st \u00e9s szorgalmas megval\u00f3s\u00edt\u00e1st.<br \/>\nA most ki\u00e1ll\u00edtott v\u00e1logatott alkot\u00e1saik ny\u00edltan mutatj\u00e1k, hogy \u00faton vannak efel\u00e9, ez\u00e9rt is e d\u00edj!<\/p>\n<p><strong>Fanni:<\/strong><br \/>\n&#8211; D\u00f3czys \u00fajs\u00e1g bor\u00edt\u00f3lapja<br \/>\n&#8211; Megyei Rajzverseny 2. helyez\u00e9se-betegen!<br \/>\n&#8211; Egy\u00e9b orsz\u00e1gos versenyek d\u00edjazottja, stb.<br \/>\n<strong>Szil\u00e1rd:<\/strong><br \/>\n&#8211; digifoto-\u00e9s rajzszakk\u00f6r\u00f6s is,<br \/>\n&#8211; m\u00e9g betegen is ott van, nagy-nagy \u201ekeres\u0151\u201d, figyel\u0151, k\u00eds\u00e9rletez\u0151 fi\u00fa<br \/>\n&#8211; Megyei Rajzverseny r\u00e9sztvev\u0151je, stb.<\/p>\n<p>H\u00e1la az \u00d6szt\u00f6nd\u00edj-alap\u00edt\u00f3knak, s adom\u00e1nyoz\u00f3knak!<\/p>\n<p><em>Debrecen, 2013 \u0151sze<\/em><br \/>\n<em>Buka L\u00e1szl\u00f3<\/em>[\/vc_column_text][\/vc_column_inner][vc_column_inner width=&#8221;1\/3&#8243;][vc_single_image image=&#8221;9554&#8243; img_size=&#8221;large&#8221; alignment=&#8221;right&#8221; onclick=&#8221;link_image&#8221;][vc_single_image image=&#8221;9553&#8243; img_size=&#8221;large&#8221; alignment=&#8221;right&#8221; onclick=&#8221;link_image&#8221;][\/vc_column_inner][\/vc_row_inner][vc_separator][vc_column_text]\n<h6>Fot\u00f3gal\u00e9ria<\/h6>\n[\/vc_column_text][vc_media_grid element_width=&#8221;3&#8243; gap=&#8221;15&#8243; grid_id=&#8221;vc_gid:1600181947860-9d78cb84-6674-2&#8243; include=&#8221;9581,9582,9583,9584,9585,9586,9589,9587,9592,9591,9590,9588&#8243;][\/vc_column][\/vc_row]\n<\/div>","protected":false},"excerpt":{"rendered":"<p>[vc_row][vc_column][vc_empty_space height=&#8221;60&#8243;][vc_row_inner][vc_column_inner width=&#8221;2\/3&#8243;][vc_column_text] Debrecen \u2013 Id\u00e9n m\u00e1r kilencedik alkalommal d\u00edjazt\u00e1k a k\u00e9pz\u0151m\u0171v\u00e9szetben el\u0151z\u0151 \u00e9vben legjobban teljes\u00edt\u0151 di\u00e1kokat. Imm\u00e1r harmadik \u00e9ve, hogy ketten megosztva \u00e9rdemelt\u00e9k ki az \u00c9gerh\u00e1zi Imre-\u00f6szt\u00f6nd\u00edjat, melyet a 2001-ben elhunyt fest\u0151m\u0171v\u00e9sz eml\u00e9k\u00e9re alap\u00edtottak \u00f6r\u00f6k\u00f6sei. Az \u00f6szt\u00f6nd\u00edjat a D\u00f3czy Gedeon Gimn\u00e1ziumban az el\u0151z\u0151 tan\u00e9vben legkiemelked\u0151bb eredm\u00e9nyeket el\u00e9r\u0151 di\u00e1kok kaphatj\u00e1k. Id\u00e9n a 8. a oszt\u00e1lyos Makleit Fanni, illetve 9. c-be [&hellip;]<\/p>\n","protected":false},"author":4,"featured_media":9589,"parent":28,"menu_order":0,"comment_status":"closed","ping_status":"closed","template":"","meta":{"footnotes":""},"categories":[13,159],"tags":[210],"class_list":["post-9578","page","type-page","status-publish","has-post-thumbnail","hentry","category-hirek","category-osztondij","tag-210"],"yoast_head":"<!-- This site is optimized with the Yoast SEO plugin v27.3 - https:\/\/yoast.com\/product\/yoast-seo-wordpress\/ -->\n<title>\u00c9gerh\u00e1zi Imre \u00f6szt\u00f6nd\u00edj 2013 - \u00dajabb \u00c9gerh\u00e1zi-\u00f6szt\u00f6nd\u00edjasok a D\u00f3czy Gimn\u00e1ziumban - \u00c9gerh\u00e1zi Imre<\/title>\n<meta name=\"robots\" content=\"index, follow, max-snippet:-1, max-image-preview:large, max-video-preview:-1\" \/>\n<link rel=\"canonical\" href=\"https:\/\/egerhaziimre.hu\/index.php\/archivum\/aktualitasok-hirek\/egerhazi-imre-osztondij-2013\/\" \/>\n<meta property=\"og:locale\" content=\"hu_HU\" \/>\n<meta property=\"og:type\" content=\"article\" \/>\n<meta property=\"og:title\" content=\"\u00c9gerh\u00e1zi Imre \u00f6szt\u00f6nd\u00edj 2013 - \u00dajabb \u00c9gerh\u00e1zi-\u00f6szt\u00f6nd\u00edjasok a D\u00f3czy Gimn\u00e1ziumban - \u00c9gerh\u00e1zi Imre\" \/>\n<meta property=\"og:description\" content=\"[vc_row][vc_column][vc_empty_space height=&#8221;60&#8243;][vc_row_inner][vc_column_inner width=&#8221;2\/3&#8243;][vc_column_text] Debrecen \u2013 Id\u00e9n m\u00e1r kilencedik alkalommal d\u00edjazt\u00e1k a k\u00e9pz\u0151m\u0171v\u00e9szetben el\u0151z\u0151 \u00e9vben legjobban teljes\u00edt\u0151 di\u00e1kokat. Imm\u00e1r harmadik \u00e9ve, hogy ketten megosztva \u00e9rdemelt\u00e9k ki az \u00c9gerh\u00e1zi Imre-\u00f6szt\u00f6nd\u00edjat, melyet a 2001-ben elhunyt fest\u0151m\u0171v\u00e9sz eml\u00e9k\u00e9re alap\u00edtottak \u00f6r\u00f6k\u00f6sei. Az \u00f6szt\u00f6nd\u00edjat a D\u00f3czy Gedeon Gimn\u00e1ziumban az el\u0151z\u0151 tan\u00e9vben legkiemelked\u0151bb eredm\u00e9nyeket el\u00e9r\u0151 di\u00e1kok kaphatj\u00e1k. Id\u00e9n a 8. a oszt\u00e1lyos Makleit Fanni, illetve 9. c-be [&hellip;]\" \/>\n<meta property=\"og:url\" content=\"https:\/\/egerhaziimre.hu\/index.php\/archivum\/aktualitasok-hirek\/egerhazi-imre-osztondij-2013\/\" \/>\n<meta property=\"og:site_name\" content=\"\u00c9gerh\u00e1zi Imre\" \/>\n<meta property=\"article:modified_time\" content=\"2023-06-09T13:29:06+00:00\" \/>\n<meta property=\"og:image\" content=\"https:\/\/egerhaziimre.hu\/wp-content\/uploads\/2020\/09\/osztondij_2013_09.jpg\" \/>\n\t<meta property=\"og:image:width\" content=\"800\" \/>\n\t<meta property=\"og:image:height\" content=\"555\" \/>\n\t<meta property=\"og:image:type\" content=\"image\/jpeg\" \/>\n<meta name=\"twitter:card\" content=\"summary_large_image\" \/>\n<meta name=\"twitter:label1\" content=\"Becs\u00fclt olvas\u00e1si id\u0151\" \/>\n\t<meta name=\"twitter:data1\" content=\"3 perc\" \/>\n<script type=\"application\/ld+json\" class=\"yoast-schema-graph\">{\"@context\":\"https:\\\/\\\/schema.org\",\"@graph\":[{\"@type\":\"WebPage\",\"@id\":\"https:\\\/\\\/egerhaziimre.hu\\\/index.php\\\/archivum\\\/aktualitasok-hirek\\\/egerhazi-imre-osztondij-2013\\\/\",\"url\":\"https:\\\/\\\/egerhaziimre.hu\\\/index.php\\\/archivum\\\/aktualitasok-hirek\\\/egerhazi-imre-osztondij-2013\\\/\",\"name\":\"\u00c9gerh\u00e1zi Imre \u00f6szt\u00f6nd\u00edj 2013 - \u00dajabb \u00c9gerh\u00e1zi-\u00f6szt\u00f6nd\u00edjasok a D\u00f3czy Gimn\u00e1ziumban - \u00c9gerh\u00e1zi Imre\",\"isPartOf\":{\"@id\":\"https:\\\/\\\/egerhaziimre.hu\\\/#website\"},\"primaryImageOfPage\":{\"@id\":\"https:\\\/\\\/egerhaziimre.hu\\\/index.php\\\/archivum\\\/aktualitasok-hirek\\\/egerhazi-imre-osztondij-2013\\\/#primaryimage\"},\"image\":{\"@id\":\"https:\\\/\\\/egerhaziimre.hu\\\/index.php\\\/archivum\\\/aktualitasok-hirek\\\/egerhazi-imre-osztondij-2013\\\/#primaryimage\"},\"thumbnailUrl\":\"https:\\\/\\\/egerhaziimre.hu\\\/wp-content\\\/uploads\\\/2020\\\/09\\\/osztondij_2013_09.jpg\",\"datePublished\":\"2013-09-15T14:44:11+00:00\",\"dateModified\":\"2023-06-09T13:29:06+00:00\",\"breadcrumb\":{\"@id\":\"https:\\\/\\\/egerhaziimre.hu\\\/index.php\\\/archivum\\\/aktualitasok-hirek\\\/egerhazi-imre-osztondij-2013\\\/#breadcrumb\"},\"inLanguage\":\"hu\",\"potentialAction\":[{\"@type\":\"ReadAction\",\"target\":[\"https:\\\/\\\/egerhaziimre.hu\\\/index.php\\\/archivum\\\/aktualitasok-hirek\\\/egerhazi-imre-osztondij-2013\\\/\"]}]},{\"@type\":\"ImageObject\",\"inLanguage\":\"hu\",\"@id\":\"https:\\\/\\\/egerhaziimre.hu\\\/index.php\\\/archivum\\\/aktualitasok-hirek\\\/egerhazi-imre-osztondij-2013\\\/#primaryimage\",\"url\":\"https:\\\/\\\/egerhaziimre.hu\\\/wp-content\\\/uploads\\\/2020\\\/09\\\/osztondij_2013_09.jpg\",\"contentUrl\":\"https:\\\/\\\/egerhaziimre.hu\\\/wp-content\\\/uploads\\\/2020\\\/09\\\/osztondij_2013_09.jpg\",\"width\":800,\"height\":555},{\"@type\":\"BreadcrumbList\",\"@id\":\"https:\\\/\\\/egerhaziimre.hu\\\/index.php\\\/archivum\\\/aktualitasok-hirek\\\/egerhazi-imre-osztondij-2013\\\/#breadcrumb\",\"itemListElement\":[{\"@type\":\"ListItem\",\"position\":1,\"name\":\"Home\",\"item\":\"https:\\\/\\\/egerhaziimre.hu\\\/\"},{\"@type\":\"ListItem\",\"position\":2,\"name\":\"Archives\",\"item\":\"https:\\\/\\\/egerhaziimre.hu\\\/index.php\\\/archivum\\\/?lang=en\"},{\"@type\":\"ListItem\",\"position\":3,\"name\":\"News\",\"item\":\"https:\\\/\\\/egerhaziimre.hu\\\/index.php\\\/archivum\\\/aktualitasok-hirek\\\/?lang=en\"},{\"@type\":\"ListItem\",\"position\":4,\"name\":\"\u00c9gerh\u00e1zi Imre \u00f6szt\u00f6nd\u00edj 2013 &#8211; \u00dajabb \u00c9gerh\u00e1zi-\u00f6szt\u00f6nd\u00edjasok a D\u00f3czy Gimn\u00e1ziumban\"}]},{\"@type\":\"WebSite\",\"@id\":\"https:\\\/\\\/egerhaziimre.hu\\\/#website\",\"url\":\"https:\\\/\\\/egerhaziimre.hu\\\/\",\"name\":\"\u00c9gerh\u00e1zi Imre\",\"description\":\"\",\"potentialAction\":[{\"@type\":\"SearchAction\",\"target\":{\"@type\":\"EntryPoint\",\"urlTemplate\":\"https:\\\/\\\/egerhaziimre.hu\\\/?s={search_term_string}\"},\"query-input\":{\"@type\":\"PropertyValueSpecification\",\"valueRequired\":true,\"valueName\":\"search_term_string\"}}],\"inLanguage\":\"hu\"}]}<\/script>\n<!-- \/ Yoast SEO plugin. -->","yoast_head_json":{"title":"\u00c9gerh\u00e1zi Imre \u00f6szt\u00f6nd\u00edj 2013 - \u00dajabb \u00c9gerh\u00e1zi-\u00f6szt\u00f6nd\u00edjasok a D\u00f3czy Gimn\u00e1ziumban - \u00c9gerh\u00e1zi Imre","robots":{"index":"index","follow":"follow","max-snippet":"max-snippet:-1","max-image-preview":"max-image-preview:large","max-video-preview":"max-video-preview:-1"},"canonical":"https:\/\/egerhaziimre.hu\/index.php\/archivum\/aktualitasok-hirek\/egerhazi-imre-osztondij-2013\/","og_locale":"hu_HU","og_type":"article","og_title":"\u00c9gerh\u00e1zi Imre \u00f6szt\u00f6nd\u00edj 2013 - \u00dajabb \u00c9gerh\u00e1zi-\u00f6szt\u00f6nd\u00edjasok a D\u00f3czy Gimn\u00e1ziumban - \u00c9gerh\u00e1zi Imre","og_description":"[vc_row][vc_column][vc_empty_space height=&#8221;60&#8243;][vc_row_inner][vc_column_inner width=&#8221;2\/3&#8243;][vc_column_text] Debrecen \u2013 Id\u00e9n m\u00e1r kilencedik alkalommal d\u00edjazt\u00e1k a k\u00e9pz\u0151m\u0171v\u00e9szetben el\u0151z\u0151 \u00e9vben legjobban teljes\u00edt\u0151 di\u00e1kokat. Imm\u00e1r harmadik \u00e9ve, hogy ketten megosztva \u00e9rdemelt\u00e9k ki az \u00c9gerh\u00e1zi Imre-\u00f6szt\u00f6nd\u00edjat, melyet a 2001-ben elhunyt fest\u0151m\u0171v\u00e9sz eml\u00e9k\u00e9re alap\u00edtottak \u00f6r\u00f6k\u00f6sei. Az \u00f6szt\u00f6nd\u00edjat a D\u00f3czy Gedeon Gimn\u00e1ziumban az el\u0151z\u0151 tan\u00e9vben legkiemelked\u0151bb eredm\u00e9nyeket el\u00e9r\u0151 di\u00e1kok kaphatj\u00e1k. Id\u00e9n a 8. a oszt\u00e1lyos Makleit Fanni, illetve 9. c-be [&hellip;]","og_url":"https:\/\/egerhaziimre.hu\/index.php\/archivum\/aktualitasok-hirek\/egerhazi-imre-osztondij-2013\/","og_site_name":"\u00c9gerh\u00e1zi Imre","article_modified_time":"2023-06-09T13:29:06+00:00","og_image":[{"width":800,"height":555,"url":"https:\/\/egerhaziimre.hu\/wp-content\/uploads\/2020\/09\/osztondij_2013_09.jpg","type":"image\/jpeg"}],"twitter_card":"summary_large_image","twitter_misc":{"Becs\u00fclt olvas\u00e1si id\u0151":"3 perc"},"schema":{"@context":"https:\/\/schema.org","@graph":[{"@type":"WebPage","@id":"https:\/\/egerhaziimre.hu\/index.php\/archivum\/aktualitasok-hirek\/egerhazi-imre-osztondij-2013\/","url":"https:\/\/egerhaziimre.hu\/index.php\/archivum\/aktualitasok-hirek\/egerhazi-imre-osztondij-2013\/","name":"\u00c9gerh\u00e1zi Imre \u00f6szt\u00f6nd\u00edj 2013 - \u00dajabb \u00c9gerh\u00e1zi-\u00f6szt\u00f6nd\u00edjasok a D\u00f3czy Gimn\u00e1ziumban - \u00c9gerh\u00e1zi Imre","isPartOf":{"@id":"https:\/\/egerhaziimre.hu\/#website"},"primaryImageOfPage":{"@id":"https:\/\/egerhaziimre.hu\/index.php\/archivum\/aktualitasok-hirek\/egerhazi-imre-osztondij-2013\/#primaryimage"},"image":{"@id":"https:\/\/egerhaziimre.hu\/index.php\/archivum\/aktualitasok-hirek\/egerhazi-imre-osztondij-2013\/#primaryimage"},"thumbnailUrl":"https:\/\/egerhaziimre.hu\/wp-content\/uploads\/2020\/09\/osztondij_2013_09.jpg","datePublished":"2013-09-15T14:44:11+00:00","dateModified":"2023-06-09T13:29:06+00:00","breadcrumb":{"@id":"https:\/\/egerhaziimre.hu\/index.php\/archivum\/aktualitasok-hirek\/egerhazi-imre-osztondij-2013\/#breadcrumb"},"inLanguage":"hu","potentialAction":[{"@type":"ReadAction","target":["https:\/\/egerhaziimre.hu\/index.php\/archivum\/aktualitasok-hirek\/egerhazi-imre-osztondij-2013\/"]}]},{"@type":"ImageObject","inLanguage":"hu","@id":"https:\/\/egerhaziimre.hu\/index.php\/archivum\/aktualitasok-hirek\/egerhazi-imre-osztondij-2013\/#primaryimage","url":"https:\/\/egerhaziimre.hu\/wp-content\/uploads\/2020\/09\/osztondij_2013_09.jpg","contentUrl":"https:\/\/egerhaziimre.hu\/wp-content\/uploads\/2020\/09\/osztondij_2013_09.jpg","width":800,"height":555},{"@type":"BreadcrumbList","@id":"https:\/\/egerhaziimre.hu\/index.php\/archivum\/aktualitasok-hirek\/egerhazi-imre-osztondij-2013\/#breadcrumb","itemListElement":[{"@type":"ListItem","position":1,"name":"Home","item":"https:\/\/egerhaziimre.hu\/"},{"@type":"ListItem","position":2,"name":"Archives","item":"https:\/\/egerhaziimre.hu\/index.php\/archivum\/?lang=en"},{"@type":"ListItem","position":3,"name":"News","item":"https:\/\/egerhaziimre.hu\/index.php\/archivum\/aktualitasok-hirek\/?lang=en"},{"@type":"ListItem","position":4,"name":"\u00c9gerh\u00e1zi Imre \u00f6szt\u00f6nd\u00edj 2013 &#8211; \u00dajabb \u00c9gerh\u00e1zi-\u00f6szt\u00f6nd\u00edjasok a D\u00f3czy Gimn\u00e1ziumban"}]},{"@type":"WebSite","@id":"https:\/\/egerhaziimre.hu\/#website","url":"https:\/\/egerhaziimre.hu\/","name":"\u00c9gerh\u00e1zi Imre","description":"","potentialAction":[{"@type":"SearchAction","target":{"@type":"EntryPoint","urlTemplate":"https:\/\/egerhaziimre.hu\/?s={search_term_string}"},"query-input":{"@type":"PropertyValueSpecification","valueRequired":true,"valueName":"search_term_string"}}],"inLanguage":"hu"}]}},"jetpack_sharing_enabled":true,"_links":{"self":[{"href":"https:\/\/egerhaziimre.hu\/index.php\/wp-json\/wp\/v2\/pages\/9578","targetHints":{"allow":["GET"]}}],"collection":[{"href":"https:\/\/egerhaziimre.hu\/index.php\/wp-json\/wp\/v2\/pages"}],"about":[{"href":"https:\/\/egerhaziimre.hu\/index.php\/wp-json\/wp\/v2\/types\/page"}],"author":[{"embeddable":true,"href":"https:\/\/egerhaziimre.hu\/index.php\/wp-json\/wp\/v2\/users\/4"}],"replies":[{"embeddable":true,"href":"https:\/\/egerhaziimre.hu\/index.php\/wp-json\/wp\/v2\/comments?post=9578"}],"version-history":[{"count":5,"href":"https:\/\/egerhaziimre.hu\/index.php\/wp-json\/wp\/v2\/pages\/9578\/revisions"}],"predecessor-version":[{"id":13114,"href":"https:\/\/egerhaziimre.hu\/index.php\/wp-json\/wp\/v2\/pages\/9578\/revisions\/13114"}],"up":[{"embeddable":true,"href":"https:\/\/egerhaziimre.hu\/index.php\/wp-json\/wp\/v2\/pages\/28"}],"wp:featuredmedia":[{"embeddable":true,"href":"https:\/\/egerhaziimre.hu\/index.php\/wp-json\/wp\/v2\/media\/9589"}],"wp:attachment":[{"href":"https:\/\/egerhaziimre.hu\/index.php\/wp-json\/wp\/v2\/media?parent=9578"}],"wp:term":[{"taxonomy":"category","embeddable":true,"href":"https:\/\/egerhaziimre.hu\/index.php\/wp-json\/wp\/v2\/categories?post=9578"},{"taxonomy":"post_tag","embeddable":true,"href":"https:\/\/egerhaziimre.hu\/index.php\/wp-json\/wp\/v2\/tags?post=9578"}],"curies":[{"name":"wp","href":"https:\/\/api.w.org\/{rel}","templated":true}]}}