{"id":9596,"date":"2014-09-17T10:33:55","date_gmt":"2014-09-17T08:33:55","guid":{"rendered":"http:\/\/egerhaziimre.magex.hu\/?page_id=9596"},"modified":"2020-10-30T15:16:46","modified_gmt":"2020-10-30T14:16:46","slug":"alma-es-faja","status":"publish","type":"page","link":"https:\/\/egerhaziimre.hu\/index.php\/archivum\/audiovizualis-archivum\/alma-es-faja\/","title":{"rendered":"Alma \u00e9s f\u00e1ja \u2013 \u00c9gerh\u00e1zi Attila \u00e9s \u00c9gerh\u00e1zi Imre, 2014. szeptember 11."},"content":{"rendered":"<div class=\"wpb-content-wrapper\">[vc_row][vc_column][vc_column_text]\n<h6>\u00c9gerh\u00e1zi Attila \u00e9s \u00e9desapja, \u00c9gerh\u00e1zi Imre<\/h6>\n<p><em>Alma \u00e9s f\u00e1ja \u2013 \u00c9gerh\u00e1zi Attila \u00e9s \u00c9gerh\u00e1zi Imre, N\u00e1ray Bal\u00e1zs m\u0171sora, Kossuth R\u00e1di\u00f3, 2014. szeptember 11.<\/em><\/p>\n<p>A zen\u00e9sz, akinek fest\u0151m\u0171v\u00e9sz \u00e9desapja lemezt ihletett. A Djabe zenekar eg\u00e9sz albumot \u00edrt a k\u00e9pekr\u0151l T\u00e1ncolnak a kazlak c\u00edmmel n\u00e9h\u00e1ny \u00e9ve, de a vizualit\u00e1s az\u00f3ta sem \u00e1ll t\u00e1vol a zenekart\u00f3l, \u00e9s a fest\u0151m\u0171v\u00e9sz fi\u00e1b\u00f3l lett zen\u00e9szt\u0151l.<br \/>\n<em>Szerkeszt\u0151: N\u00e1ray Bal\u00e1zs<br \/>\n<\/em>[\/vc_column_text][vc_separator][vc_video link=&#8221;https:\/\/youtu.be\/p-tt30FnYx4&#8243; el_width=&#8221;80&#8243; align=&#8221;center&#8221;][\/vc_column][\/vc_row]\n<\/div>","protected":false},"excerpt":{"rendered":"<p>[vc_row][vc_column][vc_column_text] \u00c9gerh\u00e1zi Attila \u00e9s \u00e9desapja, \u00c9gerh\u00e1zi Imre Alma \u00e9s f\u00e1ja \u2013 \u00c9gerh\u00e1zi Attila \u00e9s \u00c9gerh\u00e1zi Imre, N\u00e1ray Bal\u00e1zs m\u0171sora, Kossuth R\u00e1di\u00f3, 2014. szeptember 11. A zen\u00e9sz, akinek fest\u0151m\u0171v\u00e9sz \u00e9desapja lemezt ihletett. A Djabe zenekar eg\u00e9sz albumot \u00edrt a k\u00e9pekr\u0151l T\u00e1ncolnak a kazlak c\u00edmmel n\u00e9h\u00e1ny \u00e9ve, de a vizualit\u00e1s az\u00f3ta sem \u00e1ll t\u00e1vol a zenekart\u00f3l, \u00e9s a fest\u0151m\u0171v\u00e9sz fi\u00e1b\u00f3l lett zen\u00e9szt\u0151l. [&hellip;]<\/p>\n","protected":false},"author":4,"featured_media":9597,"parent":41,"menu_order":0,"comment_status":"closed","ping_status":"closed","template":"","meta":{"footnotes":""},"categories":[53],"tags":[206],"class_list":["post-9596","page","type-page","status-publish","has-post-thumbnail","hentry","category-video","tag-206"],"yoast_head":"<!-- This site is optimized with the Yoast SEO plugin v27.3 - https:\/\/yoast.com\/product\/yoast-seo-wordpress\/ -->\n<title>Alma \u00e9s f\u00e1ja \u2013 \u00c9gerh\u00e1zi Attila \u00e9s \u00c9gerh\u00e1zi Imre, 2014. szeptember 11. - \u00c9gerh\u00e1zi Imre<\/title>\n<meta name=\"robots\" content=\"index, follow, max-snippet:-1, max-image-preview:large, max-video-preview:-1\" \/>\n<link rel=\"canonical\" href=\"https:\/\/egerhaziimre.hu\/index.php\/archivum\/audiovizualis-archivum\/alma-es-faja\/?lang=en\" \/>\n<meta property=\"og:locale\" content=\"hu_HU\" \/>\n<meta property=\"og:type\" content=\"article\" \/>\n<meta property=\"og:title\" content=\"Alma \u00e9s f\u00e1ja \u2013 \u00c9gerh\u00e1zi Attila \u00e9s \u00c9gerh\u00e1zi Imre, 2014. szeptember 11. - \u00c9gerh\u00e1zi Imre\" \/>\n<meta property=\"og:description\" content=\"[vc_row][vc_column][vc_column_text] \u00c9gerh\u00e1zi Attila \u00e9s \u00e9desapja, \u00c9gerh\u00e1zi Imre Alma \u00e9s f\u00e1ja \u2013 \u00c9gerh\u00e1zi Attila \u00e9s \u00c9gerh\u00e1zi Imre, N\u00e1ray Bal\u00e1zs m\u0171sora, Kossuth R\u00e1di\u00f3, 2014. szeptember 11. A zen\u00e9sz, akinek fest\u0151m\u0171v\u00e9sz \u00e9desapja lemezt ihletett. A Djabe zenekar eg\u00e9sz albumot \u00edrt a k\u00e9pekr\u0151l T\u00e1ncolnak a kazlak c\u00edmmel n\u00e9h\u00e1ny \u00e9ve, de a vizualit\u00e1s az\u00f3ta sem \u00e1ll t\u00e1vol a zenekart\u00f3l, \u00e9s a fest\u0151m\u0171v\u00e9sz fi\u00e1b\u00f3l lett zen\u00e9szt\u0151l. [&hellip;]\" \/>\n<meta property=\"og:url\" content=\"https:\/\/egerhaziimre.hu\/index.php\/archivum\/audiovizualis-archivum\/alma-es-faja\/?lang=en\" \/>\n<meta property=\"og:site_name\" content=\"\u00c9gerh\u00e1zi Imre\" \/>\n<meta property=\"article:modified_time\" content=\"2020-10-30T14:16:46+00:00\" \/>\n<meta property=\"og:image\" content=\"https:\/\/egerhaziimre.hu\/wp-content\/uploads\/2020\/09\/alma_es_faja.jpg\" \/>\n\t<meta property=\"og:image:width\" content=\"1920\" \/>\n\t<meta property=\"og:image:height\" content=\"1080\" \/>\n\t<meta property=\"og:image:type\" content=\"image\/jpeg\" \/>\n<meta name=\"twitter:card\" content=\"summary_large_image\" \/>\n<meta name=\"twitter:label1\" content=\"Becs\u00fclt olvas\u00e1si id\u0151\" \/>\n\t<meta name=\"twitter:data1\" content=\"1 perc\" \/>\n<script type=\"application\/ld+json\" class=\"yoast-schema-graph\">{\"@context\":\"https:\\\/\\\/schema.org\",\"@graph\":[{\"@type\":\"WebPage\",\"@id\":\"https:\\\/\\\/egerhaziimre.hu\\\/index.php\\\/archivum\\\/audiovizualis-archivum\\\/alma-es-faja\\\/?lang=en\",\"url\":\"https:\\\/\\\/egerhaziimre.hu\\\/index.php\\\/archivum\\\/audiovizualis-archivum\\\/alma-es-faja\\\/?lang=en\",\"name\":\"Alma \u00e9s f\u00e1ja \u2013 \u00c9gerh\u00e1zi Attila \u00e9s \u00c9gerh\u00e1zi Imre, 2014. szeptember 11. - \u00c9gerh\u00e1zi Imre\",\"isPartOf\":{\"@id\":\"https:\\\/\\\/egerhaziimre.hu\\\/#website\"},\"primaryImageOfPage\":{\"@id\":\"https:\\\/\\\/egerhaziimre.hu\\\/index.php\\\/archivum\\\/audiovizualis-archivum\\\/alma-es-faja\\\/?lang=en#primaryimage\"},\"image\":{\"@id\":\"https:\\\/\\\/egerhaziimre.hu\\\/index.php\\\/archivum\\\/audiovizualis-archivum\\\/alma-es-faja\\\/?lang=en#primaryimage\"},\"thumbnailUrl\":\"https:\\\/\\\/egerhaziimre.hu\\\/wp-content\\\/uploads\\\/2020\\\/09\\\/alma_es_faja.jpg\",\"datePublished\":\"2014-09-17T08:33:55+00:00\",\"dateModified\":\"2020-10-30T14:16:46+00:00\",\"breadcrumb\":{\"@id\":\"https:\\\/\\\/egerhaziimre.hu\\\/index.php\\\/archivum\\\/audiovizualis-archivum\\\/alma-es-faja\\\/?lang=en#breadcrumb\"},\"inLanguage\":\"hu\",\"potentialAction\":[{\"@type\":\"ReadAction\",\"target\":[\"https:\\\/\\\/egerhaziimre.hu\\\/index.php\\\/archivum\\\/audiovizualis-archivum\\\/alma-es-faja\\\/?lang=en\"]}]},{\"@type\":\"ImageObject\",\"inLanguage\":\"hu\",\"@id\":\"https:\\\/\\\/egerhaziimre.hu\\\/index.php\\\/archivum\\\/audiovizualis-archivum\\\/alma-es-faja\\\/?lang=en#primaryimage\",\"url\":\"https:\\\/\\\/egerhaziimre.hu\\\/wp-content\\\/uploads\\\/2020\\\/09\\\/alma_es_faja.jpg\",\"contentUrl\":\"https:\\\/\\\/egerhaziimre.hu\\\/wp-content\\\/uploads\\\/2020\\\/09\\\/alma_es_faja.jpg\",\"width\":1920,\"height\":1080},{\"@type\":\"BreadcrumbList\",\"@id\":\"https:\\\/\\\/egerhaziimre.hu\\\/index.php\\\/archivum\\\/audiovizualis-archivum\\\/alma-es-faja\\\/?lang=en#breadcrumb\",\"itemListElement\":[{\"@type\":\"ListItem\",\"position\":1,\"name\":\"Home\",\"item\":\"https:\\\/\\\/egerhaziimre.hu\\\/\"},{\"@type\":\"ListItem\",\"position\":2,\"name\":\"Archives\",\"item\":\"https:\\\/\\\/egerhaziimre.hu\\\/index.php\\\/archivum\\\/?lang=en\"},{\"@type\":\"ListItem\",\"position\":3,\"name\":\"Audiovisual archives\",\"item\":\"https:\\\/\\\/egerhaziimre.hu\\\/index.php\\\/archivum\\\/audiovizualis-archivum\\\/?lang=en\"},{\"@type\":\"ListItem\",\"position\":4,\"name\":\"Father and son: Imre &#038; Attila \u00c9gerh\u00e1zi, by Bal\u00e1zs N\u00e1rai, broadcasted on Radio Kossuth on 11. September 2014\"}]},{\"@type\":\"WebSite\",\"@id\":\"https:\\\/\\\/egerhaziimre.hu\\\/#website\",\"url\":\"https:\\\/\\\/egerhaziimre.hu\\\/\",\"name\":\"\u00c9gerh\u00e1zi Imre\",\"description\":\"\",\"potentialAction\":[{\"@type\":\"SearchAction\",\"target\":{\"@type\":\"EntryPoint\",\"urlTemplate\":\"https:\\\/\\\/egerhaziimre.hu\\\/?s={search_term_string}\"},\"query-input\":{\"@type\":\"PropertyValueSpecification\",\"valueRequired\":true,\"valueName\":\"search_term_string\"}}],\"inLanguage\":\"hu\"}]}<\/script>\n<!-- \/ Yoast SEO plugin. -->","yoast_head_json":{"title":"Alma \u00e9s f\u00e1ja \u2013 \u00c9gerh\u00e1zi Attila \u00e9s \u00c9gerh\u00e1zi Imre, 2014. szeptember 11. - \u00c9gerh\u00e1zi Imre","robots":{"index":"index","follow":"follow","max-snippet":"max-snippet:-1","max-image-preview":"max-image-preview:large","max-video-preview":"max-video-preview:-1"},"canonical":"https:\/\/egerhaziimre.hu\/index.php\/archivum\/audiovizualis-archivum\/alma-es-faja\/?lang=en","og_locale":"hu_HU","og_type":"article","og_title":"Alma \u00e9s f\u00e1ja \u2013 \u00c9gerh\u00e1zi Attila \u00e9s \u00c9gerh\u00e1zi Imre, 2014. szeptember 11. - \u00c9gerh\u00e1zi Imre","og_description":"[vc_row][vc_column][vc_column_text] \u00c9gerh\u00e1zi Attila \u00e9s \u00e9desapja, \u00c9gerh\u00e1zi Imre Alma \u00e9s f\u00e1ja \u2013 \u00c9gerh\u00e1zi Attila \u00e9s \u00c9gerh\u00e1zi Imre, N\u00e1ray Bal\u00e1zs m\u0171sora, Kossuth R\u00e1di\u00f3, 2014. szeptember 11. A zen\u00e9sz, akinek fest\u0151m\u0171v\u00e9sz \u00e9desapja lemezt ihletett. A Djabe zenekar eg\u00e9sz albumot \u00edrt a k\u00e9pekr\u0151l T\u00e1ncolnak a kazlak c\u00edmmel n\u00e9h\u00e1ny \u00e9ve, de a vizualit\u00e1s az\u00f3ta sem \u00e1ll t\u00e1vol a zenekart\u00f3l, \u00e9s a fest\u0151m\u0171v\u00e9sz fi\u00e1b\u00f3l lett zen\u00e9szt\u0151l. [&hellip;]","og_url":"https:\/\/egerhaziimre.hu\/index.php\/archivum\/audiovizualis-archivum\/alma-es-faja\/?lang=en","og_site_name":"\u00c9gerh\u00e1zi Imre","article_modified_time":"2020-10-30T14:16:46+00:00","og_image":[{"width":1920,"height":1080,"url":"https:\/\/egerhaziimre.hu\/wp-content\/uploads\/2020\/09\/alma_es_faja.jpg","type":"image\/jpeg"}],"twitter_card":"summary_large_image","twitter_misc":{"Becs\u00fclt olvas\u00e1si id\u0151":"1 perc"},"schema":{"@context":"https:\/\/schema.org","@graph":[{"@type":"WebPage","@id":"https:\/\/egerhaziimre.hu\/index.php\/archivum\/audiovizualis-archivum\/alma-es-faja\/?lang=en","url":"https:\/\/egerhaziimre.hu\/index.php\/archivum\/audiovizualis-archivum\/alma-es-faja\/?lang=en","name":"Alma \u00e9s f\u00e1ja \u2013 \u00c9gerh\u00e1zi Attila \u00e9s \u00c9gerh\u00e1zi Imre, 2014. szeptember 11. - \u00c9gerh\u00e1zi Imre","isPartOf":{"@id":"https:\/\/egerhaziimre.hu\/#website"},"primaryImageOfPage":{"@id":"https:\/\/egerhaziimre.hu\/index.php\/archivum\/audiovizualis-archivum\/alma-es-faja\/?lang=en#primaryimage"},"image":{"@id":"https:\/\/egerhaziimre.hu\/index.php\/archivum\/audiovizualis-archivum\/alma-es-faja\/?lang=en#primaryimage"},"thumbnailUrl":"https:\/\/egerhaziimre.hu\/wp-content\/uploads\/2020\/09\/alma_es_faja.jpg","datePublished":"2014-09-17T08:33:55+00:00","dateModified":"2020-10-30T14:16:46+00:00","breadcrumb":{"@id":"https:\/\/egerhaziimre.hu\/index.php\/archivum\/audiovizualis-archivum\/alma-es-faja\/?lang=en#breadcrumb"},"inLanguage":"hu","potentialAction":[{"@type":"ReadAction","target":["https:\/\/egerhaziimre.hu\/index.php\/archivum\/audiovizualis-archivum\/alma-es-faja\/?lang=en"]}]},{"@type":"ImageObject","inLanguage":"hu","@id":"https:\/\/egerhaziimre.hu\/index.php\/archivum\/audiovizualis-archivum\/alma-es-faja\/?lang=en#primaryimage","url":"https:\/\/egerhaziimre.hu\/wp-content\/uploads\/2020\/09\/alma_es_faja.jpg","contentUrl":"https:\/\/egerhaziimre.hu\/wp-content\/uploads\/2020\/09\/alma_es_faja.jpg","width":1920,"height":1080},{"@type":"BreadcrumbList","@id":"https:\/\/egerhaziimre.hu\/index.php\/archivum\/audiovizualis-archivum\/alma-es-faja\/?lang=en#breadcrumb","itemListElement":[{"@type":"ListItem","position":1,"name":"Home","item":"https:\/\/egerhaziimre.hu\/"},{"@type":"ListItem","position":2,"name":"Archives","item":"https:\/\/egerhaziimre.hu\/index.php\/archivum\/?lang=en"},{"@type":"ListItem","position":3,"name":"Audiovisual archives","item":"https:\/\/egerhaziimre.hu\/index.php\/archivum\/audiovizualis-archivum\/?lang=en"},{"@type":"ListItem","position":4,"name":"Father and son: Imre &#038; Attila \u00c9gerh\u00e1zi, by Bal\u00e1zs N\u00e1rai, broadcasted on Radio Kossuth on 11. September 2014"}]},{"@type":"WebSite","@id":"https:\/\/egerhaziimre.hu\/#website","url":"https:\/\/egerhaziimre.hu\/","name":"\u00c9gerh\u00e1zi Imre","description":"","potentialAction":[{"@type":"SearchAction","target":{"@type":"EntryPoint","urlTemplate":"https:\/\/egerhaziimre.hu\/?s={search_term_string}"},"query-input":{"@type":"PropertyValueSpecification","valueRequired":true,"valueName":"search_term_string"}}],"inLanguage":"hu"}]}},"jetpack_sharing_enabled":true,"_links":{"self":[{"href":"https:\/\/egerhaziimre.hu\/index.php\/wp-json\/wp\/v2\/pages\/9596","targetHints":{"allow":["GET"]}}],"collection":[{"href":"https:\/\/egerhaziimre.hu\/index.php\/wp-json\/wp\/v2\/pages"}],"about":[{"href":"https:\/\/egerhaziimre.hu\/index.php\/wp-json\/wp\/v2\/types\/page"}],"author":[{"embeddable":true,"href":"https:\/\/egerhaziimre.hu\/index.php\/wp-json\/wp\/v2\/users\/4"}],"replies":[{"embeddable":true,"href":"https:\/\/egerhaziimre.hu\/index.php\/wp-json\/wp\/v2\/comments?post=9596"}],"version-history":[{"count":7,"href":"https:\/\/egerhaziimre.hu\/index.php\/wp-json\/wp\/v2\/pages\/9596\/revisions"}],"predecessor-version":[{"id":11158,"href":"https:\/\/egerhaziimre.hu\/index.php\/wp-json\/wp\/v2\/pages\/9596\/revisions\/11158"}],"up":[{"embeddable":true,"href":"https:\/\/egerhaziimre.hu\/index.php\/wp-json\/wp\/v2\/pages\/41"}],"wp:featuredmedia":[{"embeddable":true,"href":"https:\/\/egerhaziimre.hu\/index.php\/wp-json\/wp\/v2\/media\/9597"}],"wp:attachment":[{"href":"https:\/\/egerhaziimre.hu\/index.php\/wp-json\/wp\/v2\/media?parent=9596"}],"wp:term":[{"taxonomy":"category","embeddable":true,"href":"https:\/\/egerhaziimre.hu\/index.php\/wp-json\/wp\/v2\/categories?post=9596"},{"taxonomy":"post_tag","embeddable":true,"href":"https:\/\/egerhaziimre.hu\/index.php\/wp-json\/wp\/v2\/tags?post=9596"}],"curies":[{"name":"wp","href":"https:\/\/api.w.org\/{rel}","templated":true}]}}