{"id":9822,"date":"2009-09-21T13:53:45","date_gmt":"2009-09-21T11:53:45","guid":{"rendered":"http:\/\/egerhaziimre.magex.hu\/?page_id=9822"},"modified":"2020-10-02T16:49:59","modified_gmt":"2020-10-02T14:49:59","slug":"emlekfa-az-emlekhazban-video-2009","status":"publish","type":"page","link":"https:\/\/egerhaziimre.hu\/index.php\/archivum\/audiovizualis-archivum\/emlekfa-az-emlekhazban-video-2009\/","title":{"rendered":"Eml\u00e9kfa az eml\u00e9kh\u00e1zban \u2013 Interj\u00fa Nagy G\u00e1bor fafarag\u00f3val, 2009"},"content":{"rendered":"<div class=\"wpb-content-wrapper\">[vc_row][vc_column][vc_video link=&#8221;https:\/\/youtu.be\/X2iju8_oEto&#8221; el_width=&#8221;80&#8243; align=&#8221;center&#8221;][vc_separator][vc_column_text]<a href=\"https:\/\/egerhaziimre.hu\/index.php\/emlekfa-az-emlekhazban\/\" target=\"_blank\" rel=\"noopener noreferrer\">Tov\u00e1bb a vide\u00f3hoz kapcsol\u00f3d\u00f3 h\u00edrre \u00bb<\/a>[\/vc_column_text][\/vc_column][\/vc_row]\n<\/div>","protected":false},"excerpt":{"rendered":"<p>[vc_row][vc_column][vc_video link=&#8221;https:\/\/youtu.be\/X2iju8_oEto&#8221; el_width=&#8221;80&#8243; align=&#8221;center&#8221;][vc_separator][vc_column_text]Tov\u00e1bb a vide\u00f3hoz kapcsol\u00f3d\u00f3 h\u00edrre \u00bb[\/vc_column_text][\/vc_column][\/vc_row]<\/p>\n","protected":false},"author":4,"featured_media":10332,"parent":41,"menu_order":0,"comment_status":"closed","ping_status":"closed","template":"","meta":{"footnotes":""},"categories":[53],"tags":[161],"class_list":["post-9822","page","type-page","status-publish","has-post-thumbnail","hentry","category-video","tag-161"],"yoast_head":"<!-- This site is optimized with the Yoast SEO plugin v27.3 - https:\/\/yoast.com\/product\/yoast-seo-wordpress\/ -->\n<title>Eml\u00e9kfa az eml\u00e9kh\u00e1zban \u2013 Interj\u00fa Nagy G\u00e1bor fafarag\u00f3val, 2009 - \u00c9gerh\u00e1zi Imre<\/title>\n<meta name=\"robots\" content=\"index, follow, max-snippet:-1, max-image-preview:large, max-video-preview:-1\" \/>\n<link rel=\"canonical\" href=\"https:\/\/egerhaziimre.hu\/index.php\/archivum\/audiovizualis-archivum\/emlekfa-az-emlekhazban-video-2009\/?lang=en\" \/>\n<meta property=\"og:locale\" content=\"hu_HU\" \/>\n<meta property=\"og:type\" content=\"article\" \/>\n<meta property=\"og:title\" content=\"Eml\u00e9kfa az eml\u00e9kh\u00e1zban \u2013 Interj\u00fa Nagy G\u00e1bor fafarag\u00f3val, 2009 - \u00c9gerh\u00e1zi Imre\" \/>\n<meta property=\"og:description\" content=\"[vc_row][vc_column][vc_video link=&#8221;https:\/\/youtu.be\/X2iju8_oEto&#8221; el_width=&#8221;80&#8243; align=&#8221;center&#8221;][vc_separator][vc_column_text]Tov\u00e1bb a vide\u00f3hoz kapcsol\u00f3d\u00f3 h\u00edrre \u00bb[\/vc_column_text][\/vc_column][\/vc_row]\" \/>\n<meta property=\"og:url\" content=\"https:\/\/egerhaziimre.hu\/index.php\/archivum\/audiovizualis-archivum\/emlekfa-az-emlekhazban-video-2009\/?lang=en\" \/>\n<meta property=\"og:site_name\" content=\"\u00c9gerh\u00e1zi Imre\" \/>\n<meta property=\"article:modified_time\" content=\"2020-10-02T14:49:59+00:00\" \/>\n<meta property=\"og:image\" content=\"https:\/\/egerhaziimre.hu\/wp-content\/uploads\/2020\/10\/hir_emlekfa_20101122_11.jpg\" \/>\n\t<meta property=\"og:image:width\" content=\"800\" \/>\n\t<meta property=\"og:image:height\" content=\"535\" \/>\n\t<meta property=\"og:image:type\" content=\"image\/jpeg\" \/>\n<meta name=\"twitter:card\" content=\"summary_large_image\" \/>\n<script type=\"application\/ld+json\" class=\"yoast-schema-graph\">{\"@context\":\"https:\\\/\\\/schema.org\",\"@graph\":[{\"@type\":\"WebPage\",\"@id\":\"https:\\\/\\\/egerhaziimre.hu\\\/index.php\\\/archivum\\\/audiovizualis-archivum\\\/emlekfa-az-emlekhazban-video-2009\\\/?lang=en\",\"url\":\"https:\\\/\\\/egerhaziimre.hu\\\/index.php\\\/archivum\\\/audiovizualis-archivum\\\/emlekfa-az-emlekhazban-video-2009\\\/?lang=en\",\"name\":\"Eml\u00e9kfa az eml\u00e9kh\u00e1zban \u2013 Interj\u00fa Nagy G\u00e1bor fafarag\u00f3val, 2009 - \u00c9gerh\u00e1zi Imre\",\"isPartOf\":{\"@id\":\"https:\\\/\\\/egerhaziimre.hu\\\/#website\"},\"primaryImageOfPage\":{\"@id\":\"https:\\\/\\\/egerhaziimre.hu\\\/index.php\\\/archivum\\\/audiovizualis-archivum\\\/emlekfa-az-emlekhazban-video-2009\\\/?lang=en#primaryimage\"},\"image\":{\"@id\":\"https:\\\/\\\/egerhaziimre.hu\\\/index.php\\\/archivum\\\/audiovizualis-archivum\\\/emlekfa-az-emlekhazban-video-2009\\\/?lang=en#primaryimage\"},\"thumbnailUrl\":\"https:\\\/\\\/egerhaziimre.hu\\\/wp-content\\\/uploads\\\/2020\\\/10\\\/hir_emlekfa_20101122_11.jpg\",\"datePublished\":\"2009-09-21T11:53:45+00:00\",\"dateModified\":\"2020-10-02T14:49:59+00:00\",\"breadcrumb\":{\"@id\":\"https:\\\/\\\/egerhaziimre.hu\\\/index.php\\\/archivum\\\/audiovizualis-archivum\\\/emlekfa-az-emlekhazban-video-2009\\\/?lang=en#breadcrumb\"},\"inLanguage\":\"hu\",\"potentialAction\":[{\"@type\":\"ReadAction\",\"target\":[\"https:\\\/\\\/egerhaziimre.hu\\\/index.php\\\/archivum\\\/audiovizualis-archivum\\\/emlekfa-az-emlekhazban-video-2009\\\/?lang=en\"]}]},{\"@type\":\"ImageObject\",\"inLanguage\":\"hu\",\"@id\":\"https:\\\/\\\/egerhaziimre.hu\\\/index.php\\\/archivum\\\/audiovizualis-archivum\\\/emlekfa-az-emlekhazban-video-2009\\\/?lang=en#primaryimage\",\"url\":\"https:\\\/\\\/egerhaziimre.hu\\\/wp-content\\\/uploads\\\/2020\\\/10\\\/hir_emlekfa_20101122_11.jpg\",\"contentUrl\":\"https:\\\/\\\/egerhaziimre.hu\\\/wp-content\\\/uploads\\\/2020\\\/10\\\/hir_emlekfa_20101122_11.jpg\",\"width\":800,\"height\":535,\"caption\":\"SONY DSC\"},{\"@type\":\"BreadcrumbList\",\"@id\":\"https:\\\/\\\/egerhaziimre.hu\\\/index.php\\\/archivum\\\/audiovizualis-archivum\\\/emlekfa-az-emlekhazban-video-2009\\\/?lang=en#breadcrumb\",\"itemListElement\":[{\"@type\":\"ListItem\",\"position\":1,\"name\":\"Home\",\"item\":\"https:\\\/\\\/egerhaziimre.hu\\\/\"},{\"@type\":\"ListItem\",\"position\":2,\"name\":\"Archives\",\"item\":\"https:\\\/\\\/egerhaziimre.hu\\\/index.php\\\/archivum\\\/?lang=en\"},{\"@type\":\"ListItem\",\"position\":3,\"name\":\"Audiovisual archives\",\"item\":\"https:\\\/\\\/egerhaziimre.hu\\\/index.php\\\/archivum\\\/audiovizualis-archivum\\\/?lang=en\"},{\"@type\":\"ListItem\",\"position\":4,\"name\":\"Memorial column in the memorial house \u2013 Interview with G\u00e1bor Nagy wood carver, 2009\"}]},{\"@type\":\"WebSite\",\"@id\":\"https:\\\/\\\/egerhaziimre.hu\\\/#website\",\"url\":\"https:\\\/\\\/egerhaziimre.hu\\\/\",\"name\":\"\u00c9gerh\u00e1zi Imre\",\"description\":\"\",\"potentialAction\":[{\"@type\":\"SearchAction\",\"target\":{\"@type\":\"EntryPoint\",\"urlTemplate\":\"https:\\\/\\\/egerhaziimre.hu\\\/?s={search_term_string}\"},\"query-input\":{\"@type\":\"PropertyValueSpecification\",\"valueRequired\":true,\"valueName\":\"search_term_string\"}}],\"inLanguage\":\"hu\"}]}<\/script>\n<!-- \/ Yoast SEO plugin. -->","yoast_head_json":{"title":"Eml\u00e9kfa az eml\u00e9kh\u00e1zban \u2013 Interj\u00fa Nagy G\u00e1bor fafarag\u00f3val, 2009 - \u00c9gerh\u00e1zi Imre","robots":{"index":"index","follow":"follow","max-snippet":"max-snippet:-1","max-image-preview":"max-image-preview:large","max-video-preview":"max-video-preview:-1"},"canonical":"https:\/\/egerhaziimre.hu\/index.php\/archivum\/audiovizualis-archivum\/emlekfa-az-emlekhazban-video-2009\/?lang=en","og_locale":"hu_HU","og_type":"article","og_title":"Eml\u00e9kfa az eml\u00e9kh\u00e1zban \u2013 Interj\u00fa Nagy G\u00e1bor fafarag\u00f3val, 2009 - \u00c9gerh\u00e1zi Imre","og_description":"[vc_row][vc_column][vc_video link=&#8221;https:\/\/youtu.be\/X2iju8_oEto&#8221; el_width=&#8221;80&#8243; align=&#8221;center&#8221;][vc_separator][vc_column_text]Tov\u00e1bb a vide\u00f3hoz kapcsol\u00f3d\u00f3 h\u00edrre \u00bb[\/vc_column_text][\/vc_column][\/vc_row]","og_url":"https:\/\/egerhaziimre.hu\/index.php\/archivum\/audiovizualis-archivum\/emlekfa-az-emlekhazban-video-2009\/?lang=en","og_site_name":"\u00c9gerh\u00e1zi Imre","article_modified_time":"2020-10-02T14:49:59+00:00","og_image":[{"width":800,"height":535,"url":"https:\/\/egerhaziimre.hu\/wp-content\/uploads\/2020\/10\/hir_emlekfa_20101122_11.jpg","type":"image\/jpeg"}],"twitter_card":"summary_large_image","schema":{"@context":"https:\/\/schema.org","@graph":[{"@type":"WebPage","@id":"https:\/\/egerhaziimre.hu\/index.php\/archivum\/audiovizualis-archivum\/emlekfa-az-emlekhazban-video-2009\/?lang=en","url":"https:\/\/egerhaziimre.hu\/index.php\/archivum\/audiovizualis-archivum\/emlekfa-az-emlekhazban-video-2009\/?lang=en","name":"Eml\u00e9kfa az eml\u00e9kh\u00e1zban \u2013 Interj\u00fa Nagy G\u00e1bor fafarag\u00f3val, 2009 - \u00c9gerh\u00e1zi Imre","isPartOf":{"@id":"https:\/\/egerhaziimre.hu\/#website"},"primaryImageOfPage":{"@id":"https:\/\/egerhaziimre.hu\/index.php\/archivum\/audiovizualis-archivum\/emlekfa-az-emlekhazban-video-2009\/?lang=en#primaryimage"},"image":{"@id":"https:\/\/egerhaziimre.hu\/index.php\/archivum\/audiovizualis-archivum\/emlekfa-az-emlekhazban-video-2009\/?lang=en#primaryimage"},"thumbnailUrl":"https:\/\/egerhaziimre.hu\/wp-content\/uploads\/2020\/10\/hir_emlekfa_20101122_11.jpg","datePublished":"2009-09-21T11:53:45+00:00","dateModified":"2020-10-02T14:49:59+00:00","breadcrumb":{"@id":"https:\/\/egerhaziimre.hu\/index.php\/archivum\/audiovizualis-archivum\/emlekfa-az-emlekhazban-video-2009\/?lang=en#breadcrumb"},"inLanguage":"hu","potentialAction":[{"@type":"ReadAction","target":["https:\/\/egerhaziimre.hu\/index.php\/archivum\/audiovizualis-archivum\/emlekfa-az-emlekhazban-video-2009\/?lang=en"]}]},{"@type":"ImageObject","inLanguage":"hu","@id":"https:\/\/egerhaziimre.hu\/index.php\/archivum\/audiovizualis-archivum\/emlekfa-az-emlekhazban-video-2009\/?lang=en#primaryimage","url":"https:\/\/egerhaziimre.hu\/wp-content\/uploads\/2020\/10\/hir_emlekfa_20101122_11.jpg","contentUrl":"https:\/\/egerhaziimre.hu\/wp-content\/uploads\/2020\/10\/hir_emlekfa_20101122_11.jpg","width":800,"height":535,"caption":"SONY DSC"},{"@type":"BreadcrumbList","@id":"https:\/\/egerhaziimre.hu\/index.php\/archivum\/audiovizualis-archivum\/emlekfa-az-emlekhazban-video-2009\/?lang=en#breadcrumb","itemListElement":[{"@type":"ListItem","position":1,"name":"Home","item":"https:\/\/egerhaziimre.hu\/"},{"@type":"ListItem","position":2,"name":"Archives","item":"https:\/\/egerhaziimre.hu\/index.php\/archivum\/?lang=en"},{"@type":"ListItem","position":3,"name":"Audiovisual archives","item":"https:\/\/egerhaziimre.hu\/index.php\/archivum\/audiovizualis-archivum\/?lang=en"},{"@type":"ListItem","position":4,"name":"Memorial column in the memorial house \u2013 Interview with G\u00e1bor Nagy wood carver, 2009"}]},{"@type":"WebSite","@id":"https:\/\/egerhaziimre.hu\/#website","url":"https:\/\/egerhaziimre.hu\/","name":"\u00c9gerh\u00e1zi Imre","description":"","potentialAction":[{"@type":"SearchAction","target":{"@type":"EntryPoint","urlTemplate":"https:\/\/egerhaziimre.hu\/?s={search_term_string}"},"query-input":{"@type":"PropertyValueSpecification","valueRequired":true,"valueName":"search_term_string"}}],"inLanguage":"hu"}]}},"jetpack_sharing_enabled":true,"_links":{"self":[{"href":"https:\/\/egerhaziimre.hu\/index.php\/wp-json\/wp\/v2\/pages\/9822","targetHints":{"allow":["GET"]}}],"collection":[{"href":"https:\/\/egerhaziimre.hu\/index.php\/wp-json\/wp\/v2\/pages"}],"about":[{"href":"https:\/\/egerhaziimre.hu\/index.php\/wp-json\/wp\/v2\/types\/page"}],"author":[{"embeddable":true,"href":"https:\/\/egerhaziimre.hu\/index.php\/wp-json\/wp\/v2\/users\/4"}],"replies":[{"embeddable":true,"href":"https:\/\/egerhaziimre.hu\/index.php\/wp-json\/wp\/v2\/comments?post=9822"}],"version-history":[{"count":3,"href":"https:\/\/egerhaziimre.hu\/index.php\/wp-json\/wp\/v2\/pages\/9822\/revisions"}],"predecessor-version":[{"id":10495,"href":"https:\/\/egerhaziimre.hu\/index.php\/wp-json\/wp\/v2\/pages\/9822\/revisions\/10495"}],"up":[{"embeddable":true,"href":"https:\/\/egerhaziimre.hu\/index.php\/wp-json\/wp\/v2\/pages\/41"}],"wp:featuredmedia":[{"embeddable":true,"href":"https:\/\/egerhaziimre.hu\/index.php\/wp-json\/wp\/v2\/media\/10332"}],"wp:attachment":[{"href":"https:\/\/egerhaziimre.hu\/index.php\/wp-json\/wp\/v2\/media?parent=9822"}],"wp:term":[{"taxonomy":"category","embeddable":true,"href":"https:\/\/egerhaziimre.hu\/index.php\/wp-json\/wp\/v2\/categories?post=9822"},{"taxonomy":"post_tag","embeddable":true,"href":"https:\/\/egerhaziimre.hu\/index.php\/wp-json\/wp\/v2\/tags?post=9822"}],"curies":[{"name":"wp","href":"https:\/\/api.w.org\/{rel}","templated":true}]}}