{"id":9833,"date":"2020-09-21T14:56:30","date_gmt":"2020-09-21T12:56:30","guid":{"rendered":"http:\/\/egerhaziimre.magex.hu\/?page_id=9833"},"modified":"2021-02-10T15:04:28","modified_gmt":"2021-02-10T14:04:28","slug":"egerhazi-imre-osztondij-2020","status":"publish","type":"page","link":"https:\/\/egerhaziimre.hu\/index.php\/archivum\/aktualitasok-hirek\/egerhazi-imre-osztondij-2020\/","title":{"rendered":"\u00c9gerh\u00e1zi Imre \u00f6szt\u00f6nd\u00edj 2020 &#8211; A tizennyolcadik \u00f6szt\u00f6nd\u00edjas, Gyurj\u00e1n Hanna"},"content":{"rendered":"<div class=\"wpb-content-wrapper\">[vc_row][vc_column][vc_row_inner][vc_column_inner width=&#8221;2\/3&#8243;][vc_column_text]\n<h6>A tizennyolcadik \u00f6szt\u00f6nd\u00edjas Gyurj\u00e1n Hanna<\/h6>\n<p>Id\u00e9n m\u00e1r 16. alkalommal adhattuk \u00e1t \u00fcnnep\u00e9lyes keretek k\u00f6z\u00f6tt az \u00c9gerh\u00e1zi Imre \u00d6szt\u00f6nd\u00edjat a D\u00f3czy-gimn\u00e1ziumban a k\u00e9pz\u0151m\u0171v\u00e9szet ter\u00e9n az el\u0151z\u0151 tan\u00e9vben legjobb teljes\u00edtm\u00e9nyt ny\u00fajt\u00f3 di\u00e1knak. Ennek k\u00fcl\u00f6n\u00f6s jelent\u0151s\u00e9get ad, hogy a hagyom\u00e1nyt nem kellett megszak\u00edtani a COVID-19 j\u00e1rv\u00e1ny miatt sem. Mivel volt, amikor ketten is elnyert\u00e9k az \u00f6szt\u00f6nd\u00edjat, Buka L\u00e1szl\u00f3 tan\u00edtv\u00e1nya, Gyurj\u00e1n Hanna imm\u00e1r a tizennyolcadik a sorban, aki \u00e1tvehette az ezt tan\u00fas\u00edt\u00f3 oklevelet \u00c9gerh\u00e1zi P\u00e9tert\u0151l a D\u00f3czy Gal\u00e9ri\u00e1ban.<\/p>\n<p>A r\u00f6vid \u00fcnneps\u00e9g Schmidt S\u00e1ra 10. oszt\u00e1lyos tanul\u00f3 \u00e9nekl\u00e9s\u00e9vel kezd\u0151d\u00f6tt, majd Czapp Katalin igazgat\u00f3n\u0151 k\u00f6sz\u00f6nt\u00f6tte a megjelenteket. Buka L\u00e1szl\u00f3 fest\u0151m\u0171v\u00e9sz-rajztan\u00e1r szavai ut\u00e1n az idei d\u00edjazott mutatkozott be a hallgat\u00f3s\u00e1gnak. A 11.-es Gyurj\u00e1n Hanna elmondta, rajzszeretete az \u00f3vod\u00e1s kor\u00e1ig vezethet\u0151 vissza, k\u00e9s\u0151bb az \u00e1ltal\u00e1nos iskol\u00e1ban m\u00e1r orsz\u00e1gos d\u00edjakat is nyert k\u00fcl\u00f6nb\u00f6z\u0151 rajzversenyeken. A k\u00e9pz\u0151m\u0171v\u00e9szet minden \u00e1ga \u00e9rdekli, a kedvenc fest\u0151i k\u00f6z\u00fcl az egyik Van Gogh. (Ez az\u00e9rt \u00e9rdekes, mert \u00c9gerh\u00e1zi Imr\u00e9nek is az volt.) Hozz\u00e1tette, eddig ink\u00e1bb csak m\u00e1solta rajzait, de grafikus szeretne lenni, amihez a sikeres \u00e9retts\u00e9gi vizsg\u00e1ja ut\u00e1n m\u0171v\u00e9szeti szakiskol\u00e1ban szeretn\u00e9 elsaj\u00e1t\u00edtani a mesters\u00e9gbeli alapokat, hogy sikeresen felv\u00e9telizhessen a K\u00e9pz\u0151m\u0171v\u00e9szeti Egyetemre.[\/vc_column_text][\/vc_column_inner][vc_column_inner width=&#8221;1\/3&#8243;][vc_single_image image=&#8221;9837&#8243; img_size=&#8221;large&#8221; alignment=&#8221;right&#8221; style=&#8221;xtd-shadow&#8211;normal-light&#8221; onclick=&#8221;link_image&#8221;][\/vc_column_inner][\/vc_row_inner][vc_separator][vc_column_text]\n<h6>Fot\u00f3gal\u00e9ria<\/h6>\n[\/vc_column_text][vc_media_grid style=&#8221;lazy&#8221; items_per_page=&#8221;12&#8243; element_width=&#8221;3&#8243; gap=&#8221;10&#8243; grid_id=&#8221;vc_gid:1601457096397-097da927-7466-2&#8243; include=&#8221;9854,9844,9853,9848,9851,9850,9847,9838,9852,9849,9846,9845,9843,9842,9841,9840,9839&#8243;][\/vc_column][\/vc_row]\n<\/div>","protected":false},"excerpt":{"rendered":"<p>Id\u00e9n m\u00e1r 16. alkalommal adhattuk \u00e1t \u00fcnnep\u00e9lyes keretek k\u00f6z\u00f6tt az \u00c9gerh\u00e1zi Imre \u00d6szt\u00f6nd\u00edjat a D\u00f3czy-gimn\u00e1ziumban a k\u00e9pz\u0151m\u0171v\u00e9szet ter\u00e9n az el\u0151z\u0151 tan\u00e9vben legjobb teljes\u00edtm\u00e9nyt ny\u00fajt\u00f3 di\u00e1knak. Ennek k\u00fcl\u00f6n\u00f6s jelent\u0151s\u00e9get ad, hogy a hagyom\u00e1nyt nem kellett megszak\u00edtani a COVID-19 j\u00e1rv\u00e1ny miatt sem.<\/p>\n","protected":false},"author":4,"featured_media":9854,"parent":28,"menu_order":0,"comment_status":"closed","ping_status":"closed","template":"","meta":{"footnotes":""},"categories":[13,159],"tags":[211],"class_list":["post-9833","page","type-page","status-publish","has-post-thumbnail","hentry","category-hirek","category-osztondij","tag-211"],"yoast_head":"<!-- This site is optimized with the Yoast SEO plugin v27.0 - https:\/\/yoast.com\/product\/yoast-seo-wordpress\/ -->\n<title>\u00c9gerh\u00e1zi Imre \u00f6szt\u00f6nd\u00edj 2020 - A tizennyolcadik \u00f6szt\u00f6nd\u00edjas, Gyurj\u00e1n Hanna - \u00c9gerh\u00e1zi Imre<\/title>\n<meta name=\"robots\" content=\"index, follow, max-snippet:-1, max-image-preview:large, max-video-preview:-1\" \/>\n<link rel=\"canonical\" href=\"https:\/\/egerhaziimre.hu\/index.php\/archivum\/aktualitasok-hirek\/egerhazi-imre-osztondij-2020\/\" \/>\n<meta property=\"og:locale\" content=\"hu_HU\" \/>\n<meta property=\"og:type\" content=\"article\" \/>\n<meta property=\"og:title\" content=\"\u00c9gerh\u00e1zi Imre \u00f6szt\u00f6nd\u00edj 2020 - A tizennyolcadik \u00f6szt\u00f6nd\u00edjas, Gyurj\u00e1n Hanna - \u00c9gerh\u00e1zi Imre\" \/>\n<meta property=\"og:description\" content=\"[:hu]Id\u00e9n m\u00e1r 16. alkalommal adhattuk \u00e1t \u00fcnnep\u00e9lyes keretek k\u00f6z\u00f6tt az \u00c9gerh\u00e1zi Imre \u00d6szt\u00f6nd\u00edjat a D\u00f3czy-gimn\u00e1ziumban a k\u00e9pz\u0151m\u0171v\u00e9szet ter\u00e9n az el\u0151z\u0151 tan\u00e9vben legjobb teljes\u00edtm\u00e9nyt ny\u00fajt\u00f3 di\u00e1knak. Ennek k\u00fcl\u00f6n\u00f6s jelent\u0151s\u00e9get ad, hogy a hagyom\u00e1nyt nem kellett megszak\u00edtani a COVID-19 j\u00e1rv\u00e1ny miatt sem.[:en]This year, for the 18th time, we were able to present the Imre \u00c9gerh\u00e1zi Scholarship at the D\u00f3czy Grammar School to the student who gave the best performance in the field of fine arts in the previous academic year. Of particular importance for this is the fact that the tradition did not have to be interrupted due to the COVID-19 epidemic. [:]\" \/>\n<meta property=\"og:url\" content=\"https:\/\/egerhaziimre.hu\/index.php\/archivum\/aktualitasok-hirek\/egerhazi-imre-osztondij-2020\/\" \/>\n<meta property=\"og:site_name\" content=\"\u00c9gerh\u00e1zi Imre\" \/>\n<meta property=\"article:modified_time\" content=\"2021-02-10T14:04:28+00:00\" \/>\n<meta property=\"og:image\" content=\"https:\/\/egerhaziimre.hu\/wp-content\/uploads\/2020\/09\/119953976_4260117827338104_9113425388070531697_n.jpg\" \/>\n\t<meta property=\"og:image:width\" content=\"2048\" \/>\n\t<meta property=\"og:image:height\" content=\"1364\" \/>\n\t<meta property=\"og:image:type\" content=\"image\/jpeg\" \/>\n<meta name=\"twitter:card\" content=\"summary_large_image\" \/>\n<meta name=\"twitter:label1\" content=\"Becs\u00fclt olvas\u00e1si id\u0151\" \/>\n\t<meta name=\"twitter:data1\" content=\"4 perc\" \/>\n<script type=\"application\/ld+json\" class=\"yoast-schema-graph\">{\"@context\":\"https:\/\/schema.org\",\"@graph\":[{\"@type\":\"WebPage\",\"@id\":\"https:\/\/egerhaziimre.hu\/index.php\/archivum\/aktualitasok-hirek\/egerhazi-imre-osztondij-2020\/\",\"url\":\"https:\/\/egerhaziimre.hu\/index.php\/archivum\/aktualitasok-hirek\/egerhazi-imre-osztondij-2020\/\",\"name\":\"\u00c9gerh\u00e1zi Imre \u00f6szt\u00f6nd\u00edj 2020 - A tizennyolcadik \u00f6szt\u00f6nd\u00edjas, Gyurj\u00e1n Hanna - \u00c9gerh\u00e1zi Imre\",\"isPartOf\":{\"@id\":\"https:\/\/egerhaziimre.hu\/#website\"},\"primaryImageOfPage\":{\"@id\":\"https:\/\/egerhaziimre.hu\/index.php\/archivum\/aktualitasok-hirek\/egerhazi-imre-osztondij-2020\/#primaryimage\"},\"image\":{\"@id\":\"https:\/\/egerhaziimre.hu\/index.php\/archivum\/aktualitasok-hirek\/egerhazi-imre-osztondij-2020\/#primaryimage\"},\"thumbnailUrl\":\"https:\/\/egerhaziimre.hu\/wp-content\/uploads\/2020\/09\/119953976_4260117827338104_9113425388070531697_n.jpg\",\"datePublished\":\"2020-09-21T12:56:30+00:00\",\"dateModified\":\"2021-02-10T14:04:28+00:00\",\"breadcrumb\":{\"@id\":\"https:\/\/egerhaziimre.hu\/index.php\/archivum\/aktualitasok-hirek\/egerhazi-imre-osztondij-2020\/#breadcrumb\"},\"inLanguage\":\"hu\",\"potentialAction\":[{\"@type\":\"ReadAction\",\"target\":[\"https:\/\/egerhaziimre.hu\/index.php\/archivum\/aktualitasok-hirek\/egerhazi-imre-osztondij-2020\/\"]}]},{\"@type\":\"ImageObject\",\"inLanguage\":\"hu\",\"@id\":\"https:\/\/egerhaziimre.hu\/index.php\/archivum\/aktualitasok-hirek\/egerhazi-imre-osztondij-2020\/#primaryimage\",\"url\":\"https:\/\/egerhaziimre.hu\/wp-content\/uploads\/2020\/09\/119953976_4260117827338104_9113425388070531697_n.jpg\",\"contentUrl\":\"https:\/\/egerhaziimre.hu\/wp-content\/uploads\/2020\/09\/119953976_4260117827338104_9113425388070531697_n.jpg\",\"width\":2048,\"height\":1364},{\"@type\":\"BreadcrumbList\",\"@id\":\"https:\/\/egerhaziimre.hu\/index.php\/archivum\/aktualitasok-hirek\/egerhazi-imre-osztondij-2020\/#breadcrumb\",\"itemListElement\":[{\"@type\":\"ListItem\",\"position\":1,\"name\":\"Home\",\"item\":\"https:\/\/egerhaziimre.hu\/\"},{\"@type\":\"ListItem\",\"position\":2,\"name\":\"Archives\",\"item\":\"https:\/\/egerhaziimre.hu\/index.php\/archivum\/?lang=en\"},{\"@type\":\"ListItem\",\"position\":3,\"name\":\"News\",\"item\":\"https:\/\/egerhaziimre.hu\/index.php\/archivum\/aktualitasok-hirek\/?lang=en\"},{\"@type\":\"ListItem\",\"position\":4,\"name\":\"\u00c9gerh\u00e1zi Imre \u00f6szt\u00f6nd\u00edj 2020 &#8211; A tizennyolcadik \u00f6szt\u00f6nd\u00edjas, Gyurj\u00e1n Hanna\"}]},{\"@type\":\"WebSite\",\"@id\":\"https:\/\/egerhaziimre.hu\/#website\",\"url\":\"https:\/\/egerhaziimre.hu\/\",\"name\":\"\u00c9gerh\u00e1zi Imre\",\"description\":\"\",\"potentialAction\":[{\"@type\":\"SearchAction\",\"target\":{\"@type\":\"EntryPoint\",\"urlTemplate\":\"https:\/\/egerhaziimre.hu\/?s={search_term_string}\"},\"query-input\":{\"@type\":\"PropertyValueSpecification\",\"valueRequired\":true,\"valueName\":\"search_term_string\"}}],\"inLanguage\":\"hu\"}]}<\/script>\n<!-- \/ Yoast SEO plugin. -->","yoast_head_json":{"title":"\u00c9gerh\u00e1zi Imre \u00f6szt\u00f6nd\u00edj 2020 - A tizennyolcadik \u00f6szt\u00f6nd\u00edjas, Gyurj\u00e1n Hanna - \u00c9gerh\u00e1zi Imre","robots":{"index":"index","follow":"follow","max-snippet":"max-snippet:-1","max-image-preview":"max-image-preview:large","max-video-preview":"max-video-preview:-1"},"canonical":"https:\/\/egerhaziimre.hu\/index.php\/archivum\/aktualitasok-hirek\/egerhazi-imre-osztondij-2020\/","og_locale":"hu_HU","og_type":"article","og_title":"\u00c9gerh\u00e1zi Imre \u00f6szt\u00f6nd\u00edj 2020 - A tizennyolcadik \u00f6szt\u00f6nd\u00edjas, Gyurj\u00e1n Hanna - \u00c9gerh\u00e1zi Imre","og_description":"[:hu]Id\u00e9n m\u00e1r 16. alkalommal adhattuk \u00e1t \u00fcnnep\u00e9lyes keretek k\u00f6z\u00f6tt az \u00c9gerh\u00e1zi Imre \u00d6szt\u00f6nd\u00edjat a D\u00f3czy-gimn\u00e1ziumban a k\u00e9pz\u0151m\u0171v\u00e9szet ter\u00e9n az el\u0151z\u0151 tan\u00e9vben legjobb teljes\u00edtm\u00e9nyt ny\u00fajt\u00f3 di\u00e1knak. Ennek k\u00fcl\u00f6n\u00f6s jelent\u0151s\u00e9get ad, hogy a hagyom\u00e1nyt nem kellett megszak\u00edtani a COVID-19 j\u00e1rv\u00e1ny miatt sem.[:en]This year, for the 18th time, we were able to present the Imre \u00c9gerh\u00e1zi Scholarship at the D\u00f3czy Grammar School to the student who gave the best performance in the field of fine arts in the previous academic year. Of particular importance for this is the fact that the tradition did not have to be interrupted due to the COVID-19 epidemic. [:]","og_url":"https:\/\/egerhaziimre.hu\/index.php\/archivum\/aktualitasok-hirek\/egerhazi-imre-osztondij-2020\/","og_site_name":"\u00c9gerh\u00e1zi Imre","article_modified_time":"2021-02-10T14:04:28+00:00","og_image":[{"width":2048,"height":1364,"url":"https:\/\/egerhaziimre.hu\/wp-content\/uploads\/2020\/09\/119953976_4260117827338104_9113425388070531697_n.jpg","type":"image\/jpeg"}],"twitter_card":"summary_large_image","twitter_misc":{"Becs\u00fclt olvas\u00e1si id\u0151":"4 perc"},"schema":{"@context":"https:\/\/schema.org","@graph":[{"@type":"WebPage","@id":"https:\/\/egerhaziimre.hu\/index.php\/archivum\/aktualitasok-hirek\/egerhazi-imre-osztondij-2020\/","url":"https:\/\/egerhaziimre.hu\/index.php\/archivum\/aktualitasok-hirek\/egerhazi-imre-osztondij-2020\/","name":"\u00c9gerh\u00e1zi Imre \u00f6szt\u00f6nd\u00edj 2020 - A tizennyolcadik \u00f6szt\u00f6nd\u00edjas, Gyurj\u00e1n Hanna - \u00c9gerh\u00e1zi Imre","isPartOf":{"@id":"https:\/\/egerhaziimre.hu\/#website"},"primaryImageOfPage":{"@id":"https:\/\/egerhaziimre.hu\/index.php\/archivum\/aktualitasok-hirek\/egerhazi-imre-osztondij-2020\/#primaryimage"},"image":{"@id":"https:\/\/egerhaziimre.hu\/index.php\/archivum\/aktualitasok-hirek\/egerhazi-imre-osztondij-2020\/#primaryimage"},"thumbnailUrl":"https:\/\/egerhaziimre.hu\/wp-content\/uploads\/2020\/09\/119953976_4260117827338104_9113425388070531697_n.jpg","datePublished":"2020-09-21T12:56:30+00:00","dateModified":"2021-02-10T14:04:28+00:00","breadcrumb":{"@id":"https:\/\/egerhaziimre.hu\/index.php\/archivum\/aktualitasok-hirek\/egerhazi-imre-osztondij-2020\/#breadcrumb"},"inLanguage":"hu","potentialAction":[{"@type":"ReadAction","target":["https:\/\/egerhaziimre.hu\/index.php\/archivum\/aktualitasok-hirek\/egerhazi-imre-osztondij-2020\/"]}]},{"@type":"ImageObject","inLanguage":"hu","@id":"https:\/\/egerhaziimre.hu\/index.php\/archivum\/aktualitasok-hirek\/egerhazi-imre-osztondij-2020\/#primaryimage","url":"https:\/\/egerhaziimre.hu\/wp-content\/uploads\/2020\/09\/119953976_4260117827338104_9113425388070531697_n.jpg","contentUrl":"https:\/\/egerhaziimre.hu\/wp-content\/uploads\/2020\/09\/119953976_4260117827338104_9113425388070531697_n.jpg","width":2048,"height":1364},{"@type":"BreadcrumbList","@id":"https:\/\/egerhaziimre.hu\/index.php\/archivum\/aktualitasok-hirek\/egerhazi-imre-osztondij-2020\/#breadcrumb","itemListElement":[{"@type":"ListItem","position":1,"name":"Home","item":"https:\/\/egerhaziimre.hu\/"},{"@type":"ListItem","position":2,"name":"Archives","item":"https:\/\/egerhaziimre.hu\/index.php\/archivum\/?lang=en"},{"@type":"ListItem","position":3,"name":"News","item":"https:\/\/egerhaziimre.hu\/index.php\/archivum\/aktualitasok-hirek\/?lang=en"},{"@type":"ListItem","position":4,"name":"\u00c9gerh\u00e1zi Imre \u00f6szt\u00f6nd\u00edj 2020 &#8211; A tizennyolcadik \u00f6szt\u00f6nd\u00edjas, Gyurj\u00e1n Hanna"}]},{"@type":"WebSite","@id":"https:\/\/egerhaziimre.hu\/#website","url":"https:\/\/egerhaziimre.hu\/","name":"\u00c9gerh\u00e1zi Imre","description":"","potentialAction":[{"@type":"SearchAction","target":{"@type":"EntryPoint","urlTemplate":"https:\/\/egerhaziimre.hu\/?s={search_term_string}"},"query-input":{"@type":"PropertyValueSpecification","valueRequired":true,"valueName":"search_term_string"}}],"inLanguage":"hu"}]}},"jetpack_sharing_enabled":true,"_links":{"self":[{"href":"https:\/\/egerhaziimre.hu\/index.php\/wp-json\/wp\/v2\/pages\/9833","targetHints":{"allow":["GET"]}}],"collection":[{"href":"https:\/\/egerhaziimre.hu\/index.php\/wp-json\/wp\/v2\/pages"}],"about":[{"href":"https:\/\/egerhaziimre.hu\/index.php\/wp-json\/wp\/v2\/types\/page"}],"author":[{"embeddable":true,"href":"https:\/\/egerhaziimre.hu\/index.php\/wp-json\/wp\/v2\/users\/4"}],"replies":[{"embeddable":true,"href":"https:\/\/egerhaziimre.hu\/index.php\/wp-json\/wp\/v2\/comments?post=9833"}],"version-history":[{"count":18,"href":"https:\/\/egerhaziimre.hu\/index.php\/wp-json\/wp\/v2\/pages\/9833\/revisions"}],"predecessor-version":[{"id":12998,"href":"https:\/\/egerhaziimre.hu\/index.php\/wp-json\/wp\/v2\/pages\/9833\/revisions\/12998"}],"up":[{"embeddable":true,"href":"https:\/\/egerhaziimre.hu\/index.php\/wp-json\/wp\/v2\/pages\/28"}],"wp:featuredmedia":[{"embeddable":true,"href":"https:\/\/egerhaziimre.hu\/index.php\/wp-json\/wp\/v2\/media\/9854"}],"wp:attachment":[{"href":"https:\/\/egerhaziimre.hu\/index.php\/wp-json\/wp\/v2\/media?parent=9833"}],"wp:term":[{"taxonomy":"category","embeddable":true,"href":"https:\/\/egerhaziimre.hu\/index.php\/wp-json\/wp\/v2\/categories?post=9833"},{"taxonomy":"post_tag","embeddable":true,"href":"https:\/\/egerhaziimre.hu\/index.php\/wp-json\/wp\/v2\/tags?post=9833"}],"curies":[{"name":"wp","href":"https:\/\/api.w.org\/{rel}","templated":true}]}}