{"id":989,"date":"2019-08-05T14:46:36","date_gmt":"2019-08-05T12:46:36","guid":{"rendered":"http:\/\/egerhaziimre.magex.hu\/?page_id=989"},"modified":"2020-08-27T14:13:55","modified_gmt":"2020-08-27T12:13:55","slug":"thoma-laszlo-hajdu-bihari-naplo-1967-vi-5","status":"publish","type":"page","link":"https:\/\/egerhaziimre.hu\/index.php\/dijak-elismeresek\/thoma-laszlo-hajdu-bihari-naplo-1967-vi-5\/","title":{"rendered":"Thoma L\u00e1szl\u00f3, Hajd\u00fa-Bihari Napl\u00f3, 1967. VI. 5."},"content":{"rendered":"<div class=\"wpb-content-wrapper\">\r\n<blockquote class=\"wp-block-quote is-layout-flow wp-block-quote-is-layout-flow\"><p>&#8222;&#8230;\u00c9gerh\u00e1zi fest\u00e9szete ism\u00e9t egy oldottabb expressz\u00edvebb formanyelv kialakul\u00e1sa fel\u00e9 tart, de most m\u00e1r a konstruktivizmus t\u00e1rgy feletti uralm\u00e1val, formai fegyelm\u00e9vel, szigor\u00fa \u00f6nkontollj\u00e1val egy\u00fctt egy magasabb szinten. \u0150szinte, meleg emberszeretete, \u00e9rz\u00e9keny l\u00edrais\u00e1ga mindig utat tal\u00e1l a k\u00f6z\u00f6ns\u00e9ghez&#8230;&#8221;<\/p><cite>Thoma L\u00e1szl\u00f3<br>Hajd\u00fa-Bihari Napl\u00f3, 1967. VI. 5.<\/cite><\/blockquote>\r\n<\/div>","protected":false},"excerpt":{"rendered":"<p>&#8222;&#8230;\u00c9gerh\u00e1zi fest\u00e9szete ism\u00e9t egy oldottabb expressz\u00edvebb formanyelv kialakul\u00e1sa fel\u00e9 tart, de most m\u00e1r a konstruktivizmus t\u00e1rgy feletti uralm\u00e1val, formai fegyelm\u00e9vel, szigor\u00fa \u00f6nkontollj\u00e1val egy\u00fctt egy magasabb szinten. \u0150szinte, meleg emberszeretete, \u00e9rz\u00e9keny l\u00edrais\u00e1ga mindig utat tal\u00e1l a k\u00f6z\u00f6ns\u00e9ghez&#8230;&#8221; Thoma L\u00e1szl\u00f3Hajd\u00fa-Bihari Napl\u00f3, 1967. VI. 5.<\/p>\n","protected":false},"author":4,"featured_media":0,"parent":31,"menu_order":0,"comment_status":"closed","ping_status":"closed","template":"","meta":{"footnotes":""},"categories":[84],"tags":[89],"class_list":["post-989","page","type-page","status-publish","hentry","category-kritikak_meltatasok","tag-89"],"yoast_head":"<!-- This site is optimized with the Yoast SEO plugin v27.3 - https:\/\/yoast.com\/product\/yoast-seo-wordpress\/ -->\n<title>Thoma L\u00e1szl\u00f3, Hajd\u00fa-Bihari Napl\u00f3, 1967. VI. 5. - \u00c9gerh\u00e1zi Imre<\/title>\n<meta name=\"robots\" content=\"index, follow, max-snippet:-1, max-image-preview:large, max-video-preview:-1\" \/>\n<link rel=\"canonical\" href=\"https:\/\/egerhaziimre.hu\/index.php\/dijak-elismeresek\/thoma-laszlo-hajdu-bihari-naplo-1967-vi-5\/?lang=en\" \/>\n<meta property=\"og:locale\" content=\"hu_HU\" \/>\n<meta property=\"og:type\" content=\"article\" \/>\n<meta property=\"og:title\" content=\"Thoma L\u00e1szl\u00f3, Hajd\u00fa-Bihari Napl\u00f3, 1967. VI. 5. - \u00c9gerh\u00e1zi Imre\" \/>\n<meta property=\"og:description\" content=\"&#8222;&#8230;\u00c9gerh\u00e1zi fest\u00e9szete ism\u00e9t egy oldottabb expressz\u00edvebb formanyelv kialakul\u00e1sa fel\u00e9 tart, de most m\u00e1r a konstruktivizmus t\u00e1rgy feletti uralm\u00e1val, formai fegyelm\u00e9vel, szigor\u00fa \u00f6nkontollj\u00e1val egy\u00fctt egy magasabb szinten. \u0150szinte, meleg emberszeretete, \u00e9rz\u00e9keny l\u00edrais\u00e1ga mindig utat tal\u00e1l a k\u00f6z\u00f6ns\u00e9ghez&#8230;&#8221; Thoma L\u00e1szl\u00f3Hajd\u00fa-Bihari Napl\u00f3, 1967. VI. 5.\" \/>\n<meta property=\"og:url\" content=\"https:\/\/egerhaziimre.hu\/index.php\/dijak-elismeresek\/thoma-laszlo-hajdu-bihari-naplo-1967-vi-5\/?lang=en\" \/>\n<meta property=\"og:site_name\" content=\"\u00c9gerh\u00e1zi Imre\" \/>\n<meta property=\"article:modified_time\" content=\"2020-08-27T12:13:55+00:00\" \/>\n<meta name=\"twitter:card\" content=\"summary_large_image\" \/>\n<meta name=\"twitter:label1\" content=\"Becs\u00fclt olvas\u00e1si id\u0151\" \/>\n\t<meta name=\"twitter:data1\" content=\"1 perc\" \/>\n<script type=\"application\/ld+json\" class=\"yoast-schema-graph\">{\"@context\":\"https:\\\/\\\/schema.org\",\"@graph\":[{\"@type\":\"WebPage\",\"@id\":\"https:\\\/\\\/egerhaziimre.hu\\\/index.php\\\/dijak-elismeresek\\\/thoma-laszlo-hajdu-bihari-naplo-1967-vi-5\\\/?lang=en\",\"url\":\"https:\\\/\\\/egerhaziimre.hu\\\/index.php\\\/dijak-elismeresek\\\/thoma-laszlo-hajdu-bihari-naplo-1967-vi-5\\\/?lang=en\",\"name\":\"Thoma L\u00e1szl\u00f3, Hajd\u00fa-Bihari Napl\u00f3, 1967. VI. 5. - \u00c9gerh\u00e1zi Imre\",\"isPartOf\":{\"@id\":\"https:\\\/\\\/egerhaziimre.hu\\\/#website\"},\"datePublished\":\"2019-08-05T12:46:36+00:00\",\"dateModified\":\"2020-08-27T12:13:55+00:00\",\"breadcrumb\":{\"@id\":\"https:\\\/\\\/egerhaziimre.hu\\\/index.php\\\/dijak-elismeresek\\\/thoma-laszlo-hajdu-bihari-naplo-1967-vi-5\\\/?lang=en#breadcrumb\"},\"inLanguage\":\"hu\",\"potentialAction\":[{\"@type\":\"ReadAction\",\"target\":[\"https:\\\/\\\/egerhaziimre.hu\\\/index.php\\\/dijak-elismeresek\\\/thoma-laszlo-hajdu-bihari-naplo-1967-vi-5\\\/?lang=en\"]}]},{\"@type\":\"BreadcrumbList\",\"@id\":\"https:\\\/\\\/egerhaziimre.hu\\\/index.php\\\/dijak-elismeresek\\\/thoma-laszlo-hajdu-bihari-naplo-1967-vi-5\\\/?lang=en#breadcrumb\",\"itemListElement\":[{\"@type\":\"ListItem\",\"position\":1,\"name\":\"Home\",\"item\":\"https:\\\/\\\/egerhaziimre.hu\\\/\"},{\"@type\":\"ListItem\",\"position\":2,\"name\":\"Awards, recognitions\",\"item\":\"https:\\\/\\\/egerhaziimre.hu\\\/index.php\\\/dijak-elismeresek\\\/?lang=en\"},{\"@type\":\"ListItem\",\"position\":3,\"name\":\"L\u00e1szl\u00f3 Thoma, Hajd\u00fa-Bihari Napl\u00f3, 5th June 1967\"}]},{\"@type\":\"WebSite\",\"@id\":\"https:\\\/\\\/egerhaziimre.hu\\\/#website\",\"url\":\"https:\\\/\\\/egerhaziimre.hu\\\/\",\"name\":\"\u00c9gerh\u00e1zi Imre\",\"description\":\"\",\"potentialAction\":[{\"@type\":\"SearchAction\",\"target\":{\"@type\":\"EntryPoint\",\"urlTemplate\":\"https:\\\/\\\/egerhaziimre.hu\\\/?s={search_term_string}\"},\"query-input\":{\"@type\":\"PropertyValueSpecification\",\"valueRequired\":true,\"valueName\":\"search_term_string\"}}],\"inLanguage\":\"hu\"}]}<\/script>\n<!-- \/ Yoast SEO plugin. -->","yoast_head_json":{"title":"Thoma L\u00e1szl\u00f3, Hajd\u00fa-Bihari Napl\u00f3, 1967. VI. 5. - \u00c9gerh\u00e1zi Imre","robots":{"index":"index","follow":"follow","max-snippet":"max-snippet:-1","max-image-preview":"max-image-preview:large","max-video-preview":"max-video-preview:-1"},"canonical":"https:\/\/egerhaziimre.hu\/index.php\/dijak-elismeresek\/thoma-laszlo-hajdu-bihari-naplo-1967-vi-5\/?lang=en","og_locale":"hu_HU","og_type":"article","og_title":"Thoma L\u00e1szl\u00f3, Hajd\u00fa-Bihari Napl\u00f3, 1967. VI. 5. - \u00c9gerh\u00e1zi Imre","og_description":"&#8222;&#8230;\u00c9gerh\u00e1zi fest\u00e9szete ism\u00e9t egy oldottabb expressz\u00edvebb formanyelv kialakul\u00e1sa fel\u00e9 tart, de most m\u00e1r a konstruktivizmus t\u00e1rgy feletti uralm\u00e1val, formai fegyelm\u00e9vel, szigor\u00fa \u00f6nkontollj\u00e1val egy\u00fctt egy magasabb szinten. \u0150szinte, meleg emberszeretete, \u00e9rz\u00e9keny l\u00edrais\u00e1ga mindig utat tal\u00e1l a k\u00f6z\u00f6ns\u00e9ghez&#8230;&#8221; Thoma L\u00e1szl\u00f3Hajd\u00fa-Bihari Napl\u00f3, 1967. VI. 5.","og_url":"https:\/\/egerhaziimre.hu\/index.php\/dijak-elismeresek\/thoma-laszlo-hajdu-bihari-naplo-1967-vi-5\/?lang=en","og_site_name":"\u00c9gerh\u00e1zi Imre","article_modified_time":"2020-08-27T12:13:55+00:00","twitter_card":"summary_large_image","twitter_misc":{"Becs\u00fclt olvas\u00e1si id\u0151":"1 perc"},"schema":{"@context":"https:\/\/schema.org","@graph":[{"@type":"WebPage","@id":"https:\/\/egerhaziimre.hu\/index.php\/dijak-elismeresek\/thoma-laszlo-hajdu-bihari-naplo-1967-vi-5\/?lang=en","url":"https:\/\/egerhaziimre.hu\/index.php\/dijak-elismeresek\/thoma-laszlo-hajdu-bihari-naplo-1967-vi-5\/?lang=en","name":"Thoma L\u00e1szl\u00f3, Hajd\u00fa-Bihari Napl\u00f3, 1967. VI. 5. - \u00c9gerh\u00e1zi Imre","isPartOf":{"@id":"https:\/\/egerhaziimre.hu\/#website"},"datePublished":"2019-08-05T12:46:36+00:00","dateModified":"2020-08-27T12:13:55+00:00","breadcrumb":{"@id":"https:\/\/egerhaziimre.hu\/index.php\/dijak-elismeresek\/thoma-laszlo-hajdu-bihari-naplo-1967-vi-5\/?lang=en#breadcrumb"},"inLanguage":"hu","potentialAction":[{"@type":"ReadAction","target":["https:\/\/egerhaziimre.hu\/index.php\/dijak-elismeresek\/thoma-laszlo-hajdu-bihari-naplo-1967-vi-5\/?lang=en"]}]},{"@type":"BreadcrumbList","@id":"https:\/\/egerhaziimre.hu\/index.php\/dijak-elismeresek\/thoma-laszlo-hajdu-bihari-naplo-1967-vi-5\/?lang=en#breadcrumb","itemListElement":[{"@type":"ListItem","position":1,"name":"Home","item":"https:\/\/egerhaziimre.hu\/"},{"@type":"ListItem","position":2,"name":"Awards, recognitions","item":"https:\/\/egerhaziimre.hu\/index.php\/dijak-elismeresek\/?lang=en"},{"@type":"ListItem","position":3,"name":"L\u00e1szl\u00f3 Thoma, Hajd\u00fa-Bihari Napl\u00f3, 5th June 1967"}]},{"@type":"WebSite","@id":"https:\/\/egerhaziimre.hu\/#website","url":"https:\/\/egerhaziimre.hu\/","name":"\u00c9gerh\u00e1zi Imre","description":"","potentialAction":[{"@type":"SearchAction","target":{"@type":"EntryPoint","urlTemplate":"https:\/\/egerhaziimre.hu\/?s={search_term_string}"},"query-input":{"@type":"PropertyValueSpecification","valueRequired":true,"valueName":"search_term_string"}}],"inLanguage":"hu"}]}},"jetpack_sharing_enabled":true,"_links":{"self":[{"href":"https:\/\/egerhaziimre.hu\/index.php\/wp-json\/wp\/v2\/pages\/989","targetHints":{"allow":["GET"]}}],"collection":[{"href":"https:\/\/egerhaziimre.hu\/index.php\/wp-json\/wp\/v2\/pages"}],"about":[{"href":"https:\/\/egerhaziimre.hu\/index.php\/wp-json\/wp\/v2\/types\/page"}],"author":[{"embeddable":true,"href":"https:\/\/egerhaziimre.hu\/index.php\/wp-json\/wp\/v2\/users\/4"}],"replies":[{"embeddable":true,"href":"https:\/\/egerhaziimre.hu\/index.php\/wp-json\/wp\/v2\/comments?post=989"}],"version-history":[{"count":2,"href":"https:\/\/egerhaziimre.hu\/index.php\/wp-json\/wp\/v2\/pages\/989\/revisions"}],"predecessor-version":[{"id":8819,"href":"https:\/\/egerhaziimre.hu\/index.php\/wp-json\/wp\/v2\/pages\/989\/revisions\/8819"}],"up":[{"embeddable":true,"href":"https:\/\/egerhaziimre.hu\/index.php\/wp-json\/wp\/v2\/pages\/31"}],"wp:attachment":[{"href":"https:\/\/egerhaziimre.hu\/index.php\/wp-json\/wp\/v2\/media?parent=989"}],"wp:term":[{"taxonomy":"category","embeddable":true,"href":"https:\/\/egerhaziimre.hu\/index.php\/wp-json\/wp\/v2\/categories?post=989"},{"taxonomy":"post_tag","embeddable":true,"href":"https:\/\/egerhaziimre.hu\/index.php\/wp-json\/wp\/v2\/tags?post=989"}],"curies":[{"name":"wp","href":"https:\/\/api.w.org\/{rel}","templated":true}]}}