{"id":992,"date":"2019-08-05T14:48:38","date_gmt":"2019-08-05T12:48:38","guid":{"rendered":"http:\/\/egerhaziimre.magex.hu\/?page_id=992"},"modified":"2020-08-27T14:16:05","modified_gmt":"2020-08-27T12:16:05","slug":"magyari-vilmos-hajdu-bihari-naplo-1969-iv-27","status":"publish","type":"page","link":"https:\/\/egerhaziimre.hu\/index.php\/dijak-elismeresek\/magyari-vilmos-hajdu-bihari-naplo-1969-iv-27\/","title":{"rendered":"Magyari Vilmos, Hajd\u00fa-Bihari Napl\u00f3, 1969. IV. 27."},"content":{"rendered":"<div class=\"wpb-content-wrapper\">\r\n<blockquote class=\"wp-block-quote is-layout-flow wp-block-quote-is-layout-flow\"><p>&#8222;&#8230;Alkot\u00e1sainak hitele \u00e9s szuggesztivit\u00e1sa abb\u00f3l az \u0151szintes\u00e9gb\u0151l sz\u00e1rmazik, ami minden m\u0171alkot\u00e1snak elengedhetetlen felt\u00e9tele. Jelen van a t\u00e9mav\u00e1laszt\u00e1snak, a k\u00e9p\u00e9p\u00edt\u00e9snek, a r\u00e9szletek kidolgoz\u00e1s\u00e1nak minden, a k\u00edv\u00fcl\u00e1ll\u00f3 sz\u00e1m\u00e1ra is felm\u00e9rhet\u0151 mozzanat\u00e1ban&#8230;<br><br>&#8230;\u00c9gerh\u00e1zi alkot\u00e1sainak eszt\u00e9tikuma t\u00f6bb \u00e9s f\u0151k\u00e9nt emberibb, mint \u00e1ltal\u00e1ban a konstruktivista t\u00f6rekv\u00e9sek&#8230;&#8221;<\/p><cite>Magyari Vilmos<br>Hajd\u00fa-Bihari Napl\u00f3, 1969. IV. 27.<\/cite><\/blockquote>\r\n<\/div>","protected":false},"excerpt":{"rendered":"<p>&#8222;&#8230;Alkot\u00e1sainak hitele \u00e9s szuggesztivit\u00e1sa abb\u00f3l az \u0151szintes\u00e9gb\u0151l sz\u00e1rmazik, ami minden m\u0171alkot\u00e1snak elengedhetetlen felt\u00e9tele. Jelen van a t\u00e9mav\u00e1laszt\u00e1snak, a k\u00e9p\u00e9p\u00edt\u00e9snek, a r\u00e9szletek kidolgoz\u00e1s\u00e1nak minden, a k\u00edv\u00fcl\u00e1ll\u00f3 sz\u00e1m\u00e1ra is felm\u00e9rhet\u0151 mozzanat\u00e1ban&#8230; &#8230;\u00c9gerh\u00e1zi alkot\u00e1sainak eszt\u00e9tikuma t\u00f6bb \u00e9s f\u0151k\u00e9nt emberibb, mint \u00e1ltal\u00e1ban a konstruktivista t\u00f6rekv\u00e9sek&#8230;&#8221; Magyari VilmosHajd\u00fa-Bihari Napl\u00f3, 1969. IV. 27.<\/p>\n","protected":false},"author":4,"featured_media":0,"parent":31,"menu_order":0,"comment_status":"closed","ping_status":"closed","template":"","meta":{"footnotes":""},"categories":[84],"tags":[90],"class_list":["post-992","page","type-page","status-publish","hentry","category-kritikak_meltatasok","tag-90"],"yoast_head":"<!-- This site is optimized with the Yoast SEO plugin v27.3 - https:\/\/yoast.com\/product\/yoast-seo-wordpress\/ -->\n<title>Magyari Vilmos, Hajd\u00fa-Bihari Napl\u00f3, 1969. IV. 27. - \u00c9gerh\u00e1zi Imre<\/title>\n<meta name=\"robots\" content=\"index, follow, max-snippet:-1, max-image-preview:large, max-video-preview:-1\" \/>\n<link rel=\"canonical\" href=\"https:\/\/egerhaziimre.hu\/index.php\/dijak-elismeresek\/magyari-vilmos-hajdu-bihari-naplo-1969-iv-27\/?lang=en\" \/>\n<meta property=\"og:locale\" content=\"hu_HU\" \/>\n<meta property=\"og:type\" content=\"article\" \/>\n<meta property=\"og:title\" content=\"Magyari Vilmos, Hajd\u00fa-Bihari Napl\u00f3, 1969. IV. 27. - \u00c9gerh\u00e1zi Imre\" \/>\n<meta property=\"og:description\" content=\"&#8222;&#8230;Alkot\u00e1sainak hitele \u00e9s szuggesztivit\u00e1sa abb\u00f3l az \u0151szintes\u00e9gb\u0151l sz\u00e1rmazik, ami minden m\u0171alkot\u00e1snak elengedhetetlen felt\u00e9tele. Jelen van a t\u00e9mav\u00e1laszt\u00e1snak, a k\u00e9p\u00e9p\u00edt\u00e9snek, a r\u00e9szletek kidolgoz\u00e1s\u00e1nak minden, a k\u00edv\u00fcl\u00e1ll\u00f3 sz\u00e1m\u00e1ra is felm\u00e9rhet\u0151 mozzanat\u00e1ban&#8230; &#8230;\u00c9gerh\u00e1zi alkot\u00e1sainak eszt\u00e9tikuma t\u00f6bb \u00e9s f\u0151k\u00e9nt emberibb, mint \u00e1ltal\u00e1ban a konstruktivista t\u00f6rekv\u00e9sek&#8230;&#8221; Magyari VilmosHajd\u00fa-Bihari Napl\u00f3, 1969. IV. 27.\" \/>\n<meta property=\"og:url\" content=\"https:\/\/egerhaziimre.hu\/index.php\/dijak-elismeresek\/magyari-vilmos-hajdu-bihari-naplo-1969-iv-27\/?lang=en\" \/>\n<meta property=\"og:site_name\" content=\"\u00c9gerh\u00e1zi Imre\" \/>\n<meta property=\"article:modified_time\" content=\"2020-08-27T12:16:05+00:00\" \/>\n<meta name=\"twitter:card\" content=\"summary_large_image\" \/>\n<meta name=\"twitter:label1\" content=\"Becs\u00fclt olvas\u00e1si id\u0151\" \/>\n\t<meta name=\"twitter:data1\" content=\"1 perc\" \/>\n<script type=\"application\/ld+json\" class=\"yoast-schema-graph\">{\"@context\":\"https:\\\/\\\/schema.org\",\"@graph\":[{\"@type\":\"WebPage\",\"@id\":\"https:\\\/\\\/egerhaziimre.hu\\\/index.php\\\/dijak-elismeresek\\\/magyari-vilmos-hajdu-bihari-naplo-1969-iv-27\\\/?lang=en\",\"url\":\"https:\\\/\\\/egerhaziimre.hu\\\/index.php\\\/dijak-elismeresek\\\/magyari-vilmos-hajdu-bihari-naplo-1969-iv-27\\\/?lang=en\",\"name\":\"Magyari Vilmos, Hajd\u00fa-Bihari Napl\u00f3, 1969. IV. 27. - \u00c9gerh\u00e1zi Imre\",\"isPartOf\":{\"@id\":\"https:\\\/\\\/egerhaziimre.hu\\\/#website\"},\"datePublished\":\"2019-08-05T12:48:38+00:00\",\"dateModified\":\"2020-08-27T12:16:05+00:00\",\"breadcrumb\":{\"@id\":\"https:\\\/\\\/egerhaziimre.hu\\\/index.php\\\/dijak-elismeresek\\\/magyari-vilmos-hajdu-bihari-naplo-1969-iv-27\\\/?lang=en#breadcrumb\"},\"inLanguage\":\"hu\",\"potentialAction\":[{\"@type\":\"ReadAction\",\"target\":[\"https:\\\/\\\/egerhaziimre.hu\\\/index.php\\\/dijak-elismeresek\\\/magyari-vilmos-hajdu-bihari-naplo-1969-iv-27\\\/?lang=en\"]}]},{\"@type\":\"BreadcrumbList\",\"@id\":\"https:\\\/\\\/egerhaziimre.hu\\\/index.php\\\/dijak-elismeresek\\\/magyari-vilmos-hajdu-bihari-naplo-1969-iv-27\\\/?lang=en#breadcrumb\",\"itemListElement\":[{\"@type\":\"ListItem\",\"position\":1,\"name\":\"Home\",\"item\":\"https:\\\/\\\/egerhaziimre.hu\\\/\"},{\"@type\":\"ListItem\",\"position\":2,\"name\":\"Awards, recognitions\",\"item\":\"https:\\\/\\\/egerhaziimre.hu\\\/index.php\\\/dijak-elismeresek\\\/?lang=en\"},{\"@type\":\"ListItem\",\"position\":3,\"name\":\"Vilmos Magyari, Hajd\u00fa-Bihari Napl\u00f3, 27th April 1969\"}]},{\"@type\":\"WebSite\",\"@id\":\"https:\\\/\\\/egerhaziimre.hu\\\/#website\",\"url\":\"https:\\\/\\\/egerhaziimre.hu\\\/\",\"name\":\"\u00c9gerh\u00e1zi Imre\",\"description\":\"\",\"potentialAction\":[{\"@type\":\"SearchAction\",\"target\":{\"@type\":\"EntryPoint\",\"urlTemplate\":\"https:\\\/\\\/egerhaziimre.hu\\\/?s={search_term_string}\"},\"query-input\":{\"@type\":\"PropertyValueSpecification\",\"valueRequired\":true,\"valueName\":\"search_term_string\"}}],\"inLanguage\":\"hu\"}]}<\/script>\n<!-- \/ Yoast SEO plugin. -->","yoast_head_json":{"title":"Magyari Vilmos, Hajd\u00fa-Bihari Napl\u00f3, 1969. IV. 27. - \u00c9gerh\u00e1zi Imre","robots":{"index":"index","follow":"follow","max-snippet":"max-snippet:-1","max-image-preview":"max-image-preview:large","max-video-preview":"max-video-preview:-1"},"canonical":"https:\/\/egerhaziimre.hu\/index.php\/dijak-elismeresek\/magyari-vilmos-hajdu-bihari-naplo-1969-iv-27\/?lang=en","og_locale":"hu_HU","og_type":"article","og_title":"Magyari Vilmos, Hajd\u00fa-Bihari Napl\u00f3, 1969. IV. 27. - \u00c9gerh\u00e1zi Imre","og_description":"&#8222;&#8230;Alkot\u00e1sainak hitele \u00e9s szuggesztivit\u00e1sa abb\u00f3l az \u0151szintes\u00e9gb\u0151l sz\u00e1rmazik, ami minden m\u0171alkot\u00e1snak elengedhetetlen felt\u00e9tele. Jelen van a t\u00e9mav\u00e1laszt\u00e1snak, a k\u00e9p\u00e9p\u00edt\u00e9snek, a r\u00e9szletek kidolgoz\u00e1s\u00e1nak minden, a k\u00edv\u00fcl\u00e1ll\u00f3 sz\u00e1m\u00e1ra is felm\u00e9rhet\u0151 mozzanat\u00e1ban&#8230; &#8230;\u00c9gerh\u00e1zi alkot\u00e1sainak eszt\u00e9tikuma t\u00f6bb \u00e9s f\u0151k\u00e9nt emberibb, mint \u00e1ltal\u00e1ban a konstruktivista t\u00f6rekv\u00e9sek&#8230;&#8221; Magyari VilmosHajd\u00fa-Bihari Napl\u00f3, 1969. IV. 27.","og_url":"https:\/\/egerhaziimre.hu\/index.php\/dijak-elismeresek\/magyari-vilmos-hajdu-bihari-naplo-1969-iv-27\/?lang=en","og_site_name":"\u00c9gerh\u00e1zi Imre","article_modified_time":"2020-08-27T12:16:05+00:00","twitter_card":"summary_large_image","twitter_misc":{"Becs\u00fclt olvas\u00e1si id\u0151":"1 perc"},"schema":{"@context":"https:\/\/schema.org","@graph":[{"@type":"WebPage","@id":"https:\/\/egerhaziimre.hu\/index.php\/dijak-elismeresek\/magyari-vilmos-hajdu-bihari-naplo-1969-iv-27\/?lang=en","url":"https:\/\/egerhaziimre.hu\/index.php\/dijak-elismeresek\/magyari-vilmos-hajdu-bihari-naplo-1969-iv-27\/?lang=en","name":"Magyari Vilmos, Hajd\u00fa-Bihari Napl\u00f3, 1969. IV. 27. - \u00c9gerh\u00e1zi Imre","isPartOf":{"@id":"https:\/\/egerhaziimre.hu\/#website"},"datePublished":"2019-08-05T12:48:38+00:00","dateModified":"2020-08-27T12:16:05+00:00","breadcrumb":{"@id":"https:\/\/egerhaziimre.hu\/index.php\/dijak-elismeresek\/magyari-vilmos-hajdu-bihari-naplo-1969-iv-27\/?lang=en#breadcrumb"},"inLanguage":"hu","potentialAction":[{"@type":"ReadAction","target":["https:\/\/egerhaziimre.hu\/index.php\/dijak-elismeresek\/magyari-vilmos-hajdu-bihari-naplo-1969-iv-27\/?lang=en"]}]},{"@type":"BreadcrumbList","@id":"https:\/\/egerhaziimre.hu\/index.php\/dijak-elismeresek\/magyari-vilmos-hajdu-bihari-naplo-1969-iv-27\/?lang=en#breadcrumb","itemListElement":[{"@type":"ListItem","position":1,"name":"Home","item":"https:\/\/egerhaziimre.hu\/"},{"@type":"ListItem","position":2,"name":"Awards, recognitions","item":"https:\/\/egerhaziimre.hu\/index.php\/dijak-elismeresek\/?lang=en"},{"@type":"ListItem","position":3,"name":"Vilmos Magyari, Hajd\u00fa-Bihari Napl\u00f3, 27th April 1969"}]},{"@type":"WebSite","@id":"https:\/\/egerhaziimre.hu\/#website","url":"https:\/\/egerhaziimre.hu\/","name":"\u00c9gerh\u00e1zi Imre","description":"","potentialAction":[{"@type":"SearchAction","target":{"@type":"EntryPoint","urlTemplate":"https:\/\/egerhaziimre.hu\/?s={search_term_string}"},"query-input":{"@type":"PropertyValueSpecification","valueRequired":true,"valueName":"search_term_string"}}],"inLanguage":"hu"}]}},"jetpack_sharing_enabled":true,"_links":{"self":[{"href":"https:\/\/egerhaziimre.hu\/index.php\/wp-json\/wp\/v2\/pages\/992","targetHints":{"allow":["GET"]}}],"collection":[{"href":"https:\/\/egerhaziimre.hu\/index.php\/wp-json\/wp\/v2\/pages"}],"about":[{"href":"https:\/\/egerhaziimre.hu\/index.php\/wp-json\/wp\/v2\/types\/page"}],"author":[{"embeddable":true,"href":"https:\/\/egerhaziimre.hu\/index.php\/wp-json\/wp\/v2\/users\/4"}],"replies":[{"embeddable":true,"href":"https:\/\/egerhaziimre.hu\/index.php\/wp-json\/wp\/v2\/comments?post=992"}],"version-history":[{"count":2,"href":"https:\/\/egerhaziimre.hu\/index.php\/wp-json\/wp\/v2\/pages\/992\/revisions"}],"predecessor-version":[{"id":8820,"href":"https:\/\/egerhaziimre.hu\/index.php\/wp-json\/wp\/v2\/pages\/992\/revisions\/8820"}],"up":[{"embeddable":true,"href":"https:\/\/egerhaziimre.hu\/index.php\/wp-json\/wp\/v2\/pages\/31"}],"wp:attachment":[{"href":"https:\/\/egerhaziimre.hu\/index.php\/wp-json\/wp\/v2\/media?parent=992"}],"wp:term":[{"taxonomy":"category","embeddable":true,"href":"https:\/\/egerhaziimre.hu\/index.php\/wp-json\/wp\/v2\/categories?post=992"},{"taxonomy":"post_tag","embeddable":true,"href":"https:\/\/egerhaziimre.hu\/index.php\/wp-json\/wp\/v2\/tags?post=992"}],"curies":[{"name":"wp","href":"https:\/\/api.w.org\/{rel}","templated":true}]}}