{"id":995,"date":"2019-08-05T14:50:13","date_gmt":"2019-08-05T12:50:13","guid":{"rendered":"http:\/\/egerhaziimre.magex.hu\/?page_id=995"},"modified":"2020-08-27T14:21:52","modified_gmt":"2020-08-27T12:21:52","slug":"dr-kovacs-kalman-alfold-1969-6-szam","status":"publish","type":"page","link":"https:\/\/egerhaziimre.hu\/index.php\/dijak-elismeresek\/dr-kovacs-kalman-alfold-1969-6-szam\/","title":{"rendered":"Dr. Kov\u00e1cs K\u00e1lm\u00e1n, Alf\u00f6ld, 1969. 6. sz\u00e1m"},"content":{"rendered":"<div class=\"wpb-content-wrapper\">\r\n<blockquote class=\"wp-block-quote is-layout-flow wp-block-quote-is-layout-flow\"><p>&#8222;T\u00e1jk\u00e9pein, s f\u0151leg utca r\u00e9szletein, h\u00e1zkompoz\u00edci\u00f3in nyugalmas egyens\u00falyba jutnak a l\u00e1tv\u00e1ny term\u00e9szeti form\u00e1i \u00e9s a geometriai elemek. A form\u00e1k kont\u00farjai k\u00fcl\u00f6n sz\u00ednmez\u0151ket hat\u00e1rolnak, amelyeken bel\u00fcl a val\u0151r\u00f6k \u00e1tmeneteinek gondos kimunk\u00e1l\u00e1sa, a k\u00e9p t\u00f3nusegys\u00e9ge uralkodik&#8230;&#8221;<\/p><cite>Dr. Kov\u00e1cs K\u00e1lm\u00e1n<br>Alf\u00f6ld, 1969. 6. sz\u00e1m<\/cite><\/blockquote>\r\n<\/div>","protected":false},"excerpt":{"rendered":"<p>&#8222;T\u00e1jk\u00e9pein, s f\u0151leg utca r\u00e9szletein, h\u00e1zkompoz\u00edci\u00f3in nyugalmas egyens\u00falyba jutnak a l\u00e1tv\u00e1ny term\u00e9szeti form\u00e1i \u00e9s a geometriai elemek. A form\u00e1k kont\u00farjai k\u00fcl\u00f6n sz\u00ednmez\u0151ket hat\u00e1rolnak, amelyeken bel\u00fcl a val\u0151r\u00f6k \u00e1tmeneteinek gondos kimunk\u00e1l\u00e1sa, a k\u00e9p t\u00f3nusegys\u00e9ge uralkodik&#8230;&#8221; Dr. Kov\u00e1cs K\u00e1lm\u00e1nAlf\u00f6ld, 1969. 6. sz\u00e1m<\/p>\n","protected":false},"author":4,"featured_media":0,"parent":31,"menu_order":0,"comment_status":"closed","ping_status":"closed","template":"","meta":{"footnotes":""},"categories":[84],"tags":[90],"class_list":["post-995","page","type-page","status-publish","hentry","category-kritikak_meltatasok","tag-90"],"yoast_head":"<!-- This site is optimized with the Yoast SEO plugin v27.0 - https:\/\/yoast.com\/product\/yoast-seo-wordpress\/ -->\n<title>Dr. Kov\u00e1cs K\u00e1lm\u00e1n, Alf\u00f6ld, 1969. 6. sz\u00e1m - \u00c9gerh\u00e1zi Imre<\/title>\n<meta name=\"robots\" content=\"index, follow, max-snippet:-1, max-image-preview:large, max-video-preview:-1\" \/>\n<link rel=\"canonical\" href=\"https:\/\/egerhaziimre.hu\/index.php\/dijak-elismeresek\/dr-kovacs-kalman-alfold-1969-6-szam\/?lang=en\" \/>\n<meta property=\"og:locale\" content=\"hu_HU\" \/>\n<meta property=\"og:type\" content=\"article\" \/>\n<meta property=\"og:title\" content=\"Dr. Kov\u00e1cs K\u00e1lm\u00e1n, Alf\u00f6ld, 1969. 6. sz\u00e1m - \u00c9gerh\u00e1zi Imre\" \/>\n<meta property=\"og:description\" content=\"&#8222;T\u00e1jk\u00e9pein, s f\u0151leg utca r\u00e9szletein, h\u00e1zkompoz\u00edci\u00f3in nyugalmas egyens\u00falyba jutnak a l\u00e1tv\u00e1ny term\u00e9szeti form\u00e1i \u00e9s a geometriai elemek. A form\u00e1k kont\u00farjai k\u00fcl\u00f6n sz\u00ednmez\u0151ket hat\u00e1rolnak, amelyeken bel\u00fcl a val\u0151r\u00f6k \u00e1tmeneteinek gondos kimunk\u00e1l\u00e1sa, a k\u00e9p t\u00f3nusegys\u00e9ge uralkodik&#8230;&#8221; Dr. Kov\u00e1cs K\u00e1lm\u00e1nAlf\u00f6ld, 1969. 6. sz\u00e1m\" \/>\n<meta property=\"og:url\" content=\"https:\/\/egerhaziimre.hu\/index.php\/dijak-elismeresek\/dr-kovacs-kalman-alfold-1969-6-szam\/?lang=en\" \/>\n<meta property=\"og:site_name\" content=\"\u00c9gerh\u00e1zi Imre\" \/>\n<meta property=\"article:modified_time\" content=\"2020-08-27T12:21:52+00:00\" \/>\n<meta name=\"twitter:card\" content=\"summary_large_image\" \/>\n<meta name=\"twitter:label1\" content=\"Becs\u00fclt olvas\u00e1si id\u0151\" \/>\n\t<meta name=\"twitter:data1\" content=\"1 perc\" \/>\n<script type=\"application\/ld+json\" class=\"yoast-schema-graph\">{\"@context\":\"https:\/\/schema.org\",\"@graph\":[{\"@type\":\"WebPage\",\"@id\":\"https:\/\/egerhaziimre.hu\/index.php\/dijak-elismeresek\/dr-kovacs-kalman-alfold-1969-6-szam\/?lang=en\",\"url\":\"https:\/\/egerhaziimre.hu\/index.php\/dijak-elismeresek\/dr-kovacs-kalman-alfold-1969-6-szam\/?lang=en\",\"name\":\"Dr. Kov\u00e1cs K\u00e1lm\u00e1n, Alf\u00f6ld, 1969. 6. sz\u00e1m - \u00c9gerh\u00e1zi Imre\",\"isPartOf\":{\"@id\":\"https:\/\/egerhaziimre.hu\/#website\"},\"datePublished\":\"2019-08-05T12:50:13+00:00\",\"dateModified\":\"2020-08-27T12:21:52+00:00\",\"breadcrumb\":{\"@id\":\"https:\/\/egerhaziimre.hu\/index.php\/dijak-elismeresek\/dr-kovacs-kalman-alfold-1969-6-szam\/?lang=en#breadcrumb\"},\"inLanguage\":\"hu\",\"potentialAction\":[{\"@type\":\"ReadAction\",\"target\":[\"https:\/\/egerhaziimre.hu\/index.php\/dijak-elismeresek\/dr-kovacs-kalman-alfold-1969-6-szam\/?lang=en\"]}]},{\"@type\":\"BreadcrumbList\",\"@id\":\"https:\/\/egerhaziimre.hu\/index.php\/dijak-elismeresek\/dr-kovacs-kalman-alfold-1969-6-szam\/?lang=en#breadcrumb\",\"itemListElement\":[{\"@type\":\"ListItem\",\"position\":1,\"name\":\"Home\",\"item\":\"https:\/\/egerhaziimre.hu\/\"},{\"@type\":\"ListItem\",\"position\":2,\"name\":\"Awards, recognitions\",\"item\":\"https:\/\/egerhaziimre.hu\/index.php\/dijak-elismeresek\/?lang=en\"},{\"@type\":\"ListItem\",\"position\":3,\"name\":\"Dr. K\u00e1lm\u00e1n Kov\u00e1cs, Alf\u00f6ld, 1969\/6 Issue\"}]},{\"@type\":\"WebSite\",\"@id\":\"https:\/\/egerhaziimre.hu\/#website\",\"url\":\"https:\/\/egerhaziimre.hu\/\",\"name\":\"\u00c9gerh\u00e1zi Imre\",\"description\":\"\",\"potentialAction\":[{\"@type\":\"SearchAction\",\"target\":{\"@type\":\"EntryPoint\",\"urlTemplate\":\"https:\/\/egerhaziimre.hu\/?s={search_term_string}\"},\"query-input\":{\"@type\":\"PropertyValueSpecification\",\"valueRequired\":true,\"valueName\":\"search_term_string\"}}],\"inLanguage\":\"hu\"}]}<\/script>\n<!-- \/ Yoast SEO plugin. -->","yoast_head_json":{"title":"Dr. Kov\u00e1cs K\u00e1lm\u00e1n, Alf\u00f6ld, 1969. 6. sz\u00e1m - \u00c9gerh\u00e1zi Imre","robots":{"index":"index","follow":"follow","max-snippet":"max-snippet:-1","max-image-preview":"max-image-preview:large","max-video-preview":"max-video-preview:-1"},"canonical":"https:\/\/egerhaziimre.hu\/index.php\/dijak-elismeresek\/dr-kovacs-kalman-alfold-1969-6-szam\/?lang=en","og_locale":"hu_HU","og_type":"article","og_title":"Dr. Kov\u00e1cs K\u00e1lm\u00e1n, Alf\u00f6ld, 1969. 6. sz\u00e1m - \u00c9gerh\u00e1zi Imre","og_description":"&#8222;T\u00e1jk\u00e9pein, s f\u0151leg utca r\u00e9szletein, h\u00e1zkompoz\u00edci\u00f3in nyugalmas egyens\u00falyba jutnak a l\u00e1tv\u00e1ny term\u00e9szeti form\u00e1i \u00e9s a geometriai elemek. A form\u00e1k kont\u00farjai k\u00fcl\u00f6n sz\u00ednmez\u0151ket hat\u00e1rolnak, amelyeken bel\u00fcl a val\u0151r\u00f6k \u00e1tmeneteinek gondos kimunk\u00e1l\u00e1sa, a k\u00e9p t\u00f3nusegys\u00e9ge uralkodik&#8230;&#8221; Dr. Kov\u00e1cs K\u00e1lm\u00e1nAlf\u00f6ld, 1969. 6. sz\u00e1m","og_url":"https:\/\/egerhaziimre.hu\/index.php\/dijak-elismeresek\/dr-kovacs-kalman-alfold-1969-6-szam\/?lang=en","og_site_name":"\u00c9gerh\u00e1zi Imre","article_modified_time":"2020-08-27T12:21:52+00:00","twitter_card":"summary_large_image","twitter_misc":{"Becs\u00fclt olvas\u00e1si id\u0151":"1 perc"},"schema":{"@context":"https:\/\/schema.org","@graph":[{"@type":"WebPage","@id":"https:\/\/egerhaziimre.hu\/index.php\/dijak-elismeresek\/dr-kovacs-kalman-alfold-1969-6-szam\/?lang=en","url":"https:\/\/egerhaziimre.hu\/index.php\/dijak-elismeresek\/dr-kovacs-kalman-alfold-1969-6-szam\/?lang=en","name":"Dr. Kov\u00e1cs K\u00e1lm\u00e1n, Alf\u00f6ld, 1969. 6. sz\u00e1m - \u00c9gerh\u00e1zi Imre","isPartOf":{"@id":"https:\/\/egerhaziimre.hu\/#website"},"datePublished":"2019-08-05T12:50:13+00:00","dateModified":"2020-08-27T12:21:52+00:00","breadcrumb":{"@id":"https:\/\/egerhaziimre.hu\/index.php\/dijak-elismeresek\/dr-kovacs-kalman-alfold-1969-6-szam\/?lang=en#breadcrumb"},"inLanguage":"hu","potentialAction":[{"@type":"ReadAction","target":["https:\/\/egerhaziimre.hu\/index.php\/dijak-elismeresek\/dr-kovacs-kalman-alfold-1969-6-szam\/?lang=en"]}]},{"@type":"BreadcrumbList","@id":"https:\/\/egerhaziimre.hu\/index.php\/dijak-elismeresek\/dr-kovacs-kalman-alfold-1969-6-szam\/?lang=en#breadcrumb","itemListElement":[{"@type":"ListItem","position":1,"name":"Home","item":"https:\/\/egerhaziimre.hu\/"},{"@type":"ListItem","position":2,"name":"Awards, recognitions","item":"https:\/\/egerhaziimre.hu\/index.php\/dijak-elismeresek\/?lang=en"},{"@type":"ListItem","position":3,"name":"Dr. K\u00e1lm\u00e1n Kov\u00e1cs, Alf\u00f6ld, 1969\/6 Issue"}]},{"@type":"WebSite","@id":"https:\/\/egerhaziimre.hu\/#website","url":"https:\/\/egerhaziimre.hu\/","name":"\u00c9gerh\u00e1zi Imre","description":"","potentialAction":[{"@type":"SearchAction","target":{"@type":"EntryPoint","urlTemplate":"https:\/\/egerhaziimre.hu\/?s={search_term_string}"},"query-input":{"@type":"PropertyValueSpecification","valueRequired":true,"valueName":"search_term_string"}}],"inLanguage":"hu"}]}},"jetpack_sharing_enabled":true,"_links":{"self":[{"href":"https:\/\/egerhaziimre.hu\/index.php\/wp-json\/wp\/v2\/pages\/995","targetHints":{"allow":["GET"]}}],"collection":[{"href":"https:\/\/egerhaziimre.hu\/index.php\/wp-json\/wp\/v2\/pages"}],"about":[{"href":"https:\/\/egerhaziimre.hu\/index.php\/wp-json\/wp\/v2\/types\/page"}],"author":[{"embeddable":true,"href":"https:\/\/egerhaziimre.hu\/index.php\/wp-json\/wp\/v2\/users\/4"}],"replies":[{"embeddable":true,"href":"https:\/\/egerhaziimre.hu\/index.php\/wp-json\/wp\/v2\/comments?post=995"}],"version-history":[{"count":2,"href":"https:\/\/egerhaziimre.hu\/index.php\/wp-json\/wp\/v2\/pages\/995\/revisions"}],"predecessor-version":[{"id":8821,"href":"https:\/\/egerhaziimre.hu\/index.php\/wp-json\/wp\/v2\/pages\/995\/revisions\/8821"}],"up":[{"embeddable":true,"href":"https:\/\/egerhaziimre.hu\/index.php\/wp-json\/wp\/v2\/pages\/31"}],"wp:attachment":[{"href":"https:\/\/egerhaziimre.hu\/index.php\/wp-json\/wp\/v2\/media?parent=995"}],"wp:term":[{"taxonomy":"category","embeddable":true,"href":"https:\/\/egerhaziimre.hu\/index.php\/wp-json\/wp\/v2\/categories?post=995"},{"taxonomy":"post_tag","embeddable":true,"href":"https:\/\/egerhaziimre.hu\/index.php\/wp-json\/wp\/v2\/tags?post=995"}],"curies":[{"name":"wp","href":"https:\/\/api.w.org\/{rel}","templated":true}]}}